{"id":22140,"date":"2021-11-08T14:45:18","date_gmt":"2021-11-08T13:45:18","guid":{"rendered":"https:\/\/agora.xtec.cat\/iesroquetes\/?page_id=22140"},"modified":"2025-12-22T16:22:07","modified_gmt":"2025-12-22T15:22:07","slug":"consell-escolar","status":"publish","type":"page","link":"https:\/\/agora.xtec.cat\/iesroquetes\/projecte-educatiu\/consell-escolar\/","title":{"rendered":"Consell Escolar"},"content":{"rendered":"<p><strong>EL CONSELL ESCOLAR<\/strong><strong>, QU\u00c8 \u00c9S?<\/strong><\/p>\n<p>El <strong>consell escolar<\/strong> del centre \u00e9s l&#8217;<strong>\u00f2rgan col\u00b7legiat de participaci\u00f3<\/strong> de la comunitat escolar en el govern del centre. En el consell escolar hi ha representats tots els col\u00b7lectius que intervenen en la comunitat educativa: director o directora, professorat, alumnat, personal d&#8217;administraci\u00f3 i serveis, personal d&#8217;atenci\u00f3 educativa, representants de l&#8217;Ajuntament i l&#8217;AFA, etc.<\/p>\n<p>Els <strong>membres<\/strong> del consell escolar s\u00f3n elegits per un <strong>per\u00edode de quatre anys<\/strong> i es renoven per meitats cada dos anys. Les \u00faltimes eleccions al consell escolar de l&#8217;Institut Roquetes es van realitzar el <strong>19 de novembre de 2025<\/strong>. Tota la documentaci\u00f3 del proc\u00e9s d&#8217;eleccions del 2025 el podeu consultar <a href=\"https:\/\/agora.xtec.cat\/iesroquetes\/general\/eleccions-al-consell-escolar-2025\/\">aqu\u00ed<\/a>.<\/p>\n<p>Podeu trobar m\u00e9s informaci\u00f3 sobre el consell escolar en la seg\u00fcent <a href=\"https:\/\/educacio.gencat.cat\/ca\/arees-actuacio\/centres-serveis-educatius\/centres\/consells-escolars-centres\/\">p\u00e0gina web.<\/a><\/p>\n<p style=\"text-align: left;\"><strong>COMPOSICI\u00d3 ACTUAL DEL CONSELL ESCOLAR DEL CENTRE<\/strong><\/p>\n<p style=\"text-align: left;\"><em>Constitu\u00eft el 17 de desembre de 2025.\u00a0<\/em><strong><br \/>\n<\/strong><\/p>\n<p>Director: Josep Manel Revert\u00e9 Ferr\u00e9<br \/>\nCap d&#8217;estudis: Maria Jos\u00e9 Monserrat Querol<br \/>\nSecret\u00e0ria: Andrea Morell\u00f3 Gendre<br \/>\nRepresentant de l&#8217;Ajuntament: Francesc Oll\u00e9 Garcia<br \/>\nRepresentant de l&#8217;alumnat: Edurne Borr\u00e0s Ferr\u00e9<br \/>\nRepresentant de l&#8217;alumnat: Eloi Milian Escriv\u00e0<br \/>\nRepresentant de l&#8217;alumnat: Izel Jim\u00e9nez Vizcarro<br \/>\nRepresentant de l&#8217;AFA: Jos\u00e9 Juan Gisbert Marro<br \/>\nRepresentant de pares, mares i tutors legals: Maria del Carmen Amposta Ramiro<br \/>\nRepresentant de pares, mares i tutors legals: Efr\u00e9n Borr\u00e0s Hetzler<br \/>\nRepresentant del PAE: Xavier Chavarria Pons<br \/>\nRepresentant del PAS: Maria del Mar Pla Rodr\u00edguez<br \/>\nRepresentant del professorat: Jaume Ferre Algarra<br \/>\nRepresentant del professorat: Maria Cinta F\u00e0bregues F\u00e0bregues<br \/>\nRepresentant del professorat: Maria Jos\u00e9 Ca\u00f1ad\u00f3 Pi\u00f1ol<br \/>\nRepresentant del professorat: Maria del Carme Masip Curto<br \/>\nRepresentant del professorat: Purificaci\u00f3 Forn\u00e9 Bort<br \/>\nRepresentant del professorat: S\u00edlvia Echevarria Bayerri<\/p>\n<p><b>FUNCIONS I COMISSIONS DEL CONSELL ESCOLAR A L&#8217;INSTITUT ROQUETES<\/b><\/p>\n<p><span style=\"font-weight: 400;\">Corresponen al consell escolar les seg\u00fcents funcions:<\/span><\/p>\n<ul>\n<li style=\"font-weight: 400;\" aria-level=\"1\"><span style=\"font-weight: 400;\">Aprovar el projecte educatiu i les modificacions corresponents per una majoria de tres cinquenes parts dels membres.<\/span><\/li>\n<li style=\"font-weight: 400;\" aria-level=\"1\"><span style=\"font-weight: 400;\">Aprovar la programaci\u00f3 general anual del centre i avaluar-ne el desenvolupament i els resultats.<\/span><\/li>\n<li style=\"font-weight: 400;\" aria-level=\"1\"><span style=\"font-weight: 400;\">Aprovar les propostes d&#8217;acords de corresponsabilitat, convenis i altres acords de col\u00b7laboraci\u00f3 del centre amb entitats o institucions.<\/span><\/li>\n<li style=\"font-weight: 400;\" aria-level=\"1\"><span style=\"font-weight: 400;\">Aprovar les normes d&#8217;organitzaci\u00f3 i funcionament i les modificacions corresponents.<\/span><\/li>\n<li style=\"font-weight: 400;\" aria-level=\"1\"><span style=\"font-weight: 400;\">Aprovar la carta de comprom\u00eds educatiu.<\/span><\/li>\n<li style=\"font-weight: 400;\" aria-level=\"1\"><span style=\"font-weight: 400;\">Aprovar el pressupost del centre i el rendiment de comptes.<\/span><\/li>\n<li style=\"font-weight: 400;\" aria-level=\"1\"><span style=\"font-weight: 400;\">Intervenir en el procediment d&#8217;admissi\u00f3 d&#8217;alumnes.<\/span><\/li>\n<li style=\"font-weight: 400;\" aria-level=\"1\"><span style=\"font-weight: 400;\">Participar en el procediment de selecci\u00f3 i en la proposta de cessament del director o directora.<\/span><\/li>\n<li style=\"font-weight: 400;\" aria-level=\"1\"><span style=\"font-weight: 400;\">Intervenir en la resoluci\u00f3 dels conflictes i, si escau, revisar les sancions als alumnes.<\/span><\/li>\n<li style=\"font-weight: 400;\" aria-level=\"1\"><span style=\"font-weight: 400;\">Aprovar les directrius per a la programaci\u00f3 d&#8217;activitats escolars complement\u00e0ries i d&#8217;activitats extraescolars, i avaluar-ne el desenvolupament.<\/span><\/li>\n<li style=\"font-weight: 400;\" aria-level=\"1\"><span style=\"font-weight: 400;\">Participar en les an\u00e0lisis i les avaluacions del funcionament general del centre i con\u00e8ixer l&#8217;evoluci\u00f3 del rendiment escolar a trav\u00e9s dels informes de les avaluacions externes.<\/span><\/li>\n<li style=\"font-weight: 400;\" aria-level=\"1\"><span style=\"font-weight: 400;\">Aprovar els criteris de col\u00b7laboraci\u00f3 amb altres centres i amb l&#8217;entorn.<\/span><\/li>\n<li style=\"font-weight: 400;\" aria-level=\"1\"><span style=\"font-weight: 400;\">Qualsevol altra que li sigui atribu\u00efda per les normes legals o reglament\u00e0ries.<\/span><\/li>\n<\/ul>\n<p><span style=\"font-weight: 400;\">El consell escolar de l&#8217;Institut Roquetes t\u00e9 <strong>3 comissions<\/strong>, que no tenen car\u00e0cter decisori ni vinculant, per\u00f2 que pretenen agilitzar les accions i treballar de manera coordinada. Aquestes s\u00f3n:<\/span><\/p>\n<ol>\n<li><strong>Comissi\u00f3 de gesti\u00f3 econ\u00f2mica<\/strong><\/li>\n<\/ol>\n<p><span style=\"font-weight: 400;\">La coordina la secretaria (Andrea Morell\u00f3 Gendre), el director (Manel Revert\u00e9 Ferr\u00e9) i una persona representant del professorat (M. Carmen Masip Curto)<\/span><\/p>\n<p><span style=\"font-weight: 400;\">La comissi\u00f3 de gesti\u00f3 econ\u00f2mica formula propostes a l\u2019equip directiu per a l\u2019elaboraci\u00f3 del projecte de gesti\u00f3 i del pressupost del centre docent. Aix\u00ed mateix, analitza el desenvolupament del projecte de gesti\u00f3, el compliment del pressupost aprovat, i emet un informe per donar a con\u00e8ixer al consell escolar aquestes propostes. Tamb\u00e9 emet un informe previ no vinculant a l\u2019aprovaci\u00f3 per part del consell escolar del pressupost del centre i del compte anual amb la liquidaci\u00f3 d\u2019aquest.<\/span><\/p>\n<p>2.<b> Comissi\u00f3 d\u2019inclusi\u00f3, igualtat i conviv\u00e8ncia<\/b><\/p>\n<p><span style=\"font-weight: 400;\">La coordina la cap d\u2019estudis (M. Jos\u00e9 Monserrat Querol), el coordinador de coeducaci\u00f3 (Francesc Oll\u00e9 Garcia) i una persona representant del professorat del centre (Puri Forn\u00e9 Bort).<\/span><\/p>\n<p><span style=\"font-weight: 400;\">La comissi\u00f3 t\u00e9 com a objectiu el disseny i la posada en marxa d\u2019iniciatives encaminades a la inclusi\u00f3 i a l\u2019eliminaci\u00f3 de les barreres a l\u2019acc\u00e9s, la participaci\u00f3 i l\u2019aprenentatge, i a la igualtat entre homes i dones, seguint les directrius dels plans d\u2019igualtat de la Generalitat, amb especial atenci\u00f3 als casos d\u2019assetjament escolar i de discriminaci\u00f3 de qualsevol \u00edndole, i a la mediaci\u00f3 per a la resoluci\u00f3 de conflictes, particularment els relacionats amb la viol\u00e8ncia escolar.<\/span><\/p>\n<p>3.<b> Comissi\u00f3 permanent<\/b><\/p>\n<p><span style=\"font-weight: 400;\">La coordina el director (Manel Revert\u00e9 Ferr\u00e9) i un membre representant de cada sector (Cinta F\u00e0bregues F\u00e0bregues, Edurne Borr\u00e0s Ferr\u00e9, Efr\u00e9n Borr\u00e0s Hetzler i Xavier Chavarria Pons).\u00a0<\/span><\/p>\n<p><span style=\"font-weight: 400;\">La comissi\u00f3 permanent \u00e9s un \u00f2rgan redu\u00eft dins del consell escolar i s\u2019encarrega de tractar assumptes ordinaris o urgents per agilitzar la presa de decisions en temes que no poden esperar una reuni\u00f3 del consell. No pot assumir compet\u00e8ncies que la normativa reservi exclusivament al ple del consell escolar, per\u00f2 s\u00ed que pot resoldre assumptes menors i, posteriorment, informar tot el consell escolar. <\/span><\/p>\n<p><a href=\"https:\/\/agora.xtec.cat\/iesroquetes\/wp-content\/uploads\/usu997\/2025\/11\/pimg4.jpg\"><img loading=\"lazy\" decoding=\"async\" class=\"alignnone size-full wp-image-30240\" src=\"https:\/\/agora.xtec.cat\/iesroquetes\/wp-content\/uploads\/usu997\/2025\/11\/pimg4.jpg\" alt=\"\" width=\"870\" height=\"500\" srcset=\"https:\/\/agora.xtec.cat\/iesroquetes\/wp-content\/uploads\/usu997\/2025\/11\/pimg4.jpg 870w, https:\/\/agora.xtec.cat\/iesroquetes\/wp-content\/uploads\/usu997\/2025\/11\/pimg4-300x172.jpg 300w, https:\/\/agora.xtec.cat\/iesroquetes\/wp-content\/uploads\/usu997\/2025\/11\/pimg4-768x441.jpg 768w\" sizes=\"auto, (max-width: 870px) 100vw, 870px\" \/><\/a><\/p>\n","protected":false},"excerpt":{"rendered":"<p>EL CONSELL ESCOLAR, QU\u00c8 \u00c9S? El consell escolar del centre \u00e9s l&#8217;\u00f2rgan col\u00b7legiat de participaci\u00f3 de la comunitat escolar en el govern del centre. En el consell escolar hi ha representats tots els col\u00b7lectius que intervenen en la comunitat educativa: director o directora, professorat, alumnat, personal d&#8217;administraci\u00f3 i serveis, personal d&#8217;atenci\u00f3 educativa, representants de l&#8217;Ajuntament [&hellip;]<\/p>\n","protected":false},"author":1,"featured_media":0,"parent":57,"menu_order":0,"comment_status":"closed","ping_status":"closed","template":"page-templates\/side-menu.php","meta":{"_bbp_topic_count":0,"_bbp_reply_count":0,"_bbp_total_topic_count":0,"_bbp_total_reply_count":0,"_bbp_voice_count":0,"_bbp_anonymous_reply_count":0,"_bbp_topic_count_hidden":0,"_bbp_reply_count_hidden":0,"_bbp_forum_subforum_count":0,"site-sidebar-layout":"default","site-content-layout":"","ast-site-content-layout":"","site-content-style":"default","site-sidebar-style":"default","ast-global-header-display":"","ast-banner-title-visibility":"","ast-main-header-display":"","ast-hfb-above-header-display":"","ast-hfb-below-header-display":"","ast-hfb-mobile-header-display":"","site-post-title":"","ast-breadcrumbs-content":"","ast-featured-img":"","footer-sml-layout":"","theme-transparent-header-meta":"","adv-header-id-meta":"","stick-header-meta":"","header-above-stick-meta":"","header-main-stick-meta":"","header-below-stick-meta":"","astra-migrate-meta-layouts":"default","ast-page-background-enabled":"default","ast-page-background-meta":{"desktop":{"background-color":"var(--ast-global-color-4)","background-image":"","background-repeat":"repeat","background-position":"center center","background-size":"auto","background-attachment":"scroll","background-type":"","background-media":"","overlay-type":"","overlay-color":"","overlay-opacity":"","overlay-gradient":""},"tablet":{"background-color":"","background-image":"","background-repeat":"repeat","background-position":"center center","background-size":"auto","background-attachment":"scroll","background-type":"","background-media":"","overlay-type":"","overlay-color":"","overlay-opacity":"","overlay-gradient":""},"mobile":{"background-color":"","background-image":"","background-repeat":"repeat","background-position":"center center","background-size":"auto","background-attachment":"scroll","background-type":"","background-media":"","overlay-type":"","overlay-color":"","overlay-opacity":"","overlay-gradient":""}},"ast-content-background-meta":{"desktop":{"background-color":"var(--ast-global-color-5)","background-image":"","background-repeat":"repeat","background-position":"center center","background-size":"auto","background-attachment":"scroll","background-type":"","background-media":"","overlay-type":"","overlay-color":"","overlay-opacity":"","overlay-gradient":""},"tablet":{"background-color":"var(--ast-global-color-5)","background-image":"","background-repeat":"repeat","background-position":"center center","background-size":"auto","background-attachment":"scroll","background-type":"","background-media":"","overlay-type":"","overlay-color":"","overlay-opacity":"","overlay-gradient":""},"mobile":{"background-color":"var(--ast-global-color-5)","background-image":"","background-repeat":"repeat","background-position":"center center","background-size":"auto","background-attachment":"scroll","background-type":"","background-media":"","overlay-type":"","overlay-color":"","overlay-opacity":"","overlay-gradient":""}},"footnotes":""},"class_list":["post-22140","page","type-page","status-publish","hentry"],"post_mailing_queue_ids":[],"_links":{"self":[{"href":"https:\/\/agora.xtec.cat\/iesroquetes\/wp-json\/wp\/v2\/pages\/22140","targetHints":{"allow":["GET"]}}],"collection":[{"href":"https:\/\/agora.xtec.cat\/iesroquetes\/wp-json\/wp\/v2\/pages"}],"about":[{"href":"https:\/\/agora.xtec.cat\/iesroquetes\/wp-json\/wp\/v2\/types\/page"}],"author":[{"embeddable":true,"href":"https:\/\/agora.xtec.cat\/iesroquetes\/wp-json\/wp\/v2\/users\/1"}],"replies":[{"embeddable":true,"href":"https:\/\/agora.xtec.cat\/iesroquetes\/wp-json\/wp\/v2\/comments?post=22140"}],"version-history":[{"count":7,"href":"https:\/\/agora.xtec.cat\/iesroquetes\/wp-json\/wp\/v2\/pages\/22140\/revisions"}],"predecessor-version":[{"id":30349,"href":"https:\/\/agora.xtec.cat\/iesroquetes\/wp-json\/wp\/v2\/pages\/22140\/revisions\/30349"}],"up":[{"embeddable":true,"href":"https:\/\/agora.xtec.cat\/iesroquetes\/wp-json\/wp\/v2\/pages\/57"}],"wp:attachment":[{"href":"https:\/\/agora.xtec.cat\/iesroquetes\/wp-json\/wp\/v2\/media?parent=22140"}],"curies":[{"name":"wp","href":"https:\/\/api.w.org\/{rel}","templated":true}]}}