{"id":21891,"date":"2021-10-27T17:44:39","date_gmt":"2021-10-27T15:44:39","guid":{"rendered":"https:\/\/agora.xtec.cat\/iesroquetes\/?page_id=21891"},"modified":"2025-10-10T12:25:49","modified_gmt":"2025-10-10T10:25:49","slug":"assemblea-de-delegats","status":"publish","type":"page","link":"https:\/\/agora.xtec.cat\/iesroquetes\/projectes-de-centre\/assemblea-de-delegats\/","title":{"rendered":"Assemblea de delegats"},"content":{"rendered":"<p><a href=\"https:\/\/agora.xtec.cat\/iesroquetes\/wp-content\/uploads\/usu997\/2024\/10\/Assemblea-de-Delegades_24-25.pdf\"><img loading=\"lazy\" decoding=\"async\" class=\"aligncenter wp-image-28669\" src=\"https:\/\/agora.xtec.cat\/iesroquetes\/wp-content\/uploads\/usu997\/2024\/10\/delegats-24-25.jpg\" alt=\"\" width=\"700\" height=\"400\" srcset=\"https:\/\/agora.xtec.cat\/iesroquetes\/wp-content\/uploads\/usu997\/2024\/10\/delegats-24-25.jpg 825w, https:\/\/agora.xtec.cat\/iesroquetes\/wp-content\/uploads\/usu997\/2024\/10\/delegats-24-25-300x171.jpg 300w, https:\/\/agora.xtec.cat\/iesroquetes\/wp-content\/uploads\/usu997\/2024\/10\/delegats-24-25-768x438.jpg 768w\" sizes=\"auto, (max-width: 700px) 100vw, 700px\" \/><\/a><\/p>\n<p><strong>Presentaci\u00f3 explicativa: <a href=\"https:\/\/agora.xtec.cat\/iesroquetes\/wp-content\/uploads\/usu997\/2024\/10\/Assemblea-de-Delegades_24-25.pdf\">Assemblea de Delegades_24-25<\/a><\/strong><\/p>\n<p>&nbsp;<\/p>\n<p>A la seg\u00fcent taula trobareu els enlla\u00e7os que us poden resultar d&#8217;inter\u00e8s durant el curs i les reunions assemble\u00e0ries:<\/p>\n<table style=\"border-collapse: collapse; width: 100%; height: 64px;\">\n<tbody>\n<tr style=\"height: 32px;\">\n<td style=\"width: 33.3333%; height: 32px;\">\n<p style=\"text-align: center;\"><strong><a href=\"https:\/\/agora.xtec.cat\/iesroquetes\/wp-content\/uploads\/usu997\/2025\/10\/Mans2.png\"><img loading=\"lazy\" decoding=\"async\" class=\"alignnone wp-image-29982\" src=\"https:\/\/agora.xtec.cat\/iesroquetes\/wp-content\/uploads\/usu997\/2025\/10\/Mans2.png\" alt=\"\" width=\"209\" height=\"124\" srcset=\"https:\/\/agora.xtec.cat\/iesroquetes\/wp-content\/uploads\/usu997\/2025\/10\/Mans2.png 648w, https:\/\/agora.xtec.cat\/iesroquetes\/wp-content\/uploads\/usu997\/2025\/10\/Mans2-300x178.png 300w\" sizes=\"auto, (max-width: 209px) 100vw, 209px\" \/><\/a><\/strong><\/p>\n<p style=\"text-align: center;\"><strong>QUI SOM<\/strong><\/p>\n<\/td>\n<td style=\"width: 33.3333%; height: 32px;\"><a href=\"https:\/\/agora.xtec.cat\/iesroquetes\/wp-content\/uploads\/usu997\/2021\/10\/Assemblea-de-Delegades-21-22.pdf\"><strong><img loading=\"lazy\" decoding=\"async\" class=\"aligncenter wp-image-21990\" src=\"https:\/\/agora.xtec.cat\/iesroquetes\/wp-content\/uploads\/usu997\/2021\/10\/drets-i-deures.jpg\" alt=\"\" width=\"123\" height=\"123\" srcset=\"https:\/\/agora.xtec.cat\/iesroquetes\/wp-content\/uploads\/usu997\/2021\/10\/drets-i-deures.jpg 160w, https:\/\/agora.xtec.cat\/iesroquetes\/wp-content\/uploads\/usu997\/2021\/10\/drets-i-deures-150x150.jpg 150w\" sizes=\"auto, (max-width: 123px) 100vw, 123px\" \/><\/strong><\/a><\/p>\n<p style=\"text-align: center;\"><a href=\"https:\/\/portaljuridic.gencat.cat\/ca\/document-del-pjur\/?documentId=403808\"><strong>DRETS I DEURES<\/strong><\/a><\/p>\n<\/td>\n<td style=\"width: 33.3333%; height: 32px;\"><a href=\"https:\/\/www.sindicatdestudiants.net\/\"><strong><img loading=\"lazy\" decoding=\"async\" class=\"aligncenter wp-image-21991\" src=\"https:\/\/agora.xtec.cat\/iesroquetes\/wp-content\/uploads\/usu997\/2021\/10\/sindicat-2.jpg\" alt=\"\" width=\"98\" height=\"143\" \/><\/strong><\/a><\/p>\n<p style=\"text-align: center;\"><strong>QU\u00c8 FER EN CAS DE VAGA?<\/strong><\/p>\n<p style=\"text-align: center;\">(Veure explicaci\u00f3 a sota)<\/p>\n<\/td>\n<\/tr>\n<tr style=\"height: 32px;\">\n<td style=\"width: 33.3333%; height: 32px;\"><a href=\"https:\/\/educacio.gencat.cat\/ca\/arees-actuacio\/centres-serveis-educatius\/centres\/consells-escolars-centres\/\"><strong><img loading=\"lazy\" decoding=\"async\" class=\" wp-image-21993 alignnone\" src=\"https:\/\/agora.xtec.cat\/iesroquetes\/wp-content\/uploads\/usu997\/2021\/10\/consell-escolar-300x225.jpg\" alt=\"\" width=\"239\" height=\"179\" srcset=\"https:\/\/agora.xtec.cat\/iesroquetes\/wp-content\/uploads\/usu997\/2021\/10\/consell-escolar-300x225.jpg 300w, https:\/\/agora.xtec.cat\/iesroquetes\/wp-content\/uploads\/usu997\/2021\/10\/consell-escolar-200x150.jpg 200w, https:\/\/agora.xtec.cat\/iesroquetes\/wp-content\/uploads\/usu997\/2021\/10\/consell-escolar.jpg 512w\" sizes=\"auto, (max-width: 239px) 100vw, 239px\" \/><\/strong><\/a><\/p>\n<p style=\"text-align: center;\"><a href=\"https:\/\/agora.xtec.cat\/iesroquetes\/projecte-educatiu\/consell-escolar\/\"><strong>MEMBRES DEL CONSELL ESCOLAR<\/strong><\/a><\/p>\n<\/td>\n<td style=\"width: 33.3333%; height: 32px;\"><a href=\"https:\/\/agora.xtec.cat\/iesroquetes\/categoria\/mediacio_tj\/\"><strong><img loading=\"lazy\" decoding=\"async\" class=\"aligncenter size-full wp-image-21994\" src=\"https:\/\/agora.xtec.cat\/iesroquetes\/wp-content\/uploads\/usu997\/2021\/10\/mediacio-roquetes.jpg\" alt=\"\" width=\"295\" height=\"154\" \/><\/strong><\/a><\/p>\n<p>&nbsp;<\/p>\n<p style=\"text-align: center;\"><a href=\"http:\/\/mediacioroquetes.blogspot.com\/p\/sollicitud-de-mediacio.html\"><strong>SERVEI DE MEDIACI\u00d3 AL CENTRE<\/strong><\/a><\/p>\n<\/td>\n<td style=\"width: 33.3333%; height: 32px;\"><a href=\"https:\/\/agora.xtec.cat\/iesroquetes\/linstitut\/calendari-del-curs\/\"><strong><img loading=\"lazy\" decoding=\"async\" class=\"aligncenter size-full wp-image-21992\" src=\"https:\/\/agora.xtec.cat\/iesroquetes\/wp-content\/uploads\/usu997\/2021\/10\/CALENDARI.jpg\" alt=\"\" width=\"196\" height=\"153\" \/><\/strong><\/a><\/p>\n<p style=\"text-align: center;\"><a href=\"https:\/\/agora.xtec.cat\/iesroquetes\/linstitut\/calendari-curs\/\"><strong>CALENDARI DE REUNIONS<\/strong><\/a><\/p>\n<p style=\"text-align: center;\">Un dijous o divendres cada mes<\/p>\n<\/td>\n<\/tr>\n<\/tbody>\n<\/table>\n<h4 style=\"text-align: justify;\"><b>QU\u00c8 FER EN CAS DE CONVOCAT\u00d2RIA DE VAGA D&#8217;ESTUDIANTS?<\/b><\/h4>\n<p style=\"text-align: justify;\"><span style=\"font-weight: 400;\">D\u2019acord amb la normativa vigent, a partir del tercer curs de l\u2019ESO, les <strong>decisions col\u00b7lectives<\/strong> adoptades per l\u2019alumnat en relaci\u00f3 amb la seva<strong> no assist\u00e8ncia<\/strong> a classe, en exercici del seu dret de reuni\u00f3 i protesta, no tindran la consideraci\u00f3 de falta d\u2019assist\u00e8ncia injustificada, sempre que es respecti el procediment d\u2019actuaci\u00f3 descrit a continuaci\u00f3:\u00a0<\/span><\/p>\n<h4 style=\"text-align: justify;\"><b>L\u2019assemblea de delegats i delegades<\/b><\/h4>\n<ul style=\"text-align: justify;\">\n<li aria-level=\"1\"><span style=\"font-weight: 400;\">Es reunir\u00e0 l\u2019assemblea de delegats per <strong>posar en com\u00fa la informaci\u00f3<\/strong> disponible sobre la convocat\u00f2ria i per valorar si est\u00e0 o no justificada dins de l\u2019\u00e0mbit escolar i si consideren oport\u00fa proposar-la a les classes. Si no \u00e9s possible una reuni\u00f3 formal, els delegats intercanviaran la informaci\u00f3 per altres canals de comunicaci\u00f3 (Whatsapp, correu electr\u00f2nic&#8230;)<\/span><\/li>\n<li aria-level=\"1\"><span style=\"font-weight: 400;\"><strong>Cada delegat\/da donar\u00e0 informaci\u00f3 sobre la vaga a la seva classe<\/strong> (quins sindicats fan la convocat\u00f2ria, qu\u00e8 es reivindica, etc. ) i proposar\u00e0 una votaci\u00f3, respectant sempre el dret individual de cada alumne\/a a adherir-s\u2019hi o no. S&#8217;aixecar\u00e0 acta d&#8217;aquesta reuni\u00f3 (\u00e9s important especificar-hi clarament els motius de la vaga, la data, qui la convoca&#8230;). Els delegats escriuran el nombre aproximat d&#8217;alumnes per classe que s&#8217;hi volen adherir.<\/span><\/li>\n<li aria-level=\"1\">Amb el resultat de les votacions, en cas de ser majorit\u00e0ria l&#8217;opci\u00f3 de <strong>secundar la vaga<\/strong>, l&#8217;assemblea de delegats far\u00e0 un document que manifesti aquesta voluntat i <strong>els representants de l&#8217;alumnat al Consell Escolar<\/strong> del centre hauran <strong>d&#8217;entregar aquest document a la direcci\u00f3 amb 48 hores d&#8217;antelaci\u00f3<\/strong> respecte al<strong> dia en qu\u00e8 est\u00e0 convocada.<\/strong><\/li>\n<\/ul>\n<h4 style=\"text-align: justify;\"><b>La direcci\u00f3 del centre<\/b><\/h4>\n<ul style=\"text-align: justify;\">\n<li aria-level=\"1\"><span style=\"font-weight: 400;\">Valorar\u00e0 si <strong>el procediment s\u2019ha seguit correctament.<\/strong><\/span><\/li>\n<li aria-level=\"1\"><span style=\"font-weight: 400;\">Si<strong> la majoria de cursos<\/strong> manifesten que volen fer vaga, ho comunicar\u00e0 a la comunitat educativa (fam\u00edlies, professorat i resta de treballadors). Si els que en volen fer s\u00f3n minoria, no es far\u00e0 cap comunicat.<\/span><\/li>\n<li aria-level=\"1\"><b>En cas de decidir adherir-se a la vaga, es publicar\u00e0 al web del centre l\u2019anunci de que l\u2019alumnat secunda la convocat\u00f2ria.<\/b><span style=\"font-weight: 400;\"> En aquest missatge es recalcar\u00e0 que <strong>s\u00f3n les fam\u00edlies les que donen el perm\u00eds al seus fills i filles<\/strong> per no assistir a classe i no pas la direcci\u00f3 del centre. Les fam\u00edlies justificaran la falta d\u2019assist\u00e8ncia a trav\u00e9s dels canals habituals: veure document establert a l&#8217;efecte (<strong><a href=\"https:\/\/agora.xtec.cat\/iesroquetes\/docs\/full-autoritzacio-de-vaga-dalumnes\/\">Justificaci\u00f3 de vaga<\/a><\/strong>)<\/span><\/li>\n<\/ul>\n<h4 style=\"text-align: justify;\"><b>Els tutors i tutores<\/b><\/h4>\n<ul style=\"text-align: justify;\">\n<li aria-level=\"1\"><span style=\"font-weight: 400;\">Si els pares han donat el perm\u00eds per fer vaga mitjan\u00e7ant el <a href=\"https:\/\/agora.xtec.cat\/iesroquetes\/docs\/full-autoritzacio-de-vaga-dalumnes\/\"><strong>document establert<\/strong><\/a>, els tutors de cada grup justificaran les faltes d\u2019assist\u00e8ncia al sistema de gesti\u00f3 IEduca.<\/span><\/li>\n<li aria-level=\"1\"><span style=\"font-weight: 400;\">No s&#8217;acceptaran justificacions de falta d\u2019assist\u00e8ncia que s\u2019entreguin passada una setmana de la vaga.<\/span><\/li>\n<\/ul>\n<h4 style=\"text-align: justify;\"><b>L\u2019alumnat<\/b><\/h4>\n<ul style=\"text-align: justify;\">\n<li aria-level=\"1\"><span style=\"font-weight: 400;\">Segons la normativa del Departament d\u2019Educaci\u00f3, <\/span><b>l\u2019alumnat de 1r i 2n d\u2019ESO queda excl\u00f2s de participar en aquest tipus de convocat\u00f2ries i sempre haur\u00e0 d\u2019assistir a classe amb normalitat.<\/b><\/li>\n<li aria-level=\"1\"><span style=\"font-weight: 400;\">En el cas de 3r i 4t d\u2019ESO i Batxillerat els alumnes menors d\u2019edat poden no assistir a classe en aquests casos (falta col\u00b7lectiva) per\u00f2 <strong>els seus pares han d&#8217;autoritzar i justificar la falta<\/strong> d\u2019assist\u00e8ncia. En qualsevol cas, <\/span><span style=\"font-weight: 400;\">hauran de portar el <strong>justificant de falta d\u2019assist\u00e8ncia<\/strong> per motiu de la vaga <strong>el seg\u00fcent dia<\/strong> que hi hagi tutoria.<\/span><\/li>\n<li aria-level=\"1\"><span style=\"font-weight: 400;\">Els alumnes que faltin a classe per participar en una vaga o manifestaci\u00f3 <strong>hauran d\u2019assumir no haver rebut els ensenyaments<\/strong> que s\u2019hagin pogut impartir durant la seva abs\u00e8ncia. \u00c9s a dir, el professorat <strong>podr\u00e0 avan\u00e7ar temari<\/strong> i l&#8217;alumnat que falti haur\u00e0 de demanar als assistents els apunts, exercicis, etc. El que no es pot fer aquell dia \u00e9s cap prova ni examen del trimestre.<\/span><\/li>\n<li aria-level=\"1\"><span style=\"font-weight: 400;\">Els alumnes que facin vaga <strong>no poden venir a fer un examen<\/strong> i despr\u00e9s marxar.<\/span><\/li>\n<li aria-level=\"1\">Encara que la majoria hagi acordat secundar la vaga,<b> si un alumne no la vol fer, sempre pot assistir a classe amb normalitat.<\/b><\/li>\n<\/ul>\n<h4 style=\"text-align: justify;\"><b>Les fam\u00edlies<\/b><\/h4>\n<ul style=\"text-align: justify;\">\n<li aria-level=\"1\"><span style=\"font-weight: 400;\">Si les fam\u00edlies donen perm\u00eds al seu fill\/a per fer vaga, hauran d&#8217;autoritzar i justificar la falta d\u2019assist\u00e8ncia a trav\u00e9s del document creat a l&#8217;efecte, <strong>descarregable al web<\/strong>:<a href=\"https:\/\/agora.xtec.cat\/iesroquetes\/docs\/full-autoritzacio-de-vaga-dalumnes\/\">https:\/\/agora.xtec.cat\/iesroquetes\/docs\/full-autoritzacio-de-vaga-dalumnes\/<\/a><\/span><\/li>\n<\/ul>\n<h4 style=\"text-align: justify;\"><b>El professorat<\/b><\/h4>\n<ul>\n<li style=\"text-align: justify;\" aria-level=\"1\"><span style=\"font-weight: 400;\">El professorat, com \u00e9s habitual, <strong>passar\u00e0 llista cada hora<\/strong> de classe per registrar quins alumnes falten.<\/span><\/li>\n<li style=\"text-align: justify;\" aria-level=\"1\"><span style=\"font-weight: 400;\">Sempre que sigui possible, es far\u00e0 classe amb normalitat i es realitzaran <strong>totes les activitats lectives previstes, <\/strong>incloent les <strong>sortides o excursions<\/strong> programades (les quals no es canviaran de data ni es retornaran els diners abonats si fossen de pagament. <\/span><b>L\u2019alumnat que hagi faltat amb motiu de la vaga ha de ser conscient que ha perdut la classe <\/b>i que la lli\u00e7\u00f3 del dia no s&#8217;ha de repetir, ni tan sols en cas que<b> tot el grup hagi faltat al centre.<\/b><\/li>\n<li style=\"text-align: justify;\" aria-level=\"1\"><span style=\"font-weight: 400;\">Si el dia de la vaga hi ha programada alguna <strong>activitat avaluable<\/strong> (examen, recuperaci\u00f3, lliurament de treballs, etc.), la prova o el lliurament en q\u00fcesti\u00f3 es far\u00e0 <strong>el primer dia lectiu<\/strong> que els alumnes tinguin classe de la mat\u00e8ria, <strong>sense necessitat d&#8217;especificar una altra data<\/strong> disponible o convenient.<\/span><\/li>\n<\/ul>\n","protected":false},"excerpt":{"rendered":"<p>Presentaci\u00f3 explicativa: Assemblea de Delegades_24-25 &nbsp; A la seg\u00fcent taula trobareu els enlla\u00e7os que us poden resultar d&#8217;inter\u00e8s durant el curs i les reunions assemble\u00e0ries: QUI SOM DRETS I DEURES QU\u00c8 FER EN CAS DE VAGA? (Veure explicaci\u00f3 a sota) MEMBRES DEL CONSELL ESCOLAR &nbsp; SERVEI DE MEDIACI\u00d3 AL CENTRE CALENDARI DE REUNIONS Un dijous [&hellip;]<\/p>\n","protected":false},"author":1,"featured_media":0,"parent":3927,"menu_order":0,"comment_status":"closed","ping_status":"closed","template":"","meta":{"_bbp_topic_count":0,"_bbp_reply_count":0,"_bbp_total_topic_count":0,"_bbp_total_reply_count":0,"_bbp_voice_count":0,"_bbp_anonymous_reply_count":0,"_bbp_topic_count_hidden":0,"_bbp_reply_count_hidden":0,"_bbp_forum_subforum_count":0,"site-sidebar-layout":"default","site-content-layout":"","ast-site-content-layout":"","site-content-style":"default","site-sidebar-style":"default","ast-global-header-display":"","ast-banner-title-visibility":"","ast-main-header-display":"","ast-hfb-above-header-display":"","ast-hfb-below-header-display":"","ast-hfb-mobile-header-display":"","site-post-title":"","ast-breadcrumbs-content":"","ast-featured-img":"","footer-sml-layout":"","theme-transparent-header-meta":"","adv-header-id-meta":"","stick-header-meta":"","header-above-stick-meta":"","header-main-stick-meta":"","header-below-stick-meta":"","astra-migrate-meta-layouts":"default","ast-page-background-enabled":"default","ast-page-background-meta":{"desktop":{"background-color":"var(--ast-global-color-4)","background-image":"","background-repeat":"repeat","background-position":"center center","background-size":"auto","background-attachment":"scroll","background-type":"","background-media":"","overlay-type":"","overlay-color":"","overlay-opacity":"","overlay-gradient":""},"tablet":{"background-color":"","background-image":"","background-repeat":"repeat","background-position":"center center","background-size":"auto","background-attachment":"scroll","background-type":"","background-media":"","overlay-type":"","overlay-color":"","overlay-opacity":"","overlay-gradient":""},"mobile":{"background-color":"","background-image":"","background-repeat":"repeat","background-position":"center center","background-size":"auto","background-attachment":"scroll","background-type":"","background-media":"","overlay-type":"","overlay-color":"","overlay-opacity":"","overlay-gradient":""}},"ast-content-background-meta":{"desktop":{"background-color":"var(--ast-global-color-5)","background-image":"","background-repeat":"repeat","background-position":"center center","background-size":"auto","background-attachment":"scroll","background-type":"","background-media":"","overlay-type":"","overlay-color":"","overlay-opacity":"","overlay-gradient":""},"tablet":{"background-color":"var(--ast-global-color-5)","background-image":"","background-repeat":"repeat","background-position":"center center","background-size":"auto","background-attachment":"scroll","background-type":"","background-media":"","overlay-type":"","overlay-color":"","overlay-opacity":"","overlay-gradient":""},"mobile":{"background-color":"var(--ast-global-color-5)","background-image":"","background-repeat":"repeat","background-position":"center center","background-size":"auto","background-attachment":"scroll","background-type":"","background-media":"","overlay-type":"","overlay-color":"","overlay-opacity":"","overlay-gradient":""}},"footnotes":""},"class_list":["post-21891","page","type-page","status-publish","hentry"],"post_mailing_queue_ids":[],"_links":{"self":[{"href":"https:\/\/agora.xtec.cat\/iesroquetes\/wp-json\/wp\/v2\/pages\/21891","targetHints":{"allow":["GET"]}}],"collection":[{"href":"https:\/\/agora.xtec.cat\/iesroquetes\/wp-json\/wp\/v2\/pages"}],"about":[{"href":"https:\/\/agora.xtec.cat\/iesroquetes\/wp-json\/wp\/v2\/types\/page"}],"author":[{"embeddable":true,"href":"https:\/\/agora.xtec.cat\/iesroquetes\/wp-json\/wp\/v2\/users\/1"}],"replies":[{"embeddable":true,"href":"https:\/\/agora.xtec.cat\/iesroquetes\/wp-json\/wp\/v2\/comments?post=21891"}],"version-history":[{"count":8,"href":"https:\/\/agora.xtec.cat\/iesroquetes\/wp-json\/wp\/v2\/pages\/21891\/revisions"}],"predecessor-version":[{"id":29986,"href":"https:\/\/agora.xtec.cat\/iesroquetes\/wp-json\/wp\/v2\/pages\/21891\/revisions\/29986"}],"up":[{"embeddable":true,"href":"https:\/\/agora.xtec.cat\/iesroquetes\/wp-json\/wp\/v2\/pages\/3927"}],"wp:attachment":[{"href":"https:\/\/agora.xtec.cat\/iesroquetes\/wp-json\/wp\/v2\/media?parent=21891"}],"curies":[{"name":"wp","href":"https:\/\/api.w.org\/{rel}","templated":true}]}}