{"id":21,"date":"2014-09-17T16:14:14","date_gmt":"2014-09-17T16:14:14","guid":{"rendered":"http:\/\/agora.xtec.cat\/iesroquetes\/?page_id=21"},"modified":"2026-01-14T18:37:47","modified_gmt":"2026-01-14T17:37:47","slug":"contacte","status":"publish","type":"page","link":"https:\/\/agora.xtec.cat\/iesroquetes\/linstitut\/contacte\/","title":{"rendered":"Contacte"},"content":{"rendered":"<p style=\"color: #666666;\"><strong>Institut Roquetes<\/strong><br \/>\nAnselm Clav\u00e9, 8<br \/>\n43520 Roquetes<\/p>\n<p style=\"color: #666666;\">Tel\u00e8fon: 977 502833 \/ Fax: 977 503797<\/p>\n<p><span style=\"color: #808080;\">Correu electr\u00f2nic<\/span>: <a href=\"mailto:iesroquetes@xtec.cat\">iesroquetes@xtec.cat<\/a><\/p>\n<p style=\"color: #666666;\">El codi del centre \u00e9s 43008420<\/p>\n<p><iframe loading=\"lazy\" style=\"border: 0;\" src=\"https:\/\/www.google.com\/maps\/embed?pb=!1m14!1m8!1m3!1d12076.923852872656!2d0.4986468!3d40.8228903!3m2!1i1024!2i768!4f13.1!3m3!1m2!1s0x0%3A0x33bf02a2ae0771df!2sINS%20Roquetes!5e0!3m2!1sca!2ses!4v1627545894758!5m2!1sca!2ses\" width=\"600\" height=\"450\" allowfullscreen=\"allowfullscreen\"><\/iframe><br \/>\n<a href=\"https:\/\/goo.gl\/maps\/r54mhSzh4Y7GVsER7\">https:\/\/goo.gl\/maps\/r54mhSzh4Y7GVsER7<\/a><\/p>\n<p><strong>CORREUS DEL CENTRE<\/strong><\/p>\n<ul>\n<li>B\u00fastia general:\u00a0iesroquetes@xtec.cat<\/li>\n<li>Director: manel.reverte@institutroquetes.cat<\/li>\n<li>Cap d&#8217;Estudis: mariajose.monserrat@institutroquetes.cat<\/li>\n<li>Cap d&#8217;Estudis adjunt: francisco.depedro@institutroquetes.cat<\/li>\n<li>Coordinadora Pedag\u00f2gica: aida.martorell@institutroquetes.cat<\/li>\n<li>Secret\u00e0ria: andrea.morello@institutroquetes.cat<\/li>\n<li>Coordinadora de Batxillerat: cinta.fabregues@institutroquetes.cat<\/li>\n<\/ul>\n<p><span style=\"font-size: medium;\"><strong>ALTRES C\u00c0RRECS (veure <a href=\"https:\/\/agora.xtec.cat\/iesroquetes\/linstitut\/organigrama\/\">organigrama<\/a>)<\/strong><\/span><\/p>\n<ul>\n<li>Cap del Departament de Ci\u00e8ncies<\/li>\n<li>Cap del Departament de Matem\u00e0tiques i Tecnologia<\/li>\n<li>Cap del Departament de Catal\u00e0 i Castell\u00e0<\/li>\n<li>Cap del Departament de Lleng\u00fces estrangeres<\/li>\n<li>Cap del Departament de Socials<\/li>\n<li>Cap del Departament dels Cicles d&#8217;Est\u00e8tica i Perruqueria<\/li>\n<li>Cap del Departament d&#8217;Educaci\u00f3 F\u00edsica\/ EVP\/ M\u00fasica<\/li>\n<li>Cap del Seminari d&#8217;Orientaci\u00f3<\/li>\n<li>Coordinaci\u00f3 FCT (Formaci\u00f3 en centres de Treball)<\/li>\n<li>Coordinaci\u00f3 LIC (Llengua, interculturalitat i cohesi\u00f3 social)<\/li>\n<li>Coordinaci\u00f3 de Riscos laborals<\/li>\n<li>Coordinaci\u00f3 inform\u00e0tica<\/li>\n<li>Webmaster<\/li>\n<\/ul>\n<p>&nbsp;<\/p>\n","protected":false},"excerpt":{"rendered":"<p>Institut Roquetes Anselm Clav\u00e9, 8 43520 Roquetes Tel\u00e8fon: 977 502833 \/ Fax: 977 503797 Correu electr\u00f2nic: iesroquetes@xtec.cat El codi del centre \u00e9s 43008420 https:\/\/goo.gl\/maps\/r54mhSzh4Y7GVsER7 CORREUS DEL CENTRE B\u00fastia general:\u00a0iesroquetes@xtec.cat Director: manel.reverte@institutroquetes.cat Cap d&#8217;Estudis: mariajose.monserrat@institutroquetes.cat Cap d&#8217;Estudis adjunt: francisco.depedro@institutroquetes.cat Coordinadora Pedag\u00f2gica: aida.martorell@institutroquetes.cat Secret\u00e0ria: andrea.morello@institutroquetes.cat Coordinadora de Batxillerat: cinta.fabregues@institutroquetes.cat ALTRES C\u00c0RRECS (veure organigrama) Cap del Departament de [&hellip;]<\/p>\n","protected":false},"author":1,"featured_media":0,"parent":19,"menu_order":10,"comment_status":"closed","ping_status":"closed","template":"","meta":{"_bbp_topic_count":0,"_bbp_reply_count":0,"_bbp_total_topic_count":0,"_bbp_total_reply_count":0,"_bbp_voice_count":0,"_bbp_anonymous_reply_count":0,"_bbp_topic_count_hidden":0,"_bbp_reply_count_hidden":0,"_bbp_forum_subforum_count":0,"site-sidebar-layout":"default","site-content-layout":"","ast-site-content-layout":"default","site-content-style":"default","site-sidebar-style":"default","ast-global-header-display":"","ast-banner-title-visibility":"","ast-main-header-display":"","ast-hfb-above-header-display":"","ast-hfb-below-header-display":"","ast-hfb-mobile-header-display":"","site-post-title":"","ast-breadcrumbs-content":"","ast-featured-img":"","footer-sml-layout":"","theme-transparent-header-meta":"default","adv-header-id-meta":"","stick-header-meta":"","header-above-stick-meta":"","header-main-stick-meta":"","header-below-stick-meta":"","astra-migrate-meta-layouts":"set","ast-page-background-enabled":"default","ast-page-background-meta":{"desktop":{"background-color":"var(--ast-global-color-4)","background-image":"","background-repeat":"repeat","background-position":"center center","background-size":"auto","background-attachment":"scroll","background-type":"","background-media":"","overlay-type":"","overlay-color":"","overlay-opacity":"","overlay-gradient":""},"tablet":{"background-color":"","background-image":"","background-repeat":"repeat","background-position":"center center","background-size":"auto","background-attachment":"scroll","background-type":"","background-media":"","overlay-type":"","overlay-color":"","overlay-opacity":"","overlay-gradient":""},"mobile":{"background-color":"","background-image":"","background-repeat":"repeat","background-position":"center center","background-size":"auto","background-attachment":"scroll","background-type":"","background-media":"","overlay-type":"","overlay-color":"","overlay-opacity":"","overlay-gradient":""}},"ast-content-background-meta":{"desktop":{"background-color":"var(--ast-global-color-5)","background-image":"","background-repeat":"repeat","background-position":"center center","background-size":"auto","background-attachment":"scroll","background-type":"","background-media":"","overlay-type":"","overlay-color":"","overlay-opacity":"","overlay-gradient":""},"tablet":{"background-color":"var(--ast-global-color-5)","background-image":"","background-repeat":"repeat","background-position":"center center","background-size":"auto","background-attachment":"scroll","background-type":"","background-media":"","overlay-type":"","overlay-color":"","overlay-opacity":"","overlay-gradient":""},"mobile":{"background-color":"var(--ast-global-color-5)","background-image":"","background-repeat":"repeat","background-position":"center center","background-size":"auto","background-attachment":"scroll","background-type":"","background-media":"","overlay-type":"","overlay-color":"","overlay-opacity":"","overlay-gradient":""}},"footnotes":""},"class_list":["post-21","page","type-page","status-publish","hentry"],"post_mailing_queue_ids":[],"_links":{"self":[{"href":"https:\/\/agora.xtec.cat\/iesroquetes\/wp-json\/wp\/v2\/pages\/21","targetHints":{"allow":["GET"]}}],"collection":[{"href":"https:\/\/agora.xtec.cat\/iesroquetes\/wp-json\/wp\/v2\/pages"}],"about":[{"href":"https:\/\/agora.xtec.cat\/iesroquetes\/wp-json\/wp\/v2\/types\/page"}],"author":[{"embeddable":true,"href":"https:\/\/agora.xtec.cat\/iesroquetes\/wp-json\/wp\/v2\/users\/1"}],"replies":[{"embeddable":true,"href":"https:\/\/agora.xtec.cat\/iesroquetes\/wp-json\/wp\/v2\/comments?post=21"}],"version-history":[{"count":7,"href":"https:\/\/agora.xtec.cat\/iesroquetes\/wp-json\/wp\/v2\/pages\/21\/revisions"}],"predecessor-version":[{"id":30436,"href":"https:\/\/agora.xtec.cat\/iesroquetes\/wp-json\/wp\/v2\/pages\/21\/revisions\/30436"}],"up":[{"embeddable":true,"href":"https:\/\/agora.xtec.cat\/iesroquetes\/wp-json\/wp\/v2\/pages\/19"}],"wp:attachment":[{"href":"https:\/\/agora.xtec.cat\/iesroquetes\/wp-json\/wp\/v2\/media?parent=21"}],"curies":[{"name":"wp","href":"https:\/\/api.w.org\/{rel}","templated":true}]}}