{"id":20006,"date":"2021-03-22T14:50:27","date_gmt":"2021-03-22T13:50:27","guid":{"rendered":"http:\/\/agora.xtec.cat\/iesroquetes\/?page_id=20006"},"modified":"2021-05-05T23:54:22","modified_gmt":"2021-05-05T21:54:22","slug":"revista-roqreport","status":"publish","type":"page","link":"https:\/\/agora.xtec.cat\/iesroquetes\/activitats\/revista-roqreport\/","title":{"rendered":"Revista Roq&#038;Report"},"content":{"rendered":"<p>CANVA de la revista de la mat\u00e8ria de &#8220;Periodisme i Comunicaci\u00f3&#8221; de 3r d&#8217;ESO:<\/p>\n<table style=\"width: 388px;\">\n<tbody>\n<tr>\n<td style=\"width: 191.15px;\"><a href=\"https:\/\/drive.google.com\/file\/d\/1XmXT2CHpkyUdJjczdi_rOnsOxqHY9by7\/view?usp=sharing\"><img loading=\"lazy\" decoding=\"async\" class=\"alignright wp-image-20072\" src=\"https:\/\/agora.xtec.cat\/iesroquetes\/wp-content\/uploads\/usu997\/2021\/04\/roq-report.png\" alt=\"\" width=\"166\" height=\"148\" srcset=\"https:\/\/agora.xtec.cat\/iesroquetes\/wp-content\/uploads\/usu997\/2021\/04\/roq-report.png 394w, https:\/\/agora.xtec.cat\/iesroquetes\/wp-content\/uploads\/usu997\/2021\/04\/roq-report-300x268.png 300w\" sizes=\"auto, (max-width: 166px) 100vw, 166px\" \/><\/a><\/td>\n<td style=\"width: 188.85px;\"><a href=\"https:\/\/agora.xtec.cat\/iesroquetes\/wp-content\/uploads\/usu997\/2021\/05\/roq-report-1.jpg\"><img loading=\"lazy\" decoding=\"async\" class=\"alignleft size-full wp-image-20529\" src=\"https:\/\/agora.xtec.cat\/iesroquetes\/wp-content\/uploads\/usu997\/2021\/05\/roq-report-1.jpg\" alt=\"\" width=\"533\" height=\"429\" srcset=\"https:\/\/agora.xtec.cat\/iesroquetes\/wp-content\/uploads\/usu997\/2021\/05\/roq-report-1.jpg 533w, https:\/\/agora.xtec.cat\/iesroquetes\/wp-content\/uploads\/usu997\/2021\/05\/roq-report-1-300x241.jpg 300w\" sizes=\"auto, (max-width: 533px) 100vw, 533px\" \/><\/a><\/td>\n<\/tr>\n<tr>\n<td style=\"width: 191.15px;\">WEB:\u00a0 <a href=\"https:\/\/www.canva.com\/design\/DAERQ3_Mmgo\/nYuzsQop7SZodiOk80XhpA\/view?utm_content=DAERQ3_Mmgo&amp;utm_campaign=designshare&amp;utm_medium=link&amp;utm_source=homepage_design_menu\">Roq&amp;Report n\u00fam 0<\/a><\/td>\n<td style=\"width: 188.85px;\">WEB: <a href=\"https:\/\/www.canva.com\/design\/DAEZHE00rwI\/5zRzltCvfvQ42jLLIoEBAg\/view?utm_content=DAEZHE00rwI&amp;utm_campaign=designshare&amp;utm_medium=link&amp;utm_source=publishsharelink\">Roq&amp;Report n\u00fam 1<\/a><\/td>\n<\/tr>\n<tr>\n<td style=\"width: 191.15px;\"><a href=\"https:\/\/drive.google.com\/file\/d\/1XmXT2CHpkyUdJjczdi_rOnsOxqHY9by7\/view?usp=sharing\">Roq&amp;Report n\u00fam 0<\/a> (pdf)<\/td>\n<td style=\"width: 188.85px;\">Roq&amp;Report n\u00fam 1 (pdf)<\/td>\n<\/tr>\n<\/tbody>\n<\/table>\n","protected":false},"excerpt":{"rendered":"<p>CANVA de la revista de la mat\u00e8ria de &#8220;Periodisme i Comunicaci\u00f3&#8221; de 3r d&#8217;ESO: WEB:\u00a0 Roq&amp;Report n\u00fam 0 WEB: Roq&amp;Report n\u00fam 1 Roq&amp;Report n\u00fam 0 (pdf) Roq&amp;Report n\u00fam 1 (pdf)<\/p>\n","protected":false},"author":1,"featured_media":0,"parent":63,"menu_order":30,"comment_status":"closed","ping_status":"closed","template":"page-templates\/side-menu.php","meta":{"_bbp_topic_count":0,"_bbp_reply_count":0,"_bbp_total_topic_count":0,"_bbp_total_reply_count":0,"_bbp_voice_count":0,"_bbp_anonymous_reply_count":0,"_bbp_topic_count_hidden":0,"_bbp_reply_count_hidden":0,"_bbp_forum_subforum_count":0,"site-sidebar-layout":"default","site-content-layout":"","ast-site-content-layout":"","site-content-style":"default","site-sidebar-style":"default","ast-global-header-display":"","ast-banner-title-visibility":"","ast-main-header-display":"","ast-hfb-above-header-display":"","ast-hfb-below-header-display":"","ast-hfb-mobile-header-display":"","site-post-title":"","ast-breadcrumbs-content":"","ast-featured-img":"","footer-sml-layout":"","theme-transparent-header-meta":"","adv-header-id-meta":"","stick-header-meta":"","header-above-stick-meta":"","header-main-stick-meta":"","header-below-stick-meta":"","astra-migrate-meta-layouts":"default","ast-page-background-enabled":"default","ast-page-background-meta":{"desktop":{"background-color":"var(--ast-global-color-4)","background-image":"","background-repeat":"repeat","background-position":"center center","background-size":"auto","background-attachment":"scroll","background-type":"","background-media":"","overlay-type":"","overlay-color":"","overlay-opacity":"","overlay-gradient":""},"tablet":{"background-color":"","background-image":"","background-repeat":"repeat","background-position":"center center","background-size":"auto","background-attachment":"scroll","background-type":"","background-media":"","overlay-type":"","overlay-color":"","overlay-opacity":"","overlay-gradient":""},"mobile":{"background-color":"","background-image":"","background-repeat":"repeat","background-position":"center center","background-size":"auto","background-attachment":"scroll","background-type":"","background-media":"","overlay-type":"","overlay-color":"","overlay-opacity":"","overlay-gradient":""}},"ast-content-background-meta":{"desktop":{"background-color":"var(--ast-global-color-5)","background-image":"","background-repeat":"repeat","background-position":"center center","background-size":"auto","background-attachment":"scroll","background-type":"","background-media":"","overlay-type":"","overlay-color":"","overlay-opacity":"","overlay-gradient":""},"tablet":{"background-color":"var(--ast-global-color-5)","background-image":"","background-repeat":"repeat","background-position":"center center","background-size":"auto","background-attachment":"scroll","background-type":"","background-media":"","overlay-type":"","overlay-color":"","overlay-opacity":"","overlay-gradient":""},"mobile":{"background-color":"var(--ast-global-color-5)","background-image":"","background-repeat":"repeat","background-position":"center center","background-size":"auto","background-attachment":"scroll","background-type":"","background-media":"","overlay-type":"","overlay-color":"","overlay-opacity":"","overlay-gradient":""}},"footnotes":""},"class_list":["post-20006","page","type-page","status-publish","hentry"],"post_mailing_queue_ids":[],"_links":{"self":[{"href":"https:\/\/agora.xtec.cat\/iesroquetes\/wp-json\/wp\/v2\/pages\/20006","targetHints":{"allow":["GET"]}}],"collection":[{"href":"https:\/\/agora.xtec.cat\/iesroquetes\/wp-json\/wp\/v2\/pages"}],"about":[{"href":"https:\/\/agora.xtec.cat\/iesroquetes\/wp-json\/wp\/v2\/types\/page"}],"author":[{"embeddable":true,"href":"https:\/\/agora.xtec.cat\/iesroquetes\/wp-json\/wp\/v2\/users\/1"}],"replies":[{"embeddable":true,"href":"https:\/\/agora.xtec.cat\/iesroquetes\/wp-json\/wp\/v2\/comments?post=20006"}],"version-history":[{"count":3,"href":"https:\/\/agora.xtec.cat\/iesroquetes\/wp-json\/wp\/v2\/pages\/20006\/revisions"}],"predecessor-version":[{"id":20530,"href":"https:\/\/agora.xtec.cat\/iesroquetes\/wp-json\/wp\/v2\/pages\/20006\/revisions\/20530"}],"up":[{"embeddable":true,"href":"https:\/\/agora.xtec.cat\/iesroquetes\/wp-json\/wp\/v2\/pages\/63"}],"wp:attachment":[{"href":"https:\/\/agora.xtec.cat\/iesroquetes\/wp-json\/wp\/v2\/media?parent=20006"}],"curies":[{"name":"wp","href":"https:\/\/api.w.org\/{rel}","templated":true}]}}