{"id":19501,"date":"2021-02-05T15:49:07","date_gmt":"2021-02-05T14:49:07","guid":{"rendered":"http:\/\/agora.xtec.cat\/iesroquetes\/?page_id=19501"},"modified":"2026-04-07T13:17:54","modified_gmt":"2026-04-07T11:17:54","slug":"master-del-professorat","status":"publish","type":"page","link":"https:\/\/agora.xtec.cat\/iesroquetes\/projecte-educatiu\/master-del-professorat\/","title":{"rendered":"M\u00e0ster del Professorat"},"content":{"rendered":"<p style=\"text-align: justify;\">Des del curs 2015-16 estem acreditats com a <strong>centre formador<\/strong> per a les pr\u00e0ctiques del Professorat d&#8217;Ensenyament Secundari. Els i les estudiants que ens ho demanen, reben un <strong>document d&#8217;acceptaci\u00f3<\/strong> per part del centre i acordem amb ells un calendari de pr\u00e0ctiques que inclou <strong>dues fases<\/strong>: 1) observaci\u00f3, i 2) p<span style=\"font-family: inherit; font-size: 1em;\">r\u00e0ctica docent.<\/span><\/p>\n<p style=\"text-align: justify;\">Els <strong>documents principals<\/strong> que cal consultar en relaci\u00f3 amb aquest tema s\u00f3n.<\/p>\n<ul>\n<li style=\"text-align: justify;\"><a href=\"https:\/\/agora.xtec.cat\/iesroquetes\/wp-content\/uploads\/usu997\/2021\/02\/practiques-en-centres-formadors.pdf\">Pr\u00e0ctiques en centres formadors<\/a><a href=\"https:\/\/agora.xtec.cat\/iesroquetes\/wp-content\/uploads\/usu997\/2021\/02\/practiques-master.png\"><img loading=\"lazy\" decoding=\"async\" class=\"wp-image-19508 alignright\" src=\"https:\/\/agora.xtec.cat\/iesroquetes\/wp-content\/uploads\/usu997\/2021\/02\/practiques-master.png\" alt=\"\" width=\"247\" height=\"106\" srcset=\"https:\/\/agora.xtec.cat\/iesroquetes\/wp-content\/uploads\/usu997\/2021\/02\/practiques-master.png 720w, https:\/\/agora.xtec.cat\/iesroquetes\/wp-content\/uploads\/usu997\/2021\/02\/practiques-master-300x129.png 300w\" sizes=\"auto, (max-width: 247px) 100vw, 247px\" \/><\/a><\/li>\n<li style=\"text-align: justify;\"><a href=\"https:\/\/agora.xtec.cat\/iesroquetes\/wp-content\/uploads\/usu997\/2021\/02\/Orientacions-pra\u0300cticum-2020_2021.pdf\">Compromisos amb la comunitat educativa<\/a><\/li>\n<li><a href=\"https:\/\/projectes.xtec.cat\/centresformadors\/wp-content\/uploads\/usu1341\/2025\/11\/Orientacions-Practicum-25-26-vd2.pdf\">Orientacions curs 25-26<\/a><\/li>\n<li style=\"text-align: justify;\"><a href=\"https:\/\/agora.xtec.cat\/iesroquetes\/wp-content\/uploads\/usu997\/2025\/10\/Informe_master_prof_ins_roquetes25-26.pdf\">Informe_Master_INSRoquetes_25-26<\/a><\/li>\n<li style=\"text-align: justify;\"><a href=\"https:\/\/agora.xtec.cat\/iesroquetes\/wp-content\/uploads\/usu997\/2021\/02\/Declaraci\u00f3-responsable-per-a-estudiants-de-pr\u00e0ctiques-educatives-en-centres-formadors-del-Departament-d\u2019Educaci\u00f3.pdf\">Declaraci\u00f3 responsable per a estudiants de pr\u00e0ctiques<\/a><\/li>\n<li style=\"text-align: justify;\"><a href=\"https:\/\/agora.xtec.cat\/iesroquetes\/wp-content\/uploads\/usu997\/2021\/02\/Centres-Formadors_Orientacions-per-al-curs-2020-2021-1.pdf\">Centres Formadors_Orientacions Generals<\/a><\/li>\n<\/ul>\n<p style=\"text-align: justify;\">Al llarg de tot el proc\u00e9s vetllem per establir la <strong>coordinaci\u00f3 necess\u00e0ria<\/strong> amb les <strong>universitats<\/strong> de l&#8217;Estat que organitzen aquests estudis i el <strong>departament did\u00e0ctic<\/strong> del centre encarregat de la tutoritzaci\u00f3 de l&#8217;estudiant. En finalitzar la seva estada, <strong>el\/la tutor\/a o mentor\/a<\/strong>\u00a0lliura un<strong> informe<\/strong> a la universitat corresponent <strong>avaluant la tasca realitzada a l&#8217;aula i al centre<\/strong> per l&#8217;estudiant.<\/p>\n<p style=\"text-align: justify;\">Tota la informaci\u00f3 oficial est\u00e0 sota la supervisi\u00f3 del <strong>Servei Territorial<\/strong> <strong>d&#8217;Educaci\u00f3<\/strong> a les Terres de L&#8217;Ebre i l&#8217;<strong>assignaci\u00f3 de les places<\/strong> es realitza mitjan\u00e7ant l&#8217;aplicaci\u00f3 <a href=\"https:\/\/projectes.xtec.cat\/centresformadors\/aplicacio\/\"><strong>Pr\u00e0cticum<\/strong><\/a> del Departament d&#8217;Educaci\u00f3.<\/p>\n<p style=\"text-align: justify;\">Aquesta formaci\u00f3 <span style=\"font-size: 16px;\">per a l&#8217;exercici de la doc\u00e8ncia contempla <strong>dues modalitats<\/strong> segons s&#8217;explica a la p\u00e0gina del Departament d&#8217;Educaci\u00f3 <a href=\"https:\/\/educacio.gencat.cat\/ca\/arees-actuacio\/professors\/formacio\/formacio-exercici-docencia\/\">Formaci\u00f3 per a la doc\u00e8ncia<\/a>:<\/span><\/p>\n<ul>\n<li style=\"text-align: justify;\"><span style=\"font-size: 16px;\">M\u00e0ster del professorat: <a href=\"https:\/\/educacio.gencat.cat\/ca\/arees-actuacio\/professors\/formacio\/formacio-exercici-docencia\/master-formacio-professors\/\">https:\/\/educacio.gencat.cat\/ca\/arees-actuacio\/professors\/formacio\/formacio-exercici-docencia\/master-formacio-professors\/<\/a><\/span><\/li>\n<li><span style=\"font-size: 16px;\">Formaci\u00f3 equivalent a la formaci\u00f3 pedag\u00f2gica i did\u00e0ctica:\u00a0 <a href=\"https:\/\/educacio.gencat.cat\/ca\/arees-actuacio\/professors\/formacio\/formacio-exercici-docencia\/formacio-pedagogica-professors\/\">https:\/\/educacio.gencat.cat\/ca\/arees-actuacio\/professors\/formacio\/formacio-exercici-docencia\/formacio-pedagogica-professors\/<\/a><\/span><\/li>\n<\/ul>\n<p style=\"text-align: justify;\">Principals <strong>p\u00e0gines de refer\u00e8ncia<\/strong>:<\/p>\n<ul>\n<li style=\"list-style-type: none;\">\n<ul>\n<li>Pr\u00e0ctiques als centres: <a href=\"http:\/\/educacio.gencat.cat\/ca\/arees-actuacio\/professors\/formacio\/practiques-centres\/\">http:\/\/educacio.gencat.cat\/ca\/arees-actuacio\/professors\/formacio\/practiques-centres\/<\/a><\/li>\n<li>Pr\u00e0ctiques universit\u00e0ries en centres educatius formadors: <a href=\"https:\/\/documents.espai.educacio.gencat.cat\/PC\/GestioAcademica\/Practiques_universitaries.pdf\">Practiques_universitaries.pdf<\/a><\/li>\n<\/ul>\n<\/li>\n<\/ul>\n","protected":false},"excerpt":{"rendered":"<p>Des del curs 2015-16 estem acreditats com a centre formador per a les pr\u00e0ctiques del Professorat d&#8217;Ensenyament Secundari. Els i les estudiants que ens ho demanen, reben un document d&#8217;acceptaci\u00f3 per part del centre i acordem amb ells un calendari de pr\u00e0ctiques que inclou dues fases: 1) observaci\u00f3, i 2) pr\u00e0ctica docent. Els documents principals [&hellip;]<\/p>\n","protected":false},"author":1,"featured_media":0,"parent":57,"menu_order":2,"comment_status":"closed","ping_status":"closed","template":"","meta":{"_bbp_topic_count":0,"_bbp_reply_count":0,"_bbp_total_topic_count":0,"_bbp_total_reply_count":0,"_bbp_voice_count":0,"_bbp_anonymous_reply_count":0,"_bbp_topic_count_hidden":0,"_bbp_reply_count_hidden":0,"_bbp_forum_subforum_count":0,"site-sidebar-layout":"default","site-content-layout":"","ast-site-content-layout":"default","site-content-style":"default","site-sidebar-style":"default","ast-global-header-display":"","ast-banner-title-visibility":"","ast-main-header-display":"","ast-hfb-above-header-display":"","ast-hfb-below-header-display":"","ast-hfb-mobile-header-display":"","site-post-title":"","ast-breadcrumbs-content":"","ast-featured-img":"","footer-sml-layout":"","theme-transparent-header-meta":"default","adv-header-id-meta":"","stick-header-meta":"","header-above-stick-meta":"","header-main-stick-meta":"","header-below-stick-meta":"","astra-migrate-meta-layouts":"set","ast-page-background-enabled":"default","ast-page-background-meta":{"desktop":{"background-color":"var(--ast-global-color-4)","background-image":"","background-repeat":"repeat","background-position":"center center","background-size":"auto","background-attachment":"scroll","background-type":"","background-media":"","overlay-type":"","overlay-color":"","overlay-opacity":"","overlay-gradient":""},"tablet":{"background-color":"","background-image":"","background-repeat":"repeat","background-position":"center center","background-size":"auto","background-attachment":"scroll","background-type":"","background-media":"","overlay-type":"","overlay-color":"","overlay-opacity":"","overlay-gradient":""},"mobile":{"background-color":"","background-image":"","background-repeat":"repeat","background-position":"center center","background-size":"auto","background-attachment":"scroll","background-type":"","background-media":"","overlay-type":"","overlay-color":"","overlay-opacity":"","overlay-gradient":""}},"ast-content-background-meta":{"desktop":{"background-color":"var(--ast-global-color-5)","background-image":"","background-repeat":"repeat","background-position":"center center","background-size":"auto","background-attachment":"scroll","background-type":"","background-media":"","overlay-type":"","overlay-color":"","overlay-opacity":"","overlay-gradient":""},"tablet":{"background-color":"var(--ast-global-color-5)","background-image":"","background-repeat":"repeat","background-position":"center center","background-size":"auto","background-attachment":"scroll","background-type":"","background-media":"","overlay-type":"","overlay-color":"","overlay-opacity":"","overlay-gradient":""},"mobile":{"background-color":"var(--ast-global-color-5)","background-image":"","background-repeat":"repeat","background-position":"center center","background-size":"auto","background-attachment":"scroll","background-type":"","background-media":"","overlay-type":"","overlay-color":"","overlay-opacity":"","overlay-gradient":""}},"footnotes":""},"class_list":["post-19501","page","type-page","status-publish","hentry"],"post_mailing_queue_ids":[],"_links":{"self":[{"href":"https:\/\/agora.xtec.cat\/iesroquetes\/wp-json\/wp\/v2\/pages\/19501","targetHints":{"allow":["GET"]}}],"collection":[{"href":"https:\/\/agora.xtec.cat\/iesroquetes\/wp-json\/wp\/v2\/pages"}],"about":[{"href":"https:\/\/agora.xtec.cat\/iesroquetes\/wp-json\/wp\/v2\/types\/page"}],"author":[{"embeddable":true,"href":"https:\/\/agora.xtec.cat\/iesroquetes\/wp-json\/wp\/v2\/users\/1"}],"replies":[{"embeddable":true,"href":"https:\/\/agora.xtec.cat\/iesroquetes\/wp-json\/wp\/v2\/comments?post=19501"}],"version-history":[{"count":6,"href":"https:\/\/agora.xtec.cat\/iesroquetes\/wp-json\/wp\/v2\/pages\/19501\/revisions"}],"predecessor-version":[{"id":30686,"href":"https:\/\/agora.xtec.cat\/iesroquetes\/wp-json\/wp\/v2\/pages\/19501\/revisions\/30686"}],"up":[{"embeddable":true,"href":"https:\/\/agora.xtec.cat\/iesroquetes\/wp-json\/wp\/v2\/pages\/57"}],"wp:attachment":[{"href":"https:\/\/agora.xtec.cat\/iesroquetes\/wp-json\/wp\/v2\/media?parent=19501"}],"curies":[{"name":"wp","href":"https:\/\/api.w.org\/{rel}","templated":true}]}}