{"id":19210,"date":"2020-11-16T17:27:06","date_gmt":"2020-11-16T16:27:06","guid":{"rendered":"http:\/\/agora.xtec.cat\/iesroquetes\/?page_id=19210"},"modified":"2025-12-15T10:54:19","modified_gmt":"2025-12-15T09:54:19","slug":"servei-dassessorament-i-reconeixement","status":"publish","type":"page","link":"https:\/\/agora.xtec.cat\/iesroquetes\/gestions\/servei-dassessorament-i-reconeixement\/","title":{"rendered":"Servei d&#8217;assessorament i reconeixement"},"content":{"rendered":"<p><a href=\"https:\/\/agora.xtec.cat\/iesroquetes\/wp-content\/uploads\/usu997\/2020\/11\/AiR.png\"><img loading=\"lazy\" decoding=\"async\" class=\"alignleft wp-image-19211\" src=\"https:\/\/agora.xtec.cat\/iesroquetes\/wp-content\/uploads\/usu997\/2020\/11\/AiR.png\" alt=\"\" width=\"500\" height=\"568\" srcset=\"https:\/\/agora.xtec.cat\/iesroquetes\/wp-content\/uploads\/usu997\/2020\/11\/AiR.png 730w, https:\/\/agora.xtec.cat\/iesroquetes\/wp-content\/uploads\/usu997\/2020\/11\/AiR-264x300.png 264w\" sizes=\"auto, (max-width: 500px) 100vw, 500px\" \/><\/a><\/p>\n<p><strong>\u00a0<\/strong><\/p>\n<p>&nbsp;<\/p>\n<p>&nbsp;<\/p>\n<p>&nbsp;<\/p>\n<p>&nbsp;<\/p>\n<p>&nbsp;<\/p>\n<p>&nbsp;<\/p>\n<p>&nbsp;<\/p>\n<p>&nbsp;<\/p>\n<p>&nbsp;<\/p>\n<p>&nbsp;<\/p>\n<p>&nbsp;<\/p>\n<p>&nbsp;<\/p>\n<p style=\"text-align: left;\"><strong>SERVEIS D\u2019ASSESSORAMENT I RECONEIXEMENT ACAD\u00c8MIC<\/strong><\/p>\n<p><a href=\"https:\/\/agora.xtec.cat\/iesroquetes\/wp-content\/uploads\/usu997\/2020\/11\/Assessorament.png\"><img loading=\"lazy\" decoding=\"async\" class=\"alignleft wp-image-19212\" src=\"https:\/\/agora.xtec.cat\/iesroquetes\/wp-content\/uploads\/usu997\/2020\/11\/Assessorament.png\" alt=\"\" width=\"500\" height=\"152\" srcset=\"https:\/\/agora.xtec.cat\/iesroquetes\/wp-content\/uploads\/usu997\/2020\/11\/Assessorament.png 719w, https:\/\/agora.xtec.cat\/iesroquetes\/wp-content\/uploads\/usu997\/2020\/11\/Assessorament-300x91.png 300w\" sizes=\"auto, (max-width: 500px) 100vw, 500px\" \/><\/a><\/p>\n<p><strong>\u00a0<\/strong><\/p>\n<p><strong>\u00a0<\/strong><\/p>\n<p><strong>\u00a0<\/strong><\/p>\n<p><strong>\u00a0<\/strong><\/p>\n<p><a href=\"http:\/\/queestudiar.gencat.cat\/ca\/estudis\/fp\/mesures-flexib\/assessorament\/\">http:\/\/queestudiar.gencat.cat\/ca\/estudis\/fp\/mesures-flexib\/assessorament\/<\/a><\/p>\n<p>El <strong>servei d\u2019assessorament <\/strong>\u00e9s un servei que presta el centre educatiu, a sol\u00b7licitud de la persona interessada, de forma personalitzada, que consisteix en la identificaci\u00f3 i l\u2019an\u00e0lisi detallat de les capacitats i expectatives professionals, i la identificaci\u00f3 i valoraci\u00f3 de les ofertes formatives amb les seves variants.<\/p>\n<p id=\"FW_bloc_2d9ca66b-55e5-11e4-aafa-000c29f68999_2\" class=\"FW_ancora\"><strong>Destinataris<\/strong><\/p>\n<div class=\"FW_sArticleFoto\">\n<div class=\"FW_sEditPro\">\n<p>Persones amb experi\u00e8ncia laboral i formaci\u00f3 pr\u00e8via que estiguin interessades a millorar la seva qualificaci\u00f3 i que vulguin rebre assessorament personalitzat per aconseguir-ho.<\/p>\n<\/div>\n<\/div>\n<p>Aquest servei conclou amb l\u2019elaboraci\u00f3 i lliurament de l\u2019informe d\u2019assessorament., requisit previ per a la inscripci\u00f3 en el procediment de reconeixement acad\u00e8mic dels aprenentatges assolits mitjan\u00e7ant l\u2019experi\u00e8ncia laboral o en activitats socials.<\/p>\n<p><strong>Carta de comprom\u00eds de qualitat<\/strong> (Descarregar des d&#8217;aqu\u00ed <a href=\"https:\/\/agora.xtec.cat\/iesroquetes\/wp-content\/uploads\/usu997\/2025\/06\/Carta-de-compromis_Institut-Roquetes.pdf\">Carta de compromis_Institut Roquetes<\/a>)<\/p>\n<p><strong>Preu i pagament del Servei:<\/strong> 60\u20ac<\/p>\n<p><strong>Bonificacions :<\/strong><\/p>\n<p>50 % a les fam\u00edlies nombroses i monoparentals.<br \/>\nExempci\u00f3: fam\u00edlies nombroses especials, minusv\u00e0lues igual o superior al 33%, persones subjectes a mesures privatives de llibertat, i v\u00edctimes d&#8217;actes terroristes (c\u00f2njuges i fills).<\/p>\n<p><strong>Criteris d&#8217;admissi\u00f3:<\/strong><\/p>\n<p>L\u2019ordre d\u2019admissi\u00f3 es realitzar\u00e0 d\u2019acord amb la major edat de la persona sol\u00b7licitant.<\/p>\n<p><strong>Documentaci\u00f3<\/strong>:<\/p>\n<ul>\n<li>Full de sol\u00b7licitud amb les dades personals i la fam\u00edlia professional escollida.<\/li>\n<li>Fotoc\u00f2pia del DNI, NIE o Passaport, acompanyat de l&#8217;original per la seva verificaci\u00f3.<\/li>\n<li>Document justificatiu de la bonificaci\u00f3 o l&#8217;exempci\u00f3 del preu p\u00fablic si \u00e9s el cas.<\/li>\n<li>Resguard de pagament del preu establert.<\/li>\n<\/ul>\n<p><strong>Informaci\u00f3 de l\u2019oferta i calendari: <a href=\"https:\/\/agora.xtec.cat\/iesroquetes\/wp-content\/uploads\/usu997\/2025\/10\/Calendari-ASSESSORAMENT_Roquetes_25_26-1.pdf\">Calendari ASSESSORAMENT_Roquetes_25_26<\/a><\/strong><\/p>\n<p><strong>\u00a0<\/strong><\/p>\n<p>&nbsp;<\/p>\n<p><strong>SERVEIS D\u2019ASSESSORAMENT I RECONEIXEMENT ACAD\u00c8MIC<\/strong><\/p>\n<p><a href=\"https:\/\/agora.xtec.cat\/iesroquetes\/wp-content\/uploads\/usu997\/2020\/11\/Reconeixement.png\"><img loading=\"lazy\" decoding=\"async\" class=\"alignleft wp-image-19213\" src=\"https:\/\/agora.xtec.cat\/iesroquetes\/wp-content\/uploads\/usu997\/2020\/11\/Reconeixement.png\" alt=\"\" width=\"500\" height=\"146\" srcset=\"https:\/\/agora.xtec.cat\/iesroquetes\/wp-content\/uploads\/usu997\/2020\/11\/Reconeixement.png 670w, https:\/\/agora.xtec.cat\/iesroquetes\/wp-content\/uploads\/usu997\/2020\/11\/Reconeixement-300x88.png 300w\" sizes=\"auto, (max-width: 500px) 100vw, 500px\" \/><\/a><\/p>\n<p>&nbsp;<\/p>\n<p><strong>\u00a0<\/strong><\/p>\n<p><strong>\u00a0<\/strong><\/p>\n<p>&nbsp;<\/p>\n<p><strong>\u00a0<\/strong><a href=\"http:\/\/queestudiar.gencat.cat\/ca\/estudis\/fp\/mesures-flexib\/reconeixement-academic\/\">http:\/\/queestudiar.gencat.cat\/ca\/estudis\/fp\/mesures-flexib\/reconeixement-academic\/<\/a><\/p>\n<p>El<strong> reconeixement acad\u00e8mic <\/strong>dels aprenentatges assolits mitjan\u00e7ant l\u2019experi\u00e8ncia laboral o en activitats socials \u00e9s un servei que presta el centre educatiu, a sol\u00b7licitud de la persona interessada. <strong>L\u2019informe d\u2019assessorament<\/strong>, \u00e9s un requisit previ per a la inscripci\u00f3 en el procediment<\/p>\n<p id=\"FW_bloc_28c3a70d-55e5-11e4-aafa-000c29f68999_2\" class=\"FW_ancora\"><strong>Destinataris<\/strong><\/p>\n<div class=\"FW_sArticleFoto\">\n<div class=\"FW_sEditPro\">\n<p>S&#8217;adre\u00e7a a persones que vulguin tenir un reconeixement acad\u00e8mic dels aprenentatges adquirits amb l&#8217;experi\u00e8ncia laboral o en activitats socials en relaci\u00f3 amb els t\u00edtols oficials de formaci\u00f3 professional.<\/p>\n<p>Per sol\u00b7licitar el servei\u00a0cal complir els requisits seg\u00fcents:<\/p>\n<ul>\n<li>haver complert <strong>18 anys<\/strong>,<\/li>\n<li>acreditar experi\u00e8ncia laboral o en activitats socials d&#8217;almenys <strong>2 anys en el sector<\/strong>,<\/li>\n<li>disposar de l&#8217;<strong>informe d&#8217;assessorament obtingut en el servei d&#8217;assessorament,<\/strong>\u00a0o document equivalent de convocat\u00f2ries d&#8217;acreditaci\u00f3 o validaci\u00f3 amb l&#8217;orientaci\u00f3 i\/o assessorament del mateix t\u00edtol o d&#8217;un t\u00edtol af\u00ed.<\/li>\n<\/ul>\n<p>El fet de participar en el servei d&#8217;assessorament no comporta reserva de places pel servei de reconeixement.<\/p>\n<\/div>\n<\/div>\n<p><strong>Carta de comprom\u00eds de qualitat<\/strong> (Descarregar des d&#8217;aqu\u00ed <a href=\"https:\/\/agora.xtec.cat\/iesroquetes\/wp-content\/uploads\/usu997\/2025\/06\/Carta-de-compromis_Institut-Roquetes.pdf\">Carta de compromis_Institut Roquetes<\/a>)<\/p>\n<p><strong>Preu del Servei:\u00a0 <\/strong><\/p>\n<p>&#8211; Per cr\u00e8dit dels t\u00edtols LOGSE: \u00a0<strong>40,00 \u20ac<\/strong><br \/>\n&#8211; Per unitat formativa dels t\u00edtols LOE: \u00a0<strong>18,00 \u20ac<\/strong><\/p>\n<p><strong>Bonificacions :<\/strong><\/p>\n<p>50 % a les fam\u00edlies nombroses i monoparentals.<br \/>\nExempci\u00f3: fam\u00edlies nombroses especials, minusv\u00e0lues igual o superior al 33%, persones subjectes a mesures privatives de llibertat, i v\u00edctimes d&#8217;actes terroristes (c\u00f2njuges i fills).<\/p>\n<p><strong>Criteris d\u2019admissi\u00f3:<\/strong><\/p>\n<p>Si el nombre de sol\u2022licituds al servei supera l\u2019oferta de places del centre, en els centres p\u00fablics s\u2019aplicaran, successivament, els seg\u00fcents criteris:<\/p>\n<ol>\n<li>Haver fet la fase d\u2019orientaci\u00f3 i assessorament o la fase d\u2019orientaci\u00f3, en qualsevol convocat\u00f2ria del proc\u00e9s per a l\u2019acreditaci\u00f3 de les compet\u00e8ncies professionals relatives a les unitats de compet\u00e8ncia establertes en els t\u00edtols de t\u00e8cnic i t\u00e8cnic superior de determinats cicles formatius de formaci\u00f3 professional del sistema educatiu, o b\u00e9 el servei d\u2019assessorament; en cas d\u2019empat es prioritzar\u00e0 la major edat.<\/li>\n<li>El major temps de desenvolupament d\u2019experi\u00e8ncia laboral o en activitats socials relacionades amb el cicle formatiu.<\/li>\n<\/ol>\n<p><strong>Documentaci\u00f3:<\/strong><\/p>\n<ul>\n<li>Full de sol\u00b7licitud amb les dades personals i el cicle formatiu escollit.<\/li>\n<li>Fotoc\u00f2pia del DNI, NIE o Passaport, acompanyat de l&#8217;original per la seva verificaci\u00f3.<\/li>\n<li>Document justificatiu de la bonificaci\u00f3 o l&#8217;exempci\u00f3 del preu p\u00fablic si \u00e9s el cas.<\/li>\n<li>Resguard de pagament del preu establert.<\/li>\n<li>Informe d&#8217;assessorament<\/li>\n<\/ul>\n<p><strong>Informaci\u00f3 de l\u2019oferta i calendari. <a href=\"https:\/\/agora.xtec.cat\/iesroquetes\/wp-content\/uploads\/usu997\/2025\/12\/Calendari-RECONEIXEMENT_Roquetes_25_26.pdf\">Calendari RECONEIXEMENT_Roquetes_25_26<\/a><br \/>\n<\/strong><\/p>\n","protected":false},"excerpt":{"rendered":"<p>\u00a0 &nbsp; &nbsp; &nbsp; &nbsp; &nbsp; &nbsp; &nbsp; &nbsp; &nbsp; &nbsp; &nbsp; &nbsp; SERVEIS D\u2019ASSESSORAMENT I RECONEIXEMENT ACAD\u00c8MIC \u00a0 \u00a0 \u00a0 \u00a0 http:\/\/queestudiar.gencat.cat\/ca\/estudis\/fp\/mesures-flexib\/assessorament\/ El servei d\u2019assessorament \u00e9s un servei que presta el centre educatiu, a sol\u00b7licitud de la persona interessada, de forma personalitzada, que consisteix en la identificaci\u00f3 i l\u2019an\u00e0lisi detallat de les capacitats i [&hellip;]<\/p>\n","protected":false},"author":1,"featured_media":0,"parent":4000,"menu_order":15,"comment_status":"closed","ping_status":"closed","template":"page-templates\/side-menu.php","meta":{"_bbp_topic_count":0,"_bbp_reply_count":0,"_bbp_total_topic_count":0,"_bbp_total_reply_count":0,"_bbp_voice_count":0,"_bbp_anonymous_reply_count":0,"_bbp_topic_count_hidden":0,"_bbp_reply_count_hidden":0,"_bbp_forum_subforum_count":0,"site-sidebar-layout":"default","site-content-layout":"","ast-site-content-layout":"","site-content-style":"default","site-sidebar-style":"default","ast-global-header-display":"","ast-banner-title-visibility":"","ast-main-header-display":"","ast-hfb-above-header-display":"","ast-hfb-below-header-display":"","ast-hfb-mobile-header-display":"","site-post-title":"","ast-breadcrumbs-content":"","ast-featured-img":"","footer-sml-layout":"","theme-transparent-header-meta":"","adv-header-id-meta":"","stick-header-meta":"","header-above-stick-meta":"","header-main-stick-meta":"","header-below-stick-meta":"","astra-migrate-meta-layouts":"default","ast-page-background-enabled":"default","ast-page-background-meta":{"desktop":{"background-color":"var(--ast-global-color-4)","background-image":"","background-repeat":"repeat","background-position":"center center","background-size":"auto","background-attachment":"scroll","background-type":"","background-media":"","overlay-type":"","overlay-color":"","overlay-opacity":"","overlay-gradient":""},"tablet":{"background-color":"","background-image":"","background-repeat":"repeat","background-position":"center center","background-size":"auto","background-attachment":"scroll","background-type":"","background-media":"","overlay-type":"","overlay-color":"","overlay-opacity":"","overlay-gradient":""},"mobile":{"background-color":"","background-image":"","background-repeat":"repeat","background-position":"center center","background-size":"auto","background-attachment":"scroll","background-type":"","background-media":"","overlay-type":"","overlay-color":"","overlay-opacity":"","overlay-gradient":""}},"ast-content-background-meta":{"desktop":{"background-color":"var(--ast-global-color-5)","background-image":"","background-repeat":"repeat","background-position":"center center","background-size":"auto","background-attachment":"scroll","background-type":"","background-media":"","overlay-type":"","overlay-color":"","overlay-opacity":"","overlay-gradient":""},"tablet":{"background-color":"var(--ast-global-color-5)","background-image":"","background-repeat":"repeat","background-position":"center center","background-size":"auto","background-attachment":"scroll","background-type":"","background-media":"","overlay-type":"","overlay-color":"","overlay-opacity":"","overlay-gradient":""},"mobile":{"background-color":"var(--ast-global-color-5)","background-image":"","background-repeat":"repeat","background-position":"center center","background-size":"auto","background-attachment":"scroll","background-type":"","background-media":"","overlay-type":"","overlay-color":"","overlay-opacity":"","overlay-gradient":""}},"footnotes":""},"class_list":["post-19210","page","type-page","status-publish","hentry"],"post_mailing_queue_ids":[],"_links":{"self":[{"href":"https:\/\/agora.xtec.cat\/iesroquetes\/wp-json\/wp\/v2\/pages\/19210","targetHints":{"allow":["GET"]}}],"collection":[{"href":"https:\/\/agora.xtec.cat\/iesroquetes\/wp-json\/wp\/v2\/pages"}],"about":[{"href":"https:\/\/agora.xtec.cat\/iesroquetes\/wp-json\/wp\/v2\/types\/page"}],"author":[{"embeddable":true,"href":"https:\/\/agora.xtec.cat\/iesroquetes\/wp-json\/wp\/v2\/users\/1"}],"replies":[{"embeddable":true,"href":"https:\/\/agora.xtec.cat\/iesroquetes\/wp-json\/wp\/v2\/comments?post=19210"}],"version-history":[{"count":7,"href":"https:\/\/agora.xtec.cat\/iesroquetes\/wp-json\/wp\/v2\/pages\/19210\/revisions"}],"predecessor-version":[{"id":30301,"href":"https:\/\/agora.xtec.cat\/iesroquetes\/wp-json\/wp\/v2\/pages\/19210\/revisions\/30301"}],"up":[{"embeddable":true,"href":"https:\/\/agora.xtec.cat\/iesroquetes\/wp-json\/wp\/v2\/pages\/4000"}],"wp:attachment":[{"href":"https:\/\/agora.xtec.cat\/iesroquetes\/wp-json\/wp\/v2\/media?parent=19210"}],"curies":[{"name":"wp","href":"https:\/\/api.w.org\/{rel}","templated":true}]}}