{"id":18776,"date":"2020-08-29T20:04:08","date_gmt":"2020-08-29T18:04:08","guid":{"rendered":"http:\/\/agora.xtec.cat\/iesroquetes\/?page_id=18776"},"modified":"2021-02-26T11:54:37","modified_gmt":"2021-02-26T10:54:37","slug":"sessio-9-mes-interaccions","status":"publish","type":"page","link":"https:\/\/agora.xtec.cat\/iesroquetes\/scratch-challenge\/modul-1-comenca-lscratch-aventura-scratch-3\/sessio-9-mes-interaccions\/","title":{"rendered":"Sessi\u00f3 9. M\u00e9s interaccions"},"content":{"rendered":"<h2>Pla de treball<\/h2>\n<div style=\"padding-left: 50px;\">\n<ul>\n<li>Fes clic al personatge<\/li>\n<li>Mou personatges amb fletxes<\/li>\n<\/ul>\n<\/div>\n<hr \/>\n<p>Ja has vist unes quantes interaccions amb l&#8217;Scratch, com pr\u00e9mer alguna lletra del teclat o respondre preguntes. La teva animaci\u00f3 ser\u00e0 molt m\u00e9s rica si permets que l&#8217;usuari participi a la hist\u00f2ria. Aix\u00f2 s\u00ed, <strong>has d&#8217;avisar a l&#8217;usuari de la manera amb la qual s&#8217;interactuar\u00e0<\/strong>, b\u00e9 sigui a trav\u00e9s del <strong>personatge<\/strong> (amb bafarades), o b\u00e9 perqu\u00e8 ho escrius a la <strong>descripci\u00f3 del projecte<\/strong>. A hores d&#8217;ara, ja saps com fer parlar els personatges, per aix\u00f2 t&#8217;expliquem com escriure la informaci\u00f3 a la descripci\u00f3 del projecte.<\/p>\n<p><img decoding=\"async\" class=\"alignnone\" src=\"http:\/\/projectes.xtec.cat\/programacioirobotica\/wp-content\/uploads\/usu604\/2017\/06\/scratch-icona_tasques.png\" alt=\"Pas a pas\" width=\"32\" \/> <strong>Fem-ho pas a pas<\/strong><\/p>\n<div style=\"padding-left: 50px;\">\n<ul>\n<li>Entra al teu compte de l&#8217;Scratch i obre el projecte <strong>Storyboard<\/strong>.<\/li>\n<li>Des d&#8217;all\u00e0 pots anar a la p\u00e0gina principal del projecte: <img loading=\"lazy\" decoding=\"async\" class=\"alignnone size-large\" src=\"http:\/\/drive.google.com\/uc?export=view&amp;id=1PlvIaoIRUpZ2hz9dPtKGf_luifEwavqe\" width=\"1437\" height=\"501\" \/><\/li>\n<li>Scratch ja t&#8217;orienta sobre on pots posar les instruccions: <img loading=\"lazy\" decoding=\"async\" class=\"alignnone size-large\" src=\"http:\/\/drive.google.com\/uc?export=view&amp;id=1J1e3yzmVh3drmc8QBbcV-7yMbDvhGFBy\" width=\"981\" height=\"544\" \/><\/li>\n<\/ul>\n<\/div>\n<hr \/>\n<h2>Fes clic al personatge<\/h2>\n<p>Un cop has informat de com interactuar, comen\u00e7ar\u00e0s utilitzant el ratol\u00ed per a interactuar.<\/p>\n<p><img decoding=\"async\" class=\"alignnone\" src=\"http:\/\/projectes.xtec.cat\/programacioirobotica\/wp-content\/uploads\/usu604\/2017\/06\/scratch-icona_tasques.png\" alt=\"Pas a pas\" width=\"32\" \/> <strong>Fem-ho pas a pas<\/strong><\/p>\n<div style=\"padding-left: 50px;\">\n<ul>\n<li>Entra al teu compte de l&#8217;Scratch i obre el projecte <strong>Storyboard<\/strong>.<\/li>\n<li>Tria un dels teus personatges i programa&#8217;l perqu\u00e8 canvi\u00ef l&#8217;efecte de color i emeti un so (l&#8217;has d&#8217;afegir al personatge abans de programar) quan li fem click al damunt:<br \/>\n<img loading=\"lazy\" decoding=\"async\" class=\"alignnone size-large\" src=\"http:\/\/drive.google.com\/uc?export=view&amp;id=1oNM_4IQCNH2EbMt9tU4_98BOk8nWdwxK\" width=\"245\" height=\"148\" \/><\/li>\n<\/ul>\n<\/div>\n<hr \/>\n<h2>Mou personatges amb fletxes<\/h2>\n<p>Vols moure un personatge amb les fletxes del teclat? Doncs l&#8217;\u00fanic que has d&#8217;entendre, \u00e9s que no farem m\u00e0gia, sin\u00f3 sumar o restar n\u00fameros als dos eixos (X i Y) per on es poden moure els personatges. Veur\u00e0s com \u00e9s molt senzill.<\/p>\n<p><img decoding=\"async\" class=\"alignnone\" src=\"http:\/\/projectes.xtec.cat\/programacioirobotica\/wp-content\/uploads\/usu604\/2017\/06\/scratch-icona_tasques.png\" alt=\"Pas a pas\" width=\"32\" \/> <strong>Fem-ho pas a pas<\/strong><\/p>\n<div style=\"padding-left: 50px;\">\n<ul>\n<li>Comen\u00e7arem per aprendre a <strong>anar cap amunt<\/strong>. L&#8217;eix de direcci\u00f3 \u00e9s l&#8217;Y, i el que li haurem de fer \u00e9s sumar un n\u00famero positiu. Tria un dels teus personatges i programa&#8217;l perqu\u00e8 <strong>pugi 10 unitats<\/strong> cada vegada que premem la tecla de la fletxa cap amunt:<\/li>\n<\/ul>\n<p><img loading=\"lazy\" decoding=\"async\" class=\"alignnone size-large\" src=\"http:\/\/drive.google.com\/uc?export=view&amp;id=1smO0H99PZc6TUvycDpgF6ZXn37ZB60IX\" width=\"290\" height=\"409\" \/> <img loading=\"lazy\" decoding=\"async\" class=\"alignnone size-large\" src=\"http:\/\/drive.google.com\/uc?export=view&amp;id=1dy6q2tSocBUcnpfUGevGky-I9ao2zHq_\" width=\"253\" height=\"127\" \/><\/p>\n<\/div>\n<div style=\"padding-left: 50px;\">\n<ul>\n<li>Per <strong>anar cap avall<\/strong>, has de duplicar el grup anterior (amb el bot\u00f3 dret) i canviar el 10 per <strong>-10<\/strong>:<img loading=\"lazy\" decoding=\"async\" class=\"alignnone size-large\" src=\"http:\/\/drive.google.com\/uc?export=view&amp;id=1Er5Z0b47h7dbDSiCoKycFQud9-xqgrdY\" width=\"262\" height=\"119\" \/> <img loading=\"lazy\" decoding=\"async\" class=\"alignnone size-large\" src=\"http:\/\/drive.google.com\/uc?export=view&amp;id=1dy6q2tSocBUcnpfUGevGky-I9ao2zHq_\" width=\"253\" height=\"127\" \/><\/li>\n<li>Afegeix moviment <strong>cap a la dreta<\/strong>, sumant un <strong>10<\/strong> a l&#8217;<strong>eix X<\/strong>:<\/li>\n<\/ul>\n<p><img loading=\"lazy\" decoding=\"async\" class=\"alignnone size-large\" src=\"http:\/\/drive.google.com\/uc?export=view&amp;id=1ecrmzZxRAQpCkW1N3g5PcwkDV7K8IziF\" width=\"240\" height=\"111\" \/>\u00a0<img loading=\"lazy\" decoding=\"async\" class=\"alignnone size-large\" src=\"http:\/\/drive.google.com\/uc?export=view&amp;id=1Er5Z0b47h7dbDSiCoKycFQud9-xqgrdY\" width=\"262\" height=\"119\" \/> <img loading=\"lazy\" decoding=\"async\" class=\"alignnone size-large\" src=\"http:\/\/drive.google.com\/uc?export=view&amp;id=1dy6q2tSocBUcnpfUGevGky-I9ao2zHq_\" width=\"253\" height=\"127\" \/><\/p>\n<ul>\n<li>Per \u00faltim, configura la <strong>fletxa esquerra<\/strong> perqu\u00e8 li sumi a l&#8217;eix X <strong>-10: <img decoding=\"async\" class=\"alignnone size-large\" src=\"http:\/\/drive.google.com\/uc?export=view&amp;id=1qFsFq_m1A6H8p_3TMkQcojJbAW10LVmC\" \/><img loading=\"lazy\" decoding=\"async\" class=\"alignnone size-large\" src=\"http:\/\/drive.google.com\/uc?export=view&amp;id=1ecrmzZxRAQpCkW1N3g5PcwkDV7K8IziF\" width=\"240\" height=\"111\" \/>\u00a0<img loading=\"lazy\" decoding=\"async\" class=\"alignnone size-large\" src=\"http:\/\/drive.google.com\/uc?export=view&amp;id=1Er5Z0b47h7dbDSiCoKycFQud9-xqgrdY\" width=\"262\" height=\"119\" \/> <img loading=\"lazy\" decoding=\"async\" class=\"alignnone size-large\" src=\"http:\/\/drive.google.com\/uc?export=view&amp;id=1dy6q2tSocBUcnpfUGevGky-I9ao2zHq_\" width=\"253\" height=\"127\" \/><\/strong><\/li>\n<\/ul>\n<\/div>\n<p>Pots esborrar tots els programes si creus que no els necessites per al teu Storyboard.<\/p>\n","protected":false},"excerpt":{"rendered":"<p>Pla de treball Fes clic al personatge Mou personatges amb fletxes Ja has vist unes quantes interaccions amb l&#8217;Scratch, com pr\u00e9mer alguna lletra del teclat o respondre preguntes. La teva animaci\u00f3 ser\u00e0 molt m\u00e9s rica si permets que l&#8217;usuari participi a la hist\u00f2ria. Aix\u00f2 s\u00ed, has d&#8217;avisar a l&#8217;usuari de la manera amb la qual [&hellip;]<\/p>\n","protected":false},"author":5,"featured_media":0,"parent":17494,"menu_order":11,"comment_status":"closed","ping_status":"closed","template":"page-templates\/side-menu.php","meta":{"_bbp_topic_count":0,"_bbp_reply_count":0,"_bbp_total_topic_count":0,"_bbp_total_reply_count":0,"_bbp_voice_count":0,"_bbp_anonymous_reply_count":0,"_bbp_topic_count_hidden":0,"_bbp_reply_count_hidden":0,"_bbp_forum_subforum_count":0,"site-sidebar-layout":"default","site-content-layout":"","ast-site-content-layout":"","site-content-style":"default","site-sidebar-style":"default","ast-global-header-display":"","ast-banner-title-visibility":"","ast-main-header-display":"","ast-hfb-above-header-display":"","ast-hfb-below-header-display":"","ast-hfb-mobile-header-display":"","site-post-title":"","ast-breadcrumbs-content":"","ast-featured-img":"","footer-sml-layout":"","theme-transparent-header-meta":"","adv-header-id-meta":"","stick-header-meta":"","header-above-stick-meta":"","header-main-stick-meta":"","header-below-stick-meta":"","astra-migrate-meta-layouts":"default","ast-page-background-enabled":"default","ast-page-background-meta":{"desktop":{"background-color":"var(--ast-global-color-4)","background-image":"","background-repeat":"repeat","background-position":"center center","background-size":"auto","background-attachment":"scroll","background-type":"","background-media":"","overlay-type":"","overlay-color":"","overlay-opacity":"","overlay-gradient":""},"tablet":{"background-color":"","background-image":"","background-repeat":"repeat","background-position":"center center","background-size":"auto","background-attachment":"scroll","background-type":"","background-media":"","overlay-type":"","overlay-color":"","overlay-opacity":"","overlay-gradient":""},"mobile":{"background-color":"","background-image":"","background-repeat":"repeat","background-position":"center center","background-size":"auto","background-attachment":"scroll","background-type":"","background-media":"","overlay-type":"","overlay-color":"","overlay-opacity":"","overlay-gradient":""}},"ast-content-background-meta":{"desktop":{"background-color":"var(--ast-global-color-5)","background-image":"","background-repeat":"repeat","background-position":"center center","background-size":"auto","background-attachment":"scroll","background-type":"","background-media":"","overlay-type":"","overlay-color":"","overlay-opacity":"","overlay-gradient":""},"tablet":{"background-color":"var(--ast-global-color-5)","background-image":"","background-repeat":"repeat","background-position":"center center","background-size":"auto","background-attachment":"scroll","background-type":"","background-media":"","overlay-type":"","overlay-color":"","overlay-opacity":"","overlay-gradient":""},"mobile":{"background-color":"var(--ast-global-color-5)","background-image":"","background-repeat":"repeat","background-position":"center center","background-size":"auto","background-attachment":"scroll","background-type":"","background-media":"","overlay-type":"","overlay-color":"","overlay-opacity":"","overlay-gradient":""}},"footnotes":""},"class_list":["post-18776","page","type-page","status-publish","hentry"],"post_mailing_queue_ids":[],"_links":{"self":[{"href":"https:\/\/agora.xtec.cat\/iesroquetes\/wp-json\/wp\/v2\/pages\/18776","targetHints":{"allow":["GET"]}}],"collection":[{"href":"https:\/\/agora.xtec.cat\/iesroquetes\/wp-json\/wp\/v2\/pages"}],"about":[{"href":"https:\/\/agora.xtec.cat\/iesroquetes\/wp-json\/wp\/v2\/types\/page"}],"author":[{"embeddable":true,"href":"https:\/\/agora.xtec.cat\/iesroquetes\/wp-json\/wp\/v2\/users\/5"}],"replies":[{"embeddable":true,"href":"https:\/\/agora.xtec.cat\/iesroquetes\/wp-json\/wp\/v2\/comments?post=18776"}],"version-history":[{"count":3,"href":"https:\/\/agora.xtec.cat\/iesroquetes\/wp-json\/wp\/v2\/pages\/18776\/revisions"}],"predecessor-version":[{"id":19634,"href":"https:\/\/agora.xtec.cat\/iesroquetes\/wp-json\/wp\/v2\/pages\/18776\/revisions\/19634"}],"up":[{"embeddable":true,"href":"https:\/\/agora.xtec.cat\/iesroquetes\/wp-json\/wp\/v2\/pages\/17494"}],"wp:attachment":[{"href":"https:\/\/agora.xtec.cat\/iesroquetes\/wp-json\/wp\/v2\/media?parent=18776"}],"curies":[{"name":"wp","href":"https:\/\/api.w.org\/{rel}","templated":true}]}}