{"id":17496,"date":"2019-02-08T13:22:12","date_gmt":"2019-02-08T12:22:12","guid":{"rendered":"http:\/\/projectes.xtec.cat\/programacioirobotica\/?page_id=17496"},"modified":"2021-01-12T17:16:44","modified_gmt":"2021-01-12T16:16:44","slug":"sessio-1-comencem-el-projecte","status":"publish","type":"page","link":"https:\/\/agora.xtec.cat\/iesroquetes\/scratch-challenge\/modul-1-comenca-lscratch-aventura-scratch-3\/sessio-1-comencem-el-projecte\/","title":{"rendered":"Sessi\u00f3 1. Accedeix a Scratch"},"content":{"rendered":"<h2>Qu\u00e8 \u00e9s l&#8217;Scratch?<\/h2>\n<p>L&#8217;Scratch \u00e9s un entorn de programaci\u00f3 que et permet crear m\u00faltiples activitats diferents, com jocs, hist\u00f2ries interactives&#8230;<\/p>\n<p>Quan vas al <a href=\"https:\/\/scratch.mit.edu\/\" target=\"_blank\" rel=\"noopener noreferrer\">web de l&#8217;Scratch<\/a> et trobes amb una pantalla com aquesta:<\/p>\n<p><img loading=\"lazy\" decoding=\"async\" class=\"aligncenter\" src=\"http:\/\/projectes.xtec.cat\/programacioirobotica\/wp-content\/uploads\/usu604\/2019\/01\/Scratch-Imagine-Program-Share-1024x798.png\" width=\"553\" height=\"431\" \/><\/p>\n<p><img decoding=\"async\" class=\"alignnone\" src=\"http:\/\/projectes.xtec.cat\/programacioirobotica\/wp-content\/uploads\/usu604\/2017\/06\/scratch-icona_tasques.png\" alt=\"Icona tasques\" width=\"32\" \/><strong>Fem-ho pas a pas<\/strong><\/p>\n<div style=\"padding-left: 50px;\">\n<ul>\n<li>Si et cal, ves al final de la p\u00e0gina i tria l&#8217;idioma perqu\u00e8 sigui el catal\u00e0.<\/li>\n<li>Explora totes les opcions del men\u00fa blau superior. Per a qu\u00e8 serveixen?\n<ul>\n<li><strong>Scratch<\/strong>, et torna a la p\u00e0gina inicial<\/li>\n<li><strong>Crea<\/strong>, obre l&#8217;editor per crear els teus projectes.<\/li>\n<li><strong>Idees, <\/strong>et proporciona informaci\u00f3 i ajut per realitzar els teus projectes. Hi trobar\u00e0 tutorials, targetes de programaci\u00f3 que resumeixen els passos necessaris per fer accions concretes, projectes desenvolupats per reinventar-los i fer les teves creacions, descarregar l&#8217;Scratch al teu ordinador per no treballar connectat a Internet i un recull de preguntes freq\u00fcents que et poden solucionar uns quants dubtes.<\/li>\n<li><strong>A prop\u00f2sit de<\/strong>, et dona informacions globals de Scratch.<\/li>\n<\/ul>\n<\/li>\n<\/ul>\n<\/div>\n<hr \/>\n<h2>El teu espai a l&#8217;Scratch<\/h2>\n<p>Per resoldre els nostres reptes i avan\u00e7ar en el nostre projecte farem una s\u00e8rie de tasques, les quals s&#8217;han de guardar en algun lloc per poder seguir treballant, i \u00e9s per aix\u00f2 que tens un espai a l&#8217;Scratch.<\/p>\n<p><img decoding=\"async\" class=\"alignnone\" src=\"http:\/\/projectes.xtec.cat\/programacioirobotica\/wp-content\/uploads\/usu604\/2017\/06\/scratch-icona_tasques.png\" alt=\"Icona repte\" width=\"32\" \/><strong>Fem-ho pas a pas<\/strong><\/p>\n<div style=\"padding-left: 50px;\">\n<ul>\n<li>Fes clic a l&#8217;opci\u00f3 <strong>Uneix-te a Scratch<\/strong> del men\u00fa blau superior. <img loading=\"lazy\" decoding=\"async\" class=\"aligncenter size-large\" src=\"http:\/\/drive.google.com\/uc?export=view&amp;id=1m5z00pyPVk0aRrtR7HGvPNlyOhygr5BF\" width=\"1166\" height=\"438\" \/><\/li>\n<li>Crea&#8217;t un nom d&#8217;usuari que sigui la inicial del teu nom, el teu primer cognom i la teva classe. Aix\u00ed, per exemple, Pepeta Garc\u00eda de 1r F seria la usu\u00e0ria <strong>pgarcia1F.<\/strong> Utilitza la mateixa contrasenya que tens al correu electr\u00f2nic de l&#8217;Institut. <img loading=\"lazy\" decoding=\"async\" class=\"aligncenter size-large\" src=\"http:\/\/drive.google.com\/uc?export=view&amp;id=1BlmZef39klLL6y2Osf-TnviOqbPlngxC\" width=\"719\" height=\"565\" \/><\/li>\n<li>Selecciona Spain com a pa\u00eds o vius.\u00a0 <img loading=\"lazy\" decoding=\"async\" class=\"aligncenter size-large\" src=\"http:\/\/drive.google.com\/uc?export=view&amp;id=1LFkWABSVlaqcHGHwIWoYGoKzebA3Y7Na\" width=\"487\" height=\"562\" \/><\/li>\n<li>Indica el teu mes i any de naixement:\u00a0 <img loading=\"lazy\" decoding=\"async\" class=\"aligncenter size-large\" src=\"http:\/\/drive.google.com\/uc?export=view&amp;id=186nDdxmueQhWfDBIwGv3Ad37SD2OpBXu\" width=\"452\" height=\"536\" \/><\/li>\n<li>Indica el teu g\u00e8nere (pots triar l&#8217;opci\u00f3 &#8220;M&#8217;estimo m\u00e9s no dir-ho&#8221;):\u00a0 <img loading=\"lazy\" decoding=\"async\" class=\"aligncenter\" src=\"http:\/\/drive.google.com\/uc?export=view&amp;id=1coXnFdBl6m4J5Wo3AwU6szIEbgnpfKZv\" alt=\"\" width=\"466\" height=\"563\" \/><\/li>\n<li>Escriu el correu electr\u00f2nic del centre:\u00a0 <img loading=\"lazy\" decoding=\"async\" class=\"aligncenter size-large\" src=\"http:\/\/drive.google.com\/uc?export=view&amp;id=1PE82UQlRUx5SQXjH8K9KZva0EfeQygv6\" width=\"464\" height=\"547\" \/><\/li>\n<li>Ja ets una o un membre Scratch!! Ara nom\u00e9s et queda anar al teu correu de l&#8217;Institut i <strong>obrir el correu<\/strong> que t&#8217;han enviat, per tal de poder confirmar la teva inscripci\u00f3 a la plataforma:\u00a0 <img loading=\"lazy\" decoding=\"async\" class=\"aligncenter size-large\" src=\"http:\/\/drive.google.com\/uc?export=view&amp;id=1cff2yzWsFnqV7sj191Nxt3qPLKXZR7oF\" width=\"461\" height=\"547\" \/><\/li>\n<li>A partir d&#8217;aquest moment, sempre que vulguis iniciar sessi\u00f3 i accedir als teus programes, has de fer clic a l\u2019opci\u00f3 <strong>Inicia la sessi\u00f3<\/strong> del men\u00fa blau superior, i posar-hi el nom d\u2019usuari i la contrasenya creats abans:\u00a0 <img loading=\"lazy\" decoding=\"async\" class=\"aligncenter size-large\" src=\"http:\/\/drive.google.com\/uc?export=view&amp;id=120u6tB76UmCAHseAXwoUQUAZUDev2sao\" width=\"1024\" height=\"387\" \/><\/li>\n<li><strong>OPCIONAL: <\/strong>Un cop est\u00e0s dins del teu espai has de fer-lo representatiu teu. Pots anar a <strong>Configuraci\u00f3 del compte<\/strong> i posar una imatge que et representi, explicar alguna cosa de l&#8217;institut &#8230;<img loading=\"lazy\" decoding=\"async\" class=\"wp-image-17526 aligncenter\" src=\"https:\/\/projectes.xtec.cat\/programacioirobotica\/wp-content\/uploads\/usu604\/2019\/01\/s1m1webpp3.jpg\" alt=\"\" width=\"421\" height=\"292\" \/><img loading=\"lazy\" decoding=\"async\" class=\"aligncenter wp-image-17532\" src=\"https:\/\/projectes.xtec.cat\/programacioirobotica\/wp-content\/uploads\/usu604\/2019\/01\/s1m1webpp2.jpg\" alt=\"\" width=\"418\" height=\"292\" \/><\/li>\n<\/ul>\n<\/div>\n<hr \/>\n<p><img decoding=\"async\" class=\"alignnone\" src=\"http:\/\/projectes.xtec.cat\/programacioirobotica\/wp-content\/uploads\/usu604\/2017\/06\/scratch-icona_glosari.png\" alt=\"Icona glosari\" width=\"32\" \/><strong> Com que som programadors i programadores parlem de&#8230;<\/strong><\/p>\n<div style=\"padding-left: 50px;\">\n<ul>\n<li><strong>Entorn de programaci\u00f3:<\/strong> espai que permet la realitzaci\u00f3 de programes fent servir unes eines espec\u00edfiques.<\/li>\n<li><strong>Nom d&#8217;usuari:<\/strong> nom assignat a una persona que li permet accedir a un entorn, aplicaci\u00f3 o espai i que serveix per identificar-la.<\/li>\n<li><strong>Contrasenya:<\/strong> codi format per una barreja de n\u00fameros, lletres i d&#8217;altres car\u00e0cters, relacionat amb un usuari concret, que li permet accedir a un entorn, aplicaci\u00f3 o espai de forma segura.<\/li>\n<\/ul>\n<\/div>\n","protected":false},"excerpt":{"rendered":"<p>Qu\u00e8 \u00e9s l&#8217;Scratch? L&#8217;Scratch \u00e9s un entorn de programaci\u00f3 que et permet crear m\u00faltiples activitats diferents, com jocs, hist\u00f2ries interactives&#8230; Quan vas al web de l&#8217;Scratch et trobes amb una pantalla com aquesta: Fem-ho pas a pas Si et cal, ves al final de la p\u00e0gina i tria l&#8217;idioma perqu\u00e8 sigui el catal\u00e0. Explora totes [&hellip;]<\/p>\n","protected":false},"author":5,"featured_media":0,"parent":17494,"menu_order":1,"comment_status":"closed","ping_status":"closed","template":"page-templates\/side-menu.php","meta":{"_bbp_topic_count":0,"_bbp_reply_count":0,"_bbp_total_topic_count":0,"_bbp_total_reply_count":0,"_bbp_voice_count":0,"_bbp_anonymous_reply_count":0,"_bbp_topic_count_hidden":0,"_bbp_reply_count_hidden":0,"_bbp_forum_subforum_count":0,"site-sidebar-layout":"default","site-content-layout":"","ast-site-content-layout":"","site-content-style":"default","site-sidebar-style":"default","ast-global-header-display":"","ast-banner-title-visibility":"","ast-main-header-display":"","ast-hfb-above-header-display":"","ast-hfb-below-header-display":"","ast-hfb-mobile-header-display":"","site-post-title":"","ast-breadcrumbs-content":"","ast-featured-img":"","footer-sml-layout":"","theme-transparent-header-meta":"","adv-header-id-meta":"","stick-header-meta":"","header-above-stick-meta":"","header-main-stick-meta":"","header-below-stick-meta":"","astra-migrate-meta-layouts":"default","ast-page-background-enabled":"default","ast-page-background-meta":{"desktop":{"background-color":"var(--ast-global-color-4)","background-image":"","background-repeat":"repeat","background-position":"center center","background-size":"auto","background-attachment":"scroll","background-type":"","background-media":"","overlay-type":"","overlay-color":"","overlay-opacity":"","overlay-gradient":""},"tablet":{"background-color":"","background-image":"","background-repeat":"repeat","background-position":"center center","background-size":"auto","background-attachment":"scroll","background-type":"","background-media":"","overlay-type":"","overlay-color":"","overlay-opacity":"","overlay-gradient":""},"mobile":{"background-color":"","background-image":"","background-repeat":"repeat","background-position":"center center","background-size":"auto","background-attachment":"scroll","background-type":"","background-media":"","overlay-type":"","overlay-color":"","overlay-opacity":"","overlay-gradient":""}},"ast-content-background-meta":{"desktop":{"background-color":"var(--ast-global-color-5)","background-image":"","background-repeat":"repeat","background-position":"center center","background-size":"auto","background-attachment":"scroll","background-type":"","background-media":"","overlay-type":"","overlay-color":"","overlay-opacity":"","overlay-gradient":""},"tablet":{"background-color":"var(--ast-global-color-5)","background-image":"","background-repeat":"repeat","background-position":"center center","background-size":"auto","background-attachment":"scroll","background-type":"","background-media":"","overlay-type":"","overlay-color":"","overlay-opacity":"","overlay-gradient":""},"mobile":{"background-color":"var(--ast-global-color-5)","background-image":"","background-repeat":"repeat","background-position":"center center","background-size":"auto","background-attachment":"scroll","background-type":"","background-media":"","overlay-type":"","overlay-color":"","overlay-opacity":"","overlay-gradient":""}},"footnotes":""},"class_list":["post-17496","page","type-page","status-publish","hentry"],"post_mailing_queue_ids":[],"_links":{"self":[{"href":"https:\/\/agora.xtec.cat\/iesroquetes\/wp-json\/wp\/v2\/pages\/17496","targetHints":{"allow":["GET"]}}],"collection":[{"href":"https:\/\/agora.xtec.cat\/iesroquetes\/wp-json\/wp\/v2\/pages"}],"about":[{"href":"https:\/\/agora.xtec.cat\/iesroquetes\/wp-json\/wp\/v2\/types\/page"}],"author":[{"embeddable":true,"href":"https:\/\/agora.xtec.cat\/iesroquetes\/wp-json\/wp\/v2\/users\/5"}],"replies":[{"embeddable":true,"href":"https:\/\/agora.xtec.cat\/iesroquetes\/wp-json\/wp\/v2\/comments?post=17496"}],"version-history":[{"count":3,"href":"https:\/\/agora.xtec.cat\/iesroquetes\/wp-json\/wp\/v2\/pages\/17496\/revisions"}],"predecessor-version":[{"id":21004,"href":"https:\/\/agora.xtec.cat\/iesroquetes\/wp-json\/wp\/v2\/pages\/17496\/revisions\/21004"}],"up":[{"embeddable":true,"href":"https:\/\/agora.xtec.cat\/iesroquetes\/wp-json\/wp\/v2\/pages\/17494"}],"wp:attachment":[{"href":"https:\/\/agora.xtec.cat\/iesroquetes\/wp-json\/wp\/v2\/media?parent=17496"}],"curies":[{"name":"wp","href":"https:\/\/api.w.org\/{rel}","templated":true}]}}