{"id":17013,"date":"2020-05-11T10:50:45","date_gmt":"2020-05-11T08:50:45","guid":{"rendered":"http:\/\/agora.xtec.cat\/iesroquetes\/?page_id=17013"},"modified":"2020-07-10T11:55:27","modified_gmt":"2020-07-10T09:55:27","slug":"preinscripcio-eso-curs-2020-2021","status":"publish","type":"page","link":"https:\/\/agora.xtec.cat\/iesroquetes\/pagines-dinici\/pagina-dinici-buida\/preinscripcio-eso-curs-2020-2021\/","title":{"rendered":"1r ESO curs 2020-2021"},"content":{"rendered":"<h5>Matr\u00edcula 1r ESO curs 2020-2021<\/h5>\n<p>10\/07\/2020. Us recordem que <b>cal fer la matr\u00edcula de forma telem\u00e0tica del 13<\/b><b style=\"font-family: inherit; font-size: 1em;\"> al 17 de juliol<\/b><span style=\"font-family: inherit; font-size: 1em;\">.<\/span><\/p>\n<p>Us adjuntem els documents que cal <strong>descarregar, emplenar i signar (es molt important que els signeu)<\/strong>. Tamb\u00e9 cal fer un pagament de <b>5\u20ac<\/b> en concepte d&#8217;agenda i tamb\u00e9\u00a0 inclou fotoc\u00f2pies, controls, farmaciola, tel\u00e8fon, office i altres. Al full de dades personals trobareu el n\u00famero de compte per fer l\u2019ingr\u00e9s. Al fer l\u2019ingr\u00e9s feu constar <b>01mat i el vostre nom complet.<\/b><\/p>\n<p>Documents:<\/p>\n<ul>\n<li><a href=\"https:\/\/agora.xtec.cat\/iesroquetes\/wp-content\/uploads\/usu997\/2020\/07\/Impres-matricula-1r-ESO-20-21.pdf\" target=\"_blank\" rel=\"noopener noreferrer\">Full de matr\u00edcula<\/a><\/li>\n<li><a href=\"https:\/\/agora.xtec.cat\/iesroquetes\/wp-content\/uploads\/usu997\/2020\/07\/Autoritzaci\u00f3-recursos-digitals-20-21.pdf\" target=\"_blank\" rel=\"noopener noreferrer\">Autoritzaci\u00f3 \u00fas recursos digitals<\/a><\/li>\n<li><a href=\"https:\/\/agora.xtec.cat\/iesroquetes\/wp-content\/uploads\/usu997\/2020\/07\/Llista-de-llibres-1r-ESO_2021.pdf\" target=\"_blank\" rel=\"noopener noreferrer\">Llista de llibres<\/a><\/li>\n<li>Transport escolar (nom\u00e9s per als alumnes dels pobles adscrits)\n<ul>\n<li><a href=\"https:\/\/agora.xtec.cat\/iesroquetes\/wp-content\/uploads\/usu997\/2020\/07\/ANNEX-1-Sol\u00b7licitud-transport-2020-2021-8.pdf\" target=\"_blank\" rel=\"noopener noreferrer\">Sol\u00b7licitud<\/a><\/li>\n<li><a href=\"https:\/\/agora.xtec.cat\/iesroquetes\/wp-content\/uploads\/usu997\/2020\/07\/Sol\u00b7licitud-bonificaci\u00f3-TNO-2020-2021-1.pdf\" target=\"_blank\" rel=\"noopener noreferrer\">Bonificaci\u00f3<\/a> (nom\u00e9s per als alumnes de la Raval de Crist<\/li>\n<\/ul>\n<\/li>\n<\/ul>\n<p>Cal enviar escanejats o fotografiats, els\u00a0 documents (resguard de pagament, full de matr\u00edcula, autoritzaci\u00f3 d\u2019\u00fas de recursos digitals i la sol\u00b7licitud de transport (si es el cas) ) al correu oficial del centre: <b>iesroquetes@xtec.cat<\/b>. A l\u2019assumpte cal posar\u00a0\u00a0<b>mat1ESO i el vostre nom complet<\/b>.<\/p>\n<p>Recordeu que mentre no feu aquesta gesti\u00f3 no us podem matricular.<\/p>\n<hr \/>\n<p><strong>DATES DE PREINSCRIPCI\u00d3\u00a0 <\/strong>(publicat el dia 13\/05\/2020)<\/p>\n<p><strong>Codi del centre: 43008420<\/strong><\/p>\n<p><strong>IMPORTANT: A la sol\u00b7licitud heu de posar l\u2019idalu de l\u2019alumne, que trobareu al butllet\u00ed del vostre fill\/filla.<\/strong><\/p>\n<h5><span style=\"color: #0000ff;\"><strong>Telem\u00e0tica i no presencial (\u00e9s l&#8217;opci\u00f3 recomanada)<\/strong><\/span><\/h5>\n<ul>\n<li style=\"list-style-type: none;\">\n<ul>\n<li>Del <strong>13 al 22 de maig<\/strong><\/li>\n<li><a href=\"http:\/\/ensenyament.gencat.cat\/ca\/tramits\/tramits-temes\/20483_preinscripcio_escolar?moda=1\" target=\"_blank\" rel=\"noopener noreferrer\">Enlla\u00e7 a la sol\u00b7licitud telem\u00e0tica<\/a><\/li>\n<li>Una vegada enviades telem\u00e0ticament les dades s&#8217;obt\u00e9 el resguard de la sol\u00b7licitud. Aquest resguard juntament amb la documentaci\u00f3 escanejada o amb foto, s&#8217;ha d\u2019enviar al correu electr\u00f2nic del centre: <strong>iesroquetes@xtec.cat<\/strong><\/li>\n<\/ul>\n<\/li>\n<\/ul>\n<p><strong>DOCUMENTACI\u00d3 OBLIGAT\u00d2RIA. S&#8217;ha de trametre escanejat o fotografiat <\/strong><\/p>\n<ul>\n<li style=\"list-style-type: none;\">\n<ul>\n<li><strong>Resguard de presentaci\u00f3 telem\u00e0tica degudament signat<br \/>\n<\/strong><\/li>\n<li><strong>DNI de l\u2019alumne\/a, NIE o passaport<\/strong><\/li>\n<li><strong>Llibre de fam\u00edlia<\/strong> complet o altres documents relatius a la filiaci\u00f3. Si l&#8217;alumne o alumna est\u00e0 en situaci\u00f3 d&#8217;acolliment, la resoluci\u00f3 d&#8217;acolliment del Departament de Treball, Afers Socials i Fam\u00edlies.<\/li>\n<li><strong>DNI, passaport, NIE del pare i de la mare<\/strong> o tutors legals.<\/li>\n<li><strong>Carnet de vacunacions<\/strong> o certificat m\u00e8dic oficial o carnet de salut on figurin les dosis de vacuna i les dates. Si no ha estat vacunat cal presentar certificaci\u00f3 m\u00e8dica oficial justificativa.<\/li>\n<li><strong>TIS<\/strong> (Targeta d\u2019identificaci\u00f3 sanit\u00e0ria de l\u2019alumne\/a)<\/li>\n<\/ul>\n<\/li>\n<\/ul>\n<h5><span style=\"color: #0000ff;\"><strong>Presencial (nom\u00e9s en casos excepcionals)<\/strong><\/span><\/h5>\n<ul>\n<li style=\"list-style-type: none;\">\n<ul>\n<li>Del <strong>19 al 22 de maig<\/strong><\/li>\n<li><strong>S&#8217;ha de demanar cita pr\u00e8via, a partir del dia 14\/05\/2020, <\/strong>al tel\u00e8fon (a determinar), correu electr\u00f2nic del centre (iesroquetes@xtec.cat) o al seg\u00fcent aplicatiu<\/li>\n<li>Us podeu descarregar el <a href=\"http:\/\/ensenyament.gencat.cat\/web\/shared\/OVT\/Departaments\/ENS\/TramitOVT\/preinscripcio\/obligatoris\/A42.pdf\" target=\"_blank\" rel=\"noopener noreferrer\">full de preinscripci\u00f3<\/a>. Un cop emplenat l&#8217;heu de portar al centre juntament amb la documentaci\u00f3 fotocopiada.<\/li>\n<li>Porteu bol\u00edgraf, mascareta i guants.<\/li>\n<li>Sense cita pr\u00e8via no us podrem atendre.<\/li>\n<li><strong>HORARI DE SECRETARIA: <\/strong>L\u2019horari d\u2019atenci\u00f3 al p\u00fablic ser\u00e0 de 9.00 a 13.00<\/li>\n<\/ul>\n<\/li>\n<\/ul>\n<p><strong>DOCUMENTACI\u00d3 OBLIGAT\u00d2RIA:<\/strong><\/p>\n<ul>\n<li style=\"list-style-type: none;\">\n<ul>\n<li><strong>Full de preinscripci\u00f3 <\/strong>, degudament emplenat i signat.<\/li>\n<li>Original i fotoc\u00f2pia del <strong>DNI de l\u2019alumne\/a, NIE o passaport<\/strong><\/li>\n<li>Original i fotoc\u00f2pia del <strong>Llibre de fam\u00edlia<\/strong> complet o altres documents relatius a la filiaci\u00f3. Si l&#8217;alumne o alumna est\u00e0 en situaci\u00f3 d&#8217;acolliment, la resoluci\u00f3 d&#8217;acolliment del Departament de Treball, Afers Socials i Fam\u00edlies.<\/li>\n<li>Original i fotoc\u00f2pia del <strong>DNI, passaport, NIE del pare i de la mare<\/strong> o tutors legals.<\/li>\n<li>Original i fotoc\u00f2pia del <strong>Carnet de vacunacions<\/strong> o certificat m\u00e8dic oficial o carnet de salut on figurin les dosis de vacuna i les dates. Si no ha estat vacunat cal presentar certificaci\u00f3 m\u00e8dica oficial justificativa.<\/li>\n<li>Original i fotoc\u00f2pia de <strong>la TIS<\/strong> (Targeta d\u2019identificaci\u00f3 sanit\u00e0ria de l\u2019alumne\/a)<\/li>\n<\/ul>\n<\/li>\n<\/ul>\n<p><strong>DOCUMENTACI\u00d3 OPCIONAL EN TOTS ELS CASOS<\/strong> (Nom\u00e9s per a alumnes de <strong>centres no adscrits, <\/strong>a efectes de <strong>barem, <\/strong>si volen al\u00b7legar aquestes circumst\u00e0ncies):<\/p>\n<ul>\n<li style=\"list-style-type: none;\">\n<ul>\n<li>Documentaci\u00f3 acreditativa de ser beneficiari de la prestaci\u00f3 econ\u00f2mica de la Renda\u00a0 M\u00ednima d\u2019Inserci\u00f3.<\/li>\n<li>Documentaci\u00f3 acreditativa de proximitat del domicili de l\u2019alumne (si no coincideix amb el del DNI).<\/li>\n<li>Documentaci\u00f3 acreditativa del lloc de treball, si aquest \u00e9s el que s\u2019al\u00b7lega a efectes de proximitat.<\/li>\n<li>Exist\u00e8ncia de germans i\/o tutors al centre.<\/li>\n<li>Original i fotoc\u00f2pia del certificat de discapacitat expedit pel Departament de Benestar i Fam\u00edlia, si s\u2019al\u00b7lega aquesta condici\u00f3 (igual o superior al 33%).<\/li>\n<li>Original i fotoc\u00f2pia del carnet de fam\u00edlia nombrosa o monoparental vigent, si s\u2019al\u00b7lega.<\/li>\n<li>Informe m\u00e8dic en cas d\u2019al\u00b7legar malaltia cr\u00f2nica<strong>\u00a0<\/strong>que afecti el sistema digestiu, endocr\u00ed o metab\u00f2lic, inclosos els cel\u00edacs.<\/li>\n<\/ul>\n<\/li>\n<\/ul>\n<p>Enlla\u00e7os d&#8217;inter\u00e8s:<\/p>\n<ul>\n<li><a href=\"http:\/\/queestudiar.gencat.cat\/ca\/preinscripcio\/estudis\/obligatoris\/calendari\/\">Calendari preinscripci\u00f3 i matr\u00edcula<\/a><\/li>\n<li><strong><a href=\"https:\/\/agora.xtec.cat\/iesroquetes\/wp-content\/uploads\/usu997\/2020\/05\/GUIA-NOU-ALUMNAT-1r-ESO-20-21_confinament.pdf\" target=\"_blank\" rel=\"noopener noreferrer\">Guia alumnat nou<\/a><\/strong><\/li>\n<li><a href=\"http:\/\/queestudiar.gencat.cat\/ca\/preinscripcio\/estudis\/obligatoris\/\" target=\"_blank\" rel=\"noopener noreferrer\">Estudiar a Catalunya<\/a><\/li>\n<\/ul>\n","protected":false},"excerpt":{"rendered":"<p>Matr\u00edcula 1r ESO curs 2020-2021 10\/07\/2020. Us recordem que cal fer la matr\u00edcula de forma telem\u00e0tica del 13 al 17 de juliol. Us adjuntem els documents que cal descarregar, emplenar i signar (es molt important que els signeu). Tamb\u00e9 cal fer un pagament de 5\u20ac en concepte d&#8217;agenda i tamb\u00e9\u00a0 inclou fotoc\u00f2pies, controls, farmaciola, tel\u00e8fon, [&hellip;]<\/p>\n","protected":false},"author":1,"featured_media":0,"parent":9,"menu_order":0,"comment_status":"closed","ping_status":"closed","template":"","meta":{"_bbp_topic_count":0,"_bbp_reply_count":0,"_bbp_total_topic_count":0,"_bbp_total_reply_count":0,"_bbp_voice_count":0,"_bbp_anonymous_reply_count":0,"_bbp_topic_count_hidden":0,"_bbp_reply_count_hidden":0,"_bbp_forum_subforum_count":0,"site-sidebar-layout":"default","site-content-layout":"","ast-site-content-layout":"","site-content-style":"default","site-sidebar-style":"default","ast-global-header-display":"","ast-banner-title-visibility":"","ast-main-header-display":"","ast-hfb-above-header-display":"","ast-hfb-below-header-display":"","ast-hfb-mobile-header-display":"","site-post-title":"","ast-breadcrumbs-content":"","ast-featured-img":"","footer-sml-layout":"","theme-transparent-header-meta":"","adv-header-id-meta":"","stick-header-meta":"","header-above-stick-meta":"","header-main-stick-meta":"","header-below-stick-meta":"","astra-migrate-meta-layouts":"default","ast-page-background-enabled":"default","ast-page-background-meta":{"desktop":{"background-color":"var(--ast-global-color-4)","background-image":"","background-repeat":"repeat","background-position":"center center","background-size":"auto","background-attachment":"scroll","background-type":"","background-media":"","overlay-type":"","overlay-color":"","overlay-opacity":"","overlay-gradient":""},"tablet":{"background-color":"","background-image":"","background-repeat":"repeat","background-position":"center center","background-size":"auto","background-attachment":"scroll","background-type":"","background-media":"","overlay-type":"","overlay-color":"","overlay-opacity":"","overlay-gradient":""},"mobile":{"background-color":"","background-image":"","background-repeat":"repeat","background-position":"center center","background-size":"auto","background-attachment":"scroll","background-type":"","background-media":"","overlay-type":"","overlay-color":"","overlay-opacity":"","overlay-gradient":""}},"ast-content-background-meta":{"desktop":{"background-color":"var(--ast-global-color-5)","background-image":"","background-repeat":"repeat","background-position":"center center","background-size":"auto","background-attachment":"scroll","background-type":"","background-media":"","overlay-type":"","overlay-color":"","overlay-opacity":"","overlay-gradient":""},"tablet":{"background-color":"var(--ast-global-color-5)","background-image":"","background-repeat":"repeat","background-position":"center center","background-size":"auto","background-attachment":"scroll","background-type":"","background-media":"","overlay-type":"","overlay-color":"","overlay-opacity":"","overlay-gradient":""},"mobile":{"background-color":"var(--ast-global-color-5)","background-image":"","background-repeat":"repeat","background-position":"center center","background-size":"auto","background-attachment":"scroll","background-type":"","background-media":"","overlay-type":"","overlay-color":"","overlay-opacity":"","overlay-gradient":""}},"footnotes":""},"class_list":["post-17013","page","type-page","status-publish","hentry"],"post_mailing_queue_ids":[],"_links":{"self":[{"href":"https:\/\/agora.xtec.cat\/iesroquetes\/wp-json\/wp\/v2\/pages\/17013","targetHints":{"allow":["GET"]}}],"collection":[{"href":"https:\/\/agora.xtec.cat\/iesroquetes\/wp-json\/wp\/v2\/pages"}],"about":[{"href":"https:\/\/agora.xtec.cat\/iesroquetes\/wp-json\/wp\/v2\/types\/page"}],"author":[{"embeddable":true,"href":"https:\/\/agora.xtec.cat\/iesroquetes\/wp-json\/wp\/v2\/users\/1"}],"replies":[{"embeddable":true,"href":"https:\/\/agora.xtec.cat\/iesroquetes\/wp-json\/wp\/v2\/comments?post=17013"}],"version-history":[{"count":4,"href":"https:\/\/agora.xtec.cat\/iesroquetes\/wp-json\/wp\/v2\/pages\/17013\/revisions"}],"predecessor-version":[{"id":17305,"href":"https:\/\/agora.xtec.cat\/iesroquetes\/wp-json\/wp\/v2\/pages\/17013\/revisions\/17305"}],"up":[{"embeddable":true,"href":"https:\/\/agora.xtec.cat\/iesroquetes\/wp-json\/wp\/v2\/pages\/9"}],"wp:attachment":[{"href":"https:\/\/agora.xtec.cat\/iesroquetes\/wp-json\/wp\/v2\/media?parent=17013"}],"curies":[{"name":"wp","href":"https:\/\/api.w.org\/{rel}","templated":true}]}}