{"id":13660,"date":"2018-10-08T23:17:58","date_gmt":"2018-10-08T21:17:58","guid":{"rendered":"http:\/\/agora.xtec.cat\/iesroquetes\/?page_id=13660"},"modified":"2020-08-28T16:18:56","modified_gmt":"2020-08-28T14:18:56","slug":"scratch-challenge","status":"publish","type":"page","link":"https:\/\/agora.xtec.cat\/iesroquetes\/scratch-challenge\/","title":{"rendered":"Scratch Challenge"},"content":{"rendered":"<p><img loading=\"lazy\" decoding=\"async\" class=\"aligncenter size-full wp-image-13664\" src=\"https:\/\/agora.xtec.cat\/iesroquetes\/wp-content\/uploads\/usu997\/2018\/10\/scratch.jpg\" alt=\"\" width=\"1000\" height=\"288\" srcset=\"https:\/\/agora.xtec.cat\/iesroquetes\/wp-content\/uploads\/usu997\/2018\/10\/scratch.jpg 1000w, https:\/\/agora.xtec.cat\/iesroquetes\/wp-content\/uploads\/usu997\/2018\/10\/scratch-300x86.jpg 300w, https:\/\/agora.xtec.cat\/iesroquetes\/wp-content\/uploads\/usu997\/2018\/10\/scratch-768x221.jpg 768w\" sizes=\"auto, (max-width: 1000px) 100vw, 1000px\" \/><\/p>\n<p>mSchools Scratch Challenge \u00e9s una proposta did\u00e0ctica modular centrada en el desenvolupament del pensament computacional a l\u2019aula mitjan\u00e7ant l\u2019aprenentatge del llenguatge de programaci\u00f3 lliure Scratch. Permet desenvolupar l\u2019ensenyament creant hist\u00f2ries interactives, simulacions, jocs i animacions, aix\u00ed com a compartir les creacions online.<\/p>\n<p>La iniciativa, dirigida a alumnes de Cicle Mitj\u00e0 i Superior de Prim\u00e0ria (3r, 4t, 5\u00e8 i 6\u00e8) i Primer Cicle d\u2019ESO (1r i 2n), t\u00e9 l\u2019objectiu de promoure les compet\u00e8ncies digitals i desenvolupar el pensament creatiu i el treball col\u00b7laboratiu entre els m\u00e9s joves.<\/p>\n<p>La proposta s\u2019estructura en sis m\u00f2duls, que evolucionen seq\u00fcencialment en complexitat, formats cadascun per 12 sessions.<\/p>\n<p style=\"text-align: right;\">Aquest curs \u00e9s una iniciativa\u00a0 <img loading=\"lazy\" decoding=\"async\" class=\"alignnone wp-image-13665\" src=\"https:\/\/agora.xtec.cat\/iesroquetes\/wp-content\/uploads\/usu997\/2018\/10\/logo.png\" alt=\"\" width=\"134\" height=\"27\" srcset=\"https:\/\/agora.xtec.cat\/iesroquetes\/wp-content\/uploads\/usu997\/2018\/10\/logo.png 496w, https:\/\/agora.xtec.cat\/iesroquetes\/wp-content\/uploads\/usu997\/2018\/10\/logo-300x60.png 300w\" sizes=\"auto, (max-width: 134px) 100vw, 134px\" \/><\/p>\n","protected":false},"excerpt":{"rendered":"<p>mSchools Scratch Challenge \u00e9s una proposta did\u00e0ctica modular centrada en el desenvolupament del pensament computacional a l\u2019aula mitjan\u00e7ant l\u2019aprenentatge del llenguatge de programaci\u00f3 lliure Scratch. Permet desenvolupar l\u2019ensenyament creant hist\u00f2ries interactives, simulacions, jocs i animacions, aix\u00ed com a compartir les creacions online. La iniciativa, dirigida a alumnes de Cicle Mitj\u00e0 i Superior de Prim\u00e0ria (3r, [&hellip;]<\/p>\n","protected":false},"author":5,"featured_media":0,"parent":0,"menu_order":0,"comment_status":"closed","ping_status":"closed","template":"page-templates\/side-menu.php","meta":{"_bbp_topic_count":0,"_bbp_reply_count":0,"_bbp_total_topic_count":0,"_bbp_total_reply_count":0,"_bbp_voice_count":0,"_bbp_anonymous_reply_count":0,"_bbp_topic_count_hidden":0,"_bbp_reply_count_hidden":0,"_bbp_forum_subforum_count":0,"site-sidebar-layout":"default","site-content-layout":"","ast-site-content-layout":"","site-content-style":"default","site-sidebar-style":"default","ast-global-header-display":"","ast-banner-title-visibility":"","ast-main-header-display":"","ast-hfb-above-header-display":"","ast-hfb-below-header-display":"","ast-hfb-mobile-header-display":"","site-post-title":"","ast-breadcrumbs-content":"","ast-featured-img":"","footer-sml-layout":"","theme-transparent-header-meta":"","adv-header-id-meta":"","stick-header-meta":"","header-above-stick-meta":"","header-main-stick-meta":"","header-below-stick-meta":"","astra-migrate-meta-layouts":"default","ast-page-background-enabled":"default","ast-page-background-meta":{"desktop":{"background-color":"var(--ast-global-color-4)","background-image":"","background-repeat":"repeat","background-position":"center center","background-size":"auto","background-attachment":"scroll","background-type":"","background-media":"","overlay-type":"","overlay-color":"","overlay-opacity":"","overlay-gradient":""},"tablet":{"background-color":"","background-image":"","background-repeat":"repeat","background-position":"center center","background-size":"auto","background-attachment":"scroll","background-type":"","background-media":"","overlay-type":"","overlay-color":"","overlay-opacity":"","overlay-gradient":""},"mobile":{"background-color":"","background-image":"","background-repeat":"repeat","background-position":"center center","background-size":"auto","background-attachment":"scroll","background-type":"","background-media":"","overlay-type":"","overlay-color":"","overlay-opacity":"","overlay-gradient":""}},"ast-content-background-meta":{"desktop":{"background-color":"var(--ast-global-color-5)","background-image":"","background-repeat":"repeat","background-position":"center center","background-size":"auto","background-attachment":"scroll","background-type":"","background-media":"","overlay-type":"","overlay-color":"","overlay-opacity":"","overlay-gradient":""},"tablet":{"background-color":"var(--ast-global-color-5)","background-image":"","background-repeat":"repeat","background-position":"center center","background-size":"auto","background-attachment":"scroll","background-type":"","background-media":"","overlay-type":"","overlay-color":"","overlay-opacity":"","overlay-gradient":""},"mobile":{"background-color":"var(--ast-global-color-5)","background-image":"","background-repeat":"repeat","background-position":"center center","background-size":"auto","background-attachment":"scroll","background-type":"","background-media":"","overlay-type":"","overlay-color":"","overlay-opacity":"","overlay-gradient":""}},"footnotes":""},"class_list":["post-13660","page","type-page","status-publish","hentry"],"post_mailing_queue_ids":[],"_links":{"self":[{"href":"https:\/\/agora.xtec.cat\/iesroquetes\/wp-json\/wp\/v2\/pages\/13660","targetHints":{"allow":["GET"]}}],"collection":[{"href":"https:\/\/agora.xtec.cat\/iesroquetes\/wp-json\/wp\/v2\/pages"}],"about":[{"href":"https:\/\/agora.xtec.cat\/iesroquetes\/wp-json\/wp\/v2\/types\/page"}],"author":[{"embeddable":true,"href":"https:\/\/agora.xtec.cat\/iesroquetes\/wp-json\/wp\/v2\/users\/5"}],"replies":[{"embeddable":true,"href":"https:\/\/agora.xtec.cat\/iesroquetes\/wp-json\/wp\/v2\/comments?post=13660"}],"version-history":[{"count":3,"href":"https:\/\/agora.xtec.cat\/iesroquetes\/wp-json\/wp\/v2\/pages\/13660\/revisions"}],"predecessor-version":[{"id":17544,"href":"https:\/\/agora.xtec.cat\/iesroquetes\/wp-json\/wp\/v2\/pages\/13660\/revisions\/17544"}],"wp:attachment":[{"href":"https:\/\/agora.xtec.cat\/iesroquetes\/wp-json\/wp\/v2\/media?parent=13660"}],"curies":[{"name":"wp","href":"https:\/\/api.w.org\/{rel}","templated":true}]}}