{"id":9720,"date":"2025-03-02T12:10:16","date_gmt":"2025-03-02T11:10:16","guid":{"rendered":"https:\/\/agora.xtec.cat\/iesridaura\/?page_id=9720"},"modified":"2025-08-02T20:08:30","modified_gmt":"2025-08-02T18:08:30","slug":"erasmus-24-27","status":"publish","type":"page","link":"https:\/\/agora.xtec.cat\/iesridaura\/erasmus-24-27\/","title":{"rendered":"Erasmus+ 2024-2027"},"content":{"rendered":"\n<p><strong>La-Roche-sur-Yon (France)<\/strong><\/p>\n\n\n\n<figure class=\"wp-block-embed is-type-wp-embed is-provider-institut-ridaura wp-block-embed-institut-ridaura\"><div class=\"wp-block-embed__wrapper\">\n<blockquote class=\"wp-embedded-content\" data-secret=\"DBjhkZPsOF\"><a href=\"https:\/\/agora.xtec.cat\/iesridaura\/general\/resolucio-intercanvi-erasmus\/\">Resoluci\u00f3 Intercanvi Erasmus+<\/a><\/blockquote><iframe loading=\"lazy\" class=\"wp-embedded-content\" sandbox=\"allow-scripts\" security=\"restricted\" style=\"position: absolute; visibility: hidden;\" title=\"&#8220;Resoluci\u00f3 Intercanvi Erasmus+&#8221; &#8212; Institut  Ridaura\" src=\"https:\/\/agora.xtec.cat\/iesridaura\/general\/resolucio-intercanvi-erasmus\/embed\/#?secret=1QUvi6q1ML#?secret=DBjhkZPsOF\" data-secret=\"DBjhkZPsOF\" width=\"500\" height=\"282\" frameborder=\"0\" marginwidth=\"0\" marginheight=\"0\" scrolling=\"no\"><\/iframe>\n<\/div><\/figure>\n\n\n\n<figure class=\"wp-block-embed is-type-wp-embed is-provider-institut-ridaura wp-block-embed-institut-ridaura\"><div class=\"wp-block-embed__wrapper\">\n<blockquote class=\"wp-embedded-content\" data-secret=\"GkQgtKZzgW\"><a href=\"https:\/\/agora.xtec.cat\/iesridaura\/general\/concurs-de-2-noves-places-de-mobilitat-erasmus\/\">Concurs de 2 noves places de mobilitat Erasmus+<\/a><\/blockquote><iframe loading=\"lazy\" class=\"wp-embedded-content\" sandbox=\"allow-scripts\" security=\"restricted\" style=\"position: absolute; visibility: hidden;\" title=\"&#8220;Concurs de 2 noves places de mobilitat Erasmus+&#8221; &#8212; Institut  Ridaura\" src=\"https:\/\/agora.xtec.cat\/iesridaura\/general\/concurs-de-2-noves-places-de-mobilitat-erasmus\/embed\/#?secret=RkFY8VOevX#?secret=GkQgtKZzgW\" data-secret=\"GkQgtKZzgW\" width=\"500\" height=\"282\" frameborder=\"0\" marginwidth=\"0\" marginheight=\"0\" scrolling=\"no\"><\/iframe>\n<\/div><\/figure>\n\n\n\n<figure class=\"wp-block-embed is-type-wp-embed is-provider-institut-ridaura wp-block-embed-institut-ridaura\"><div class=\"wp-block-embed__wrapper\">\n<blockquote class=\"wp-embedded-content\" data-secret=\"E12AaC6MEf\"><a href=\"https:\/\/agora.xtec.cat\/iesridaura\/general\/intercanvi-erasmus-bat1\/\">Intercanvi Erasmus a 1r BAT<\/a><\/blockquote><iframe loading=\"lazy\" class=\"wp-embedded-content\" sandbox=\"allow-scripts\" security=\"restricted\" style=\"position: absolute; visibility: hidden;\" title=\"&#8220;Intercanvi Erasmus a 1r BAT&#8221; &#8212; Institut  Ridaura\" src=\"https:\/\/agora.xtec.cat\/iesridaura\/general\/intercanvi-erasmus-bat1\/embed\/#?secret=MiETwnCtQo#?secret=E12AaC6MEf\" data-secret=\"E12AaC6MEf\" width=\"500\" height=\"282\" frameborder=\"0\" marginwidth=\"0\" marginheight=\"0\" scrolling=\"no\"><\/iframe>\n<\/div><\/figure>\n\n\n\n<figure class=\"wp-block-embed is-type-wp-embed is-provider-institut-ridaura wp-block-embed-institut-ridaura\"><div class=\"wp-block-embed__wrapper\">\n<blockquote class=\"wp-embedded-content\" data-secret=\"ftyVyGI4W3\"><a href=\"https:\/\/agora.xtec.cat\/iesridaura\/general\/resolucio-erasmus-24-25\/\">Resoluci\u00f3 Intercanvi Erasmus+<\/a><\/blockquote><iframe loading=\"lazy\" class=\"wp-embedded-content\" sandbox=\"allow-scripts\" security=\"restricted\" style=\"position: absolute; visibility: hidden;\" title=\"&#8220;Resoluci\u00f3 Intercanvi Erasmus+&#8221; &#8212; Institut  Ridaura\" src=\"https:\/\/agora.xtec.cat\/iesridaura\/general\/resolucio-erasmus-24-25\/embed\/#?secret=pZ4Qn8NJAV#?secret=ftyVyGI4W3\" data-secret=\"ftyVyGI4W3\" width=\"500\" height=\"282\" frameborder=\"0\" marginwidth=\"0\" marginheight=\"0\" scrolling=\"no\"><\/iframe>\n<\/div><\/figure>\n\n\n\n<figure class=\"wp-block-embed is-type-wp-embed is-provider-institut-ridaura wp-block-embed-institut-ridaura\"><div class=\"wp-block-embed__wrapper\">\n<blockquote class=\"wp-embedded-content\" data-secret=\"z1xbWU0sYw\"><a href=\"https:\/\/agora.xtec.cat\/iesridaura\/general\/intercanvi-erasmus-franca-24-25\/\">Oferta d&#8217;intercanvi escolar Erasmus+ a Fran\u00e7a<\/a><\/blockquote><iframe loading=\"lazy\" class=\"wp-embedded-content\" sandbox=\"allow-scripts\" security=\"restricted\" style=\"position: absolute; visibility: hidden;\" title=\"&#8220;Oferta d&#8217;intercanvi escolar Erasmus+ a Fran\u00e7a&#8221; &#8212; Institut  Ridaura\" src=\"https:\/\/agora.xtec.cat\/iesridaura\/general\/intercanvi-erasmus-franca-24-25\/embed\/#?secret=uf4rTocfiw#?secret=z1xbWU0sYw\" data-secret=\"z1xbWU0sYw\" width=\"500\" height=\"282\" frameborder=\"0\" marginwidth=\"0\" marginheight=\"0\" scrolling=\"no\"><\/iframe>\n<\/div><\/figure>\n\n\n\n<p><\/p>\n\n\n\n<p><strong>\u00c1gueda (Portugal)<\/strong><\/p>\n\n\n\n<figure class=\"wp-block-embed is-type-wp-embed is-provider-institut-ridaura wp-block-embed-institut-ridaura\"><div class=\"wp-block-embed__wrapper\">\n<blockquote class=\"wp-embedded-content\" data-secret=\"YUrbNJf6LJ\"><a href=\"https:\/\/agora.xtec.cat\/iesridaura\/general\/transferencia-erasmus-agueda-portugal\/\">Transfer\u00e8ncia Erasmus+ : \u00c1gueda (Portugal)<\/a><\/blockquote><iframe loading=\"lazy\" class=\"wp-embedded-content\" sandbox=\"allow-scripts\" security=\"restricted\" style=\"position: absolute; visibility: hidden;\" title=\"&#8220;Transfer\u00e8ncia Erasmus+ : \u00c1gueda (Portugal)&#8221; &#8212; Institut  Ridaura\" src=\"https:\/\/agora.xtec.cat\/iesridaura\/general\/transferencia-erasmus-agueda-portugal\/embed\/#?secret=mSYZMKuw4n#?secret=YUrbNJf6LJ\" data-secret=\"YUrbNJf6LJ\" width=\"500\" height=\"282\" frameborder=\"0\" marginwidth=\"0\" marginheight=\"0\" scrolling=\"no\"><\/iframe>\n<\/div><\/figure>\n\n\n\n<figure class=\"wp-block-embed is-type-wp-embed is-provider-institut-ridaura wp-block-embed-institut-ridaura\"><div class=\"wp-block-embed__wrapper\">\n<blockquote class=\"wp-embedded-content\" data-secret=\"FcTqy6wy0G\"><a href=\"https:\/\/agora.xtec.cat\/iesridaura\/general\/resolucio-alumnes-seleccionats-per-a-la-beca-erasmus-de-2n-deso-a-aguedaportugal\/\">Resoluci\u00f3 de la beca ERASMUS+ de 2n d&#8217;ESO a \u00c1gueda (Portugal)<\/a><\/blockquote><iframe loading=\"lazy\" class=\"wp-embedded-content\" sandbox=\"allow-scripts\" security=\"restricted\" style=\"position: absolute; visibility: hidden;\" title=\"&#8220;Resoluci\u00f3 de la beca ERASMUS+ de 2n d&#8217;ESO a \u00c1gueda (Portugal)&#8221; &#8212; Institut  Ridaura\" src=\"https:\/\/agora.xtec.cat\/iesridaura\/general\/resolucio-alumnes-seleccionats-per-a-la-beca-erasmus-de-2n-deso-a-aguedaportugal\/embed\/#?secret=PXuKtiU3XF#?secret=FcTqy6wy0G\" data-secret=\"FcTqy6wy0G\" width=\"500\" height=\"282\" frameborder=\"0\" marginwidth=\"0\" marginheight=\"0\" scrolling=\"no\"><\/iframe>\n<\/div><\/figure>\n\n\n\n<figure class=\"wp-block-embed is-type-wp-embed is-provider-institut-ridaura wp-block-embed-institut-ridaura\"><div class=\"wp-block-embed__wrapper\">\n<blockquote class=\"wp-embedded-content\" data-secret=\"PCurpUKnk9\"><a href=\"https:\/\/agora.xtec.cat\/iesridaura\/general\/ofertem-10-beques-erasmus-per-a-alumnes-de-2n-eso\/\">OFERTEM 10 BEQUES ERASMUS+ PER A ALUMNES DE 2n ESO<\/a><\/blockquote><iframe loading=\"lazy\" class=\"wp-embedded-content\" sandbox=\"allow-scripts\" security=\"restricted\" style=\"position: absolute; visibility: hidden;\" title=\"&#8220;OFERTEM 10 BEQUES ERASMUS+ PER A ALUMNES DE 2n ESO&#8221; &#8212; Institut  Ridaura\" src=\"https:\/\/agora.xtec.cat\/iesridaura\/general\/ofertem-10-beques-erasmus-per-a-alumnes-de-2n-eso\/embed\/#?secret=9VrnqJxpqm#?secret=PCurpUKnk9\" data-secret=\"PCurpUKnk9\" width=\"500\" height=\"282\" frameborder=\"0\" marginwidth=\"0\" marginheight=\"0\" scrolling=\"no\"><\/iframe>\n<\/div><\/figure>\n\n\n\n<p><\/p>\n\n\n\n<p><strong>Milano (Italia)<\/strong><\/p>\n\n\n\n<figure class=\"wp-block-embed is-type-wp-embed is-provider-institut-ridaura wp-block-embed-institut-ridaura\"><div class=\"wp-block-embed__wrapper\">\n<blockquote class=\"wp-embedded-content\" data-secret=\"2oVGtVQ06a\"><a href=\"https:\/\/agora.xtec.cat\/iesridaura\/general\/10521\/\">Transfer\u00e8ncia Erasmus+ : Mil\u00e0 (It\u00e0lia)<\/a><\/blockquote><iframe loading=\"lazy\" class=\"wp-embedded-content\" sandbox=\"allow-scripts\" security=\"restricted\" style=\"position: absolute; visibility: hidden;\" title=\"&#8220;Transfer\u00e8ncia Erasmus+ : Mil\u00e0 (It\u00e0lia)&#8221; &#8212; Institut  Ridaura\" src=\"https:\/\/agora.xtec.cat\/iesridaura\/general\/10521\/embed\/#?secret=WzwstdMCiN#?secret=2oVGtVQ06a\" data-secret=\"2oVGtVQ06a\" width=\"500\" height=\"282\" frameborder=\"0\" marginwidth=\"0\" marginheight=\"0\" scrolling=\"no\"><\/iframe>\n<\/div><\/figure>\n\n\n\n<figure class=\"wp-block-embed is-type-wp-embed is-provider-institut-ridaura wp-block-embed-institut-ridaura\"><div class=\"wp-block-embed__wrapper\">\n<blockquote class=\"wp-embedded-content\" data-secret=\"HbgUMkK6YS\"><a href=\"https:\/\/agora.xtec.cat\/iesridaura\/general\/resolucio-beques-erasmus-mila\/\">Resoluci\u00f3 de les 5 beques Erasmus+ a Mil\u00e0 (It\u00e0lia)<\/a><\/blockquote><iframe loading=\"lazy\" class=\"wp-embedded-content\" sandbox=\"allow-scripts\" security=\"restricted\" style=\"position: absolute; visibility: hidden;\" title=\"&#8220;Resoluci\u00f3 de les 5 beques Erasmus+ a Mil\u00e0 (It\u00e0lia)&#8221; &#8212; Institut  Ridaura\" src=\"https:\/\/agora.xtec.cat\/iesridaura\/general\/resolucio-beques-erasmus-mila\/embed\/#?secret=nT6fXlF1Ez#?secret=HbgUMkK6YS\" data-secret=\"HbgUMkK6YS\" width=\"500\" height=\"282\" frameborder=\"0\" marginwidth=\"0\" marginheight=\"0\" scrolling=\"no\"><\/iframe>\n<\/div><\/figure>\n\n\n\n<figure class=\"wp-block-embed is-type-wp-embed is-provider-institut-ridaura wp-block-embed-institut-ridaura\"><div class=\"wp-block-embed__wrapper\">\n<blockquote class=\"wp-embedded-content\" data-secret=\"icdz6kKvQl\"><a href=\"https:\/\/agora.xtec.cat\/iesridaura\/general\/5beques-erasmus-2025\/\">Convocat\u00f2ria de 5 beques Erasmus+ per a alumnes<\/a><\/blockquote><iframe loading=\"lazy\" class=\"wp-embedded-content\" sandbox=\"allow-scripts\" security=\"restricted\" style=\"position: absolute; visibility: hidden;\" title=\"&#8220;Convocat\u00f2ria de 5 beques Erasmus+ per a alumnes&#8221; &#8212; Institut  Ridaura\" src=\"https:\/\/agora.xtec.cat\/iesridaura\/general\/5beques-erasmus-2025\/embed\/#?secret=6xVrxSMnYw#?secret=icdz6kKvQl\" data-secret=\"icdz6kKvQl\" width=\"500\" height=\"282\" frameborder=\"0\" marginwidth=\"0\" marginheight=\"0\" scrolling=\"no\"><\/iframe>\n<\/div><\/figure>\n\n\n\n<p><\/p>\n\n\n\n<p><strong>Civitanova (Italia)<\/strong><\/p>\n\n\n\n<figure class=\"wp-block-embed is-type-wp-embed is-provider-institut-ridaura wp-block-embed-institut-ridaura\"><div class=\"wp-block-embed__wrapper\">\n<blockquote class=\"wp-embedded-content\" data-secret=\"9uorJKuxxo\"><a href=\"https:\/\/agora.xtec.cat\/iesridaura\/general\/erasmus-esabac-batxibac\/\">Erasmus a It\u00e0lia : EsaBac-BatxiBac<\/a><\/blockquote><iframe loading=\"lazy\" class=\"wp-embedded-content\" sandbox=\"allow-scripts\" security=\"restricted\" style=\"position: absolute; visibility: hidden;\" title=\"&#8220;Erasmus a It\u00e0lia : EsaBac-BatxiBac&#8221; &#8212; Institut  Ridaura\" src=\"https:\/\/agora.xtec.cat\/iesridaura\/general\/erasmus-esabac-batxibac\/embed\/#?secret=GhEQZfsaGD#?secret=9uorJKuxxo\" data-secret=\"9uorJKuxxo\" width=\"500\" height=\"282\" frameborder=\"0\" marginwidth=\"0\" marginheight=\"0\" scrolling=\"no\"><\/iframe>\n<\/div><\/figure>\n\n\n\n<figure class=\"wp-block-embed is-type-wp-embed is-provider-institut-ridaura wp-block-embed-institut-ridaura\"><div class=\"wp-block-embed__wrapper\">\n<blockquote class=\"wp-embedded-content\" data-secret=\"2ihVmnRxQR\"><a href=\"https:\/\/agora.xtec.cat\/iesridaura\/general\/noves-beques-de-mobilitat-internacional-erasmus\/\">Noves beques de mobilitat internacional Erasmus+<\/a><\/blockquote><iframe loading=\"lazy\" class=\"wp-embedded-content\" sandbox=\"allow-scripts\" security=\"restricted\" style=\"position: absolute; visibility: hidden;\" title=\"&#8220;Noves beques de mobilitat internacional Erasmus+&#8221; &#8212; Institut  Ridaura\" src=\"https:\/\/agora.xtec.cat\/iesridaura\/general\/noves-beques-de-mobilitat-internacional-erasmus\/embed\/#?secret=PgKw2L08Od#?secret=2ihVmnRxQR\" data-secret=\"2ihVmnRxQR\" width=\"500\" height=\"282\" frameborder=\"0\" marginwidth=\"0\" marginheight=\"0\" scrolling=\"no\"><\/iframe>\n<\/div><\/figure>\n\n\n\n<figure class=\"wp-block-embed is-type-wp-embed is-provider-institut-ridaura wp-block-embed-institut-ridaura\"><div class=\"wp-block-embed__wrapper\">\n<blockquote class=\"wp-embedded-content\" data-secret=\"1tKdW9luqp\"><a href=\"https:\/\/agora.xtec.cat\/iesridaura\/general\/intercanvi-esabac-batxibac-erasmus\/\">Intercanvi Esabac-Batxibac, Erasmus+<\/a><\/blockquote><iframe loading=\"lazy\" class=\"wp-embedded-content\" sandbox=\"allow-scripts\" security=\"restricted\" style=\"position: absolute; visibility: hidden;\" title=\"&#8220;Intercanvi Esabac-Batxibac, Erasmus+&#8221; &#8212; Institut  Ridaura\" src=\"https:\/\/agora.xtec.cat\/iesridaura\/general\/intercanvi-esabac-batxibac-erasmus\/embed\/#?secret=TD583LyBC7#?secret=1tKdW9luqp\" data-secret=\"1tKdW9luqp\" width=\"500\" height=\"282\" frameborder=\"0\" marginwidth=\"0\" marginheight=\"0\" scrolling=\"no\"><\/iframe>\n<\/div><\/figure>\n\n\n\n<p><\/p>\n\n\n\n<figure class=\"wp-block-image size-large is-resized\"><a href=\"https:\/\/agora.xtec.cat\/iesridaura\/wp-content\/uploads\/usu1163\/2025\/03\/es_cofinanciado_por_la_union_europea_pos.png\"><img loading=\"lazy\" decoding=\"async\" width=\"1024\" height=\"215\" src=\"https:\/\/agora.xtec.cat\/iesridaura\/wp-content\/uploads\/usu1163\/2025\/03\/es_cofinanciado_por_la_union_europea_pos-1024x215.png\" alt=\"\" class=\"wp-image-9767\" style=\"width:361px;height:auto\" srcset=\"https:\/\/agora.xtec.cat\/iesridaura\/wp-content\/uploads\/usu1163\/2025\/03\/es_cofinanciado_por_la_union_europea_pos-1024x215.png 1024w, https:\/\/agora.xtec.cat\/iesridaura\/wp-content\/uploads\/usu1163\/2025\/03\/es_cofinanciado_por_la_union_europea_pos-300x63.png 300w, https:\/\/agora.xtec.cat\/iesridaura\/wp-content\/uploads\/usu1163\/2025\/03\/es_cofinanciado_por_la_union_europea_pos-768x161.png 768w, https:\/\/agora.xtec.cat\/iesridaura\/wp-content\/uploads\/usu1163\/2025\/03\/es_cofinanciado_por_la_union_europea_pos-1536x322.png 1536w, https:\/\/agora.xtec.cat\/iesridaura\/wp-content\/uploads\/usu1163\/2025\/03\/es_cofinanciado_por_la_union_europea_pos-2048x429.png 2048w\" sizes=\"auto, (max-width: 1024px) 100vw, 1024px\" \/><\/a><\/figure>\n","protected":false},"excerpt":{"rendered":"<p>La-Roche-sur-Yon (France) \u00c1gueda (Portugal) Milano (Italia) Civitanova (Italia)<\/p>\n","protected":false},"author":1,"featured_media":0,"parent":0,"menu_order":0,"comment_status":"closed","ping_status":"closed","template":"","meta":{"_bbp_topic_count":0,"_bbp_reply_count":0,"_bbp_total_topic_count":0,"_bbp_total_reply_count":0,"_bbp_voice_count":0,"_bbp_anonymous_reply_count":0,"_bbp_topic_count_hidden":0,"_bbp_reply_count_hidden":0,"_bbp_forum_subforum_count":0,"site-sidebar-layout":"default","site-content-layout":"","ast-site-content-layout":"default","site-content-style":"default","site-sidebar-style":"default","ast-global-header-display":"","ast-banner-title-visibility":"","ast-main-header-display":"","ast-hfb-above-header-display":"","ast-hfb-below-header-display":"","ast-hfb-mobile-header-display":"","site-post-title":"","ast-breadcrumbs-content":"","ast-featured-img":"","footer-sml-layout":"","theme-transparent-header-meta":"","adv-header-id-meta":"","stick-header-meta":"","header-above-stick-meta":"","header-main-stick-meta":"","header-below-stick-meta":"","astra-migrate-meta-layouts":"set","ast-page-background-enabled":"default","ast-page-background-meta":{"desktop":{"background-color":"var(--ast-global-color-4)","background-image":"","background-repeat":"repeat","background-position":"center center","background-size":"auto","background-attachment":"scroll","background-type":"","background-media":"","overlay-type":"","overlay-color":"","overlay-opacity":"","overlay-gradient":""},"tablet":{"background-color":"","background-image":"","background-repeat":"repeat","background-position":"center center","background-size":"auto","background-attachment":"scroll","background-type":"","background-media":"","overlay-type":"","overlay-color":"","overlay-opacity":"","overlay-gradient":""},"mobile":{"background-color":"","background-image":"","background-repeat":"repeat","background-position":"center center","background-size":"auto","background-attachment":"scroll","background-type":"","background-media":"","overlay-type":"","overlay-color":"","overlay-opacity":"","overlay-gradient":""}},"ast-content-background-meta":{"desktop":{"background-color":"var(--ast-global-color-5)","background-image":"","background-repeat":"repeat","background-position":"center center","background-size":"auto","background-attachment":"scroll","background-type":"","background-media":"","overlay-type":"","overlay-color":"","overlay-opacity":"","overlay-gradient":""},"tablet":{"background-color":"var(--ast-global-color-5)","background-image":"","background-repeat":"repeat","background-position":"center center","background-size":"auto","background-attachment":"scroll","background-type":"","background-media":"","overlay-type":"","overlay-color":"","overlay-opacity":"","overlay-gradient":""},"mobile":{"background-color":"var(--ast-global-color-5)","background-image":"","background-repeat":"repeat","background-position":"center center","background-size":"auto","background-attachment":"scroll","background-type":"","background-media":"","overlay-type":"","overlay-color":"","overlay-opacity":"","overlay-gradient":""}},"footnotes":""},"class_list":["post-9720","page","type-page","status-publish","hentry"],"post_mailing_queue_ids":[],"_links":{"self":[{"href":"https:\/\/agora.xtec.cat\/iesridaura\/wp-json\/wp\/v2\/pages\/9720","targetHints":{"allow":["GET"]}}],"collection":[{"href":"https:\/\/agora.xtec.cat\/iesridaura\/wp-json\/wp\/v2\/pages"}],"about":[{"href":"https:\/\/agora.xtec.cat\/iesridaura\/wp-json\/wp\/v2\/types\/page"}],"author":[{"embeddable":true,"href":"https:\/\/agora.xtec.cat\/iesridaura\/wp-json\/wp\/v2\/users\/1"}],"replies":[{"embeddable":true,"href":"https:\/\/agora.xtec.cat\/iesridaura\/wp-json\/wp\/v2\/comments?post=9720"}],"version-history":[{"count":6,"href":"https:\/\/agora.xtec.cat\/iesridaura\/wp-json\/wp\/v2\/pages\/9720\/revisions"}],"predecessor-version":[{"id":10744,"href":"https:\/\/agora.xtec.cat\/iesridaura\/wp-json\/wp\/v2\/pages\/9720\/revisions\/10744"}],"wp:attachment":[{"href":"https:\/\/agora.xtec.cat\/iesridaura\/wp-json\/wp\/v2\/media?parent=9720"}],"curies":[{"name":"wp","href":"https:\/\/api.w.org\/{rel}","templated":true}]}}