{"id":7264,"date":"2023-10-26T21:36:41","date_gmt":"2023-10-26T19:36:41","guid":{"rendered":"https:\/\/agora.xtec.cat\/iesridaura\/?page_id=7264"},"modified":"2025-09-24T09:30:23","modified_gmt":"2025-09-24T07:30:23","slug":"musica","status":"publish","type":"page","link":"https:\/\/agora.xtec.cat\/iesridaura\/musica\/","title":{"rendered":"M\u00fasica"},"content":{"rendered":"\n<p>La m\u00fasica \u00e9s molt important i ens acompanya al llarg de la vida. A trav\u00e9s d\u2019ella gaudim i sentim emocions.<\/p>\n\n\n\n<p>A l\u2019Institut Ridaura la mat\u00e8ria de m\u00fasica s\u2019imparteix a 1r i a 3r d\u2019ESO en dues sessions setmanals, de 55 minuts cadascuna, a cada grup. El centre disposa d&#8217;una aula de m\u00fasica espec\u00edfica on hi ha projector, pissarra pautada, piano, instruments de percussi\u00f3 i 31 ukeleles.<\/p>\n\n\n\n<p><span style=\"color: #087eb6;\"><strong>Continguts i activitats<\/strong><\/span><\/p>\n\n\n\n<ul class=\"wp-block-list\">\n<li>Llenguatge musical: notes, ritmes, signes musicals, etc.<\/li>\n\n\n\n<li>Instruments musicals, tant visualment com auditiva.<\/li>\n\n\n\n<li>Formacions musicals: grups de cambra, orquestra simf\u00f2nica, la cobla catalana, etc.<\/li>\n\n\n\n<li>Hist\u00f2ria general de la m\u00fasica.<\/li>\n\n\n\n<li>Biografies de m\u00fasics amb apunts, v\u00eddeos i alguna pel\u00b7l\u00edcula.<\/li>\n\n\n\n<li>Dones que han marcat la hist\u00f2ria de la m\u00fasica i el seu paper en aquell moment.<\/li>\n\n\n\n<li>Connexi\u00f3 de la m\u00fasica amb el m\u00f3n actual : an\u00e0lisi, al llarg del curs, de not\u00edcies de l\u2019\u00e0mbit musical actual que apareixen en premsa i televisi\u00f3.<\/li>\n<\/ul>\n\n\n\n<p>Tot aix\u00f2 ajuda als nostres estudiants a tenir una visi\u00f3 m\u00e9s amplia i cr\u00edtica del m\u00f3n musical i, d\u2019aquesta manera, gaudeixen m\u00e9s de la m\u00fasica, oferint tamb\u00e9 l\u2019oportunitat de tocar diferents instruments.<\/p>\n\n\n\n<figure class=\"wp-block-image aligncenter\"><a href=\"https:\/\/agora.xtec.cat\/iesridaura\/wp-content\/uploads\/usu1163\/2023\/10\/IMG_6095-scaled.jpg\"><img loading=\"lazy\" decoding=\"async\" width=\"1024\" height=\"1024\" src=\"https:\/\/agora.xtec.cat\/iesridaura\/wp-content\/uploads\/usu1163\/2023\/10\/IMG_6095-1024x1024.jpg\" alt=\"\" class=\"wp-image-7275\" srcset=\"https:\/\/agora.xtec.cat\/iesridaura\/wp-content\/uploads\/usu1163\/2023\/10\/IMG_6095-1024x1024.jpg 1024w, https:\/\/agora.xtec.cat\/iesridaura\/wp-content\/uploads\/usu1163\/2023\/10\/IMG_6095-300x300.jpg 300w, https:\/\/agora.xtec.cat\/iesridaura\/wp-content\/uploads\/usu1163\/2023\/10\/IMG_6095-150x150.jpg 150w, https:\/\/agora.xtec.cat\/iesridaura\/wp-content\/uploads\/usu1163\/2023\/10\/IMG_6095-768x768.jpg 768w, https:\/\/agora.xtec.cat\/iesridaura\/wp-content\/uploads\/usu1163\/2023\/10\/IMG_6095-1536x1536.jpg 1536w, https:\/\/agora.xtec.cat\/iesridaura\/wp-content\/uploads\/usu1163\/2023\/10\/IMG_6095-2048x2048.jpg 2048w\" sizes=\"auto, (max-width: 1024px) 100vw, 1024px\" \/><\/a><\/figure>\n\n\n\n<figure class=\"wp-block-image aligncenter\"><a href=\"https:\/\/agora.xtec.cat\/iesridaura\/wp-content\/uploads\/usu1163\/2023\/10\/IMG_6093-scaled.jpg\"><img loading=\"lazy\" decoding=\"async\" width=\"1024\" height=\"1024\" src=\"https:\/\/agora.xtec.cat\/iesridaura\/wp-content\/uploads\/usu1163\/2023\/10\/IMG_6093-1024x1024.jpg\" alt=\"\" class=\"wp-image-7276\" srcset=\"https:\/\/agora.xtec.cat\/iesridaura\/wp-content\/uploads\/usu1163\/2023\/10\/IMG_6093-1024x1024.jpg 1024w, https:\/\/agora.xtec.cat\/iesridaura\/wp-content\/uploads\/usu1163\/2023\/10\/IMG_6093-300x300.jpg 300w, https:\/\/agora.xtec.cat\/iesridaura\/wp-content\/uploads\/usu1163\/2023\/10\/IMG_6093-150x150.jpg 150w, https:\/\/agora.xtec.cat\/iesridaura\/wp-content\/uploads\/usu1163\/2023\/10\/IMG_6093-768x768.jpg 768w, https:\/\/agora.xtec.cat\/iesridaura\/wp-content\/uploads\/usu1163\/2023\/10\/IMG_6093-1536x1536.jpg 1536w, https:\/\/agora.xtec.cat\/iesridaura\/wp-content\/uploads\/usu1163\/2023\/10\/IMG_6093-2048x2048.jpg 2048w\" sizes=\"auto, (max-width: 1024px) 100vw, 1024px\" \/><\/a><\/figure>\n\n\n\n<figure class=\"wp-block-image aligncenter\"><a href=\"https:\/\/agora.xtec.cat\/iesridaura\/wp-content\/uploads\/usu1163\/2023\/11\/IMG_6336-scaled.jpg\"><img loading=\"lazy\" decoding=\"async\" width=\"2560\" height=\"2352\" src=\"https:\/\/agora.xtec.cat\/iesridaura\/wp-content\/uploads\/usu1163\/2023\/11\/IMG_6336-scaled.jpg\" alt=\"\" class=\"wp-image-7409\" srcset=\"https:\/\/agora.xtec.cat\/iesridaura\/wp-content\/uploads\/usu1163\/2023\/11\/IMG_6336-scaled.jpg 2560w, https:\/\/agora.xtec.cat\/iesridaura\/wp-content\/uploads\/usu1163\/2023\/11\/IMG_6336-300x276.jpg 300w, https:\/\/agora.xtec.cat\/iesridaura\/wp-content\/uploads\/usu1163\/2023\/11\/IMG_6336-1024x941.jpg 1024w, https:\/\/agora.xtec.cat\/iesridaura\/wp-content\/uploads\/usu1163\/2023\/11\/IMG_6336-768x706.jpg 768w, https:\/\/agora.xtec.cat\/iesridaura\/wp-content\/uploads\/usu1163\/2023\/11\/IMG_6336-1536x1411.jpg 1536w, https:\/\/agora.xtec.cat\/iesridaura\/wp-content\/uploads\/usu1163\/2023\/11\/IMG_6336-2048x1882.jpg 2048w\" sizes=\"auto, (max-width: 2560px) 100vw, 2560px\" \/><\/a><\/figure>\n\n\n\n<p><\/p>\n\n\n\n<p><span style=\"color: #087eb6;\"><strong>Professorat Departament d&#8217;Expressi\u00f3 (M\u00fasica), curs 2025-2026<\/strong><\/span><\/p>\n\n\n\n<figure class=\"wp-block-table has-small-font-size\"><table><tbody><tr><td><span style=\"color: #087eb6;\"><strong>Cap de Departament<\/strong><\/span><\/td><td>Joan Pla<\/td><\/tr><tr><td>Prof. M\u00fasica &#8211; ESO 1 i ESO 3<\/td><td>Monti Galdon<\/td><\/tr><tr><td>Prof. M\u00fasica &#8211; ESO 3<\/td><td>Montserrat Torent<\/td><\/tr><\/tbody><\/table><\/figure>\n","protected":false},"excerpt":{"rendered":"<p>La m\u00fasica \u00e9s molt important i ens acompanya al llarg de la vida. A trav\u00e9s d\u2019ella gaudim i sentim emocions. [&hellip;]<\/p>\n","protected":false},"author":1,"featured_media":0,"parent":0,"menu_order":0,"comment_status":"closed","ping_status":"closed","template":"","meta":{"_bbp_topic_count":0,"_bbp_reply_count":0,"_bbp_total_topic_count":0,"_bbp_total_reply_count":0,"_bbp_voice_count":0,"_bbp_anonymous_reply_count":0,"_bbp_topic_count_hidden":0,"_bbp_reply_count_hidden":0,"_bbp_forum_subforum_count":0,"site-sidebar-layout":"default","site-content-layout":"","ast-site-content-layout":"default","site-content-style":"default","site-sidebar-style":"default","ast-global-header-display":"","ast-banner-title-visibility":"","ast-main-header-display":"","ast-hfb-above-header-display":"","ast-hfb-below-header-display":"","ast-hfb-mobile-header-display":"","site-post-title":"","ast-breadcrumbs-content":"","ast-featured-img":"","footer-sml-layout":"","theme-transparent-header-meta":"","adv-header-id-meta":"","stick-header-meta":"","header-above-stick-meta":"","header-main-stick-meta":"","header-below-stick-meta":"","astra-migrate-meta-layouts":"set","ast-page-background-enabled":"default","ast-page-background-meta":{"desktop":{"background-color":"var(--ast-global-color-4)","background-image":"","background-repeat":"repeat","background-position":"center center","background-size":"auto","background-attachment":"scroll","background-type":"","background-media":"","overlay-type":"","overlay-color":"","overlay-opacity":"","overlay-gradient":""},"tablet":{"background-color":"","background-image":"","background-repeat":"repeat","background-position":"center center","background-size":"auto","background-attachment":"scroll","background-type":"","background-media":"","overlay-type":"","overlay-color":"","overlay-opacity":"","overlay-gradient":""},"mobile":{"background-color":"","background-image":"","background-repeat":"repeat","background-position":"center center","background-size":"auto","background-attachment":"scroll","background-type":"","background-media":"","overlay-type":"","overlay-color":"","overlay-opacity":"","overlay-gradient":""}},"ast-content-background-meta":{"desktop":{"background-color":"var(--ast-global-color-5)","background-image":"","background-repeat":"repeat","background-position":"center center","background-size":"auto","background-attachment":"scroll","background-type":"","background-media":"","overlay-type":"","overlay-color":"","overlay-opacity":"","overlay-gradient":""},"tablet":{"background-color":"var(--ast-global-color-5)","background-image":"","background-repeat":"repeat","background-position":"center center","background-size":"auto","background-attachment":"scroll","background-type":"","background-media":"","overlay-type":"","overlay-color":"","overlay-opacity":"","overlay-gradient":""},"mobile":{"background-color":"var(--ast-global-color-5)","background-image":"","background-repeat":"repeat","background-position":"center center","background-size":"auto","background-attachment":"scroll","background-type":"","background-media":"","overlay-type":"","overlay-color":"","overlay-opacity":"","overlay-gradient":""}},"footnotes":""},"class_list":["post-7264","page","type-page","status-publish","hentry"],"post_mailing_queue_ids":[],"_links":{"self":[{"href":"https:\/\/agora.xtec.cat\/iesridaura\/wp-json\/wp\/v2\/pages\/7264","targetHints":{"allow":["GET"]}}],"collection":[{"href":"https:\/\/agora.xtec.cat\/iesridaura\/wp-json\/wp\/v2\/pages"}],"about":[{"href":"https:\/\/agora.xtec.cat\/iesridaura\/wp-json\/wp\/v2\/types\/page"}],"author":[{"embeddable":true,"href":"https:\/\/agora.xtec.cat\/iesridaura\/wp-json\/wp\/v2\/users\/1"}],"replies":[{"embeddable":true,"href":"https:\/\/agora.xtec.cat\/iesridaura\/wp-json\/wp\/v2\/comments?post=7264"}],"version-history":[{"count":6,"href":"https:\/\/agora.xtec.cat\/iesridaura\/wp-json\/wp\/v2\/pages\/7264\/revisions"}],"predecessor-version":[{"id":10929,"href":"https:\/\/agora.xtec.cat\/iesridaura\/wp-json\/wp\/v2\/pages\/7264\/revisions\/10929"}],"wp:attachment":[{"href":"https:\/\/agora.xtec.cat\/iesridaura\/wp-json\/wp\/v2\/media?parent=7264"}],"curies":[{"name":"wp","href":"https:\/\/api.w.org\/{rel}","templated":true}]}}