{"id":7146,"date":"2023-10-08T21:12:00","date_gmt":"2023-10-08T19:12:00","guid":{"rendered":"https:\/\/agora.xtec.cat\/iesridaura\/?page_id=7146"},"modified":"2025-09-16T17:47:31","modified_gmt":"2025-09-16T15:47:31","slug":"catala","status":"publish","type":"page","link":"https:\/\/agora.xtec.cat\/iesridaura\/catala\/","title":{"rendered":"Llengua Catalana i Literatura"},"content":{"rendered":"\n<!--more-->\n\n\n\n<p>La llengua catalana \u00e9s el vehicle d\u2019expressi\u00f3 habitual en el centre, tant de les activitats internes del centre com les de projecci\u00f3 externa. \u00c9s la llengua d\u2019\u00fas normal a les aules i \u00e9s usada amb normalitat per la major part de l\u2019alumnat com a llengua acad\u00e8mica.<\/p>\n\n\n\n<p>A la classe de llengua catalana s\u2019ha d\u2019emprar aquesta llengua a totes les activitats orals i escrites per tal de promoure que l\u2019alumnat adquireixi compet\u00e8ncies en llengua catalana que li permetin ser competents en tots els \u00e0mbits de la vida, tant de forma escrita com oral.<\/p>\n\n\n\n<p>L\u2019institut disposa d\u2019una aula d\u2019acollida que vetlla perqu\u00e8 l\u2019alumnat nouvingut aprengui catal\u00e0.<\/p>\n\n\n\n<p>La distribuci\u00f3 hor\u00e0ria de la mat\u00e8ria de llengua catalana \u00e9s la seg\u00fcent:<\/p>\n\n\n\n<figure class=\"wp-block-table has-small-font-size\"><table><tbody><tr><td>Catal\u00e0 ESO<\/td><td>1r ESO<\/td><td>2n ESO<\/td><td>3r ESO<\/td><td>4t ESO<\/td><\/tr><tr><td>Hores setmanals<\/td><td>3<\/td><td>3<\/td><td>3<\/td><td>3<\/td><\/tr><\/tbody><\/table><\/figure>\n\n\n\n<figure class=\"wp-block-table has-small-font-size\"><table><tbody><tr><td>Catal\u00e0 1r BAT<\/td><td>Llengua i Literatura catalanes <em>(Comuna)<\/em><\/td><td>Literatura Universal <em>(Modalitat)<\/em><\/td><td>Creaci\u00f3 Liter\u00e0ria <em>(Optativa anual)<\/em><\/td><\/tr><tr><td>Hores setmanals<\/td><td>2<\/td><td>3<\/td><td>3<\/td><\/tr><\/tbody><\/table><\/figure>\n\n\n\n<figure class=\"wp-block-table has-small-font-size\"><table><tbody><tr><td>Catal\u00e0 2n BAT<\/td><td>Llengua i Literatura catalanes <em>(Comuna)<\/em><\/td><td>Literatura Catalana <em>(Modalitat)<\/em><\/td><\/tr><tr><td>Hores setmanals<\/td><td>2<\/td><td>4<\/td><\/tr><\/tbody><\/table><\/figure>\n\n\n\n<p><br><span style=\"color: #087eb6;\"><strong>Llibres de lectura obligat\u00f2ria<\/strong><\/span><\/p>\n\n\n\n<figure class=\"wp-block-table has-small-font-size\"><table><tbody><tr><td>ESO 1<\/td><td>Merc\u00e8 Canela, <em>La casa de les ac\u00e0cies<\/em>.<br>Daniel Defoe, <em>Robinson Crusoe<\/em>.<\/td><\/tr><tr><td>ESO 2<\/td><td>Dolors Garc\u00eda, <em>L&#8217;esclau del Mercadal<\/em>.<br>Pol Castellanos, <em>L\u2019assassina de Ven\u00e8cia.<\/em><\/td><\/tr><tr><td>ESO 3<\/td><td>J.L. Witterick, <em>El secret de la mare.<\/em><br>Nadia Ghulam i Agn\u00e8s Rotger, <em>El secret del meu turbant.<\/em><br>Manuel de Pedrolo, <em>Mecanoscrit del segon origen.<\/em><\/td><\/tr><tr><td>ESO 4<\/td><td>An\u00f2nim, <em>Les mil i una nits.<\/em><br>Manuel de Pedrolo,&nbsp;<em>Joc brut<\/em>.<br>JB Priestly,&nbsp;<em>La visita d\u2019un inspector.<\/em><\/td><\/tr><tr><td>BAT 1<\/td><td>Joseph B\u00e9dier, <em>Tristany i Isolda<\/em>.<br>Ramon Llull, <em>Llibre de les b\u00e8sties<\/em>.<br>Joanot Martorell, <em>Tirant lo Blanc<\/em>.<\/td><\/tr><tr><td>BAT 2<\/td><td>Pere Calders, <em>Invasi\u00f3 subtil i altres contes<\/em>.<br>Merc\u00e8 Rodoreda, <em>Mirall trencat. <\/em>&nbsp;<\/td><\/tr><\/tbody><\/table><\/figure>\n\n\n\n<p><br><span style=\"color: #087eb6;\"><strong>Activitats i Sortides Pedag\u00f2giques 2025-2026<\/strong><\/span><\/p>\n\n\n\n<p><strong>1r i 2n d\u2019ESO<\/strong><\/p>\n\n\n\n<ul class=\"wp-block-list\">\n<li>Sortida al teatre.<\/li>\n<\/ul>\n\n\n\n<p><strong>3r d&#8217;ESO<\/strong><\/p>\n\n\n\n<ul class=\"wp-block-list\">\n<li><a href=\"https:\/\/www.espaisescrits.cat\/ca\/que-fem\/rutes-literaries\/itinerari-literari-merce-rodoreda-romanya-de-la-selva\">Itinerari literari Merc\u00e8 Rodoreda<\/a> a Romany\u00e0 de la Selva.<\/li>\n\n\n\n<li>Participaci\u00f3 al <a href=\"https:\/\/www.picalletres.net\/ca\/\">Concurs ling\u00fc\u00edstic Pica Lletres<\/a>.<strong> <\/strong><\/li>\n<\/ul>\n\n\n\n<p><strong>4t d\u2019ESO<\/strong><\/p>\n\n\n\n<ul class=\"wp-block-list\">\n<li>Taller al voltant de la figura de Merc\u00e8 Rodoreda.<\/li>\n<\/ul>\n\n\n\n<p>\r\n\t<div class=\"slideshow_container slideshow_container_style-light\" style=\"height: 700px; \" data-slideshow-id=\"7164\" data-style-name=\"style-light\" data-style-version=\"2.3.1\" >\r\n\r\n\t\t\t\t\t<div class=\"slideshow_loading_icon\"><\/div>\r\n\t\t\r\n\t\t<div class=\"slideshow_content\" style=\"display: none;\">\r\n\r\n\t\t\t<div class=\"slideshow_view\">\r\n\t\t\t\t<div class=\"slideshow_slide slideshow_slide_image\">\r\n\t\t\t\t\t\t\t\t\t\t\t<img src=\"https:\/\/agora.xtec.cat\/iesridaura\/wp-content\/uploads\/usu1163\/2022\/03\/WhatsApp-Image-2022-03-08-at-21.54.20.jpeg\" alt=\"WhatsApp Image 2022-03-08 at 21.54.20\" width=\"1512\" height=\"2016\" \/>\r\n\t\t\t\t\t\t\t\t\t\t<div class=\"slideshow_description_box slideshow_transparent\">\r\n\t\t\t\t\t\t<div class=\"slideshow_title\">WhatsApp Image 2022-03-08 at 21.54.20<\/div>\t\t\t\t\t\t\t\t\t\t\t<\/div>\r\n\t\t\t\t<\/div>\r\n\r\n\t\t\t\t\t\t<div style=\"clear: both;\"><\/div><\/div><div class=\"slideshow_view\">\r\n\t\t\t\t<div class=\"slideshow_slide slideshow_slide_image\">\r\n\t\t\t\t\t\t\t\t\t\t\t<img src=\"https:\/\/agora.xtec.cat\/iesridaura\/wp-content\/uploads\/usu1163\/2022\/03\/WhatsApp-Image-2022-03-08-at-21.54.20-1.jpeg\" alt=\"WhatsApp Image 2022-03-08 at 21.54.20 (1)\" width=\"1512\" height=\"2016\" \/>\r\n\t\t\t\t\t\t\t\t\t\t<div class=\"slideshow_description_box slideshow_transparent\">\r\n\t\t\t\t\t\t<div class=\"slideshow_title\">WhatsApp Image 2022-03-08 at 21.54.20 (1)<\/div>\t\t\t\t\t\t\t\t\t\t\t<\/div>\r\n\t\t\t\t<\/div>\r\n\r\n\t\t\t\t\t\t<div style=\"clear: both;\"><\/div><\/div><div class=\"slideshow_view\">\r\n\t\t\t\t<div class=\"slideshow_slide slideshow_slide_image\">\r\n\t\t\t\t\t\t\t\t\t\t\t<img src=\"https:\/\/agora.xtec.cat\/iesridaura\/wp-content\/uploads\/usu1163\/2023\/07\/Imatge-de-WhatsApp-2023-07-04-a-les-16.54.021.jpg\" alt=\"Imatge de WhatsApp 2023-07-04 a les 16.54.02(1)\" width=\"1600\" height=\"1100\" \/>\r\n\t\t\t\t\t\t\t\t\t\t<div class=\"slideshow_description_box slideshow_transparent\">\r\n\t\t\t\t\t\t<div class=\"slideshow_title\">Imatge de WhatsApp 2023-07-04 a les 16.54.02(1)<\/div>\t\t\t\t\t\t\t\t\t\t\t<\/div>\r\n\t\t\t\t<\/div>\r\n\r\n\t\t\t\t\t\t<div style=\"clear: both;\"><\/div><\/div><div class=\"slideshow_view\">\r\n\t\t\t\t<div class=\"slideshow_slide slideshow_slide_image\">\r\n\t\t\t\t\t\t\t\t\t\t\t<img src=\"https:\/\/agora.xtec.cat\/iesridaura\/wp-content\/uploads\/usu1163\/2023\/04\/WhatsApp-Image-2023-04-12-at-17.06.01.jpeg\" alt=\"WhatsApp Image 2023-04-12 at 17.06.01\" width=\"2016\" height=\"954\" \/>\r\n\t\t\t\t\t\t\t\t\t\t<div class=\"slideshow_description_box slideshow_transparent\">\r\n\t\t\t\t\t\t<div class=\"slideshow_title\">WhatsApp Image 2023-04-12 at 17.06.01<\/div>\t\t\t\t\t\t\t\t\t\t\t<\/div>\r\n\t\t\t\t<\/div>\r\n\r\n\t\t\t\t\t\t<div style=\"clear: both;\"><\/div><\/div><div class=\"slideshow_view\">\r\n\t\t\t\t<div class=\"slideshow_slide slideshow_slide_image\">\r\n\t\t\t\t\t\t\t\t\t\t\t<img src=\"https:\/\/agora.xtec.cat\/iesridaura\/wp-content\/uploads\/usu1163\/2023\/04\/WhatsApp-Image-2023-04-12-at-17.06.01-1.jpeg\" alt=\"WhatsApp Image 2023-04-12 at 17.06.01 (1)\" width=\"2016\" height=\"954\" \/>\r\n\t\t\t\t\t\t\t\t\t\t<div class=\"slideshow_description_box slideshow_transparent\">\r\n\t\t\t\t\t\t<div class=\"slideshow_title\">WhatsApp Image 2023-04-12 at 17.06.01 (1)<\/div>\t\t\t\t\t\t\t\t\t\t\t<\/div>\r\n\t\t\t\t<\/div>\r\n\r\n\t\t\t\t\t\t<div style=\"clear: both;\"><\/div><\/div>\r\n\t\t<\/div>\r\n\r\n\t\t<div class=\"slideshow_controlPanel slideshow_transparent\" style=\"display: none;\"><ul><li class=\"slideshow_togglePlay\" data-play-text=\"Visualitza\" data-pause-text=\"Pausa\"><\/li><\/ul><\/div>\r\n\r\n\t\t<div class=\"slideshow_button slideshow_previous slideshow_transparent\" role=\"button\" data-previous-text=\"Anterior\" style=\"display: none;\"><\/div>\r\n\t\t<div class=\"slideshow_button slideshow_next slideshow_transparent\" role=\"button\" data-next-text=\"Seg\u00fcent\" style=\"display: none;\"><\/div>\r\n\r\n\t\t<div class=\"slideshow_pagination\" style=\"display: none;\" data-go-to-text=\"V\u00e9s a la diapositiva\"><div class=\"slideshow_pagination_center\"><\/div><\/div>\r\n\r\n\t\t<!-- WordPress Slideshow Version 2.3.1 -->\r\n\r\n\t\t\t<\/div>\r\n\r\n<br>PicaLletres (Edicions 21-22 i 22-23)<\/p>\n\n\n\n<p>\r\n\t<div class=\"slideshow_container slideshow_container_style-light\" style=\"height: 700px; \" data-slideshow-id=\"1573\" data-style-name=\"style-light\" data-style-version=\"2.3.1\" >\r\n\r\n\t\t\t\t\t<div class=\"slideshow_loading_icon\"><\/div>\r\n\t\t\r\n\t\t<div class=\"slideshow_content\" style=\"display: none;\">\r\n\r\n\t\t\t<div class=\"slideshow_view\">\r\n\t\t\t\t<div class=\"slideshow_slide slideshow_slide_image\">\r\n\t\t\t\t\t\t\t\t\t\t\t<img src=\"https:\/\/agora.xtec.cat\/iesridaura\/wp-content\/uploads\/usu1163\/2018\/05\/IMG-20180519-WA0009.jpg\" alt=\"IMG-20180519-WA0009\" width=\"1600\" height=\"1200\" \/>\r\n\t\t\t\t\t\t\t\t\t\t<div class=\"slideshow_description_box slideshow_transparent\">\r\n\t\t\t\t\t\t<div class=\"slideshow_title\">IMG-20180519-WA0009<\/div>\t\t\t\t\t\t\t\t\t\t\t<\/div>\r\n\t\t\t\t<\/div>\r\n\r\n\t\t\t\t\t\t<div style=\"clear: both;\"><\/div><\/div><div class=\"slideshow_view\">\r\n\t\t\t\t<div class=\"slideshow_slide slideshow_slide_image\">\r\n\t\t\t\t\t\t\t\t\t\t\t<img src=\"https:\/\/agora.xtec.cat\/iesridaura\/wp-content\/uploads\/usu1163\/2018\/05\/IMG-20180519-WA0008.jpg\" alt=\"IMG-20180519-WA0008\" width=\"1600\" height=\"1200\" \/>\r\n\t\t\t\t\t\t\t\t\t\t<div class=\"slideshow_description_box slideshow_transparent\">\r\n\t\t\t\t\t\t<div class=\"slideshow_title\">IMG-20180519-WA0008<\/div>\t\t\t\t\t\t\t\t\t\t\t<\/div>\r\n\t\t\t\t<\/div>\r\n\r\n\t\t\t\t\t\t<div style=\"clear: both;\"><\/div><\/div><div class=\"slideshow_view\">\r\n\t\t\t\t<div class=\"slideshow_slide slideshow_slide_image\">\r\n\t\t\t\t\t\t\t\t\t\t\t<img src=\"https:\/\/agora.xtec.cat\/iesridaura\/wp-content\/uploads\/usu1163\/2018\/05\/IMG-20180519-WA0010.jpg\" alt=\"IMG-20180519-WA0010\" width=\"1600\" height=\"1200\" \/>\r\n\t\t\t\t\t\t\t\t\t\t<div class=\"slideshow_description_box slideshow_transparent\">\r\n\t\t\t\t\t\t<div class=\"slideshow_title\">IMG-20180519-WA0010<\/div>\t\t\t\t\t\t\t\t\t\t\t<\/div>\r\n\t\t\t\t<\/div>\r\n\r\n\t\t\t\t\t\t<div style=\"clear: both;\"><\/div><\/div><div class=\"slideshow_view\">\r\n\t\t\t\t<div class=\"slideshow_slide slideshow_slide_image\">\r\n\t\t\t\t\t\t\t\t\t\t\t<img src=\"https:\/\/agora.xtec.cat\/iesridaura\/wp-content\/uploads\/usu1163\/2018\/05\/IMG-20180519-WA0011.jpg\" alt=\"IMG-20180519-WA0011\" width=\"1600\" height=\"1200\" \/>\r\n\t\t\t\t\t\t\t\t\t\t<div class=\"slideshow_description_box slideshow_transparent\">\r\n\t\t\t\t\t\t<div class=\"slideshow_title\">IMG-20180519-WA0011<\/div>\t\t\t\t\t\t\t\t\t\t\t<\/div>\r\n\t\t\t\t<\/div>\r\n\r\n\t\t\t\t\t\t<div style=\"clear: both;\"><\/div><\/div><div class=\"slideshow_view\">\r\n\t\t\t\t<div class=\"slideshow_slide slideshow_slide_image\">\r\n\t\t\t\t\t\t\t\t\t\t\t<img src=\"https:\/\/agora.xtec.cat\/iesridaura\/wp-content\/uploads\/usu1163\/2018\/05\/IMG-20180519-WA0012.jpg\" alt=\"IMG-20180519-WA0012\" width=\"1600\" height=\"1200\" \/>\r\n\t\t\t\t\t\t\t\t\t\t<div class=\"slideshow_description_box slideshow_transparent\">\r\n\t\t\t\t\t\t<div class=\"slideshow_title\">IMG-20180519-WA0012<\/div>\t\t\t\t\t\t\t\t\t\t\t<\/div>\r\n\t\t\t\t<\/div>\r\n\r\n\t\t\t\t\t\t<div style=\"clear: both;\"><\/div><\/div><div class=\"slideshow_view\">\r\n\t\t\t\t<div class=\"slideshow_slide slideshow_slide_image\">\r\n\t\t\t\t\t\t\t\t\t\t\t<img src=\"https:\/\/agora.xtec.cat\/iesridaura\/wp-content\/uploads\/usu1163\/2018\/05\/IMG-20180519-WA0013.jpg\" alt=\"IMG-20180519-WA0013\" width=\"1600\" height=\"1200\" \/>\r\n\t\t\t\t\t\t\t\t\t\t<div class=\"slideshow_description_box slideshow_transparent\">\r\n\t\t\t\t\t\t<div class=\"slideshow_title\">IMG-20180519-WA0013<\/div>\t\t\t\t\t\t\t\t\t\t\t<\/div>\r\n\t\t\t\t<\/div>\r\n\r\n\t\t\t\t\t\t<div style=\"clear: both;\"><\/div><\/div><div class=\"slideshow_view\">\r\n\t\t\t\t<div class=\"slideshow_slide slideshow_slide_image\">\r\n\t\t\t\t\t\t\t\t\t\t\t<img src=\"https:\/\/agora.xtec.cat\/iesridaura\/wp-content\/uploads\/usu1163\/2018\/05\/IMG-20180519-WA0014.jpg\" alt=\"IMG-20180519-WA0014\" width=\"1600\" height=\"1200\" \/>\r\n\t\t\t\t\t\t\t\t\t\t<div class=\"slideshow_description_box slideshow_transparent\">\r\n\t\t\t\t\t\t<div class=\"slideshow_title\">IMG-20180519-WA0014<\/div>\t\t\t\t\t\t\t\t\t\t\t<\/div>\r\n\t\t\t\t<\/div>\r\n\r\n\t\t\t\t\t\t<div style=\"clear: both;\"><\/div><\/div><div class=\"slideshow_view\">\r\n\t\t\t\t<div class=\"slideshow_slide slideshow_slide_image\">\r\n\t\t\t\t\t\t\t\t\t\t\t<img src=\"https:\/\/agora.xtec.cat\/iesridaura\/wp-content\/uploads\/usu1163\/2018\/05\/IMG-20180519-WA0018.jpg\" alt=\"IMG-20180519-WA0018\" width=\"1600\" height=\"1200\" \/>\r\n\t\t\t\t\t\t\t\t\t\t<div class=\"slideshow_description_box slideshow_transparent\">\r\n\t\t\t\t\t\t<div class=\"slideshow_title\">IMG-20180519-WA0018<\/div>\t\t\t\t\t\t\t\t\t\t\t<\/div>\r\n\t\t\t\t<\/div>\r\n\r\n\t\t\t\t\t\t<div style=\"clear: both;\"><\/div><\/div>\r\n\t\t<\/div>\r\n\r\n\t\t<div class=\"slideshow_controlPanel slideshow_transparent\" style=\"display: none;\"><ul><li class=\"slideshow_togglePlay\" data-play-text=\"Visualitza\" data-pause-text=\"Pausa\"><\/li><\/ul><\/div>\r\n\r\n\t\t<div class=\"slideshow_button slideshow_previous slideshow_transparent\" role=\"button\" data-previous-text=\"Anterior\" style=\"display: none;\"><\/div>\r\n\t\t<div class=\"slideshow_button slideshow_next slideshow_transparent\" role=\"button\" data-next-text=\"Seg\u00fcent\" style=\"display: none;\"><\/div>\r\n\r\n\t\t<div class=\"slideshow_pagination\" style=\"display: none;\" data-go-to-text=\"V\u00e9s a la diapositiva\"><div class=\"slideshow_pagination_center\"><\/div><\/div>\r\n\r\n\t\t<!-- WordPress Slideshow Version 2.3.1 -->\r\n\r\n\t\t\t<\/div>\r\n\r\n<br>PicaLletres (Edici\u00f3 17-18)<\/p>\n\n\n\n<p><br><span style=\"color: #087eb6;\"><strong>Professorat Departament de Catal\u00e0 i Cl\u00e0ssiques, curs 2025-2026<\/strong><\/span><\/p>\n\n\n\n<figure class=\"wp-block-table has-small-font-size\"><table><tbody><tr><td><span style=\"color: #087eb6;\"><strong>Cap de Departament<\/strong><\/span><br>Prof. Catal\u00e0 &#8211; ESO 3 i BAT 1 <em>(Mat\u00e8ria comuna)<\/em><\/td><td>Merc\u00e8 Roca<\/td><\/tr><tr><td><span style=\"color: #087eb6;\"><strong>Coordinadora Pedag\u00f2gica<\/strong><\/span><br>Prof. Literatura Catalana &#8211; BAT 2<br>Prof. Aula d&#8217;Acollida<\/td><td>Carme Sousa<\/td><\/tr><tr><td><span style=\"color: #087eb6;\"><strong>Coordinadora Batxillerat<\/strong><\/span><br>Prof. Catal\u00e0 &#8211; ESO 4 i BAT 2 <em>(Mat\u00e8ria comuna)<\/em><\/td><td>Anna Xargay<\/td><\/tr><tr><td><span style=\"color: #087eb6;\"><strong>Coordinadora ESO 2<\/strong><\/span><br>Prof. Catal\u00e0 &#8211; ESO 2<\/td><td>Emma Punt\u00ed<\/td><\/tr><tr><td><span style=\"color: #087eb6;\"><strong>Coordinador Ling\u00fc\u00edstic<\/strong><\/span><br>Prof. Catal\u00e0 &#8211; ESO 1<br>Prof. Arts Esc\u00e8niques i Dansa &#8211; ESO 4<\/td><td>Carles Tortosa<\/td><\/tr><tr><td>Prof. Llat\u00ed &#8211; BAT 1 i BAT 2<br>Prof. Grec &#8211; BAT 1 i BAT 2<\/td><td>S\u00edlvia Carb\u00f3<\/td><\/tr><tr><td>Prof. Catal\u00e0 &#8211; ESO 1 i ESO 4<\/td><td>Elena Duran<\/td><\/tr><tr><td>Prof. Catal\u00e0 &#8211; ESO 2 i ESO 3<\/td><td>Robert Mundet<\/td><\/tr><\/tbody><\/table><\/figure>\n","protected":false},"excerpt":{"rendered":"","protected":false},"author":1,"featured_media":0,"parent":0,"menu_order":0,"comment_status":"closed","ping_status":"closed","template":"","meta":{"_bbp_topic_count":0,"_bbp_reply_count":0,"_bbp_total_topic_count":0,"_bbp_total_reply_count":0,"_bbp_voice_count":0,"_bbp_anonymous_reply_count":0,"_bbp_topic_count_hidden":0,"_bbp_reply_count_hidden":0,"_bbp_forum_subforum_count":0,"site-sidebar-layout":"default","site-content-layout":"","ast-site-content-layout":"default","site-content-style":"default","site-sidebar-style":"default","ast-global-header-display":"","ast-banner-title-visibility":"","ast-main-header-display":"","ast-hfb-above-header-display":"","ast-hfb-below-header-display":"","ast-hfb-mobile-header-display":"","site-post-title":"","ast-breadcrumbs-content":"","ast-featured-img":"","footer-sml-layout":"","theme-transparent-header-meta":"","adv-header-id-meta":"","stick-header-meta":"","header-above-stick-meta":"","header-main-stick-meta":"","header-below-stick-meta":"","astra-migrate-meta-layouts":"set","ast-page-background-enabled":"default","ast-page-background-meta":{"desktop":{"background-color":"var(--ast-global-color-4)","background-image":"","background-repeat":"repeat","background-position":"center center","background-size":"auto","background-attachment":"scroll","background-type":"","background-media":"","overlay-type":"","overlay-color":"","overlay-opacity":"","overlay-gradient":""},"tablet":{"background-color":"","background-image":"","background-repeat":"repeat","background-position":"center center","background-size":"auto","background-attachment":"scroll","background-type":"","background-media":"","overlay-type":"","overlay-color":"","overlay-opacity":"","overlay-gradient":""},"mobile":{"background-color":"","background-image":"","background-repeat":"repeat","background-position":"center center","background-size":"auto","background-attachment":"scroll","background-type":"","background-media":"","overlay-type":"","overlay-color":"","overlay-opacity":"","overlay-gradient":""}},"ast-content-background-meta":{"desktop":{"background-color":"var(--ast-global-color-5)","background-image":"","background-repeat":"repeat","background-position":"center center","background-size":"auto","background-attachment":"scroll","background-type":"","background-media":"","overlay-type":"","overlay-color":"","overlay-opacity":"","overlay-gradient":""},"tablet":{"background-color":"var(--ast-global-color-5)","background-image":"","background-repeat":"repeat","background-position":"center center","background-size":"auto","background-attachment":"scroll","background-type":"","background-media":"","overlay-type":"","overlay-color":"","overlay-opacity":"","overlay-gradient":""},"mobile":{"background-color":"var(--ast-global-color-5)","background-image":"","background-repeat":"repeat","background-position":"center center","background-size":"auto","background-attachment":"scroll","background-type":"","background-media":"","overlay-type":"","overlay-color":"","overlay-opacity":"","overlay-gradient":""}},"footnotes":""},"class_list":["post-7146","page","type-page","status-publish","hentry"],"post_mailing_queue_ids":[],"_links":{"self":[{"href":"https:\/\/agora.xtec.cat\/iesridaura\/wp-json\/wp\/v2\/pages\/7146","targetHints":{"allow":["GET"]}}],"collection":[{"href":"https:\/\/agora.xtec.cat\/iesridaura\/wp-json\/wp\/v2\/pages"}],"about":[{"href":"https:\/\/agora.xtec.cat\/iesridaura\/wp-json\/wp\/v2\/types\/page"}],"author":[{"embeddable":true,"href":"https:\/\/agora.xtec.cat\/iesridaura\/wp-json\/wp\/v2\/users\/1"}],"replies":[{"embeddable":true,"href":"https:\/\/agora.xtec.cat\/iesridaura\/wp-json\/wp\/v2\/comments?post=7146"}],"version-history":[{"count":6,"href":"https:\/\/agora.xtec.cat\/iesridaura\/wp-json\/wp\/v2\/pages\/7146\/revisions"}],"predecessor-version":[{"id":10911,"href":"https:\/\/agora.xtec.cat\/iesridaura\/wp-json\/wp\/v2\/pages\/7146\/revisions\/10911"}],"wp:attachment":[{"href":"https:\/\/agora.xtec.cat\/iesridaura\/wp-json\/wp\/v2\/media?parent=7146"}],"curies":[{"name":"wp","href":"https:\/\/api.w.org\/{rel}","templated":true}]}}