{"id":6049,"date":"2022-09-02T16:34:16","date_gmt":"2022-09-02T14:34:16","guid":{"rendered":"https:\/\/agora.xtec.cat\/iesridaura\/?page_id=6049"},"modified":"2025-12-19T20:11:27","modified_gmt":"2025-12-19T19:11:27","slug":"aee","status":"publish","type":"page","link":"https:\/\/agora.xtec.cat\/iesridaura\/aee\/","title":{"rendered":"Associaci\u00f3 Esportiva Escolar"},"content":{"rendered":"\n<!--more-->\n\n\n\n<p><br>L&#8217;<strong>Associaci\u00f3 Esportiva Escolar IES Ridaura<\/strong> de Castell d\u2019Aro, es va constituir l\u2019any 2011 per tal de promocionar l\u2019esport entre els alumnes del centre. Amb el temps hem anat creixent i actualment, estem en contacte amb molts clubs de la zona per tal de treballar-hi conjuntament. La filosofia de treball que perseguim \u00e9s apropar el centre a les entitats esportives de la zona d\u2019influ\u00e8ncia i aquest objectiu s&#8217;ha assolit subscrivint amb aquestes acords i convenis de col\u00b7laboraci\u00f3.<\/p>\n\n\n\n<figure class=\"wp-block-image aligncenter size-large is-resized\"><a href=\"https:\/\/agora.xtec.cat\/iesridaura\/wp-content\/uploads\/usu1163\/2025\/09\/AEE.jpg\"><img loading=\"lazy\" decoding=\"async\" width=\"1007\" height=\"1024\" src=\"https:\/\/agora.xtec.cat\/iesridaura\/wp-content\/uploads\/usu1163\/2025\/09\/AEE-1007x1024.jpg\" alt=\"\" class=\"wp-image-10809\" style=\"width:354px;height:auto\" srcset=\"https:\/\/agora.xtec.cat\/iesridaura\/wp-content\/uploads\/usu1163\/2025\/09\/AEE-1007x1024.jpg 1007w, https:\/\/agora.xtec.cat\/iesridaura\/wp-content\/uploads\/usu1163\/2025\/09\/AEE-295x300.jpg 295w, https:\/\/agora.xtec.cat\/iesridaura\/wp-content\/uploads\/usu1163\/2025\/09\/AEE-768x781.jpg 768w, https:\/\/agora.xtec.cat\/iesridaura\/wp-content\/uploads\/usu1163\/2025\/09\/AEE.jpg 1412w\" sizes=\"auto, (max-width: 1007px) 100vw, 1007px\" \/><\/a><\/figure>\n\n\n\n<p><strong>PROPOSTES EXTRAESCOLARS CURS 2025-2026<\/strong><\/p>\n\n\n\n<p>A continuaci\u00f3 podreu trobar les activitats que proposem enguany, com a activitats extraescolars. Nosaltres, des de l&#8217;institut, n&#8217;anirem fent promoci\u00f3 a les tutories, classes d&#8217;Educaci\u00f3 F\u00edsica i hores del pati. Si voleu provar alguna de les activitats caldr\u00e0 que truqueu al tel\u00e8fon de contacte de l&#8217;activitat i ells us informaran si s&#8217;ha pogut conformar el grup o no, com heu de fer el pagament, etc&#8230; cal recordar que es necessita un m\u00ednim d&#8217;alumnes per a que es faci l&#8217;activitat. Esperem que sigui del vostre grat!<\/p>\n\n\n\n<p>Per a qualsevol aclariment, informaci\u00f3 complement\u00e0ria, o b\u00e9 si voleu proposar alguna altra activitat si assegureu un nombre m\u00ednim d&#8217;alumnes, contacteu amb el professor Joan Pla, <a href=\"mailto:joanpla@insridaura.cat\"><span class=\"\">joanpla@insridau<\/span>ra.cat<\/a>.<\/p>\n\n\n\n<figure class=\"wp-block-image size-large\"><a href=\"https:\/\/agora.xtec.cat\/iesridaura\/wp-content\/uploads\/usu1163\/2025\/12\/1-2.jpeg\"><img loading=\"lazy\" decoding=\"async\" width=\"819\" height=\"1024\" src=\"https:\/\/agora.xtec.cat\/iesridaura\/wp-content\/uploads\/usu1163\/2025\/12\/1-2-819x1024.jpeg\" alt=\"\" class=\"wp-image-11359\" srcset=\"https:\/\/agora.xtec.cat\/iesridaura\/wp-content\/uploads\/usu1163\/2025\/12\/1-2-819x1024.jpeg 819w, https:\/\/agora.xtec.cat\/iesridaura\/wp-content\/uploads\/usu1163\/2025\/12\/1-2-240x300.jpeg 240w, https:\/\/agora.xtec.cat\/iesridaura\/wp-content\/uploads\/usu1163\/2025\/12\/1-2-768x960.jpeg 768w, https:\/\/agora.xtec.cat\/iesridaura\/wp-content\/uploads\/usu1163\/2025\/12\/1-2.jpeg 1080w\" sizes=\"auto, (max-width: 819px) 100vw, 819px\" \/><\/a><\/figure>\n\n\n\n<figure class=\"wp-block-image aligncenter size-large\"><a href=\"https:\/\/agora.xtec.cat\/iesridaura\/wp-content\/uploads\/usu1163\/2025\/09\/Jazz-25-26.jpg\"><img loading=\"lazy\" decoding=\"async\" width=\"1024\" height=\"726\" src=\"https:\/\/agora.xtec.cat\/iesridaura\/wp-content\/uploads\/usu1163\/2025\/09\/Jazz-25-26-1024x726.jpg\" alt=\"\" class=\"wp-image-10831\" srcset=\"https:\/\/agora.xtec.cat\/iesridaura\/wp-content\/uploads\/usu1163\/2025\/09\/Jazz-25-26-1024x726.jpg 1024w, https:\/\/agora.xtec.cat\/iesridaura\/wp-content\/uploads\/usu1163\/2025\/09\/Jazz-25-26-300x213.jpg 300w, https:\/\/agora.xtec.cat\/iesridaura\/wp-content\/uploads\/usu1163\/2025\/09\/Jazz-25-26-768x545.jpg 768w, https:\/\/agora.xtec.cat\/iesridaura\/wp-content\/uploads\/usu1163\/2025\/09\/Jazz-25-26-1536x1090.jpg 1536w, https:\/\/agora.xtec.cat\/iesridaura\/wp-content\/uploads\/usu1163\/2025\/09\/Jazz-25-26.jpg 1600w\" sizes=\"auto, (max-width: 1024px) 100vw, 1024px\" \/><\/a><\/figure>\n\n\n\n<figure class=\"wp-block-image aligncenter size-large\"><a href=\"https:\/\/agora.xtec.cat\/iesridaura\/wp-content\/uploads\/usu1163\/2025\/09\/FLAG-25-26.png\"><img loading=\"lazy\" decoding=\"async\" width=\"724\" height=\"1024\" src=\"https:\/\/agora.xtec.cat\/iesridaura\/wp-content\/uploads\/usu1163\/2025\/09\/FLAG-25-26-724x1024.png\" alt=\"\" class=\"wp-image-10813\" srcset=\"https:\/\/agora.xtec.cat\/iesridaura\/wp-content\/uploads\/usu1163\/2025\/09\/FLAG-25-26-724x1024.png 724w, https:\/\/agora.xtec.cat\/iesridaura\/wp-content\/uploads\/usu1163\/2025\/09\/FLAG-25-26-212x300.png 212w, https:\/\/agora.xtec.cat\/iesridaura\/wp-content\/uploads\/usu1163\/2025\/09\/FLAG-25-26-768x1087.png 768w, https:\/\/agora.xtec.cat\/iesridaura\/wp-content\/uploads\/usu1163\/2025\/09\/FLAG-25-26.png 954w\" sizes=\"auto, (max-width: 724px) 100vw, 724px\" \/><\/a><\/figure>\n\n\n\n<figure class=\"wp-block-image aligncenter size-large\"><a href=\"https:\/\/agora.xtec.cat\/iesridaura\/wp-content\/uploads\/usu1163\/2025\/09\/DUCS-Football-25-26.png\"><img loading=\"lazy\" decoding=\"async\" width=\"725\" height=\"1024\" src=\"https:\/\/agora.xtec.cat\/iesridaura\/wp-content\/uploads\/usu1163\/2025\/09\/DUCS-Football-25-26-725x1024.png\" alt=\"\" class=\"wp-image-10814\" srcset=\"https:\/\/agora.xtec.cat\/iesridaura\/wp-content\/uploads\/usu1163\/2025\/09\/DUCS-Football-25-26-725x1024.png 725w, https:\/\/agora.xtec.cat\/iesridaura\/wp-content\/uploads\/usu1163\/2025\/09\/DUCS-Football-25-26-212x300.png 212w, https:\/\/agora.xtec.cat\/iesridaura\/wp-content\/uploads\/usu1163\/2025\/09\/DUCS-Football-25-26-768x1085.png 768w, https:\/\/agora.xtec.cat\/iesridaura\/wp-content\/uploads\/usu1163\/2025\/09\/DUCS-Football-25-26.png 956w\" sizes=\"auto, (max-width: 725px) 100vw, 725px\" \/><\/a><\/figure>\n\n\n\n<figure class=\"wp-block-image aligncenter size-large\"><a href=\"https:\/\/agora.xtec.cat\/iesridaura\/wp-content\/uploads\/usu1163\/2025\/09\/Volei-25-26.png\"><img loading=\"lazy\" decoding=\"async\" width=\"912\" height=\"1024\" src=\"https:\/\/agora.xtec.cat\/iesridaura\/wp-content\/uploads\/usu1163\/2025\/09\/Volei-25-26-912x1024.png\" alt=\"\" class=\"wp-image-10823\" srcset=\"https:\/\/agora.xtec.cat\/iesridaura\/wp-content\/uploads\/usu1163\/2025\/09\/Volei-25-26-912x1024.png 912w, https:\/\/agora.xtec.cat\/iesridaura\/wp-content\/uploads\/usu1163\/2025\/09\/Volei-25-26-267x300.png 267w, https:\/\/agora.xtec.cat\/iesridaura\/wp-content\/uploads\/usu1163\/2025\/09\/Volei-25-26-768x862.png 768w, https:\/\/agora.xtec.cat\/iesridaura\/wp-content\/uploads\/usu1163\/2025\/09\/Volei-25-26.png 1206w\" sizes=\"auto, (max-width: 912px) 100vw, 912px\" \/><\/a><\/figure>\n\n\n\n<figure class=\"wp-block-image aligncenter size-large\"><a href=\"https:\/\/agora.xtec.cat\/iesridaura\/wp-content\/uploads\/usu1163\/2025\/09\/Korfball-25-26.png\"><img loading=\"lazy\" decoding=\"async\" width=\"571\" height=\"1024\" src=\"https:\/\/agora.xtec.cat\/iesridaura\/wp-content\/uploads\/usu1163\/2025\/09\/Korfball-25-26-571x1024.png\" alt=\"\" class=\"wp-image-10847\" srcset=\"https:\/\/agora.xtec.cat\/iesridaura\/wp-content\/uploads\/usu1163\/2025\/09\/Korfball-25-26-571x1024.png 571w, https:\/\/agora.xtec.cat\/iesridaura\/wp-content\/uploads\/usu1163\/2025\/09\/Korfball-25-26-167x300.png 167w, https:\/\/agora.xtec.cat\/iesridaura\/wp-content\/uploads\/usu1163\/2025\/09\/Korfball-25-26.png 628w\" sizes=\"auto, (max-width: 571px) 100vw, 571px\" \/><\/a><\/figure>\n\n\n\n<p><\/p>\n\n\n\n<p>Esperem que aquestes propostes siguin del vostre inter\u00e8s !<\/p>\n\n\n\n<p><strong>Associaci\u00f3 Esportiva Escolar INS Ridaura<\/strong><\/p>\n","protected":false},"excerpt":{"rendered":"","protected":false},"author":1,"featured_media":0,"parent":0,"menu_order":0,"comment_status":"closed","ping_status":"closed","template":"","meta":{"_bbp_topic_count":0,"_bbp_reply_count":0,"_bbp_total_topic_count":0,"_bbp_total_reply_count":0,"_bbp_voice_count":0,"_bbp_anonymous_reply_count":0,"_bbp_topic_count_hidden":0,"_bbp_reply_count_hidden":0,"_bbp_forum_subforum_count":0,"site-sidebar-layout":"default","site-content-layout":"","ast-site-content-layout":"default","site-content-style":"default","site-sidebar-style":"default","ast-global-header-display":"","ast-banner-title-visibility":"","ast-main-header-display":"","ast-hfb-above-header-display":"","ast-hfb-below-header-display":"","ast-hfb-mobile-header-display":"","site-post-title":"","ast-breadcrumbs-content":"","ast-featured-img":"","footer-sml-layout":"","theme-transparent-header-meta":"","adv-header-id-meta":"","stick-header-meta":"","header-above-stick-meta":"","header-main-stick-meta":"","header-below-stick-meta":"","astra-migrate-meta-layouts":"set","ast-page-background-enabled":"default","ast-page-background-meta":{"desktop":{"background-color":"var(--ast-global-color-4)","background-image":"","background-repeat":"repeat","background-position":"center center","background-size":"auto","background-attachment":"scroll","background-type":"","background-media":"","overlay-type":"","overlay-color":"","overlay-opacity":"","overlay-gradient":""},"tablet":{"background-color":"","background-image":"","background-repeat":"repeat","background-position":"center center","background-size":"auto","background-attachment":"scroll","background-type":"","background-media":"","overlay-type":"","overlay-color":"","overlay-opacity":"","overlay-gradient":""},"mobile":{"background-color":"","background-image":"","background-repeat":"repeat","background-position":"center center","background-size":"auto","background-attachment":"scroll","background-type":"","background-media":"","overlay-type":"","overlay-color":"","overlay-opacity":"","overlay-gradient":""}},"ast-content-background-meta":{"desktop":{"background-color":"var(--ast-global-color-5)","background-image":"","background-repeat":"repeat","background-position":"center center","background-size":"auto","background-attachment":"scroll","background-type":"","background-media":"","overlay-type":"","overlay-color":"","overlay-opacity":"","overlay-gradient":""},"tablet":{"background-color":"var(--ast-global-color-5)","background-image":"","background-repeat":"repeat","background-position":"center center","background-size":"auto","background-attachment":"scroll","background-type":"","background-media":"","overlay-type":"","overlay-color":"","overlay-opacity":"","overlay-gradient":""},"mobile":{"background-color":"var(--ast-global-color-5)","background-image":"","background-repeat":"repeat","background-position":"center center","background-size":"auto","background-attachment":"scroll","background-type":"","background-media":"","overlay-type":"","overlay-color":"","overlay-opacity":"","overlay-gradient":""}},"footnotes":""},"class_list":["post-6049","page","type-page","status-publish","hentry"],"post_mailing_queue_ids":[],"_links":{"self":[{"href":"https:\/\/agora.xtec.cat\/iesridaura\/wp-json\/wp\/v2\/pages\/6049","targetHints":{"allow":["GET"]}}],"collection":[{"href":"https:\/\/agora.xtec.cat\/iesridaura\/wp-json\/wp\/v2\/pages"}],"about":[{"href":"https:\/\/agora.xtec.cat\/iesridaura\/wp-json\/wp\/v2\/types\/page"}],"author":[{"embeddable":true,"href":"https:\/\/agora.xtec.cat\/iesridaura\/wp-json\/wp\/v2\/users\/1"}],"replies":[{"embeddable":true,"href":"https:\/\/agora.xtec.cat\/iesridaura\/wp-json\/wp\/v2\/comments?post=6049"}],"version-history":[{"count":6,"href":"https:\/\/agora.xtec.cat\/iesridaura\/wp-json\/wp\/v2\/pages\/6049\/revisions"}],"predecessor-version":[{"id":11360,"href":"https:\/\/agora.xtec.cat\/iesridaura\/wp-json\/wp\/v2\/pages\/6049\/revisions\/11360"}],"wp:attachment":[{"href":"https:\/\/agora.xtec.cat\/iesridaura\/wp-json\/wp\/v2\/media?parent=6049"}],"curies":[{"name":"wp","href":"https:\/\/api.w.org\/{rel}","templated":true}]}}