{"id":5790,"date":"2022-05-11T23:38:11","date_gmt":"2022-05-11T21:38:11","guid":{"rendered":"https:\/\/agora.xtec.cat\/iesridaura\/?page_id=5790"},"modified":"2022-05-12T00:23:30","modified_gmt":"2022-05-11T22:23:30","slug":"formacio-i-orientacio-personal-i-professional","status":"publish","type":"page","link":"https:\/\/agora.xtec.cat\/iesridaura\/formacio-i-orientacio-personal-i-professional\/","title":{"rendered":"Formaci\u00f3 i Orientaci\u00f3 Personal i Professional"},"content":{"rendered":"<p><span style=\"color: #087eb6;\"><strong>Descripci\u00f3 i Objectius<\/strong><\/span><\/p>\n<p>La formaci\u00f3 i orientaci\u00f3 personal i professional \u00e9s una mat\u00e8ria transversal que facilita als seus alumnes l\u2019adquisici\u00f3 i millora de les compet\u00e8ncies necess\u00e0ries per desenvolupar-se professionalment en un entorn laboral:<\/p>\n<ul>\n<li>Saber treballar en equip.<\/li>\n<li>Promoure l\u2019esperit emprenedor i la iniciativa.<\/li>\n<li>Saber afrontar els processos de selecci\u00f3.<\/li>\n<li>Con\u00e8ixer aspectes com el funcionament de n\u00f2mines, salaris, seguretat social, atur, jornades de treball, regulacions laborals, permisos, vacances.<\/li>\n<li>Seguretat i riscos laborals.<\/li>\n<\/ul>\n<p>Es tracta d\u2019una assignatura molt encarada a la formaci\u00f3 professional i la seva finalitat \u00e9s con\u00e8ixer la realitat de l\u2019entorn laboral i social i les caracter\u00edstiques dels sectors espec\u00edfics de diferents empreses, en mat\u00e8ria de legislaci\u00f3 laboral, seguretat i salut. Els seus objectius s\u00f3n:<\/p>\n<ul>\n<li>Adquirir les compet\u00e8ncies i habilitats necess\u00e0ries per al mercat laboral.<\/li>\n<li>Saber orientar-se professionalment a l\u2019hora de cercar feina.<\/li>\n<li>Estar informats sobre els drets i deures que tenen els treballadors.<\/li>\n<li>Tenir coneixement sobre les empreses i les seves diferents estructures.<\/li>\n<li>Tenir coneixement de la documentaci\u00f3 necess\u00e0ria que ha de con\u00e8ixer un treballador (n\u00f2mines, curr\u00edculum, impostos i retencions).<\/li>\n<li>Fomentar l\u2019emprenedoria.<\/li>\n<\/ul>\n<p><span style=\"color: #087eb6;\"><strong>Continguts<\/strong><\/span><\/p>\n<ul>\n<li>La iniciativa emprenedora, les qualitats del treballador i els requisits per treballar.<\/li>\n<li>La carrera professional i la recerca de feina. L\u2019activitat econ\u00f2mica, la teva carrera professional, la recerca de feina, l\u2019autoocupaci\u00f3.<\/li>\n<li>El treball i les relacions laborals. Drets i deures dels treballadors, contracte de treball, negociaci\u00f3 col\u00b7lectiva.<\/li>\n<li>La seguretat social i els riscos laborals. El sistema de seguretat social, l\u2019acci\u00f3 protectora de la seguretat social, obligacions d\u2019empreses i treballadors, salut laboral i riscos laborals.<\/li>\n<li>Elements d\u2019una empresa. Variables de la iniciativa empresarial, idea de negoci, ajuts i suports a la creaci\u00f3 d\u2019empreses.<\/li>\n<li>La informaci\u00f3 de l\u2019empresa. Informaci\u00f3 comptable, documents relacionats amb la compravenda, correspond\u00e8ncia comercial.<\/li>\n<li>Formes jur\u00eddiques de les empreses. Tipus d\u2019empreses, posada en marxa d\u2019una empresa.<\/li>\n<li>Els impostos i l\u2019empresa.<\/li>\n<\/ul>\n<p><span style=\"color: #087eb6;\"><strong>Metodologia<\/strong><\/span><\/p>\n<p>La metodologia combina explicacions te\u00f2riques amb casos pr\u00e0ctics on poder posar en pr\u00e0ctica les destreses adquirides. Tota l\u2019assignatura est\u00e0 vinculada a la plataforma Classroom on apareix tot el material i els casos pr\u00e0ctics que caldr\u00e0 realitzar segons calendari establert. Al final dels m\u00f2duls te\u00f2rics es proposar\u00e0 un examen tipus test i de casos pr\u00e0ctics.<\/p>\n<p><span style=\"color: #087eb6;\"><strong>Material<\/strong><\/span><\/p>\n<p>Material penjat al Classroom de l&#8217;assignatura.<\/p>\n<p><span style=\"color: #087eb6;\"><strong>Orientaci\u00f3<\/strong><\/span><\/p>\n<p>Dirigit a tot l&#8217;alumnat per\u00f2 en particular als alumnes que volen estudiar cicles formatius de grau mitj\u00e0, economia, administraci\u00f3 d\u2019empreses, psicologia  i busquen una assignatura de caire pr\u00e0ctic, orientada al m\u00f3n laboral.<\/p>\n","protected":false},"excerpt":{"rendered":"<p>Descripci\u00f3 i Objectius La formaci\u00f3 i orientaci\u00f3 personal i professional \u00e9s una mat\u00e8ria transversal que facilita als seus alumnes l\u2019adquisici\u00f3 [&hellip;]<\/p>\n","protected":false},"author":1,"featured_media":0,"parent":0,"menu_order":0,"comment_status":"closed","ping_status":"closed","template":"","meta":{"_bbp_topic_count":0,"_bbp_reply_count":0,"_bbp_total_topic_count":0,"_bbp_total_reply_count":0,"_bbp_voice_count":0,"_bbp_anonymous_reply_count":0,"_bbp_topic_count_hidden":0,"_bbp_reply_count_hidden":0,"_bbp_forum_subforum_count":0,"site-sidebar-layout":"default","site-content-layout":"","ast-site-content-layout":"","site-content-style":"default","site-sidebar-style":"default","ast-global-header-display":"","ast-banner-title-visibility":"","ast-main-header-display":"","ast-hfb-above-header-display":"","ast-hfb-below-header-display":"","ast-hfb-mobile-header-display":"","site-post-title":"","ast-breadcrumbs-content":"","ast-featured-img":"","footer-sml-layout":"","theme-transparent-header-meta":"","adv-header-id-meta":"","stick-header-meta":"","header-above-stick-meta":"","header-main-stick-meta":"","header-below-stick-meta":"","astra-migrate-meta-layouts":"default","ast-page-background-enabled":"default","ast-page-background-meta":{"desktop":{"background-color":"var(--ast-global-color-4)","background-image":"","background-repeat":"repeat","background-position":"center center","background-size":"auto","background-attachment":"scroll","background-type":"","background-media":"","overlay-type":"","overlay-color":"","overlay-opacity":"","overlay-gradient":""},"tablet":{"background-color":"","background-image":"","background-repeat":"repeat","background-position":"center center","background-size":"auto","background-attachment":"scroll","background-type":"","background-media":"","overlay-type":"","overlay-color":"","overlay-opacity":"","overlay-gradient":""},"mobile":{"background-color":"","background-image":"","background-repeat":"repeat","background-position":"center center","background-size":"auto","background-attachment":"scroll","background-type":"","background-media":"","overlay-type":"","overlay-color":"","overlay-opacity":"","overlay-gradient":""}},"ast-content-background-meta":{"desktop":{"background-color":"var(--ast-global-color-5)","background-image":"","background-repeat":"repeat","background-position":"center center","background-size":"auto","background-attachment":"scroll","background-type":"","background-media":"","overlay-type":"","overlay-color":"","overlay-opacity":"","overlay-gradient":""},"tablet":{"background-color":"var(--ast-global-color-5)","background-image":"","background-repeat":"repeat","background-position":"center center","background-size":"auto","background-attachment":"scroll","background-type":"","background-media":"","overlay-type":"","overlay-color":"","overlay-opacity":"","overlay-gradient":""},"mobile":{"background-color":"var(--ast-global-color-5)","background-image":"","background-repeat":"repeat","background-position":"center center","background-size":"auto","background-attachment":"scroll","background-type":"","background-media":"","overlay-type":"","overlay-color":"","overlay-opacity":"","overlay-gradient":""}},"footnotes":""},"class_list":["post-5790","page","type-page","status-publish","hentry"],"post_mailing_queue_ids":[],"_links":{"self":[{"href":"https:\/\/agora.xtec.cat\/iesridaura\/wp-json\/wp\/v2\/pages\/5790","targetHints":{"allow":["GET"]}}],"collection":[{"href":"https:\/\/agora.xtec.cat\/iesridaura\/wp-json\/wp\/v2\/pages"}],"about":[{"href":"https:\/\/agora.xtec.cat\/iesridaura\/wp-json\/wp\/v2\/types\/page"}],"author":[{"embeddable":true,"href":"https:\/\/agora.xtec.cat\/iesridaura\/wp-json\/wp\/v2\/users\/1"}],"replies":[{"embeddable":true,"href":"https:\/\/agora.xtec.cat\/iesridaura\/wp-json\/wp\/v2\/comments?post=5790"}],"version-history":[{"count":3,"href":"https:\/\/agora.xtec.cat\/iesridaura\/wp-json\/wp\/v2\/pages\/5790\/revisions"}],"predecessor-version":[{"id":5807,"href":"https:\/\/agora.xtec.cat\/iesridaura\/wp-json\/wp\/v2\/pages\/5790\/revisions\/5807"}],"wp:attachment":[{"href":"https:\/\/agora.xtec.cat\/iesridaura\/wp-json\/wp\/v2\/media?parent=5790"}],"curies":[{"name":"wp","href":"https:\/\/api.w.org\/{rel}","templated":true}]}}