{"id":5788,"date":"2022-05-11T23:37:36","date_gmt":"2022-05-11T21:37:36","guid":{"rendered":"https:\/\/agora.xtec.cat\/iesridaura\/?page_id=5788"},"modified":"2024-04-20T13:42:55","modified_gmt":"2024-04-20T11:42:55","slug":"cultura-cientifica","status":"publish","type":"page","link":"https:\/\/agora.xtec.cat\/iesridaura\/cultura-cientifica\/","title":{"rendered":"Reptes Cient\u00edfics &#8211; Cultura Cient\u00edfica"},"content":{"rendered":"<p><span style=\"color: #087eb6;\"><strong>Descripci\u00f3 i Objectius<\/strong><\/span><\/p>\n<p>La mat\u00e8ria \u00e9s un recorregut pels coneixements cient\u00edfics adquirits, en gran part, al llarg de l\u2019ESO. Des de l\u2019origen de l&#8217;Univers fins a la recerca de nous materials passant per la detecci\u00f3 de les causes dels problemes mediambientals actuals i les propostes de millora.<br \/>\nL\u2019objectiu \u00e9s establir les bases del coneixement cient\u00edfic que ens permetin entendre el m\u00f3n actual; \u00e9s a dir, aconseguir tenir opinions pr\u00f2pies i fonamentades a fi de poder participar en les principals controv\u00e8rsies i reptes de la societat actual.<\/p>\n<p><span style=\"color: #087eb6;\"><strong>Continguts<\/strong><\/span><\/p>\n<ul>\n<li>El m\u00e8tode cient\u00edfic. An\u00e0lisi de la informaci\u00f3 cient\u00edfica. Import\u00e0ncia de la I+D en la vida quotidiana.<\/li>\n<li>L\u2019Univers. Origen i evoluci\u00f3. Mat\u00e8ria fosca. Forats negres. Els estels i la seva evoluci\u00f3. El sistema solar.<\/li>\n<li>Els problemes mediambientals: causes i conseq\u00fc\u00e8ncies.<\/li>\n<li>La necessitat de noves fonts d\u2019energia. La pila d\u2019hidrogen.<\/li>\n<li>Vida i salut.<\/li>\n<li>Nous materials, aplicacions presents i futures.<\/li>\n<\/ul>\n<p><span style=\"color: #087eb6;\"><strong>Metodologia<\/strong><\/span><\/p>\n<p>Cada tema es treballar\u00e0 amb not\u00edcies recents, documentals, o aspectes de la vida quotidiana.<br \/>\nEs treballar\u00e0 la comprensi\u00f3 de textos cient\u00edfics de manera individual, es far\u00e0 recerca d\u2019informaci\u00f3 i s\u2019elaboraran informes treballant en equip.<\/p>\n<p>L\u2019avaluaci\u00f3 ser\u00e0 competencial, \u00e9s a dir, continuada i formadora. L\u2019important ser\u00e0 aprendre de l\u2019error i treballar cooperativament per aconseguir tenir una visi\u00f3 cr\u00edtica dels principals aspectes cient\u00edfics actuals i dels reptes que ens plantegem com a societat.<\/p>\n<p><span style=\"color: #087eb6;\"><strong>Material<\/strong><\/span><\/p>\n<p>Ordinador personal<\/p>\n<p><span style=\"color: #087eb6;\"><strong>Orientaci\u00f3<\/strong><\/span><\/p>\n<p>Mat\u00e8ria adequada per qualsevol itinerari acad\u00e8mic i\/o professional, en especial per a l\u2019alumnat amb curiositat i inter\u00e8s en l\u2019\u00e0mbit de les ci\u00e8ncies i la tecnologia.<\/p>\n<p>&nbsp;<\/p>\n","protected":false},"excerpt":{"rendered":"<p>Descripci\u00f3 i Objectius La mat\u00e8ria \u00e9s un recorregut pels coneixements cient\u00edfics adquirits, en gran part, al llarg de l\u2019ESO. Des [&hellip;]<\/p>\n","protected":false},"author":1,"featured_media":0,"parent":0,"menu_order":0,"comment_status":"closed","ping_status":"closed","template":"","meta":{"_bbp_topic_count":0,"_bbp_reply_count":0,"_bbp_total_topic_count":0,"_bbp_total_reply_count":0,"_bbp_voice_count":0,"_bbp_anonymous_reply_count":0,"_bbp_topic_count_hidden":0,"_bbp_reply_count_hidden":0,"_bbp_forum_subforum_count":0,"site-sidebar-layout":"default","site-content-layout":"","ast-site-content-layout":"","site-content-style":"default","site-sidebar-style":"default","ast-global-header-display":"","ast-banner-title-visibility":"","ast-main-header-display":"","ast-hfb-above-header-display":"","ast-hfb-below-header-display":"","ast-hfb-mobile-header-display":"","site-post-title":"","ast-breadcrumbs-content":"","ast-featured-img":"","footer-sml-layout":"","theme-transparent-header-meta":"","adv-header-id-meta":"","stick-header-meta":"","header-above-stick-meta":"","header-main-stick-meta":"","header-below-stick-meta":"","astra-migrate-meta-layouts":"default","ast-page-background-enabled":"default","ast-page-background-meta":{"desktop":{"background-color":"var(--ast-global-color-4)","background-image":"","background-repeat":"repeat","background-position":"center center","background-size":"auto","background-attachment":"scroll","background-type":"","background-media":"","overlay-type":"","overlay-color":"","overlay-opacity":"","overlay-gradient":""},"tablet":{"background-color":"","background-image":"","background-repeat":"repeat","background-position":"center center","background-size":"auto","background-attachment":"scroll","background-type":"","background-media":"","overlay-type":"","overlay-color":"","overlay-opacity":"","overlay-gradient":""},"mobile":{"background-color":"","background-image":"","background-repeat":"repeat","background-position":"center center","background-size":"auto","background-attachment":"scroll","background-type":"","background-media":"","overlay-type":"","overlay-color":"","overlay-opacity":"","overlay-gradient":""}},"ast-content-background-meta":{"desktop":{"background-color":"var(--ast-global-color-5)","background-image":"","background-repeat":"repeat","background-position":"center center","background-size":"auto","background-attachment":"scroll","background-type":"","background-media":"","overlay-type":"","overlay-color":"","overlay-opacity":"","overlay-gradient":""},"tablet":{"background-color":"var(--ast-global-color-5)","background-image":"","background-repeat":"repeat","background-position":"center center","background-size":"auto","background-attachment":"scroll","background-type":"","background-media":"","overlay-type":"","overlay-color":"","overlay-opacity":"","overlay-gradient":""},"mobile":{"background-color":"var(--ast-global-color-5)","background-image":"","background-repeat":"repeat","background-position":"center center","background-size":"auto","background-attachment":"scroll","background-type":"","background-media":"","overlay-type":"","overlay-color":"","overlay-opacity":"","overlay-gradient":""}},"footnotes":""},"class_list":["post-5788","page","type-page","status-publish","hentry"],"post_mailing_queue_ids":[],"_links":{"self":[{"href":"https:\/\/agora.xtec.cat\/iesridaura\/wp-json\/wp\/v2\/pages\/5788","targetHints":{"allow":["GET"]}}],"collection":[{"href":"https:\/\/agora.xtec.cat\/iesridaura\/wp-json\/wp\/v2\/pages"}],"about":[{"href":"https:\/\/agora.xtec.cat\/iesridaura\/wp-json\/wp\/v2\/types\/page"}],"author":[{"embeddable":true,"href":"https:\/\/agora.xtec.cat\/iesridaura\/wp-json\/wp\/v2\/users\/1"}],"replies":[{"embeddable":true,"href":"https:\/\/agora.xtec.cat\/iesridaura\/wp-json\/wp\/v2\/comments?post=5788"}],"version-history":[{"count":5,"href":"https:\/\/agora.xtec.cat\/iesridaura\/wp-json\/wp\/v2\/pages\/5788\/revisions"}],"predecessor-version":[{"id":8030,"href":"https:\/\/agora.xtec.cat\/iesridaura\/wp-json\/wp\/v2\/pages\/5788\/revisions\/8030"}],"wp:attachment":[{"href":"https:\/\/agora.xtec.cat\/iesridaura\/wp-json\/wp\/v2\/media?parent=5788"}],"curies":[{"name":"wp","href":"https:\/\/api.w.org\/{rel}","templated":true}]}}