{"id":5430,"date":"2021-12-10T23:08:44","date_gmt":"2021-12-10T22:08:44","guid":{"rendered":"https:\/\/agora.xtec.cat\/iesridaura\/?page_id=5430"},"modified":"2022-06-15T19:38:29","modified_gmt":"2022-06-15T17:38:29","slug":"apadrinem-el-nostre-patrimoni","status":"publish","type":"page","link":"https:\/\/agora.xtec.cat\/iesridaura\/apadrinem-el-nostre-patrimoni\/","title":{"rendered":"Apadrinem el nostre Patrimoni"},"content":{"rendered":"<p>El Programa <em><a href=\"http:\/\/xtec.gencat.cat\/ca\/projectes\/apadrinemnostrepatrimoni\/\">Apadrinem el nostre patrimoni<\/a><\/em> s&#8217;inspira en experi\u00e8ncies pr\u00e8vies que s&#8217;han desenvolupat en el nostre pa\u00eds i en altres pa\u00efsos per fomentar el coneixement dels elements patrimonials de l&#8217;entorn amb una actitud participativa de la comunitat escolar i educativa. El programa implica qu\u200be un centre educatiu inclogui en el projecte educatiu del centre el coneixement, l&#8217;estudi i la projecci\u00f3 d&#8217;un element patrimonial de l&#8217;entorn local o comarcal com a centre d&#8217;inter\u00e8s per a un o tots els seus nivells educatius.<\/p>\n<p>Aquest coneixement i assignaci\u00f3 de valor del patrimoni local des d&#8217;un punt de vista hist\u00f2ric i cultural afavoreix la implicaci\u00f3 de l&#8217;alumnat en el territori i en la societat, i promou l&#8217;exercici d&#8217;una ciutadania cr\u00edtica i responsable.<\/p>\n<p>A l&#8217;<strong>Institut Ridaura<\/strong> hem volgut apadrinar el nostre riu, el Ridaura, perqu\u00e8 \u00e9s un element com\u00fa als dos municipis dels quals prov\u00e9 el nostre alumnat. El nostre centre educatiu porta aquest nom. El nou edifici no es va poder construir fins que no es va fer la canalitzaci\u00f3 del riu. Malgrat tenir el centre ben b\u00e9 al costat del riu Ridaura, ni alumnes ni professors en coneixen gran cosa i \u00e9s un patrimoni natural que cont\u00e9 pous de gla\u00e7, molins, gorgues, fauna i flora variada, etc.<\/p>\n<p>Aquest projecte s&#8217;implementa a nivell de <strong>2n d&#8217;ESO<\/strong>, tot i que en nombroses tasques divulgatives i de treball en equip participen tamb\u00e9 altres nivells de secund\u00e0ria. Algunes de les activitats dutes a terme han estat:<\/p>\n<p><span style=\"color: #087eb6;\"><strong>CleanUp al riu Ridaura<\/strong><\/span><\/p>\n<p>En el marc de la Setmana de la Ci\u00e8ncia 2021, els alumnes de 2n d&#8217;ESO van fer una jornada de neteja a la llera del Ridaura. L\u2019alumnat va quedar parat de tanta brossa com hi van trobar. Despr\u00e9s estaven cofois de la feina feta. De ben segur que el riu i el seu entorn ho van agrair.<\/p>\n\r\n\t<div class=\"slideshow_container slideshow_container_style-light\" style=\"height: 500px; \" data-slideshow-id=\"5402\" data-style-name=\"style-light\" data-style-version=\"2.3.1\" >\r\n\r\n\t\t\t\t\t<div class=\"slideshow_loading_icon\"><\/div>\r\n\t\t\r\n\t\t<div class=\"slideshow_content\" style=\"display: none;\">\r\n\r\n\t\t\t<div class=\"slideshow_view\">\r\n\t\t\t\t<div class=\"slideshow_slide slideshow_slide_image\">\r\n\t\t\t\t\t\t\t\t\t\t\t<img src=\"https:\/\/agora.xtec.cat\/iesridaura\/wp-content\/uploads\/usu1163\/2021\/11\/Clean2.jpeg\" alt=\"Clean2\" width=\"1024\" height=\"702\" \/>\r\n\t\t\t\t\t\t\t\t\t\t<div class=\"slideshow_description_box slideshow_transparent\">\r\n\t\t\t\t\t\t<div class=\"slideshow_title\">Clean2<\/div>\t\t\t\t\t\t\t\t\t\t\t<\/div>\r\n\t\t\t\t<\/div>\r\n\r\n\t\t\t\t\t\t<div style=\"clear: both;\"><\/div><\/div><div class=\"slideshow_view\">\r\n\t\t\t\t<div class=\"slideshow_slide slideshow_slide_image\">\r\n\t\t\t\t\t\t\t\t\t\t\t<img src=\"https:\/\/agora.xtec.cat\/iesridaura\/wp-content\/uploads\/usu1163\/2021\/11\/Clean1.jpeg\" alt=\"Clean1\" width=\"1024\" height=\"701\" \/>\r\n\t\t\t\t\t\t\t\t\t\t<div class=\"slideshow_description_box slideshow_transparent\">\r\n\t\t\t\t\t\t<div class=\"slideshow_title\">Clean1<\/div>\t\t\t\t\t\t\t\t\t\t\t<\/div>\r\n\t\t\t\t<\/div>\r\n\r\n\t\t\t\t\t\t<div style=\"clear: both;\"><\/div><\/div><div class=\"slideshow_view\">\r\n\t\t\t\t<div class=\"slideshow_slide slideshow_slide_image\">\r\n\t\t\t\t\t\t\t\t\t\t\t<img src=\"https:\/\/agora.xtec.cat\/iesridaura\/wp-content\/uploads\/usu1163\/2021\/11\/Clean4.jpeg\" alt=\"Clean4\" width=\"1024\" height=\"768\" \/>\r\n\t\t\t\t\t\t\t\t\t\t<div class=\"slideshow_description_box slideshow_transparent\">\r\n\t\t\t\t\t\t<div class=\"slideshow_title\">Clean4<\/div>\t\t\t\t\t\t\t\t\t\t\t<\/div>\r\n\t\t\t\t<\/div>\r\n\r\n\t\t\t\t\t\t<div style=\"clear: both;\"><\/div><\/div><div class=\"slideshow_view\">\r\n\t\t\t\t<div class=\"slideshow_slide slideshow_slide_image\">\r\n\t\t\t\t\t\t\t\t\t\t\t<img src=\"https:\/\/agora.xtec.cat\/iesridaura\/wp-content\/uploads\/usu1163\/2021\/11\/Clean3.jpeg\" alt=\"Clean3\" width=\"1024\" height=\"679\" \/>\r\n\t\t\t\t\t\t\t\t\t\t<div class=\"slideshow_description_box slideshow_transparent\">\r\n\t\t\t\t\t\t<div class=\"slideshow_title\">Clean3<\/div>\t\t\t\t\t\t\t\t\t\t\t<\/div>\r\n\t\t\t\t<\/div>\r\n\r\n\t\t\t\t\t\t<div style=\"clear: both;\"><\/div><\/div>\r\n\t\t<\/div>\r\n\r\n\t\t<div class=\"slideshow_controlPanel slideshow_transparent\" style=\"display: none;\"><ul><li class=\"slideshow_togglePlay\" data-play-text=\"Visualitza\" data-pause-text=\"Pausa\"><\/li><\/ul><\/div>\r\n\r\n\t\t<div class=\"slideshow_button slideshow_previous slideshow_transparent\" role=\"button\" data-previous-text=\"Anterior\" style=\"display: none;\"><\/div>\r\n\t\t<div class=\"slideshow_button slideshow_next slideshow_transparent\" role=\"button\" data-next-text=\"Seg\u00fcent\" style=\"display: none;\"><\/div>\r\n\r\n\t\t<div class=\"slideshow_pagination\" style=\"display: none;\" data-go-to-text=\"V\u00e9s a la diapositiva\"><div class=\"slideshow_pagination_center\"><\/div><\/div>\r\n\r\n\t\t<!-- WordPress Slideshow Version 2.3.1 -->\r\n\r\n\t\t\t<\/div>\r\n\r\n\n<p><span style=\"color: #087eb6;\"><strong>Xerrada divulgativa sobre el riu Ridaura<\/strong><\/span><\/p>\n<p>Tamb\u00e9 en el marc de la Setmana de la Ci\u00e8ncia 2021, Jaume Ramot, del <a href=\"https:\/\/www.grupnaturasterna.org\/\">grup de natura Sterna<\/a>, va fer una xerrada sobre el riu Ridaura a l\u2019alumnat de 2n d\u2019ESO. Alumnat i professorat vam aprendre molt sobre l\u2019entorn natural i l&#8217;ecosistema del nostre riu.<\/p>\n\r\n\t<div class=\"slideshow_container slideshow_container_style-light\" style=\"height: 500px; \" data-slideshow-id=\"5380\" data-style-name=\"style-light\" data-style-version=\"2.3.1\" >\r\n\r\n\t\t\t\t\t<div class=\"slideshow_loading_icon\"><\/div>\r\n\t\t\r\n\t\t<div class=\"slideshow_content\" style=\"display: none;\">\r\n\r\n\t\t\t<div class=\"slideshow_view\">\r\n\t\t\t\t<div class=\"slideshow_slide slideshow_slide_image\">\r\n\t\t\t\t\t\t\t\t\t\t\t<img src=\"https:\/\/agora.xtec.cat\/iesridaura\/wp-content\/uploads\/usu1163\/2021\/11\/Jaume2.jpeg\" alt=\"Jaume2\" width=\"1024\" height=\"768\" \/>\r\n\t\t\t\t\t\t\t\t\t\t<div class=\"slideshow_description_box slideshow_transparent\">\r\n\t\t\t\t\t\t<div class=\"slideshow_title\">Jaume2<\/div>\t\t\t\t\t\t\t\t\t\t\t<\/div>\r\n\t\t\t\t<\/div>\r\n\r\n\t\t\t\t\t\t<div style=\"clear: both;\"><\/div><\/div><div class=\"slideshow_view\">\r\n\t\t\t\t<div class=\"slideshow_slide slideshow_slide_image\">\r\n\t\t\t\t\t\t\t\t\t\t\t<img src=\"https:\/\/agora.xtec.cat\/iesridaura\/wp-content\/uploads\/usu1163\/2021\/11\/Jaume1.jpeg\" alt=\"Jaume1\" width=\"1024\" height=\"768\" \/>\r\n\t\t\t\t\t\t\t\t\t\t<div class=\"slideshow_description_box slideshow_transparent\">\r\n\t\t\t\t\t\t<div class=\"slideshow_title\">Jaume1<\/div>\t\t\t\t\t\t\t\t\t\t\t<\/div>\r\n\t\t\t\t<\/div>\r\n\r\n\t\t\t\t\t\t<div style=\"clear: both;\"><\/div><\/div><div class=\"slideshow_view\">\r\n\t\t\t\t<div class=\"slideshow_slide slideshow_slide_image\">\r\n\t\t\t\t\t\t\t\t\t\t\t<img src=\"https:\/\/agora.xtec.cat\/iesridaura\/wp-content\/uploads\/usu1163\/2021\/11\/Jaume3.jpeg\" alt=\"Jaume3\" width=\"1024\" height=\"768\" \/>\r\n\t\t\t\t\t\t\t\t\t\t<div class=\"slideshow_description_box slideshow_transparent\">\r\n\t\t\t\t\t\t<div class=\"slideshow_title\">Jaume3<\/div>\t\t\t\t\t\t\t\t\t\t\t<\/div>\r\n\t\t\t\t<\/div>\r\n\r\n\t\t\t\t\t\t<div style=\"clear: both;\"><\/div><\/div>\r\n\t\t<\/div>\r\n\r\n\t\t<div class=\"slideshow_controlPanel slideshow_transparent\" style=\"display: none;\"><ul><li class=\"slideshow_togglePlay\" data-play-text=\"Visualitza\" data-pause-text=\"Pausa\"><\/li><\/ul><\/div>\r\n\r\n\t\t<div class=\"slideshow_button slideshow_previous slideshow_transparent\" role=\"button\" data-previous-text=\"Anterior\" style=\"display: none;\"><\/div>\r\n\t\t<div class=\"slideshow_button slideshow_next slideshow_transparent\" role=\"button\" data-next-text=\"Seg\u00fcent\" style=\"display: none;\"><\/div>\r\n\r\n\t\t<div class=\"slideshow_pagination\" style=\"display: none;\" data-go-to-text=\"V\u00e9s a la diapositiva\"><div class=\"slideshow_pagination_center\"><\/div><\/div>\r\n\r\n\t\t<!-- WordPress Slideshow Version 2.3.1 -->\r\n\r\n\t\t\t<\/div>\r\n\r\n\n<p>Al mes de maig 2022, els alumnes de 2n d&#8217;ESO van descobrir la gran riquesa natural que amaga el Ridaura, fent un mostreig cient\u00ed\ufb01c de fauna aqu\u00e0tica i de diagnosi del medi \ufb02uvial.<\/p>\n<p><a href=\"https:\/\/agora.xtec.cat\/iesridaura\/wp-content\/uploads\/usu1163\/2022\/05\/WhatsApp-Image-2022-05-02-at-20.03.49-2.jpeg\"><img loading=\"lazy\" decoding=\"async\" class=\"alignnone size-full wp-image-5691\" src=\"https:\/\/agora.xtec.cat\/iesridaura\/wp-content\/uploads\/usu1163\/2022\/05\/WhatsApp-Image-2022-05-02-at-20.03.49-2.jpeg\" alt=\"\" width=\"2000\" height=\"1125\" srcset=\"https:\/\/agora.xtec.cat\/iesridaura\/wp-content\/uploads\/usu1163\/2022\/05\/WhatsApp-Image-2022-05-02-at-20.03.49-2.jpeg 2000w, https:\/\/agora.xtec.cat\/iesridaura\/wp-content\/uploads\/usu1163\/2022\/05\/WhatsApp-Image-2022-05-02-at-20.03.49-2-300x169.jpeg 300w, https:\/\/agora.xtec.cat\/iesridaura\/wp-content\/uploads\/usu1163\/2022\/05\/WhatsApp-Image-2022-05-02-at-20.03.49-2-1024x576.jpeg 1024w, https:\/\/agora.xtec.cat\/iesridaura\/wp-content\/uploads\/usu1163\/2022\/05\/WhatsApp-Image-2022-05-02-at-20.03.49-2-768x432.jpeg 768w, https:\/\/agora.xtec.cat\/iesridaura\/wp-content\/uploads\/usu1163\/2022\/05\/WhatsApp-Image-2022-05-02-at-20.03.49-2-1536x864.jpeg 1536w\" sizes=\"auto, (max-width: 2000px) 100vw, 2000px\" \/><\/a><\/p>\n<p><a href=\"https:\/\/agora.xtec.cat\/iesridaura\/wp-content\/uploads\/usu1163\/2022\/05\/WhatsApp-Image-2022-05-02-at-20.03.49-1.jpeg\"><img loading=\"lazy\" decoding=\"async\" class=\"alignnone size-full wp-image-5692\" src=\"https:\/\/agora.xtec.cat\/iesridaura\/wp-content\/uploads\/usu1163\/2022\/05\/WhatsApp-Image-2022-05-02-at-20.03.49-1.jpeg\" alt=\"\" width=\"2000\" height=\"1125\" srcset=\"https:\/\/agora.xtec.cat\/iesridaura\/wp-content\/uploads\/usu1163\/2022\/05\/WhatsApp-Image-2022-05-02-at-20.03.49-1.jpeg 2000w, https:\/\/agora.xtec.cat\/iesridaura\/wp-content\/uploads\/usu1163\/2022\/05\/WhatsApp-Image-2022-05-02-at-20.03.49-1-300x169.jpeg 300w, https:\/\/agora.xtec.cat\/iesridaura\/wp-content\/uploads\/usu1163\/2022\/05\/WhatsApp-Image-2022-05-02-at-20.03.49-1-1024x576.jpeg 1024w, https:\/\/agora.xtec.cat\/iesridaura\/wp-content\/uploads\/usu1163\/2022\/05\/WhatsApp-Image-2022-05-02-at-20.03.49-1-768x432.jpeg 768w, https:\/\/agora.xtec.cat\/iesridaura\/wp-content\/uploads\/usu1163\/2022\/05\/WhatsApp-Image-2022-05-02-at-20.03.49-1-1536x864.jpeg 1536w\" sizes=\"auto, (max-width: 2000px) 100vw, 2000px\" \/><\/a><\/p>\n<p><a href=\"https:\/\/agora.xtec.cat\/iesridaura\/wp-content\/uploads\/usu1163\/2022\/05\/WhatsApp-Image-2022-05-02-at-20.03.49-rotated.jpeg\"><img loading=\"lazy\" decoding=\"async\" class=\"alignnone size-full wp-image-5695\" src=\"https:\/\/agora.xtec.cat\/iesridaura\/wp-content\/uploads\/usu1163\/2022\/05\/WhatsApp-Image-2022-05-02-at-20.03.49-rotated.jpeg\" alt=\"\" width=\"2000\" height=\"1125\" srcset=\"https:\/\/agora.xtec.cat\/iesridaura\/wp-content\/uploads\/usu1163\/2022\/05\/WhatsApp-Image-2022-05-02-at-20.03.49-rotated.jpeg 2000w, https:\/\/agora.xtec.cat\/iesridaura\/wp-content\/uploads\/usu1163\/2022\/05\/WhatsApp-Image-2022-05-02-at-20.03.49-300x169.jpeg 300w, https:\/\/agora.xtec.cat\/iesridaura\/wp-content\/uploads\/usu1163\/2022\/05\/WhatsApp-Image-2022-05-02-at-20.03.49-1024x576.jpeg 1024w, https:\/\/agora.xtec.cat\/iesridaura\/wp-content\/uploads\/usu1163\/2022\/05\/WhatsApp-Image-2022-05-02-at-20.03.49-768x432.jpeg 768w, https:\/\/agora.xtec.cat\/iesridaura\/wp-content\/uploads\/usu1163\/2022\/05\/WhatsApp-Image-2022-05-02-at-20.03.49-1536x864.jpeg 1536w\" sizes=\"auto, (max-width: 2000px) 100vw, 2000px\" \/><\/a><\/p>\n<p>Consulteu el document-mem\u00f2ria de l&#8217;<strong><a href=\"https:\/\/agora.xtec.cat\/iesridaura\/wp-content\/uploads\/usu1163\/2022\/06\/Apadrinem-Patrimoni-21-22_compressed.pdf\">Apadrinem el nostre Patrimoni 2021-2022<\/a><\/strong>.<\/p>\n<p><a href=\"https:\/\/agora.xtec.cat\/iesridaura\/wp-content\/uploads\/usu1163\/2021\/12\/Logo-Apadrinem-Patrimoni.png\"><img loading=\"lazy\" decoding=\"async\" class=\"alignnone size-medium wp-image-5436\" src=\"https:\/\/agora.xtec.cat\/iesridaura\/wp-content\/uploads\/usu1163\/2021\/12\/Logo-Apadrinem-Patrimoni-300x170.png\" alt=\"\" width=\"300\" height=\"170\" srcset=\"https:\/\/agora.xtec.cat\/iesridaura\/wp-content\/uploads\/usu1163\/2021\/12\/Logo-Apadrinem-Patrimoni-300x170.png 300w, https:\/\/agora.xtec.cat\/iesridaura\/wp-content\/uploads\/usu1163\/2021\/12\/Logo-Apadrinem-Patrimoni.png 460w\" sizes=\"auto, (max-width: 300px) 100vw, 300px\" \/><\/a><\/p>\n","protected":false},"excerpt":{"rendered":"<p>El Programa Apadrinem el nostre patrimoni s&#8217;inspira en experi\u00e8ncies pr\u00e8vies que s&#8217;han desenvolupat en el nostre pa\u00eds i en altres [&hellip;]<\/p>\n","protected":false},"author":1,"featured_media":0,"parent":0,"menu_order":0,"comment_status":"closed","ping_status":"closed","template":"","meta":{"_bbp_topic_count":0,"_bbp_reply_count":0,"_bbp_total_topic_count":0,"_bbp_total_reply_count":0,"_bbp_voice_count":0,"_bbp_anonymous_reply_count":0,"_bbp_topic_count_hidden":0,"_bbp_reply_count_hidden":0,"_bbp_forum_subforum_count":0,"site-sidebar-layout":"default","site-content-layout":"","ast-site-content-layout":"","site-content-style":"default","site-sidebar-style":"default","ast-global-header-display":"","ast-banner-title-visibility":"","ast-main-header-display":"","ast-hfb-above-header-display":"","ast-hfb-below-header-display":"","ast-hfb-mobile-header-display":"","site-post-title":"","ast-breadcrumbs-content":"","ast-featured-img":"","footer-sml-layout":"","theme-transparent-header-meta":"","adv-header-id-meta":"","stick-header-meta":"","header-above-stick-meta":"","header-main-stick-meta":"","header-below-stick-meta":"","astra-migrate-meta-layouts":"default","ast-page-background-enabled":"default","ast-page-background-meta":{"desktop":{"background-color":"var(--ast-global-color-4)","background-image":"","background-repeat":"repeat","background-position":"center center","background-size":"auto","background-attachment":"scroll","background-type":"","background-media":"","overlay-type":"","overlay-color":"","overlay-opacity":"","overlay-gradient":""},"tablet":{"background-color":"","background-image":"","background-repeat":"repeat","background-position":"center center","background-size":"auto","background-attachment":"scroll","background-type":"","background-media":"","overlay-type":"","overlay-color":"","overlay-opacity":"","overlay-gradient":""},"mobile":{"background-color":"","background-image":"","background-repeat":"repeat","background-position":"center center","background-size":"auto","background-attachment":"scroll","background-type":"","background-media":"","overlay-type":"","overlay-color":"","overlay-opacity":"","overlay-gradient":""}},"ast-content-background-meta":{"desktop":{"background-color":"var(--ast-global-color-5)","background-image":"","background-repeat":"repeat","background-position":"center center","background-size":"auto","background-attachment":"scroll","background-type":"","background-media":"","overlay-type":"","overlay-color":"","overlay-opacity":"","overlay-gradient":""},"tablet":{"background-color":"var(--ast-global-color-5)","background-image":"","background-repeat":"repeat","background-position":"center center","background-size":"auto","background-attachment":"scroll","background-type":"","background-media":"","overlay-type":"","overlay-color":"","overlay-opacity":"","overlay-gradient":""},"mobile":{"background-color":"var(--ast-global-color-5)","background-image":"","background-repeat":"repeat","background-position":"center center","background-size":"auto","background-attachment":"scroll","background-type":"","background-media":"","overlay-type":"","overlay-color":"","overlay-opacity":"","overlay-gradient":""}},"footnotes":""},"class_list":["post-5430","page","type-page","status-publish","hentry"],"post_mailing_queue_ids":[],"_links":{"self":[{"href":"https:\/\/agora.xtec.cat\/iesridaura\/wp-json\/wp\/v2\/pages\/5430","targetHints":{"allow":["GET"]}}],"collection":[{"href":"https:\/\/agora.xtec.cat\/iesridaura\/wp-json\/wp\/v2\/pages"}],"about":[{"href":"https:\/\/agora.xtec.cat\/iesridaura\/wp-json\/wp\/v2\/types\/page"}],"author":[{"embeddable":true,"href":"https:\/\/agora.xtec.cat\/iesridaura\/wp-json\/wp\/v2\/users\/1"}],"replies":[{"embeddable":true,"href":"https:\/\/agora.xtec.cat\/iesridaura\/wp-json\/wp\/v2\/comments?post=5430"}],"version-history":[{"count":3,"href":"https:\/\/agora.xtec.cat\/iesridaura\/wp-json\/wp\/v2\/pages\/5430\/revisions"}],"predecessor-version":[{"id":5897,"href":"https:\/\/agora.xtec.cat\/iesridaura\/wp-json\/wp\/v2\/pages\/5430\/revisions\/5897"}],"wp:attachment":[{"href":"https:\/\/agora.xtec.cat\/iesridaura\/wp-json\/wp\/v2\/media?parent=5430"}],"curies":[{"name":"wp","href":"https:\/\/api.w.org\/{rel}","templated":true}]}}