{"id":52,"date":"2014-09-17T16:58:07","date_gmt":"2014-09-17T16:58:07","guid":{"rendered":"http:\/\/agora.xtec.cat\/iesridaura\/?page_id=52"},"modified":"2026-02-23T18:21:48","modified_gmt":"2026-02-23T17:21:48","slug":"calendari-del-curs","status":"publish","type":"page","link":"https:\/\/agora.xtec.cat\/iesridaura\/linstitut\/calendari-del-curs\/","title":{"rendered":"Calendari del curs  2025-2026"},"content":{"rendered":"\n<h3 class=\"wp-block-heading has-text-align-left\"><br><strong>1r, 2n, 3r i 4t d&#8217;ESO<\/strong><\/h3>\n\n\n\n<p><strong>PRIMER TRIMESTRE<\/strong>: Del 9 de setembre al 5 de desembre 2025.<\/p>\n\n\n\n<p><strong>SEGON TRIMESTRE<\/strong>: Del 10 de desembre 2025 al 13 de mar\u00e7 2026.<br>&#8211; Recuperacions de mat\u00e8ries pendents del curs 2024-2025 i anteriors : del 26 al 30 de gener 2026.<br>&#8211; Jornades d&#8217;Orientaci\u00f3 Acad\u00e8mica i Professional (4t d&#8217;ESO) : 6, 9, 10 i 11 febrer 2026.<\/p>\n\n\n\n<p><strong>TERCER TRIMESTRE<\/strong>: Del 16 de mar\u00e7 al 12 de juny 2026.<br>&#8211; Proves oficials DELF (fran\u00e7ais) : 4 de maig 2026 (DELF B1) i 5 de maig 2026 (DELF A2).<br>&#8211; Proves oficials Cambridge (english) : <em>Pendent de publicaci\u00f3.<\/em><br>&#8211; Proves diagn\u00f2stiques 2n d&#8217;ESO : 13, 14 i 15 d&#8217;abril 2026.<\/p>\n\n\n\n<p><strong>CR\u00c8DIT DE S\u00cdNTESI ESO<\/strong> : Del 15 al 18 de juny 2026.<\/p>\n\n\n\n<p><\/p>\n\n\n\n<h3 class=\"wp-block-heading\"><br><strong>1r BATXILLERAT<\/strong><\/h3>\n\n\n\n<p><strong>PRIMER TRIMESTRE<\/strong>: Del 12 de setembre al 5 de desembre 2025<br>&#8211; Ex\u00e0mens Trimestrals (1rTRIM) : 3, 4 i 5 desembre 2025.<\/p>\n\n\n\n<p><strong>SEGON TRIMESTRE<\/strong>: Del 10 de desembre 2025 al 13 de mar\u00e7 2026.<br>&#8211; Ex\u00e0mens Trimestrals (2nTRIM) : 6, 9 i 10 mar\u00e7 2026.<\/p>\n\n\n\n<p><strong>TERCER TRIMESTRE<\/strong>: Del 16 de mar\u00e7 al 12 de juny 2026.<br>&#8211; Ex\u00e0mens Trimestrals (3rTRIM) : 27, 28 i 29 de maig 2026.<br>&#8211; Proves oficials Cambridge (english) : <em>Pendent de publicaci\u00f3.<\/em><br>&#8211; Ex\u00e0mens Finals : 8, 9 i 10 de juny 2026.<br>&#8211; Ex\u00e0mens Extraordinaris : 15 i 16 de juny 2026.<\/p>\n\n\n\n<p><\/p>\n\n\n\n<h3 class=\"wp-block-heading has-text-align-left\"><br><strong>2n BATXILLERAT<\/strong><\/h3>\n\n\n\n<p><strong>PRIMER TRIMESTRE<\/strong>: Del 12 de setembre al 18 de novembre 2025.<br>&#8211; Lliurament de Treballs de Recerca (TdR) : 3 novembre 2025.<br>&#8211; Ex\u00e0mens Trimestrals (1rTRIM) : 14, 17 i 18 novembre 2025.<br>&#8211; Exposicions orals de Treballs de Recerca (TdR) : 24 i 25 de novembre 2025.<\/p>\n\n\n\n<p><strong>SEGON TRIMESTRE<\/strong>: Del 19 de novembre 2025 al 11 de febrer 2026.<br>&#8211; 2a convocat\u00f2ria de Treballs de Recerca (TdR) : 5 de desembre 2025.<br>&#8211; Proves oficials DALF C1 (fran\u00e7ais) : 3 febrer 2026 (escrits) i 13 febrer 2026 (orals).<br>&#8211; Ex\u00e0mens Trimestrals (2nTRIM) : 9, 10 i 11 febrer 2026.<\/p>\n\n\n\n<p><strong>TERCER TRIMESTRE<\/strong>: Del 17 de febrer al 15 de maig 2026.<br>&#8211; Sufici\u00e8ncia Treballs de Recerca (TdR) : 26 de mar\u00e7 2026.<br>&#8211; Proves externes BatxiBac : 25 d&#8217;abril (proves orals) i 6 i 7 de maig 2026 (proves escrites).<br>&#8211; Ex\u00e0mens Trimestrals (3rTRIM) : 6, 7 i 8 de maig 2026.<br>&#8211; Ex\u00e0mens Finals : 13, 14 i 15 de maig 2026.<br>&#8211; Classes preparat\u00f2ries proves PAU : Del 18 de maig al 5 de juny 2026.<br>&#8211; Proves oficials Cambridge (english) : <em>Pendent de publicaci\u00f3.<\/em><br>&#8211; Ex\u00e0mens Extraordinaris : 1 i 2 de juny 2026.<br>&#8211; Proves PAU &#8211; Convocat\u00f2ria ordin\u00e0ria (juny 2026) : 9, 10 i 11 juny 2026. <br>&#8211; Proves PAU &#8211; Convocat\u00f2ria extraordin\u00e0ria (setembre 2026) : 2, 3 i 4 setembre 2026.<\/p>\n\n\n\n<p><\/p>\n\n\n\n<h3 class=\"wp-block-heading\"><br><strong>VACANCES, FESTIUS I DIES DE LLIURE <\/strong>DISPOSICI\u00d3<\/h3>\n\n\n\n<p><strong>VACANCES<\/strong><br>&#8211; <strong>Nadal<\/strong> : Del dissabte 20 desembre 2025 al dimecres 7 gener 2026 (ambd\u00f3s inclosos).<br>&#8211; <strong>Pasqua<\/strong> : Del dissabte 28 mar\u00e7 2026 al dilluns 6 abril 2026 (ambd\u00f3s inclosos).<br>&#8211; <strong>Estiu<\/strong> : A partir del dissabte 20 juny 2026.<\/p>\n\n\n\n<p><strong>FESTIUS<\/strong><br>&#8211; <strong>Festa Major Castell d&#8217;Aro<\/strong> <em>(festiu nom\u00e9s per a l&#8217;alumnat) <\/em>: Dilluns 8 de setembre 2025.<br>&#8211; <strong>Diada Nacional de Catalunya <\/strong>: Dijous 11 de setembre 2025.<br>&#8211; <strong>Tots Sants<\/strong> : Divendres 31 d&#8217;octubre 2025.<br>&#8211; <strong>Immaculada<\/strong> : Dilluns 8 i dimarts 9 de desembre 2025.<br>&#8211; <strong>Carnaval <\/strong>: Dijous 12, divendres 13 i dilluns 16 de febrer 2026.<br>&#8211; <strong>Dia Internacional dels Treballadors<\/strong> : Divendres 1 i dilluns 4 de maig 2026.<\/p>\n\n\n\n<p><\/p>\n","protected":false},"excerpt":{"rendered":"<p>1r, 2n, 3r i 4t d&#8217;ESO PRIMER TRIMESTRE: Del 9 de setembre al 5 de desembre 2025. SEGON TRIMESTRE: Del [&hellip;]<\/p>\n","protected":false},"author":1,"featured_media":0,"parent":19,"menu_order":5,"comment_status":"closed","ping_status":"closed","template":"","meta":{"_bbp_topic_count":0,"_bbp_reply_count":0,"_bbp_total_topic_count":0,"_bbp_total_reply_count":0,"_bbp_voice_count":0,"_bbp_anonymous_reply_count":0,"_bbp_topic_count_hidden":0,"_bbp_reply_count_hidden":0,"_bbp_forum_subforum_count":0,"site-sidebar-layout":"default","site-content-layout":"","ast-site-content-layout":"default","site-content-style":"default","site-sidebar-style":"default","ast-global-header-display":"","ast-banner-title-visibility":"","ast-main-header-display":"","ast-hfb-above-header-display":"","ast-hfb-below-header-display":"","ast-hfb-mobile-header-display":"","site-post-title":"","ast-breadcrumbs-content":"","ast-featured-img":"","footer-sml-layout":"","theme-transparent-header-meta":"","adv-header-id-meta":"","stick-header-meta":"","header-above-stick-meta":"","header-main-stick-meta":"","header-below-stick-meta":"","astra-migrate-meta-layouts":"set","ast-page-background-enabled":"default","ast-page-background-meta":{"desktop":{"background-color":"var(--ast-global-color-4)","background-image":"","background-repeat":"repeat","background-position":"center center","background-size":"auto","background-attachment":"scroll","background-type":"","background-media":"","overlay-type":"","overlay-color":"","overlay-opacity":"","overlay-gradient":""},"tablet":{"background-color":"","background-image":"","background-repeat":"repeat","background-position":"center center","background-size":"auto","background-attachment":"scroll","background-type":"","background-media":"","overlay-type":"","overlay-color":"","overlay-opacity":"","overlay-gradient":""},"mobile":{"background-color":"","background-image":"","background-repeat":"repeat","background-position":"center center","background-size":"auto","background-attachment":"scroll","background-type":"","background-media":"","overlay-type":"","overlay-color":"","overlay-opacity":"","overlay-gradient":""}},"ast-content-background-meta":{"desktop":{"background-color":"var(--ast-global-color-5)","background-image":"","background-repeat":"repeat","background-position":"center center","background-size":"auto","background-attachment":"scroll","background-type":"","background-media":"","overlay-type":"","overlay-color":"","overlay-opacity":"","overlay-gradient":""},"tablet":{"background-color":"var(--ast-global-color-5)","background-image":"","background-repeat":"repeat","background-position":"center center","background-size":"auto","background-attachment":"scroll","background-type":"","background-media":"","overlay-type":"","overlay-color":"","overlay-opacity":"","overlay-gradient":""},"mobile":{"background-color":"var(--ast-global-color-5)","background-image":"","background-repeat":"repeat","background-position":"center center","background-size":"auto","background-attachment":"scroll","background-type":"","background-media":"","overlay-type":"","overlay-color":"","overlay-opacity":"","overlay-gradient":""}},"footnotes":""},"class_list":["post-52","page","type-page","status-publish","hentry"],"post_mailing_queue_ids":[],"_links":{"self":[{"href":"https:\/\/agora.xtec.cat\/iesridaura\/wp-json\/wp\/v2\/pages\/52","targetHints":{"allow":["GET"]}}],"collection":[{"href":"https:\/\/agora.xtec.cat\/iesridaura\/wp-json\/wp\/v2\/pages"}],"about":[{"href":"https:\/\/agora.xtec.cat\/iesridaura\/wp-json\/wp\/v2\/types\/page"}],"author":[{"embeddable":true,"href":"https:\/\/agora.xtec.cat\/iesridaura\/wp-json\/wp\/v2\/users\/1"}],"replies":[{"embeddable":true,"href":"https:\/\/agora.xtec.cat\/iesridaura\/wp-json\/wp\/v2\/comments?post=52"}],"version-history":[{"count":6,"href":"https:\/\/agora.xtec.cat\/iesridaura\/wp-json\/wp\/v2\/pages\/52\/revisions"}],"predecessor-version":[{"id":11559,"href":"https:\/\/agora.xtec.cat\/iesridaura\/wp-json\/wp\/v2\/pages\/52\/revisions\/11559"}],"up":[{"embeddable":true,"href":"https:\/\/agora.xtec.cat\/iesridaura\/wp-json\/wp\/v2\/pages\/19"}],"wp:attachment":[{"href":"https:\/\/agora.xtec.cat\/iesridaura\/wp-json\/wp\/v2\/media?parent=52"}],"curies":[{"name":"wp","href":"https:\/\/api.w.org\/{rel}","templated":true}]}}