{"id":5032,"date":"2021-08-09T16:41:56","date_gmt":"2021-08-09T14:41:56","guid":{"rendered":"https:\/\/agora.xtec.cat\/iesridaura\/?page_id=5032"},"modified":"2021-08-10T17:24:44","modified_gmt":"2021-08-10T15:24:44","slug":"secundaria-eso","status":"publish","type":"page","link":"https:\/\/agora.xtec.cat\/iesridaura\/secundaria-eso\/","title":{"rendered":"Secund\u00e0ria &#8211; ESO"},"content":{"rendered":"<p>L&#8217;Educaci\u00f3 Secund\u00e0ria Obligat\u00f2ria (ESO) \u00e9s una etapa educativa obligat\u00f2ria i gratu\u00efta que, conjuntament amb l&#8217;Educaci\u00f3 Prim\u00e0ria, constitueix l&#8217;educaci\u00f3 b\u00e0sica. Consta de quatre cursos acad\u00e8mics que es realitzen ordin\u00e0riament entre els 12 i els 16 anys d&#8217;edat.<\/p>\n<p>L&#8217;ESO t\u00e9 com a finalitat que l&#8217;alumnat:<\/p>\n<ul>\n<li>Adquireixi els elements b\u00e0sics de la cultura: human\u00edstics, ling\u00fc\u00edstics, art\u00edstics, cient\u00edfics i tecnol\u00f2gics.<\/li>\n<li>Desenvolupi i consolidi els seus h\u00e0bits d&#8217;estudi i de treball.<\/li>\n<li>Es prepari per a la seva incorporaci\u00f3 a estudis posteriors i per a la seva inserci\u00f3 al m\u00f3n laboral.<\/li>\n<li>Es formi per a l&#8217;exercici dels seus drets i obligacions ciutadanes.<\/li>\n<\/ul>\n<p>L&#8217;ESO s&#8217;organitza d&#8217;acord amb els principis d&#8217;educaci\u00f3 comuna i d&#8217;atenci\u00f3 a la diversitat de l&#8217;alumnat, fent una especial atenci\u00f3 a l&#8217;orientaci\u00f3 educativa i professional.<\/p>\n<p>&nbsp;<\/p>\n<p><span style=\"color: #087eb6;\"><strong>Compet\u00e8ncies<\/strong><\/span><\/p>\n<p>Les vuit compet\u00e8ncies b\u00e0siques del curr\u00edculum de l&#8217;Educaci\u00f3 Secund\u00e0ria Obligat\u00f2ria s\u00f3n:<\/p>\n<ul>\n<li>Compet\u00e8ncia comunicativa, ling\u00fc\u00edstica i audiovisual.<\/li>\n<li>Compet\u00e8ncia matem\u00e0tica.<\/li>\n<li>Compet\u00e8ncia en el coneixement i la interacci\u00f3 amb el m\u00f3n f\u00edsic.<\/li>\n<li>Compet\u00e8ncia art\u00edstica i cultural.<\/li>\n<li>Compet\u00e8ncia digital.<\/li>\n<li>Compet\u00e8ncia social i ciutadana.<\/li>\n<li>Compet\u00e8ncia d&#8217;aprendre a aprendre.<\/li>\n<li>Compet\u00e8ncia d&#8217;autonomia, iniciativa personal i emprenedoria.<\/li>\n<\/ul>\n<p>Aquestes compet\u00e8ncies s&#8217;integren en les activitats d&#8217;aprenentatge i permeten a l&#8217;alumnat desenvolupar m\u00e9s d&#8217;una compet\u00e8ncia al mateix temps per a poder-les transferir en diferents contextos.<\/p>\n<p>&nbsp;<\/p>\n<p><span style=\"color: #087eb6;\"><strong>Estructura<\/strong><\/span><\/p>\n<p>Des del curs 2015-2016, l&#8217;Educaci\u00f3 Secund\u00e0ria Obligat\u00f2ria (ESO) s&#8217;organitza en <strong>dos cicles<\/strong>; el primer, de tres cursos escolars (1r, 2n i 3r d&#8217;ESO) i el segon, d&#8217;un (4t d&#8217;ESO). Aquest \u00faltim, \u00e9s de car\u00e0cter fonamentalment preparatori i orientador, per a la iniciaci\u00f3 al Batxillerat o per a la iniciaci\u00f3 a la Formaci\u00f3 Professional.<\/p>\n<p>Les diferents assignatures que es cursen al llarg de tota l&#8217;etapa es poden classificar de la seg\u00fcent manera:<\/p>\n<p><strong>Mat\u00e8ries comunes<\/strong> : assignatures obligat\u00f2ries que tenen com a objectiu desenvolupar les compet\u00e8ncies essencials. L&#8217;horari lectiu d&#8217;aquestes mat\u00e8ries ocupar\u00e0, com a m\u00ednim, el 50% del total de l&#8217;horari.<\/p>\n<p><strong>Mat\u00e8ries optatives<\/strong> : assignatures que ofereix cada centre educatiu i l&#8217;alumne por triar-ne quines cursar.<\/p>\n<p><strong>Treball de s\u00edntesi<\/strong> : assignatura optativa que consta d&#8217;un conjunt d&#8217;activitats d&#8217;aprenentatge que s&#8217;han de fer en equip i tenen com a objectiu desenvolupar compet\u00e8ncies complexes a trav\u00e9s de la integraci\u00f3 dels continguts de diferents mat\u00e8ries de forma transversal. Es realitza en els tres primers cursos d&#8217;ESO.<\/p>\n<p><strong>Servei comunitari<\/strong> : acci\u00f3 educativa que tracta de dur a terme un servei a la comunitat per desenvolupar el comprom\u00eds c\u00edvic. Es realitza en el quart curs d&#8217;ESO. Trobareu m\u00e9s informaci\u00f3 a la icona <strong><a href=\"https:\/\/ridauraserveicomunitari.blogspot.com\/\">COMUNITAT<\/a><\/strong>.<\/p>\n<p><strong>Projecte de recerca<\/strong> : treball d&#8217;investigaci\u00f3 que els alumnes realitzen a quart d&#8217;ESO sobre un tema espec\u00edfic.<\/p>\n<p>&nbsp;<\/p>\n<p>A l&#8217;<strong>Institut Ridaura<\/strong>, les assignatures de 1r cicle, <strong>de 1r a 3r curs de l&#8217;ESO<\/strong>, es distribueixen de la seg\u00fcent manera:<\/p>\n<p><a href=\"https:\/\/agora.xtec.cat\/iesridaura\/wp-content\/uploads\/usu1163\/2021\/08\/Estructura-ESO-1r-a-3r-1.jpg\"><img loading=\"lazy\" decoding=\"async\" class=\"alignnone size-full wp-image-5051\" src=\"https:\/\/agora.xtec.cat\/iesridaura\/wp-content\/uploads\/usu1163\/2021\/08\/Estructura-ESO-1r-a-3r-1.jpg\" alt=\"\" width=\"757\" height=\"836\" srcset=\"https:\/\/agora.xtec.cat\/iesridaura\/wp-content\/uploads\/usu1163\/2021\/08\/Estructura-ESO-1r-a-3r-1.jpg 757w, https:\/\/agora.xtec.cat\/iesridaura\/wp-content\/uploads\/usu1163\/2021\/08\/Estructura-ESO-1r-a-3r-1-272x300.jpg 272w\" sizes=\"auto, (max-width: 757px) 100vw, 757px\" \/><\/a><\/p>\n<p>Les assignatures de 2n cicle, les de <strong>4t d&#8217;ESO<\/strong>, es distribueixen de la seg\u00fcent manera:<\/p>\n<p><a href=\"https:\/\/agora.xtec.cat\/iesridaura\/wp-content\/uploads\/usu1163\/2021\/08\/Estructura-ESO-4t-1.jpg\"><img loading=\"lazy\" decoding=\"async\" src=\"https:\/\/agora.xtec.cat\/iesridaura\/wp-content\/uploads\/usu1163\/2021\/08\/Estructura-ESO-4t-1.jpg\" alt=\"\" width=\"584\" height=\"600\" class=\"alignnone size-full wp-image-5069\" srcset=\"https:\/\/agora.xtec.cat\/iesridaura\/wp-content\/uploads\/usu1163\/2021\/08\/Estructura-ESO-4t-1.jpg 584w, https:\/\/agora.xtec.cat\/iesridaura\/wp-content\/uploads\/usu1163\/2021\/08\/Estructura-ESO-4t-1-292x300.jpg 292w\" sizes=\"auto, (max-width: 584px) 100vw, 584px\" \/><\/a><\/p>\n<p>Trobareu tota la informaci\u00f3 sobre les programacions, continguts i especificitats de les diferents mat\u00e8ries a la icona <strong><a href=\"https:\/\/agora.xtec.cat\/iesridaura\/materies-optatives-4t-deso\/\">OPTATIVES<\/a><\/strong>.<\/p>\n<p>&nbsp;<\/p>\n<p><span style=\"color: #087eb6;\"><strong>Avaluaci\u00f3<\/strong><\/span><\/p>\n<p>L&#8217;avaluaci\u00f3 de l&#8217;Educaci\u00f3 Secund\u00e0ria Obligat\u00f2ria \u00e9s cont\u00ednua, formativa i integradora. Es pot promocionar d&#8217;un curs a l&#8217;altre quan existeix una avaluaci\u00f3 positiva a totes les assignatures o negativa en un <strong>m\u00e0xim de dues assignatures<\/strong>.<\/p>\n<p>&nbsp;<\/p>\n<p><span style=\"color: #087eb6;\"><strong>Sortides i connexions amb altres estudis<\/strong><\/span><br \/>\n<a href=\"https:\/\/agora.xtec.cat\/iesridaura\/wp-content\/uploads\/usu1163\/2021\/08\/QUADRE-ESTUDIS-POSTOBLIGATORIS-BATXILLERAT-i-CF_3r-ESO-1.jpg\"><img loading=\"lazy\" decoding=\"async\" class=\"alignnone size-large wp-image-5056\" src=\"https:\/\/agora.xtec.cat\/iesridaura\/wp-content\/uploads\/usu1163\/2021\/08\/QUADRE-ESTUDIS-POSTOBLIGATORIS-BATXILLERAT-i-CF_3r-ESO-1-1024x870.jpg\" alt=\"\" width=\"1024\" height=\"870\" srcset=\"https:\/\/agora.xtec.cat\/iesridaura\/wp-content\/uploads\/usu1163\/2021\/08\/QUADRE-ESTUDIS-POSTOBLIGATORIS-BATXILLERAT-i-CF_3r-ESO-1-1024x870.jpg 1024w, https:\/\/agora.xtec.cat\/iesridaura\/wp-content\/uploads\/usu1163\/2021\/08\/QUADRE-ESTUDIS-POSTOBLIGATORIS-BATXILLERAT-i-CF_3r-ESO-1-300x255.jpg 300w, https:\/\/agora.xtec.cat\/iesridaura\/wp-content\/uploads\/usu1163\/2021\/08\/QUADRE-ESTUDIS-POSTOBLIGATORIS-BATXILLERAT-i-CF_3r-ESO-1-768x653.jpg 768w, https:\/\/agora.xtec.cat\/iesridaura\/wp-content\/uploads\/usu1163\/2021\/08\/QUADRE-ESTUDIS-POSTOBLIGATORIS-BATXILLERAT-i-CF_3r-ESO-1-1536x1305.jpg 1536w, https:\/\/agora.xtec.cat\/iesridaura\/wp-content\/uploads\/usu1163\/2021\/08\/QUADRE-ESTUDIS-POSTOBLIGATORIS-BATXILLERAT-i-CF_3r-ESO-1.jpg 1877w\" sizes=\"auto, (max-width: 1024px) 100vw, 1024px\" \/><\/a><\/p>\n<p>Trobareu m\u00e9s informaci\u00f3 a la icona <strong><a href=\"https:\/\/agora.xtec.cat\/iesridaura\/orientacio-academica-i-professional\/\">ORIENTACI\u00d3<\/a><\/strong>.<\/p>\n","protected":false},"excerpt":{"rendered":"<p>L&#8217;Educaci\u00f3 Secund\u00e0ria Obligat\u00f2ria (ESO) \u00e9s una etapa educativa obligat\u00f2ria i gratu\u00efta que, conjuntament amb l&#8217;Educaci\u00f3 Prim\u00e0ria, constitueix l&#8217;educaci\u00f3 b\u00e0sica. Consta [&hellip;]<\/p>\n","protected":false},"author":1,"featured_media":0,"parent":0,"menu_order":0,"comment_status":"closed","ping_status":"closed","template":"","meta":{"_bbp_topic_count":0,"_bbp_reply_count":0,"_bbp_total_topic_count":0,"_bbp_total_reply_count":0,"_bbp_voice_count":0,"_bbp_anonymous_reply_count":0,"_bbp_topic_count_hidden":0,"_bbp_reply_count_hidden":0,"_bbp_forum_subforum_count":0,"site-sidebar-layout":"default","site-content-layout":"","ast-site-content-layout":"","site-content-style":"default","site-sidebar-style":"default","ast-global-header-display":"","ast-banner-title-visibility":"","ast-main-header-display":"","ast-hfb-above-header-display":"","ast-hfb-below-header-display":"","ast-hfb-mobile-header-display":"","site-post-title":"","ast-breadcrumbs-content":"","ast-featured-img":"","footer-sml-layout":"","theme-transparent-header-meta":"","adv-header-id-meta":"","stick-header-meta":"","header-above-stick-meta":"","header-main-stick-meta":"","header-below-stick-meta":"","astra-migrate-meta-layouts":"default","ast-page-background-enabled":"default","ast-page-background-meta":{"desktop":{"background-color":"var(--ast-global-color-4)","background-image":"","background-repeat":"repeat","background-position":"center center","background-size":"auto","background-attachment":"scroll","background-type":"","background-media":"","overlay-type":"","overlay-color":"","overlay-opacity":"","overlay-gradient":""},"tablet":{"background-color":"","background-image":"","background-repeat":"repeat","background-position":"center center","background-size":"auto","background-attachment":"scroll","background-type":"","background-media":"","overlay-type":"","overlay-color":"","overlay-opacity":"","overlay-gradient":""},"mobile":{"background-color":"","background-image":"","background-repeat":"repeat","background-position":"center center","background-size":"auto","background-attachment":"scroll","background-type":"","background-media":"","overlay-type":"","overlay-color":"","overlay-opacity":"","overlay-gradient":""}},"ast-content-background-meta":{"desktop":{"background-color":"var(--ast-global-color-5)","background-image":"","background-repeat":"repeat","background-position":"center center","background-size":"auto","background-attachment":"scroll","background-type":"","background-media":"","overlay-type":"","overlay-color":"","overlay-opacity":"","overlay-gradient":""},"tablet":{"background-color":"var(--ast-global-color-5)","background-image":"","background-repeat":"repeat","background-position":"center center","background-size":"auto","background-attachment":"scroll","background-type":"","background-media":"","overlay-type":"","overlay-color":"","overlay-opacity":"","overlay-gradient":""},"mobile":{"background-color":"var(--ast-global-color-5)","background-image":"","background-repeat":"repeat","background-position":"center center","background-size":"auto","background-attachment":"scroll","background-type":"","background-media":"","overlay-type":"","overlay-color":"","overlay-opacity":"","overlay-gradient":""}},"footnotes":""},"class_list":["post-5032","page","type-page","status-publish","hentry"],"post_mailing_queue_ids":[],"_links":{"self":[{"href":"https:\/\/agora.xtec.cat\/iesridaura\/wp-json\/wp\/v2\/pages\/5032","targetHints":{"allow":["GET"]}}],"collection":[{"href":"https:\/\/agora.xtec.cat\/iesridaura\/wp-json\/wp\/v2\/pages"}],"about":[{"href":"https:\/\/agora.xtec.cat\/iesridaura\/wp-json\/wp\/v2\/types\/page"}],"author":[{"embeddable":true,"href":"https:\/\/agora.xtec.cat\/iesridaura\/wp-json\/wp\/v2\/users\/1"}],"replies":[{"embeddable":true,"href":"https:\/\/agora.xtec.cat\/iesridaura\/wp-json\/wp\/v2\/comments?post=5032"}],"version-history":[{"count":4,"href":"https:\/\/agora.xtec.cat\/iesridaura\/wp-json\/wp\/v2\/pages\/5032\/revisions"}],"predecessor-version":[{"id":5075,"href":"https:\/\/agora.xtec.cat\/iesridaura\/wp-json\/wp\/v2\/pages\/5032\/revisions\/5075"}],"wp:attachment":[{"href":"https:\/\/agora.xtec.cat\/iesridaura\/wp-json\/wp\/v2\/media?parent=5032"}],"curies":[{"name":"wp","href":"https:\/\/api.w.org\/{rel}","templated":true}]}}