{"id":4961,"date":"2021-07-11T22:46:05","date_gmt":"2021-07-11T20:46:05","guid":{"rendered":"http:\/\/agora.xtec.cat\/iesridaura\/?page_id=4961"},"modified":"2022-05-13T14:52:14","modified_gmt":"2022-05-13T12:52:14","slug":"opt4-tecnologia","status":"publish","type":"page","link":"https:\/\/agora.xtec.cat\/iesridaura\/opt4-tecnologia\/","title":{"rendered":"Tecnologia"},"content":{"rendered":"<p><span style=\"color: #087eb6;\"><strong>Descripci\u00f3 i Objectius<\/strong><\/span><\/p>\n<p>Les tecnologies han adquirit una import\u00e0ncia progressiva en la vida de les persones i en el funcionament de la societat. La formaci\u00f3 requereix actualment una atenci\u00f3 espec\u00edfica a l&#8217;adquisici\u00f3 dels coneixements i habilitats necessaris per prendre decisions sobre l\u2019\u00fas d\u2019objectes i processos tecnol\u00f2gics, resoldre problemes relacionats amb ells i, en definitiva, per augmentar la capacitat d&#8217;actuar sobre l&#8217;entorn, i millorar la qualitat de vida.<br \/>\nL&#8217;ensenyament i aprenentatge d&#8217;aquesta mat\u00e8ria pret\u00e9n fomentar i desenvolupar les habilitats que permeten a l&#8217;alumnat la comprensi\u00f3 i manipulaci\u00f3, de la tecnologia incloent-hi l&#8217;\u00fas de les tecnologies de la informaci\u00f3 i la comunicaci\u00f3, Internet i les comunitats virtuals com eines importants en aquest proc\u00e9s.<br \/>\nL&#8217;activitat tecnol\u00f2gica requereix un enfocament integrat dels distints elements que intervenen: les solucions t\u00e8cniques tradicionals, el coneixement cient\u00edfic, l&#8217;aplicaci\u00f3 t\u00e8cnica, el component econ\u00f2mic, la dimensi\u00f3 est\u00e8tica, la dimensi\u00f3 comunicativa, etc.<\/p>\n<p><span style=\"color: #087eb6;\"><strong>Continguts<\/strong><\/span><\/p>\n<ul>\n\u00b7 L\u2019habitatge Elements que condicionen el disseny d\u2019un habitatge: situaci\u00f3, caracter\u00edstiques b\u00e0siques, necessitats dels usuaris, est\u00e8tica.<br \/>\n\u00b7 Protocol d\u2019acc\u00e9s a un habitatge: tr\u00e0mits per a la compra o lloguer, condicions d\u2019habitabilitat, acc\u00e9s als serveis.<br \/>\n\u00b7 Components que configuren les instal\u00b7lacions d\u2019un habitatge, la simbologia corresponent i el reconeixement de la normativa de seguretat. Identificaci\u00f3 del cost dels serveis b\u00e0sics.<br \/>\n\u00b7 T\u00e8cniques b\u00e0siques i materials de manteniment i reparaci\u00f3 d\u2019un habitatge. T\u00e8cniques de manteniment i reparaci\u00f3 en situacions concretes. Avantatges de la utilitzaci\u00f3 de nous materials als habitatges. Mesures de seguretat a l\u2019habitatge.<br \/>\n\u00b7 Estrat\u00e8gies d\u2019estalvi energ\u00e8tic i d\u2019aigua als habitatges: arquitectura bioclim\u00e0tica i dom\u00f2tica.<br \/>\n\u00b7 Comunicacions Elements i dispositius de comunicaci\u00f3 amb fils i sense: connexions i intercanvi d\u2019informaci\u00f3. o Tipologia de xarxes de comunicaci\u00f3.<br \/>\n\u00b7 Electr\u00f2nica, pneum\u00e0tica i hidr\u00e0ulica Circuits electr\u00f2nics anal\u00f2gics i digitals senzills, reconeixent-ne els components b\u00e0sics, la simbologia i el funcionament. Realitzaci\u00f3 de c\u00e0lculs.<br \/>\n\u00b7 \u00c0lgebra de Boole i portes l\u00f2giques.<br \/>\n\u00b7 Aplicacions de l\u2019electr\u00f2nica a processos t\u00e8cnics i aparells.<br \/>\n\u00b7 Components dels sistemes pneum\u00e0tic i hidr\u00e0ulic, reconeixent-ne la simbologia i els principis de funcionament.<br \/>\n\u00b7 Pneum\u00e0tica i hidr\u00e0ulica aplicada a la ind\u00fastria i altres entorns t\u00e8cnics. o Simuladors per analitzar el funcionament de circuits electr\u00f2nics i dissenyar circuits pneum\u00e0tics i hidr\u00e0ulics.<br \/>\n\u00b7 Disseny i muntatge de circuits electr\u00f2nics i pneum\u00e0tics que compleixin o realitzin una funci\u00f3 determinada.<br \/>\n\u00b7 Control i automatitzaci\u00f3 o Elements de control: sensors, actuadors i dispositius de comandament. Sistemes autom\u00e0tics: components i funcionament. Tecnologia de control en les instal\u00b7lacions dels habitatges i en la ind\u00fastria. o Disseny, planificaci\u00f3 i construcci\u00f3 de<br \/>\nsistemes autom\u00e0tics. L\u2019ordinador com a element de programaci\u00f3 i control. o simuladors inform\u00e0tics per comprendre el funcionament de sistemes autom\u00e0tics i fer-ne el disseny. M\u00e0quines autom\u00e0tiques i robots: automatismes. Arquitectura d\u2019un robot. Elements mec\u00e0nics i<br \/>\nel\u00e8ctrics necessaris per al seu moviment.<br \/>\n\u00b7 Disseny, construcci\u00f3 i programaci\u00f3 de robots.<br \/>\n\u00b7 Valoraci\u00f3 de la incid\u00e8ncia de l\u2019automatitzaci\u00f3 en el desenvolupament tecnol\u00f2gic al llarg de la hist\u00f2ria.\n<\/ul>\n<p><span style=\"color: #087eb6;\"><strong>Metodologia<\/strong><\/span><\/p>\n<p>La mat\u00e8ria tecnologia de 4t ESO ofereix un ampli ventall de metodologies i estrat\u00e8gies que, dins del marc del proc\u00e9s tecnol\u00f2gic, permeten arribar a la diversitat de capacitats i d&#8217;interessos de l&#8217;alumnat. Les diferents vessants de la mat\u00e8ria tamb\u00e9 permeten desenvolupar en l&#8217;alumnat h\u00e0bits i capacitats que els seran imprescindibles en el futur, com ara actuar amb correcci\u00f3 i seguretat, con\u00e8ixer i valorar les diferents formes d&#8217;incorporaci\u00f3 al m\u00f3n productiu, orientar-se cap a estudis posteriors o ser usuaris\/\u00e0ries cr\u00edtics\/ques i responsables de les tecnologies.\n<\/ul>\n<p><span style=\"color: #087eb6;\"><strong>Material<\/strong><\/span><\/p>\n<li>Material habitual de dibuix.<\/li>\n<li>Eines i materials del taller de tecnologia.<\/li>\n<li>Plaques Arduino.<\/li>\n<li>Ordinador.<\/li>\n<p><span style=\"color: #087eb6;\"><strong>Orientaci\u00f3<\/strong><\/span><\/p>\n<p>Mat\u00e8ria adequada per:<\/p>\n<ul>\n<li>Batxillerat cient\u00edfic, tecnol\u00f2gic, art\u00edstic<\/li>\n<li>Cicles formatius<\/li>\n<li>\u00c0mbit professional i\/o laboral<\/li>\n<li>Qualsevol itinerari acad\u00e8mic i\/o professional.<\/li>\n<\/ul>\n","protected":false},"excerpt":{"rendered":"<p>Descripci\u00f3 i Objectius Les tecnologies han adquirit una import\u00e0ncia progressiva en la vida de les persones i en el funcionament [&hellip;]<\/p>\n","protected":false},"author":1,"featured_media":0,"parent":0,"menu_order":0,"comment_status":"closed","ping_status":"closed","template":"","meta":{"_bbp_topic_count":0,"_bbp_reply_count":0,"_bbp_total_topic_count":0,"_bbp_total_reply_count":0,"_bbp_voice_count":0,"_bbp_anonymous_reply_count":0,"_bbp_topic_count_hidden":0,"_bbp_reply_count_hidden":0,"_bbp_forum_subforum_count":0,"site-sidebar-layout":"default","site-content-layout":"","ast-site-content-layout":"","site-content-style":"default","site-sidebar-style":"default","ast-global-header-display":"","ast-banner-title-visibility":"","ast-main-header-display":"","ast-hfb-above-header-display":"","ast-hfb-below-header-display":"","ast-hfb-mobile-header-display":"","site-post-title":"","ast-breadcrumbs-content":"","ast-featured-img":"","footer-sml-layout":"","theme-transparent-header-meta":"","adv-header-id-meta":"","stick-header-meta":"","header-above-stick-meta":"","header-main-stick-meta":"","header-below-stick-meta":"","astra-migrate-meta-layouts":"default","ast-page-background-enabled":"default","ast-page-background-meta":{"desktop":{"background-color":"var(--ast-global-color-4)","background-image":"","background-repeat":"repeat","background-position":"center center","background-size":"auto","background-attachment":"scroll","background-type":"","background-media":"","overlay-type":"","overlay-color":"","overlay-opacity":"","overlay-gradient":""},"tablet":{"background-color":"","background-image":"","background-repeat":"repeat","background-position":"center center","background-size":"auto","background-attachment":"scroll","background-type":"","background-media":"","overlay-type":"","overlay-color":"","overlay-opacity":"","overlay-gradient":""},"mobile":{"background-color":"","background-image":"","background-repeat":"repeat","background-position":"center center","background-size":"auto","background-attachment":"scroll","background-type":"","background-media":"","overlay-type":"","overlay-color":"","overlay-opacity":"","overlay-gradient":""}},"ast-content-background-meta":{"desktop":{"background-color":"var(--ast-global-color-5)","background-image":"","background-repeat":"repeat","background-position":"center center","background-size":"auto","background-attachment":"scroll","background-type":"","background-media":"","overlay-type":"","overlay-color":"","overlay-opacity":"","overlay-gradient":""},"tablet":{"background-color":"var(--ast-global-color-5)","background-image":"","background-repeat":"repeat","background-position":"center center","background-size":"auto","background-attachment":"scroll","background-type":"","background-media":"","overlay-type":"","overlay-color":"","overlay-opacity":"","overlay-gradient":""},"mobile":{"background-color":"var(--ast-global-color-5)","background-image":"","background-repeat":"repeat","background-position":"center center","background-size":"auto","background-attachment":"scroll","background-type":"","background-media":"","overlay-type":"","overlay-color":"","overlay-opacity":"","overlay-gradient":""}},"footnotes":""},"class_list":["post-4961","page","type-page","status-publish","hentry"],"post_mailing_queue_ids":[],"_links":{"self":[{"href":"https:\/\/agora.xtec.cat\/iesridaura\/wp-json\/wp\/v2\/pages\/4961","targetHints":{"allow":["GET"]}}],"collection":[{"href":"https:\/\/agora.xtec.cat\/iesridaura\/wp-json\/wp\/v2\/pages"}],"about":[{"href":"https:\/\/agora.xtec.cat\/iesridaura\/wp-json\/wp\/v2\/types\/page"}],"author":[{"embeddable":true,"href":"https:\/\/agora.xtec.cat\/iesridaura\/wp-json\/wp\/v2\/users\/1"}],"replies":[{"embeddable":true,"href":"https:\/\/agora.xtec.cat\/iesridaura\/wp-json\/wp\/v2\/comments?post=4961"}],"version-history":[{"count":3,"href":"https:\/\/agora.xtec.cat\/iesridaura\/wp-json\/wp\/v2\/pages\/4961\/revisions"}],"predecessor-version":[{"id":5825,"href":"https:\/\/agora.xtec.cat\/iesridaura\/wp-json\/wp\/v2\/pages\/4961\/revisions\/5825"}],"wp:attachment":[{"href":"https:\/\/agora.xtec.cat\/iesridaura\/wp-json\/wp\/v2\/media?parent=4961"}],"curies":[{"name":"wp","href":"https:\/\/api.w.org\/{rel}","templated":true}]}}