{"id":4068,"date":"2020-05-11T14:11:18","date_gmt":"2020-05-11T12:11:18","guid":{"rendered":"http:\/\/agora.xtec.cat\/iesridaura\/?page_id=4068"},"modified":"2020-05-12T22:20:54","modified_gmt":"2020-05-12T20:20:54","slug":"preinscripcio-presencial-eso-i-batxillerat","status":"publish","type":"page","link":"https:\/\/agora.xtec.cat\/iesridaura\/preinscripcio-presencial-eso-i-batxillerat\/","title":{"rendered":"Preinscripci\u00f3 presencial ESO"},"content":{"rendered":"<p><span style=\"color: #087eb6;\"><strong>Qui ha de fer la preinscripci\u00f3 ?<\/strong><\/span><\/p>\n<p>Han de fer la preinscripci\u00f3 els alumnes que s&#8217;incorporen a 1r d&#8217;ESO i els alumnes de nova incorporaci\u00f3 a l&#8217;Institut Ridaura de qualsevol curs de l&#8217;ESO.<\/p>\n<p><span style=\"color: #087eb6;\"><strong>Quin \u00e9s el calendari de preinscripci\u00f3 presencial ?<\/strong><\/span><\/p>\n<p>La presentaci\u00f3 de sol\u00b7licituds de preinscripcions d&#8217;ESO de forma presencial es dur\u00e0 a terme del <strong>19 al 22 de maig 2020<\/strong>, exclusivament amb cita pr\u00e8via.<\/p>\n<p><span style=\"color: #087eb6;\"><strong>Quins documents haig d&#8217;aportar presencialment ?<\/strong><\/span><\/p>\n<p>Si \u00e9s possible, cal que ompliu i imprimiu pr\u00e8viament la <a href=\"https:\/\/agora.xtec.cat\/iesridaura\/wp-content\/uploads\/usu1163\/2020\/05\/A42.pdf\">SOL\u00b7LICITUD DE PREINSCRIPCI\u00d3<\/a>, aix\u00ed com aportar la seg\u00fcent documentaci\u00f3 :<\/p>\n<ul>\n<li>original i fotoc\u00f2pia del Llibre de fam\u00edlia (p\u00e0gina progenitors i fill a inscriure a l&#8217;Institut),<\/li>\n<li>original i fotoc\u00f2pia del Document d&#8217;identitat (DNI, NIE o Passaport) de la persona sol\u00b7licitant i de l&#8217;alumne.<\/li>\n<\/ul>\n<p><span style=\"color: #087eb6;\"><strong>Hi ha horari d&#8217;atenci\u00f3 presencial ?<\/strong><\/span><\/p>\n<p>S\u00ed, exclusivament amb cita pr\u00e8via, trucant al 972.82.60.09, del 19 al 22 de maig 2020, de 9:00 del mat\u00ed a 13:00 del migdia.<\/p>\n<p><span style=\"color: #087eb6;\"><strong>Quines s\u00f3n les mesures de prevenci\u00f3 establertes per a l&#8217;atenci\u00f3 presencial ?<\/strong><\/span><\/p>\n<p>&#8211; Nom\u00e9s podr\u00e0 accedir al centre una sola persona per inscripci\u00f3.<br \/>\n&#8211; Cal portar la documentaci\u00f3 original per a poder-la escanejar o fotocopiar, i la sol\u00b7licitud emplenada des de casa.<br \/>\n&#8211; Cal portar un bol\u00edgraf propi.<br \/>\n&#8211; Cal portar mascareta i guants.<br \/>\n&#8211; No podran acudir al centre les persones de grups d&#8217;especial vulnerabilitat o en per\u00edode de confinament, o que presentin s\u00edmptomes; en aquest cas poden autoritzar per escrit a una altra persona a portar la sol\u00b7licitud i la documentaci\u00f3.<\/p>\n<p>&nbsp;<\/p>\n<p>M\u00e9s informaci\u00f3 sobre les preinscripcions al correu electr\u00f2nic de l&#8217;Institut Ridaura, <strong>b7006691@xtec.cat<\/strong>, o a la web del <a href=\"http:\/\/queestudiar.gencat.cat\/ca\/preinscripcio\/\">Departament d&#8217;Educaci\u00f3<\/a>.<\/p>\n","protected":false},"excerpt":{"rendered":"<p>Qui ha de fer la preinscripci\u00f3 ? Han de fer la preinscripci\u00f3 els alumnes que s&#8217;incorporen a 1r d&#8217;ESO i [&hellip;]<\/p>\n","protected":false},"author":1,"featured_media":0,"parent":0,"menu_order":0,"comment_status":"closed","ping_status":"closed","template":"","meta":{"_bbp_topic_count":0,"_bbp_reply_count":0,"_bbp_total_topic_count":0,"_bbp_total_reply_count":0,"_bbp_voice_count":0,"_bbp_anonymous_reply_count":0,"_bbp_topic_count_hidden":0,"_bbp_reply_count_hidden":0,"_bbp_forum_subforum_count":0,"site-sidebar-layout":"default","site-content-layout":"","ast-site-content-layout":"","site-content-style":"default","site-sidebar-style":"default","ast-global-header-display":"","ast-banner-title-visibility":"","ast-main-header-display":"","ast-hfb-above-header-display":"","ast-hfb-below-header-display":"","ast-hfb-mobile-header-display":"","site-post-title":"","ast-breadcrumbs-content":"","ast-featured-img":"","footer-sml-layout":"","theme-transparent-header-meta":"","adv-header-id-meta":"","stick-header-meta":"","header-above-stick-meta":"","header-main-stick-meta":"","header-below-stick-meta":"","astra-migrate-meta-layouts":"default","ast-page-background-enabled":"default","ast-page-background-meta":{"desktop":{"background-color":"var(--ast-global-color-4)","background-image":"","background-repeat":"repeat","background-position":"center center","background-size":"auto","background-attachment":"scroll","background-type":"","background-media":"","overlay-type":"","overlay-color":"","overlay-opacity":"","overlay-gradient":""},"tablet":{"background-color":"","background-image":"","background-repeat":"repeat","background-position":"center center","background-size":"auto","background-attachment":"scroll","background-type":"","background-media":"","overlay-type":"","overlay-color":"","overlay-opacity":"","overlay-gradient":""},"mobile":{"background-color":"","background-image":"","background-repeat":"repeat","background-position":"center center","background-size":"auto","background-attachment":"scroll","background-type":"","background-media":"","overlay-type":"","overlay-color":"","overlay-opacity":"","overlay-gradient":""}},"ast-content-background-meta":{"desktop":{"background-color":"var(--ast-global-color-5)","background-image":"","background-repeat":"repeat","background-position":"center center","background-size":"auto","background-attachment":"scroll","background-type":"","background-media":"","overlay-type":"","overlay-color":"","overlay-opacity":"","overlay-gradient":""},"tablet":{"background-color":"var(--ast-global-color-5)","background-image":"","background-repeat":"repeat","background-position":"center center","background-size":"auto","background-attachment":"scroll","background-type":"","background-media":"","overlay-type":"","overlay-color":"","overlay-opacity":"","overlay-gradient":""},"mobile":{"background-color":"var(--ast-global-color-5)","background-image":"","background-repeat":"repeat","background-position":"center center","background-size":"auto","background-attachment":"scroll","background-type":"","background-media":"","overlay-type":"","overlay-color":"","overlay-opacity":"","overlay-gradient":""}},"footnotes":""},"class_list":["post-4068","page","type-page","status-publish","hentry"],"post_mailing_queue_ids":[],"_links":{"self":[{"href":"https:\/\/agora.xtec.cat\/iesridaura\/wp-json\/wp\/v2\/pages\/4068","targetHints":{"allow":["GET"]}}],"collection":[{"href":"https:\/\/agora.xtec.cat\/iesridaura\/wp-json\/wp\/v2\/pages"}],"about":[{"href":"https:\/\/agora.xtec.cat\/iesridaura\/wp-json\/wp\/v2\/types\/page"}],"author":[{"embeddable":true,"href":"https:\/\/agora.xtec.cat\/iesridaura\/wp-json\/wp\/v2\/users\/1"}],"replies":[{"embeddable":true,"href":"https:\/\/agora.xtec.cat\/iesridaura\/wp-json\/wp\/v2\/comments?post=4068"}],"version-history":[{"count":4,"href":"https:\/\/agora.xtec.cat\/iesridaura\/wp-json\/wp\/v2\/pages\/4068\/revisions"}],"predecessor-version":[{"id":4164,"href":"https:\/\/agora.xtec.cat\/iesridaura\/wp-json\/wp\/v2\/pages\/4068\/revisions\/4164"}],"wp:attachment":[{"href":"https:\/\/agora.xtec.cat\/iesridaura\/wp-json\/wp\/v2\/media?parent=4068"}],"curies":[{"name":"wp","href":"https:\/\/api.w.org\/{rel}","templated":true}]}}