{"id":4066,"date":"2020-05-11T14:09:37","date_gmt":"2020-05-11T12:09:37","guid":{"rendered":"http:\/\/agora.xtec.cat\/iesridaura\/?page_id=4066"},"modified":"2020-05-22T13:54:42","modified_gmt":"2020-05-22T11:54:42","slug":"preinscripcio-telematica-batxillerat","status":"publish","type":"page","link":"https:\/\/agora.xtec.cat\/iesridaura\/preinscripcio-telematica-batxillerat\/","title":{"rendered":"Preinscripci\u00f3 telem\u00e0tica BATXILLERAT"},"content":{"rendered":"<p><span style=\"color: #087eb6;\"><strong>Qui ha de fer la preinscripci\u00f3 ?<\/strong><\/span><\/p>\n<p>Han de fer la preinscripci\u00f3 els alumnes que s&#8217;incorporen a BATXIBAC i els alumnes de nova incorporaci\u00f3 a l&#8217;Institut Ridaura, tant a 1r com a 2n de BATXILLERAT. Els alumnes de 4t d&#8217;ESO que s&#8217;incorporen al Batxillerat des del mateix Institut Ridaura <strong>NO CAL FER PREINSCRIPCI\u00d3<\/strong> (Nom\u00e9s respondre el<strong> formulari<\/strong> que se&#8217;ls ha facilitat des de Direcci\u00f3).<\/p>\n<p><span style=\"color: #087eb6;\"><strong>Quin \u00e9s el calendari de preinscripci\u00f3 ?<\/strong><\/span><\/p>\n<p>La presentaci\u00f3 de sol\u00b7licituds de preinscripcions de BATXIBAC (Batxillerat + Baccalaur\u00e9at) mitjan\u00e7ant suport inform\u00e0tic, \u00e9s a dir, de forma telem\u00e0tica, es dur\u00e0 a terme <strong>del 18 al 22 de maig 2020<\/strong>.<br \/>\nLa presentaci\u00f3 de sol\u00b7licituds de preinscripcions d&#8217;alumnat nou de BATXILLERAT mitjan\u00e7ant suport inform\u00e0tic, \u00e9s a dir, de forma telem\u00e0tica, es dur\u00e0 a terme <strong>del 27 de maig al 3 de juny 2020<\/strong>.<br \/>\nLa matr\u00edcula definitiva, tant per al BatxiBac com per al Batxillerat, s&#8217;haur\u00e0 de formalitzar de forma obligat\u00f2ria del <strong>8 al 14 de juliol 2020<\/strong> (s&#8217;informar\u00e0 m\u00e9s endavant d&#8217;aquest procediment).<\/p>\n<p><span style=\"color: #087eb6;\"><strong>Com accedeixo a l&#8217;aplicatiu de preinscripci\u00f3 ?<\/strong><\/span><\/p>\n<p>Preinscripci\u00f3 telem\u00e0tica <strong>BATXIBAC<\/strong> (Batxillerat + Baccalaur\u00e9at) : clicant al seg\u00fcent <strong><a href=\"http:\/\/ensenyament.gencat.cat\/ca\/tramits\/tramits-temes\/9388-batxillerat?category=&amp;moda=2\">ENLLA\u00c7 BATXIBAC<\/a><\/strong>\u00a0(pestanya\u00a0<em>\u201cper Internet\u201d<\/em>). Un cop dins l\u2019aplicatiu em demana el codi de centre; el de l\u2019Institut Ridaura \u00e9s\u00a0<strong>17006691<\/strong>.<\/p>\n<p>Preinscripci\u00f3 telem\u00e0tica <strong>BATXILLERAT<\/strong> : clicant al seg\u00fcent <strong><a href=\"http:\/\/ensenyament.gencat.cat\/ca\/tramits\/tramits-temes\/9388-batxillerat\">ENLLA\u00c7 BATXILLERAT<\/a> <\/strong>(pestanya\u00a0<em>\u201cper Internet\u201d<\/em>). Un cop dins l\u2019aplicatiu em demana el codi de centre; el de l\u2019Institut Ridaura \u00e9s<strong>17006691.<\/strong><\/p>\n<p>Consulteu la <a href=\"http:\/\/queestudiar.gencat.cat\/ca\/preinscripcio\/estudis\/batxillerat\/documentacio\/\">documentaci\u00f3 i criteris de prioritat<\/a>\u00a0de Batxillerat.<\/p>\n<p><span style=\"color: #087eb6;\"><strong>Quina documentaci\u00f3 haig de fer arribar a l\u2019Institut ?<\/strong><\/span><\/p>\n<p>Un cop formalitzada la preinscripci\u00f3 telem\u00e0tica, he d\u2019enviar un mail a l\u2019Institut Ridaura, a l\u2019adre\u00e7a\u00a0<strong>b7006691@xtec.cat<\/strong>, adjuntant :<br \/>\n\u2013 Resguard de la sol\u00b7licitud telem\u00e0tica,<br \/>\n\u2013 Llibre de fam\u00edlia (p\u00e0gina progenitors i fill a inscriure a l\u2019Institut), escanejat o fotografiat, i<br \/>\n\u2013 Document d\u2019identitat (DNI, NIE o Passaport) de la persona sol\u00b7licitant i de l\u2019alumne, escanejat o fotografiat. <strong><em>NO cal aportar el certificat d&#8217;empadronament ni de conviv\u00e8ncia<\/em><\/strong><em style=\"font-family: inherit; font-size: 1em;\">.<\/em><br \/>\n\u2013 A m\u00e9s, cal que en el correu electr\u00f2nic hi fagi constar la modalitat de Batxillerat (Social, Human\u00edstic, Cient\u00edfic o Tecnol\u00f2gic) i les mat\u00e8ries de modalitat a les que em voldr\u00e9 inscriure quan s&#8217;obri el per\u00edode de matr\u00edcula.<\/p>\n<p>Cal que en el\u00a0assumpte del correu electr\u00f2nic\u00a0indiqueu :\u00a0<strong>COGNOMS, Nom\u00a0<\/strong><em>(de l\u2019alumne)<\/em><strong> i INSTITUT o ESCOLA DE PROCED\u00c8NCIA<\/strong>.<\/p>\n<p><span style=\"color: #087eb6;\"><strong>I si no puc fer la preinscripci\u00f3 telem\u00e0ticament ?<\/strong><\/span><\/p>\n<p>He de contactar amb el centre per sol\u00b7licitar cita pr\u00e8via, fins al 22 de maig 2020, de 9:00 del mat\u00ed a 13:00 del migdia, al tel\u00e8fon 972.82.60.09.<\/p>\n<p><span style=\"color: #087eb6;\"><strong>Hi ha horari d\u2019atenci\u00f3 presencial ?<\/strong><\/span><\/p>\n<p>S\u00ed, exclusivament amb cita pr\u00e8via, trucant al 972.82.60.09, del 19 al 22 de maig 2020, de 9:00 del mat\u00ed a 13:00 del migdia.<\/p>\n<p>&nbsp;<\/p>\n<p>M\u00e9s informaci\u00f3 sobre les preinscripcions al correu electr\u00f2nic de l&#8217;Institut Ridaura, <strong>b7006691@xtec.cat<\/strong>, o a la web del <a href=\"http:\/\/queestudiar.gencat.cat\/ca\/preinscripcio\/\">Departament d&#8217;Educaci\u00f3<\/a>.<\/p>\n","protected":false},"excerpt":{"rendered":"<p>Qui ha de fer la preinscripci\u00f3 ? Han de fer la preinscripci\u00f3 els alumnes que s&#8217;incorporen a BATXIBAC i els [&hellip;]<\/p>\n","protected":false},"author":1,"featured_media":0,"parent":0,"menu_order":0,"comment_status":"closed","ping_status":"closed","template":"","meta":{"_bbp_topic_count":0,"_bbp_reply_count":0,"_bbp_total_topic_count":0,"_bbp_total_reply_count":0,"_bbp_voice_count":0,"_bbp_anonymous_reply_count":0,"_bbp_topic_count_hidden":0,"_bbp_reply_count_hidden":0,"_bbp_forum_subforum_count":0,"site-sidebar-layout":"default","site-content-layout":"","ast-site-content-layout":"","site-content-style":"default","site-sidebar-style":"default","ast-global-header-display":"","ast-banner-title-visibility":"","ast-main-header-display":"","ast-hfb-above-header-display":"","ast-hfb-below-header-display":"","ast-hfb-mobile-header-display":"","site-post-title":"","ast-breadcrumbs-content":"","ast-featured-img":"","footer-sml-layout":"","theme-transparent-header-meta":"","adv-header-id-meta":"","stick-header-meta":"","header-above-stick-meta":"","header-main-stick-meta":"","header-below-stick-meta":"","astra-migrate-meta-layouts":"default","ast-page-background-enabled":"default","ast-page-background-meta":{"desktop":{"background-color":"var(--ast-global-color-4)","background-image":"","background-repeat":"repeat","background-position":"center center","background-size":"auto","background-attachment":"scroll","background-type":"","background-media":"","overlay-type":"","overlay-color":"","overlay-opacity":"","overlay-gradient":""},"tablet":{"background-color":"","background-image":"","background-repeat":"repeat","background-position":"center center","background-size":"auto","background-attachment":"scroll","background-type":"","background-media":"","overlay-type":"","overlay-color":"","overlay-opacity":"","overlay-gradient":""},"mobile":{"background-color":"","background-image":"","background-repeat":"repeat","background-position":"center center","background-size":"auto","background-attachment":"scroll","background-type":"","background-media":"","overlay-type":"","overlay-color":"","overlay-opacity":"","overlay-gradient":""}},"ast-content-background-meta":{"desktop":{"background-color":"var(--ast-global-color-5)","background-image":"","background-repeat":"repeat","background-position":"center center","background-size":"auto","background-attachment":"scroll","background-type":"","background-media":"","overlay-type":"","overlay-color":"","overlay-opacity":"","overlay-gradient":""},"tablet":{"background-color":"var(--ast-global-color-5)","background-image":"","background-repeat":"repeat","background-position":"center center","background-size":"auto","background-attachment":"scroll","background-type":"","background-media":"","overlay-type":"","overlay-color":"","overlay-opacity":"","overlay-gradient":""},"mobile":{"background-color":"var(--ast-global-color-5)","background-image":"","background-repeat":"repeat","background-position":"center center","background-size":"auto","background-attachment":"scroll","background-type":"","background-media":"","overlay-type":"","overlay-color":"","overlay-opacity":"","overlay-gradient":""}},"footnotes":""},"class_list":["post-4066","page","type-page","status-publish","hentry"],"post_mailing_queue_ids":[],"_links":{"self":[{"href":"https:\/\/agora.xtec.cat\/iesridaura\/wp-json\/wp\/v2\/pages\/4066","targetHints":{"allow":["GET"]}}],"collection":[{"href":"https:\/\/agora.xtec.cat\/iesridaura\/wp-json\/wp\/v2\/pages"}],"about":[{"href":"https:\/\/agora.xtec.cat\/iesridaura\/wp-json\/wp\/v2\/types\/page"}],"author":[{"embeddable":true,"href":"https:\/\/agora.xtec.cat\/iesridaura\/wp-json\/wp\/v2\/users\/1"}],"replies":[{"embeddable":true,"href":"https:\/\/agora.xtec.cat\/iesridaura\/wp-json\/wp\/v2\/comments?post=4066"}],"version-history":[{"count":3,"href":"https:\/\/agora.xtec.cat\/iesridaura\/wp-json\/wp\/v2\/pages\/4066\/revisions"}],"predecessor-version":[{"id":4197,"href":"https:\/\/agora.xtec.cat\/iesridaura\/wp-json\/wp\/v2\/pages\/4066\/revisions\/4197"}],"wp:attachment":[{"href":"https:\/\/agora.xtec.cat\/iesridaura\/wp-json\/wp\/v2\/media?parent=4066"}],"curies":[{"name":"wp","href":"https:\/\/api.w.org\/{rel}","templated":true}]}}