{"id":4064,"date":"2020-05-11T14:08:30","date_gmt":"2020-05-11T12:08:30","guid":{"rendered":"http:\/\/agora.xtec.cat\/iesridaura\/?page_id=4064"},"modified":"2020-05-18T13:11:47","modified_gmt":"2020-05-18T11:11:47","slug":"preinscipcio-telematica-eso","status":"publish","type":"page","link":"https:\/\/agora.xtec.cat\/iesridaura\/preinscipcio-telematica-eso\/","title":{"rendered":"Preinscipci\u00f3 telem\u00e0tica ESO"},"content":{"rendered":"<p><span style=\"color: #087eb6;\"><strong>Qui ha de fer la preinscripci\u00f3 ?<\/strong><\/span><\/p>\n<p>Han de fer la preinscripci\u00f3 els alumnes que s&#8217;incorporen a 1r d&#8217;ESO i els alumnes de nova incorporaci\u00f3 a l&#8217;Institut Ridaura de qualsevol curs d&#8217;ESO.<\/p>\n<p><span style=\"color: #087eb6;\"><strong>Quin \u00e9s el calendari de preinscripci\u00f3 ?<\/strong><\/span><\/p>\n<p>La presentaci\u00f3 de sol\u00b7licituds de preinscripcions d&#8217;ESO mitjan\u00e7ant suport inform\u00e0tic, \u00e9s a dir, <span style=\"text-decoration: underline;\">de forma telem\u00e0tica<\/span>, es dur\u00e0 a terme <strong>del 13 al 22 de maig 2020<\/strong>.<br \/>\nLa presentaci\u00f3 de sol\u00b7licituds de preinscripcions d&#8217;ESO <span style=\"text-decoration: underline;\">de forma presencial<\/span> es dur\u00e0 a terme <strong>del 19 al 22 de maig 2020<\/strong>, <strong>exclusivament amb cita pr\u00e8via<\/strong>.<br \/>\nLa matr\u00edcula definitiva s&#8217;haur\u00e0 de formalitzar de forma obligat\u00f2ria del <strong>13 al 17 de juliol 2020<\/strong> (s&#8217;informar\u00e0 m\u00e9s endavant d&#8217;aquest procediment).<\/p>\n<p><span style=\"color: #087eb6;\"><strong>Com accedeixo a l&#8217;aplicatiu de preinscripci\u00f3 ?<\/strong><\/span><\/p>\n<p>Per a formalitzar la sol\u00b7licitud de preinscripci\u00f3 caldr\u00e0 entrar en el seg\u00fcent <a href=\"http:\/\/ensenyament.gencat.cat\/ca\/tramits\/tramits-temes\/20483_preinscripcio_escolar?moda=1\"><strong>ENLLA\u00c7<\/strong><\/a>\u00a0(pestanya <em>&#8220;per Internet&#8221;<\/em>). Un cop dins l&#8217;aplicatiu em demana el codi de centre; el de l&#8217;Institut Ridaura \u00e9s <strong>17006691<\/strong>.<br \/>\nConsulteu la <a href=\"http:\/\/queestudiar.gencat.cat\/ca\/preinscripcio\/estudis\/obligatoris\/documentacio\/\">documentaci\u00f3 i criteris de prioritat<\/a> de l&#8217;Educaci\u00f3 Secund\u00e0ria Obligat\u00f2ria.<\/p>\n<p><span style=\"color: #087eb6;\"><strong>Quina documentaci\u00f3 haig de fer arribar a l&#8217;Institut ?<\/strong><\/span><\/p>\n<p>Un cop formalitzada la preinscripci\u00f3 telem\u00e0tica, he d&#8217;enviar un mail a l&#8217;Institut Ridaura, a l&#8217;adre\u00e7a <strong>b7006691@xtec.cat<\/strong>, adjuntant :<br \/>\n&#8211; Resguard de la sol\u00b7licitud telem\u00e0tica,<br \/>\n&#8211; Llibre de fam\u00edlia (p\u00e0gina progenitors i fill a inscriure a l\u2019Institut), escanejat o fotografiat, i<br \/>\n&#8211; Document d\u2019identitat (DNI, NIE o Passaport) de la persona sol\u00b7licitant i de l\u2019alumne, escanejat o fotografiat.\u00a0<strong><em>NO cal aportar el certificat d&#8217;empadronament ni de conviv\u00e8ncia<\/em><\/strong><em style=\"font-family: inherit; font-size: 1em;\">.<\/em><\/p>\n<p>Cal que en el <span style=\"text-decoration: underline;\">assumpte del correu electr\u00f2nic<\/span> indiqueu : <strong>COGNOMS, Nom <\/strong><em>(de l&#8217;alumne)<\/em><strong> i ESCOLA DE PROCED\u00c8NCIA<\/strong>.<\/p>\n<p><span style=\"color: #087eb6;\"><strong>I si no puc fer la preinscripci\u00f3 telem\u00e0ticament ?<\/strong><\/span><\/p>\n<p>He de contactar amb el centre per sol\u00b7licitar cita pr\u00e8via, del 13 al 22 de maig 2020, de 9:00 del mat\u00ed a 13:00 del migdia, al tel\u00e8fon 972.82.60.09.<\/p>\n<p><span style=\"color: #087eb6;\"><strong>Hi ha horari d&#8217;atenci\u00f3 presencial ?<\/strong><\/span><\/p>\n<p>S\u00ed, exclusivament amb cita pr\u00e8via, trucant al 972.82.60.09, del 19 al 22 de maig 2020, de 9:00 del mat\u00ed a 13:00 del migdia.<\/p>\n<p>&nbsp;<\/p>\n<p>M\u00e9s informaci\u00f3 sobre les preinscripcions al correu electr\u00f2nic de l&#8217;Institut Ridaura, <strong>b7006691@xtec.cat<\/strong>, o a la web del <a href=\"http:\/\/queestudiar.gencat.cat\/ca\/preinscripcio\/\">Departament d&#8217;Educaci\u00f3<\/a>.<\/p>\n","protected":false},"excerpt":{"rendered":"<p>Qui ha de fer la preinscripci\u00f3 ? Han de fer la preinscripci\u00f3 els alumnes que s&#8217;incorporen a 1r d&#8217;ESO i [&hellip;]<\/p>\n","protected":false},"author":1,"featured_media":0,"parent":0,"menu_order":0,"comment_status":"closed","ping_status":"closed","template":"","meta":{"_bbp_topic_count":0,"_bbp_reply_count":0,"_bbp_total_topic_count":0,"_bbp_total_reply_count":0,"_bbp_voice_count":0,"_bbp_anonymous_reply_count":0,"_bbp_topic_count_hidden":0,"_bbp_reply_count_hidden":0,"_bbp_forum_subforum_count":0,"site-sidebar-layout":"default","site-content-layout":"","ast-site-content-layout":"","site-content-style":"default","site-sidebar-style":"default","ast-global-header-display":"","ast-banner-title-visibility":"","ast-main-header-display":"","ast-hfb-above-header-display":"","ast-hfb-below-header-display":"","ast-hfb-mobile-header-display":"","site-post-title":"","ast-breadcrumbs-content":"","ast-featured-img":"","footer-sml-layout":"","theme-transparent-header-meta":"","adv-header-id-meta":"","stick-header-meta":"","header-above-stick-meta":"","header-main-stick-meta":"","header-below-stick-meta":"","astra-migrate-meta-layouts":"default","ast-page-background-enabled":"default","ast-page-background-meta":{"desktop":{"background-color":"var(--ast-global-color-4)","background-image":"","background-repeat":"repeat","background-position":"center center","background-size":"auto","background-attachment":"scroll","background-type":"","background-media":"","overlay-type":"","overlay-color":"","overlay-opacity":"","overlay-gradient":""},"tablet":{"background-color":"","background-image":"","background-repeat":"repeat","background-position":"center center","background-size":"auto","background-attachment":"scroll","background-type":"","background-media":"","overlay-type":"","overlay-color":"","overlay-opacity":"","overlay-gradient":""},"mobile":{"background-color":"","background-image":"","background-repeat":"repeat","background-position":"center center","background-size":"auto","background-attachment":"scroll","background-type":"","background-media":"","overlay-type":"","overlay-color":"","overlay-opacity":"","overlay-gradient":""}},"ast-content-background-meta":{"desktop":{"background-color":"var(--ast-global-color-5)","background-image":"","background-repeat":"repeat","background-position":"center center","background-size":"auto","background-attachment":"scroll","background-type":"","background-media":"","overlay-type":"","overlay-color":"","overlay-opacity":"","overlay-gradient":""},"tablet":{"background-color":"var(--ast-global-color-5)","background-image":"","background-repeat":"repeat","background-position":"center center","background-size":"auto","background-attachment":"scroll","background-type":"","background-media":"","overlay-type":"","overlay-color":"","overlay-opacity":"","overlay-gradient":""},"mobile":{"background-color":"var(--ast-global-color-5)","background-image":"","background-repeat":"repeat","background-position":"center center","background-size":"auto","background-attachment":"scroll","background-type":"","background-media":"","overlay-type":"","overlay-color":"","overlay-opacity":"","overlay-gradient":""}},"footnotes":""},"class_list":["post-4064","page","type-page","status-publish","hentry"],"post_mailing_queue_ids":[],"_links":{"self":[{"href":"https:\/\/agora.xtec.cat\/iesridaura\/wp-json\/wp\/v2\/pages\/4064","targetHints":{"allow":["GET"]}}],"collection":[{"href":"https:\/\/agora.xtec.cat\/iesridaura\/wp-json\/wp\/v2\/pages"}],"about":[{"href":"https:\/\/agora.xtec.cat\/iesridaura\/wp-json\/wp\/v2\/types\/page"}],"author":[{"embeddable":true,"href":"https:\/\/agora.xtec.cat\/iesridaura\/wp-json\/wp\/v2\/users\/1"}],"replies":[{"embeddable":true,"href":"https:\/\/agora.xtec.cat\/iesridaura\/wp-json\/wp\/v2\/comments?post=4064"}],"version-history":[{"count":4,"href":"https:\/\/agora.xtec.cat\/iesridaura\/wp-json\/wp\/v2\/pages\/4064\/revisions"}],"predecessor-version":[{"id":4193,"href":"https:\/\/agora.xtec.cat\/iesridaura\/wp-json\/wp\/v2\/pages\/4064\/revisions\/4193"}],"wp:attachment":[{"href":"https:\/\/agora.xtec.cat\/iesridaura\/wp-json\/wp\/v2\/media?parent=4064"}],"curies":[{"name":"wp","href":"https:\/\/api.w.org\/{rel}","templated":true}]}}