{"id":3949,"date":"2020-05-01T22:58:33","date_gmt":"2020-05-01T20:58:33","guid":{"rendered":"http:\/\/agora.xtec.cat\/iesridaura\/?page_id=3949"},"modified":"2023-04-12T19:40:37","modified_gmt":"2023-04-12T17:40:37","slug":"opt4-robotica","status":"publish","type":"page","link":"https:\/\/agora.xtec.cat\/iesridaura\/opt4-robotica\/","title":{"rendered":"Programaci\u00f3 i Rob\u00f2tica"},"content":{"rendered":"<p><span style=\"color: #087eb6;\"><strong>Descripci\u00f3 i Objectius<\/strong><\/span><\/p>\n<p>La mat\u00e8ria de Programaci\u00f3 i Rob\u00f2tica pret\u00e9n que l\u2019alumnat desenvolupi compet\u00e8ncies per plantejar solucions innovadores i creatives en la resoluci\u00f3 de problemes mitjan\u00e7ant el disseny, programaci\u00f3 i prototipatge de sistemes automatitzats i robots.<\/p>\n<p>S\u2019utilitzaran robots <em>Lego Mindstorms<\/em> i programaci\u00f3 amb <em>Python<\/em> amb l\u2019oportunitat de participar a la <a href=\"https:\/\/www.firstlegoleague.soy\/\">FIRST Lego League<\/a> i a <a href=\"https:\/\/codewarsbcn.hpcloud.hp.com\/\">HP CodeWars BCN<\/a>.<\/p>\n<p><span style=\"color: #087eb6;\"><strong>Continguts<\/strong><\/span><\/p>\n<ul>\n<li>La mat\u00e8ria de Rob\u00f2tica s\u2019estructura en tres blocs:\n<ul>\n<li><strong>Estrat\u00e8gies de pensament de disseny i gesti\u00f3 de projectes col\u00b7laboratius<\/strong>: recull el desenvolupament de projectes aplicant processos de disseny per investigar, generar i perfeccionar idees, planificar, produir i avaluar solucions dissenyades i desenvolupen la seva capacitat per desenvolupar productes i entorns innovadors.<\/li>\n<li><strong>Pensament computacional, llenguatges i estructures de programaci\u00f3<\/strong>: t\u00e9 per objecte la comprensi\u00f3 dels fonaments d\u2019algor\u00edsmica per al disseny i desenvolupament de programes, i l\u2019aplicaci\u00f3 de t\u00e8cniques espec\u00edfiques com l\u2019elaboraci\u00f3 de diagrames de flux o la descomposici\u00f3 de problemes complexos en senzills.<\/li>\n<li><strong>Disseny i construcci\u00f3 de robots:<\/strong> permet la producci\u00f3 dels elements i estructures necessaris per al funcionament dels prototips, aix\u00ed com la interacci\u00f3 amb l\u2019entorn a trav\u00e9s de la recollida de dades amb sensors i l\u2019acci\u00f3 mitjan\u00e7ant actuadors.<\/li>\n<\/ul>\n<\/li>\n<\/ul>\n<p><span style=\"color: #087eb6;\"><strong>Metodologia<\/strong><\/span><\/p>\n<p>Els estudiants gestionen projectes de manera aut\u00f2noma i col\u00b7laborativa des de la concepci\u00f3 fins a la realitzaci\u00f3. Apliquen processos de disseny per investigar, generar i perfeccionar idees, planificar, produir i avaluar solucions dissenyades i milloren la seva capacitat per desenvolupar productes i entorns innovadors.<\/p>\n<p><span style=\"color: #087eb6;\"><strong>Material<\/strong><\/span><\/p>\n<ul>\n<li>Ordinador<\/li>\n<li>M\u00f2bil<\/li>\n<li>Robots Lego Mindstorms<\/li>\n<li>Impressora 3D<\/li>\n<\/ul>\n<p>Tot el material, a excepci\u00f3 del m\u00f2bil (\u00fas puntual), ser\u00e0 proporcionat pel centre.<\/p>\n<p><span style=\"color: #087eb6;\"><strong>Orientaci\u00f3<\/strong><\/span><\/p>\n<p>Mat\u00e8ria adequada per:<\/p>\n<ul>\n<li>Batxillerat cient\u00edfic, tecnol\u00f2gic, art\u00edstic<\/li>\n<li>Cicles formatius<\/li>\n<li>\u00c0mbit professional i\/o laboral<\/li>\n<li>Qualsevol itinerari acad\u00e8mic i\/o professional.<\/li>\n<\/ul>\n","protected":false},"excerpt":{"rendered":"<p>Descripci\u00f3 i Objectius La mat\u00e8ria de Programaci\u00f3 i Rob\u00f2tica pret\u00e9n que l\u2019alumnat desenvolupi compet\u00e8ncies per plantejar solucions innovadores i creatives [&hellip;]<\/p>\n","protected":false},"author":1,"featured_media":0,"parent":0,"menu_order":0,"comment_status":"closed","ping_status":"closed","template":"","meta":{"_bbp_topic_count":0,"_bbp_reply_count":0,"_bbp_total_topic_count":0,"_bbp_total_reply_count":0,"_bbp_voice_count":0,"_bbp_anonymous_reply_count":0,"_bbp_topic_count_hidden":0,"_bbp_reply_count_hidden":0,"_bbp_forum_subforum_count":0,"site-sidebar-layout":"default","site-content-layout":"","ast-site-content-layout":"","site-content-style":"default","site-sidebar-style":"default","ast-global-header-display":"","ast-banner-title-visibility":"","ast-main-header-display":"","ast-hfb-above-header-display":"","ast-hfb-below-header-display":"","ast-hfb-mobile-header-display":"","site-post-title":"","ast-breadcrumbs-content":"","ast-featured-img":"","footer-sml-layout":"","theme-transparent-header-meta":"","adv-header-id-meta":"","stick-header-meta":"","header-above-stick-meta":"","header-main-stick-meta":"","header-below-stick-meta":"","astra-migrate-meta-layouts":"default","ast-page-background-enabled":"default","ast-page-background-meta":{"desktop":{"background-color":"var(--ast-global-color-4)","background-image":"","background-repeat":"repeat","background-position":"center center","background-size":"auto","background-attachment":"scroll","background-type":"","background-media":"","overlay-type":"","overlay-color":"","overlay-opacity":"","overlay-gradient":""},"tablet":{"background-color":"","background-image":"","background-repeat":"repeat","background-position":"center center","background-size":"auto","background-attachment":"scroll","background-type":"","background-media":"","overlay-type":"","overlay-color":"","overlay-opacity":"","overlay-gradient":""},"mobile":{"background-color":"","background-image":"","background-repeat":"repeat","background-position":"center center","background-size":"auto","background-attachment":"scroll","background-type":"","background-media":"","overlay-type":"","overlay-color":"","overlay-opacity":"","overlay-gradient":""}},"ast-content-background-meta":{"desktop":{"background-color":"var(--ast-global-color-5)","background-image":"","background-repeat":"repeat","background-position":"center center","background-size":"auto","background-attachment":"scroll","background-type":"","background-media":"","overlay-type":"","overlay-color":"","overlay-opacity":"","overlay-gradient":""},"tablet":{"background-color":"var(--ast-global-color-5)","background-image":"","background-repeat":"repeat","background-position":"center center","background-size":"auto","background-attachment":"scroll","background-type":"","background-media":"","overlay-type":"","overlay-color":"","overlay-opacity":"","overlay-gradient":""},"mobile":{"background-color":"var(--ast-global-color-5)","background-image":"","background-repeat":"repeat","background-position":"center center","background-size":"auto","background-attachment":"scroll","background-type":"","background-media":"","overlay-type":"","overlay-color":"","overlay-opacity":"","overlay-gradient":""}},"footnotes":""},"class_list":["post-3949","page","type-page","status-publish","hentry"],"post_mailing_queue_ids":[],"_links":{"self":[{"href":"https:\/\/agora.xtec.cat\/iesridaura\/wp-json\/wp\/v2\/pages\/3949","targetHints":{"allow":["GET"]}}],"collection":[{"href":"https:\/\/agora.xtec.cat\/iesridaura\/wp-json\/wp\/v2\/pages"}],"about":[{"href":"https:\/\/agora.xtec.cat\/iesridaura\/wp-json\/wp\/v2\/types\/page"}],"author":[{"embeddable":true,"href":"https:\/\/agora.xtec.cat\/iesridaura\/wp-json\/wp\/v2\/users\/1"}],"replies":[{"embeddable":true,"href":"https:\/\/agora.xtec.cat\/iesridaura\/wp-json\/wp\/v2\/comments?post=3949"}],"version-history":[{"count":4,"href":"https:\/\/agora.xtec.cat\/iesridaura\/wp-json\/wp\/v2\/pages\/3949\/revisions"}],"predecessor-version":[{"id":6573,"href":"https:\/\/agora.xtec.cat\/iesridaura\/wp-json\/wp\/v2\/pages\/3949\/revisions\/6573"}],"wp:attachment":[{"href":"https:\/\/agora.xtec.cat\/iesridaura\/wp-json\/wp\/v2\/media?parent=3949"}],"curies":[{"name":"wp","href":"https:\/\/api.w.org\/{rel}","templated":true}]}}