{"id":3943,"date":"2020-05-01T23:01:25","date_gmt":"2020-05-01T21:01:25","guid":{"rendered":"http:\/\/agora.xtec.cat\/iesridaura\/?page_id=3943"},"modified":"2020-05-01T23:01:25","modified_gmt":"2020-05-01T21:01:25","slug":"opt4-filosofia","status":"publish","type":"page","link":"https:\/\/agora.xtec.cat\/iesridaura\/opt4-filosofia\/","title":{"rendered":"Filosofia"},"content":{"rendered":"<p><span style=\"color: #087eb6;\"><strong>Descripci\u00f3 i Objectius<\/strong><\/span><\/p>\n<p>La mat\u00e8ria de filosofia promou en l\u2019alumne la seva capacitat de pensar, comprendre, reflexionar i argumentar tot utilitzant el plantejament que li \u00e9s propi, m\u00e9s enll\u00e0 de cada camp concret estudiat en les altres mat\u00e8ries, sense defugir la seva capacitat de transformaci\u00f3 i canvi tant de l\u2019individu com de la societat.<\/p>\n<p>La\u00a0 mat\u00e8ria de filosofia t\u00e9, doncs, un doble objectiu: introduir els alumnes en els temes de la filosofia que els s\u00f3n m\u00e9s propers com a persones; i promoure en els alumnes la seva capacitat de pensar, comprendre, reflexionar i argumentar, en primer terme pel que fa als continguts que planteja la mat\u00e8ria, i en segon terme, per\u00f2 no menys important, pel que fa a d\u2019altres sabers \u2500i d\u2019aqu\u00ed la seva interdisciplinarietat.<\/p>\n<p><span style=\"color: #087eb6;\"><strong>Continguts<\/strong><\/span><\/p>\n<p>Aquesta mat\u00e8ria optativa anual \u00e9s una introducci\u00f3 a alguns problemes filos\u00f2fics b\u00e0sics (ser, exist\u00e8ncia, aparen\u00e7a, vida, lloc, temps, felicitat, amor, llenguatge, veritat, bellesa, animalitat, causalitat, atzar, sort, joc, mort, ment, cos, just\u00edcia, equitat&#8230;)que es tractaran dintre dels seg\u00fcents continguts:<\/p>\n<p>Qu\u00e8 \u00e9s la filosofia?<\/p>\n<p>Com es fa filosofia?<\/p>\n<p>Alguns exemples de temes filos\u00f2fics.<\/p>\n<p>Qu\u00e8 caracteritza l\u2019\u00e9sser hum\u00e0?<\/p>\n<p>Qu\u00e8 \u00e9s la persona?<\/p>\n<p>Qu\u00e8 \u00e9s actuar com a persona?<\/p>\n<p>Quin paper tenen els altres humans?<\/p>\n<p>Per qu\u00e8 hi ha comunitats pol\u00edtiques?<\/p>\n<p>Altres \u00e0mbits de l\u2019acci\u00f3 humana : art, responsabilitat ecol\u00f2gica, l\u2019acci\u00f3 transformadora\u2026<\/p>\n<p><span style=\"color: #087eb6;\"><strong>Metodologia<\/strong><\/span><\/p>\n<p>L&#8217;eina principal de l&#8217;activitat filos\u00f2fica \u00e9s el di\u00e0leg, per\u00f2 per dialogar cal pensar i reflexionar, primer, i despr\u00e9s saber posar en ordre les idees, i posteriorment, comunicar-les. En aquesta activitat necessitem la llibertat de &#8220;pensar&#8221;, el silenci i la calma per ordenar les nostres idees , la capacitat de traduir-les al llenguatge escrit (relat ordenat), i, despr\u00e9s saber-les exposar oralment. Aquestes s\u00f3n les capacitats que es valoraran.<\/p>\n<p>El professor planteja el camp de joc (problemes, conflictes) a partir de pel\u00b7l\u00edcules o fragments de pel\u00b7l\u00edcules, anuncis, textos, objectes, situacions,&#8230;; per\u00f2 el joc, pr\u00f2piament dit, el poseu vosaltres, els alumnes, mitjan\u00e7ant discussions, debats, segons els casos i d\u2019altres activitats diverses.<\/p>\n<p><span style=\"color: #087eb6;\"><strong>Material<\/strong><\/span><\/p>\n<p>No hi ha llibre de text. Es treballa amb fotoc\u00f2pies i documents compartits.<\/p>\n<p><span style=\"color: #087eb6;\"><strong>Orientaci\u00f3<\/strong><\/span><\/p>\n<p>Pel fet que aquesta mat\u00e8ria promou en l\u2019alumne la seva capacitat de pensar, comprendre, reflexionar i argumentar, \u00e9s molt recomanable per qualsevol estudi que es vulgui realitzar posteriorment. Dona a l\u2019alumne recursos, eines cognitives i habilitats que els seran molt \u00fatils per qualsevol itinerari acad\u00e8mic i\/o professional.<\/p>\n","protected":false},"excerpt":{"rendered":"<p>Descripci\u00f3 i Objectius La mat\u00e8ria de filosofia promou en l\u2019alumne la seva capacitat de pensar, comprendre, reflexionar i argumentar tot [&hellip;]<\/p>\n","protected":false},"author":1,"featured_media":0,"parent":0,"menu_order":0,"comment_status":"closed","ping_status":"closed","template":"","meta":{"_bbp_topic_count":0,"_bbp_reply_count":0,"_bbp_total_topic_count":0,"_bbp_total_reply_count":0,"_bbp_voice_count":0,"_bbp_anonymous_reply_count":0,"_bbp_topic_count_hidden":0,"_bbp_reply_count_hidden":0,"_bbp_forum_subforum_count":0,"site-sidebar-layout":"default","site-content-layout":"","ast-site-content-layout":"","site-content-style":"default","site-sidebar-style":"default","ast-global-header-display":"","ast-banner-title-visibility":"","ast-main-header-display":"","ast-hfb-above-header-display":"","ast-hfb-below-header-display":"","ast-hfb-mobile-header-display":"","site-post-title":"","ast-breadcrumbs-content":"","ast-featured-img":"","footer-sml-layout":"","theme-transparent-header-meta":"","adv-header-id-meta":"","stick-header-meta":"","header-above-stick-meta":"","header-main-stick-meta":"","header-below-stick-meta":"","astra-migrate-meta-layouts":"default","ast-page-background-enabled":"default","ast-page-background-meta":{"desktop":{"background-color":"var(--ast-global-color-4)","background-image":"","background-repeat":"repeat","background-position":"center center","background-size":"auto","background-attachment":"scroll","background-type":"","background-media":"","overlay-type":"","overlay-color":"","overlay-opacity":"","overlay-gradient":""},"tablet":{"background-color":"","background-image":"","background-repeat":"repeat","background-position":"center center","background-size":"auto","background-attachment":"scroll","background-type":"","background-media":"","overlay-type":"","overlay-color":"","overlay-opacity":"","overlay-gradient":""},"mobile":{"background-color":"","background-image":"","background-repeat":"repeat","background-position":"center center","background-size":"auto","background-attachment":"scroll","background-type":"","background-media":"","overlay-type":"","overlay-color":"","overlay-opacity":"","overlay-gradient":""}},"ast-content-background-meta":{"desktop":{"background-color":"var(--ast-global-color-5)","background-image":"","background-repeat":"repeat","background-position":"center center","background-size":"auto","background-attachment":"scroll","background-type":"","background-media":"","overlay-type":"","overlay-color":"","overlay-opacity":"","overlay-gradient":""},"tablet":{"background-color":"var(--ast-global-color-5)","background-image":"","background-repeat":"repeat","background-position":"center center","background-size":"auto","background-attachment":"scroll","background-type":"","background-media":"","overlay-type":"","overlay-color":"","overlay-opacity":"","overlay-gradient":""},"mobile":{"background-color":"var(--ast-global-color-5)","background-image":"","background-repeat":"repeat","background-position":"center center","background-size":"auto","background-attachment":"scroll","background-type":"","background-media":"","overlay-type":"","overlay-color":"","overlay-opacity":"","overlay-gradient":""}},"footnotes":""},"class_list":["post-3943","page","type-page","status-publish","hentry"],"post_mailing_queue_ids":[],"_links":{"self":[{"href":"https:\/\/agora.xtec.cat\/iesridaura\/wp-json\/wp\/v2\/pages\/3943","targetHints":{"allow":["GET"]}}],"collection":[{"href":"https:\/\/agora.xtec.cat\/iesridaura\/wp-json\/wp\/v2\/pages"}],"about":[{"href":"https:\/\/agora.xtec.cat\/iesridaura\/wp-json\/wp\/v2\/types\/page"}],"author":[{"embeddable":true,"href":"https:\/\/agora.xtec.cat\/iesridaura\/wp-json\/wp\/v2\/users\/1"}],"replies":[{"embeddable":true,"href":"https:\/\/agora.xtec.cat\/iesridaura\/wp-json\/wp\/v2\/comments?post=3943"}],"version-history":[{"count":1,"href":"https:\/\/agora.xtec.cat\/iesridaura\/wp-json\/wp\/v2\/pages\/3943\/revisions"}],"predecessor-version":[{"id":3944,"href":"https:\/\/agora.xtec.cat\/iesridaura\/wp-json\/wp\/v2\/pages\/3943\/revisions\/3944"}],"wp:attachment":[{"href":"https:\/\/agora.xtec.cat\/iesridaura\/wp-json\/wp\/v2\/media?parent=3943"}],"curies":[{"name":"wp","href":"https:\/\/api.w.org\/{rel}","templated":true}]}}