{"id":3929,"date":"2020-05-01T23:05:57","date_gmt":"2020-05-01T21:05:57","guid":{"rendered":"http:\/\/agora.xtec.cat\/iesridaura\/?page_id=3929"},"modified":"2020-05-01T23:05:57","modified_gmt":"2020-05-01T21:05:57","slug":"opt4-cultura-classica","status":"publish","type":"page","link":"https:\/\/agora.xtec.cat\/iesridaura\/opt4-cultura-classica\/","title":{"rendered":"Cultura Cl\u00e0ssica"},"content":{"rendered":"<p><span style=\"color: #087eb6;\"><strong>Descripci\u00f3 i Objectius<\/strong><\/span><\/p>\n<p>Introducci\u00f3 al m\u00f3n cultural de l\u2019antiga Gr\u00e8cia\u00a0centrant-nos especialment en la vessant liter\u00e0ria, art\u00edstica i cultural i\u00a0la seva repercussi\u00f3 en el m\u00f3n actual\u00a0a trav\u00e9s dels romans.<\/p>\n<p><span style=\"color: #087eb6;\"><strong>Continguts<\/strong><\/span><\/p>\n<p>Es posar\u00e0 especial atenci\u00f3 a l\u2019estudi de la mitologia, literatura i l\u00e8xic (quotidi\u00e0, cient\u00edfic, art\u00edstic&#8230;). Cadascun d\u2019aquests continguts anir\u00e0 enfocat a la repercussi\u00f3 que han tingut aquestes civilitzacions avui en dia.<\/p>\n<p><span style=\"color: #087eb6;\"><strong>Metodologia<\/strong><\/span><\/p>\n<p>Assignatura din\u00e0mica i participativa.\u00a0 Es treballa tant de manera individual com grupal: elaboraci\u00f3 de kahoots, recerca d\u2019informaci\u00f3, visualitzaci\u00f3 de material audiovisual&#8230; Es realitza un treball en grup per trimestre. Al segon trimestre es realitza una trobada d\u2019alumnes que cursen llat\u00ed a les comarques gironines. En ser una assignatura en qu\u00e8 es parla del m\u00f3n rom\u00e0, els alumnes que la cursen tamb\u00e9 hi participaran. La implicaci\u00f3 de l\u2019alumne en aquesta trobada tamb\u00e9 \u00e9s avaluable.<\/p>\n<p><span style=\"color: #087eb6;\"><strong>Material<\/strong><\/span><\/p>\n<p>No s\u2019utilitza llibre de text. Es facilita material (fotoc\u00f2pies) a l\u2019alumne.<\/p>\n<p><span style=\"color: #087eb6;\"><strong>Orientaci\u00f3<\/strong><\/span><\/p>\n<p>Assignatura adre\u00e7ada a tot tipus d\u2019alumnat amb inter\u00e8s pel m\u00f3n antic, especialment indicat per a alumnes amb intenci\u00f3 de cursar un Batxillerat social, human\u00edstic i art\u00edstic.<\/p>\n","protected":false},"excerpt":{"rendered":"<p>Descripci\u00f3 i Objectius Introducci\u00f3 al m\u00f3n cultural de l\u2019antiga Gr\u00e8cia\u00a0centrant-nos especialment en la vessant liter\u00e0ria, art\u00edstica i cultural i\u00a0la seva [&hellip;]<\/p>\n","protected":false},"author":1,"featured_media":0,"parent":0,"menu_order":0,"comment_status":"closed","ping_status":"closed","template":"","meta":{"_bbp_topic_count":0,"_bbp_reply_count":0,"_bbp_total_topic_count":0,"_bbp_total_reply_count":0,"_bbp_voice_count":0,"_bbp_anonymous_reply_count":0,"_bbp_topic_count_hidden":0,"_bbp_reply_count_hidden":0,"_bbp_forum_subforum_count":0,"site-sidebar-layout":"default","site-content-layout":"","ast-site-content-layout":"","site-content-style":"default","site-sidebar-style":"default","ast-global-header-display":"","ast-banner-title-visibility":"","ast-main-header-display":"","ast-hfb-above-header-display":"","ast-hfb-below-header-display":"","ast-hfb-mobile-header-display":"","site-post-title":"","ast-breadcrumbs-content":"","ast-featured-img":"","footer-sml-layout":"","theme-transparent-header-meta":"","adv-header-id-meta":"","stick-header-meta":"","header-above-stick-meta":"","header-main-stick-meta":"","header-below-stick-meta":"","astra-migrate-meta-layouts":"default","ast-page-background-enabled":"default","ast-page-background-meta":{"desktop":{"background-color":"var(--ast-global-color-4)","background-image":"","background-repeat":"repeat","background-position":"center center","background-size":"auto","background-attachment":"scroll","background-type":"","background-media":"","overlay-type":"","overlay-color":"","overlay-opacity":"","overlay-gradient":""},"tablet":{"background-color":"","background-image":"","background-repeat":"repeat","background-position":"center center","background-size":"auto","background-attachment":"scroll","background-type":"","background-media":"","overlay-type":"","overlay-color":"","overlay-opacity":"","overlay-gradient":""},"mobile":{"background-color":"","background-image":"","background-repeat":"repeat","background-position":"center center","background-size":"auto","background-attachment":"scroll","background-type":"","background-media":"","overlay-type":"","overlay-color":"","overlay-opacity":"","overlay-gradient":""}},"ast-content-background-meta":{"desktop":{"background-color":"var(--ast-global-color-5)","background-image":"","background-repeat":"repeat","background-position":"center center","background-size":"auto","background-attachment":"scroll","background-type":"","background-media":"","overlay-type":"","overlay-color":"","overlay-opacity":"","overlay-gradient":""},"tablet":{"background-color":"var(--ast-global-color-5)","background-image":"","background-repeat":"repeat","background-position":"center center","background-size":"auto","background-attachment":"scroll","background-type":"","background-media":"","overlay-type":"","overlay-color":"","overlay-opacity":"","overlay-gradient":""},"mobile":{"background-color":"var(--ast-global-color-5)","background-image":"","background-repeat":"repeat","background-position":"center center","background-size":"auto","background-attachment":"scroll","background-type":"","background-media":"","overlay-type":"","overlay-color":"","overlay-opacity":"","overlay-gradient":""}},"footnotes":""},"class_list":["post-3929","page","type-page","status-publish","hentry"],"post_mailing_queue_ids":[],"_links":{"self":[{"href":"https:\/\/agora.xtec.cat\/iesridaura\/wp-json\/wp\/v2\/pages\/3929","targetHints":{"allow":["GET"]}}],"collection":[{"href":"https:\/\/agora.xtec.cat\/iesridaura\/wp-json\/wp\/v2\/pages"}],"about":[{"href":"https:\/\/agora.xtec.cat\/iesridaura\/wp-json\/wp\/v2\/types\/page"}],"author":[{"embeddable":true,"href":"https:\/\/agora.xtec.cat\/iesridaura\/wp-json\/wp\/v2\/users\/1"}],"replies":[{"embeddable":true,"href":"https:\/\/agora.xtec.cat\/iesridaura\/wp-json\/wp\/v2\/comments?post=3929"}],"version-history":[{"count":1,"href":"https:\/\/agora.xtec.cat\/iesridaura\/wp-json\/wp\/v2\/pages\/3929\/revisions"}],"predecessor-version":[{"id":3930,"href":"https:\/\/agora.xtec.cat\/iesridaura\/wp-json\/wp\/v2\/pages\/3929\/revisions\/3930"}],"wp:attachment":[{"href":"https:\/\/agora.xtec.cat\/iesridaura\/wp-json\/wp\/v2\/media?parent=3929"}],"curies":[{"name":"wp","href":"https:\/\/api.w.org\/{rel}","templated":true}]}}