{"id":3917,"date":"2020-05-01T23:04:45","date_gmt":"2020-05-01T21:04:45","guid":{"rendered":"http:\/\/agora.xtec.cat\/iesridaura\/?page_id=3917"},"modified":"2025-03-26T22:28:35","modified_gmt":"2025-03-26T21:28:35","slug":"opt4-francais-b1","status":"publish","type":"page","link":"https:\/\/agora.xtec.cat\/iesridaura\/opt4-francais-b1\/","title":{"rendered":"Langue fran\u00e7aise B1"},"content":{"rendered":"<p><span style=\"color: #087eb6;\"><strong>Descripci\u00f3 i Objectius<\/strong><\/span><\/p>\n<p>L\u2019objectiu general de l\u2019assignatura <em>\u201cLangue Fran\u00e7aise B1\u201d<\/em> \u00e9s el de perfeccionar la llengua francesa i assolir un nivell de compet\u00e8ncia d\u2019usuari independent, equivalent al nivell B1 del Marc Europeu Com\u00fa de Refer\u00e8ncia per a les Lleng\u00fces (MECR). Es dotar\u00e0 a l\u2019estudiant de f\u00f3rmules comunicatives i de continguts gramaticals, l\u00e8xics, fon\u00e8tics i socioculturals amb els quals es contribuir\u00e0 al desenvolupament progressiu de la seva compet\u00e8ncia comunicativa en franc\u00e8s i a la millora de la seva expressi\u00f3 oral i escrita. El curs permet als estudiants presentar-se a les proves oficials per a obtenir el <em>Dipl\u00f4me d\u2019\u00c9tudes en Langue Fran\u00e7aise<\/em> (DELF B1).<\/p>\n<p><span style=\"color: #087eb6;\"><strong>Continguts<\/strong><\/span><\/p>\n<p><strong>Objectifs de communication<\/strong><br \/>\n&#8211; Pr\u00e9senter un autoportrait. D\u00e9crire quelqu&#8217;un. Comparer des personnes. Parler de ses go\u00fbts.<br \/>\n&#8211; Parler de sujets d&#8217;actualit\u00e9. Comprendre les id\u00e9es principales d&#8217;un document authentique. Exprimer un accord ou un d\u00e9saccord.<br \/>\n&#8211; Raconter une histoire au pass\u00e9. Situer dans le temps. \u00c9voquer des souvenirs. Raconter un r\u00eave.<br \/>\n&#8211; Pr\u00e9senter une \u0153uvre. D\u00e9crire un objet.<br \/>\n&#8211; Parler de la gestion du temps. Parler de ses projets. Raconter une exp\u00e9rience. Faire des recommandations.<br \/>\n&#8211; L\u2019expression d\u2019un point de vue. Exprimer son opinion, donner des arguments. Articuler un discours, interagir. Justifier ses choix, ses opinions.<br \/>\n&#8211; Exprimer des \u00e9motions et des sentiments. Faire des hypoth\u00e8ses. Donner des conseils.<br \/>\n&#8211; Exprimer le but. Parler des d\u00e9fis et d&#8217;engagements. D\u00e9crire un fait de soci\u00e9t\u00e9.<br \/>\n&#8211; La lettre formelle.<br \/>\n&#8211; Introduction de l&#8217;essai litt\u00e9raire.<\/p>\n<p><strong>Apprendre \u00e0 apprendre<\/strong><br \/>\n&#8211; Classer pour comprendre.<br \/>\n&#8211; D\u00e9couvrir un document. Extraire les id\u00e9es principales d&#8217;un document et les reformuler.<br \/>\n&#8211; Observer la structure d&#8217;un texte. Rep\u00e9rer un texte informel. Rep\u00e9rer un contexte formel.<br \/>\n&#8211; Prendre des notes.<br \/>\n&#8211; Travailler en collaboration.<\/p>\n<p><strong>Grammaire<\/strong><br \/>\n&#8211; L\u2019expression de la dur\u00e9e, le but, la cause, la cons\u00e9quence, l\u2019opposition et la concession.<br \/>\n&#8211; Les adjectifs (le f\u00e9minin et le pluriel) et les adjectifs et pronoms ind\u00e9finis.<br \/>\n&#8211; Les adverbes en <em>-ment<\/em>.<br \/>\n&#8211; Les comparatifs et les superlatifs.<br \/>\n&#8211; Les pronoms d\u00e9monstratifs neutres et les pronoms relatifs simples et compos\u00e9s.<br \/>\n&#8211; Temps verbaux : R\u00e9vision A2 du pr\u00e9sent de l\u2019indicatif, futur simple, conditionnel pr\u00e9sent, le pass\u00e9 compos\u00e9 et l\u2019imparfait. Les semi-auxiliaires (futur proche, pass\u00e9 r\u00e9cent, pr\u00e9sent continu). Le g\u00e9rondif, le plus-que-parfait, le subjonctif pr\u00e9sent.<br \/>\n&#8211; La forme passive. Le discours indirect.<br \/>\n&#8211; Les doubles pronoms compl\u00e9ments (COD-COI, en\/y).<br \/>\n&#8211; Les connecteurs. Les articulateurs logiques du discours.<\/p>\n<p><strong>Lexique \/ Vocabulaire<\/strong><br \/>\n&#8211; La communication. Les relations sociales.<br \/>\n&#8211; Les personnes. La famille et la sant\u00e9.<br \/>\n&#8211; Les r\u00e9seaux sociaux. Les nouvelles technologies. La presse et les m\u00e9dias.<br \/>\n&#8211; Les modes et rythmes de vie. L\u2019argent. L\u2019\u00e9conomie. Le travail. Le logement.<br \/>\n&#8211; Les institutions. Les \u00e9lections. La justice.<br \/>\n&#8211; Les \u00e9tudes. La vie \u00e9tudiante. Les voyages.<br \/>\n&#8211; L\u2019immigration. Les banlieues.<br \/>\n&#8211; Les sentiments, l\u2019amiti\u00e9 et l\u2019amour.<br \/>\n&#8211; La restauration \u2013 L\u2019alimentation.<br \/>\n&#8211; L\u2019\u00e9cologie. La pollution. L\u2019environnement.<br \/>\n&#8211; La litt\u00e9rature. Lecture et d\u00e9couverte d&#8217;\u0153uvres et d&#8217;auteurs francophones du XIX\u00e8, XX\u00e8 et XXI\u00e8 si\u00e8cles.<\/p>\n<p><span style=\"color: #087eb6;\"><strong>Metodologia<\/strong><\/span><\/p>\n<p>Hi haur\u00e0 tres avaluacions trimestrals dins les quals es treballaran les <strong>compet\u00e8ncies ling\u00fc\u00edstiques<\/strong> mitjan\u00e7ant nombroses i variades activitats de classe aix\u00ed com amb la realitzaci\u00f3 de diferents <strong>pr\u00e0ctiques \/ projectes<\/strong> (individuals i grupals). La qualificaci\u00f3 final de l\u2019assignatura <em>Langue Fran\u00e7aise B1<\/em> esdevindr\u00e0 de l\u2019assoliment de les compet\u00e8ncies que composen la mat\u00e8ria i es tindr\u00e0 en compte l\u2019evoluci\u00f3 positiva o negativa de l\u2019estudiant al llarg de tot el curs acad\u00e8mic i tamb\u00e9 el treball realitzat per a superar les proves oficials <strong>DELF B1<\/strong>.<\/p>\n<p>Es realitzar\u00e0 una sortida a <strong>Perpiny\u00e0 (Fran\u00e7a)<\/strong> i es participar\u00e0 en concursos d&#8217;\u00e0mbit franc\u00f2fon i en tallers i jornades d&#8217;orientaci\u00f3 i coneixement envers les sortides professionals de perfil ling\u00fc\u00edstic.<\/p>\n<p>A trav\u00e9s del programa <strong>Erasmus+ <\/strong>es promour\u00e0 l&#8217;intercanvi d&#8217;alumnat de franc\u00e8s amb estudiants de centres educatius franc\u00f2fons.<\/p>\n<p><span style=\"color: #087eb6;\"><strong>Material<\/strong><\/span><\/p>\n<p><strong>Livres &#8211; M\u00e9thode<\/strong> :<\/p>\n<ul>\n<li><span style=\"text-decoration: underline;\"><em>En vrai B1<\/em><\/span> (M\u00e9thode de fran\u00e7ais), \u00c9d. Anaya-CLE International et<\/li>\n<li><span style=\"text-decoration: underline;\"><em>En vrai B1<\/em><\/span> (Cahier d&#8217;activit\u00e9s), \u00c9d. Anaya-CLE International.<\/li>\n<\/ul>\n<p><strong>Livres de lecture 2025-2026<\/strong>\u00a0:<\/p>\n<ul>\n<li>Claudel, Philippe, <em><span style=\"text-decoration: underline;\">La petite fille de Monsieur Linh<\/span><\/em>, \u00c9d. Le Livre de Poche, ISBN 978-2-253-11554-0.<\/li>\n<li>Foenkinos, David, <span style=\"text-decoration: underline;\"><em>Charlotte<\/em><\/span>, \u00c9d. Folio, ISBN 978-2-07-046923-9.<\/li>\n<\/ul>\n<p><span style=\"color: #087eb6;\"><strong>Orientaci\u00f3<\/strong><\/span><\/p>\n<p>La mat\u00e8ria \u00e9s adequada per a qualsevol itinerari de Batxillerat o estudi d\u2019\u00e0mbit professional i\/o ling\u00fc\u00edstic, aix\u00ed com recomanada espec\u00edficament per als alumnes que valorin la possibilitat de fer el <em><a href=\"https:\/\/agora.xtec.cat\/iesridaura\/francais\/\">BatxiBac<\/a><\/em>.<\/p>\n<p><a href=\"https:\/\/agora.xtec.cat\/iesridaura\/wp-content\/uploads\/usu1163\/2023\/09\/Logo-Dep-FR-Ridaura-Label.jpg\"><img loading=\"lazy\" decoding=\"async\" class=\"alignleft size-medium wp-image-7059\" src=\"https:\/\/agora.xtec.cat\/iesridaura\/wp-content\/uploads\/usu1163\/2023\/09\/Logo-Dep-FR-Ridaura-Label-300x118.jpg\" alt=\"\" width=\"300\" height=\"118\" srcset=\"https:\/\/agora.xtec.cat\/iesridaura\/wp-content\/uploads\/usu1163\/2023\/09\/Logo-Dep-FR-Ridaura-Label-300x118.jpg 300w, https:\/\/agora.xtec.cat\/iesridaura\/wp-content\/uploads\/usu1163\/2023\/09\/Logo-Dep-FR-Ridaura-Label-1024x404.jpg 1024w, https:\/\/agora.xtec.cat\/iesridaura\/wp-content\/uploads\/usu1163\/2023\/09\/Logo-Dep-FR-Ridaura-Label-768x303.jpg 768w, https:\/\/agora.xtec.cat\/iesridaura\/wp-content\/uploads\/usu1163\/2023\/09\/Logo-Dep-FR-Ridaura-Label-1536x606.jpg 1536w, https:\/\/agora.xtec.cat\/iesridaura\/wp-content\/uploads\/usu1163\/2023\/09\/Logo-Dep-FR-Ridaura-Label.jpg 1730w\" sizes=\"auto, (max-width: 300px) 100vw, 300px\" \/><\/a><\/p>\n","protected":false},"excerpt":{"rendered":"<p>Descripci\u00f3 i Objectius L\u2019objectiu general de l\u2019assignatura \u201cLangue Fran\u00e7aise B1\u201d \u00e9s el de perfeccionar la llengua francesa i assolir un [&hellip;]<\/p>\n","protected":false},"author":1,"featured_media":0,"parent":0,"menu_order":0,"comment_status":"closed","ping_status":"closed","template":"","meta":{"_bbp_topic_count":0,"_bbp_reply_count":0,"_bbp_total_topic_count":0,"_bbp_total_reply_count":0,"_bbp_voice_count":0,"_bbp_anonymous_reply_count":0,"_bbp_topic_count_hidden":0,"_bbp_reply_count_hidden":0,"_bbp_forum_subforum_count":0,"site-sidebar-layout":"default","site-content-layout":"","ast-site-content-layout":"default","site-content-style":"default","site-sidebar-style":"default","ast-global-header-display":"","ast-banner-title-visibility":"","ast-main-header-display":"","ast-hfb-above-header-display":"","ast-hfb-below-header-display":"","ast-hfb-mobile-header-display":"","site-post-title":"","ast-breadcrumbs-content":"","ast-featured-img":"","footer-sml-layout":"","theme-transparent-header-meta":"","adv-header-id-meta":"","stick-header-meta":"","header-above-stick-meta":"","header-main-stick-meta":"","header-below-stick-meta":"","astra-migrate-meta-layouts":"set","ast-page-background-enabled":"default","ast-page-background-meta":{"desktop":{"background-color":"var(--ast-global-color-4)","background-image":"","background-repeat":"repeat","background-position":"center center","background-size":"auto","background-attachment":"scroll","background-type":"","background-media":"","overlay-type":"","overlay-color":"","overlay-opacity":"","overlay-gradient":""},"tablet":{"background-color":"","background-image":"","background-repeat":"repeat","background-position":"center center","background-size":"auto","background-attachment":"scroll","background-type":"","background-media":"","overlay-type":"","overlay-color":"","overlay-opacity":"","overlay-gradient":""},"mobile":{"background-color":"","background-image":"","background-repeat":"repeat","background-position":"center center","background-size":"auto","background-attachment":"scroll","background-type":"","background-media":"","overlay-type":"","overlay-color":"","overlay-opacity":"","overlay-gradient":""}},"ast-content-background-meta":{"desktop":{"background-color":"var(--ast-global-color-5)","background-image":"","background-repeat":"repeat","background-position":"center center","background-size":"auto","background-attachment":"scroll","background-type":"","background-media":"","overlay-type":"","overlay-color":"","overlay-opacity":"","overlay-gradient":""},"tablet":{"background-color":"var(--ast-global-color-5)","background-image":"","background-repeat":"repeat","background-position":"center center","background-size":"auto","background-attachment":"scroll","background-type":"","background-media":"","overlay-type":"","overlay-color":"","overlay-opacity":"","overlay-gradient":""},"mobile":{"background-color":"var(--ast-global-color-5)","background-image":"","background-repeat":"repeat","background-position":"center center","background-size":"auto","background-attachment":"scroll","background-type":"","background-media":"","overlay-type":"","overlay-color":"","overlay-opacity":"","overlay-gradient":""}},"footnotes":""},"class_list":["post-3917","page","type-page","status-publish","hentry"],"post_mailing_queue_ids":[],"_links":{"self":[{"href":"https:\/\/agora.xtec.cat\/iesridaura\/wp-json\/wp\/v2\/pages\/3917","targetHints":{"allow":["GET"]}}],"collection":[{"href":"https:\/\/agora.xtec.cat\/iesridaura\/wp-json\/wp\/v2\/pages"}],"about":[{"href":"https:\/\/agora.xtec.cat\/iesridaura\/wp-json\/wp\/v2\/types\/page"}],"author":[{"embeddable":true,"href":"https:\/\/agora.xtec.cat\/iesridaura\/wp-json\/wp\/v2\/users\/1"}],"replies":[{"embeddable":true,"href":"https:\/\/agora.xtec.cat\/iesridaura\/wp-json\/wp\/v2\/comments?post=3917"}],"version-history":[{"count":5,"href":"https:\/\/agora.xtec.cat\/iesridaura\/wp-json\/wp\/v2\/pages\/3917\/revisions"}],"predecessor-version":[{"id":9948,"href":"https:\/\/agora.xtec.cat\/iesridaura\/wp-json\/wp\/v2\/pages\/3917\/revisions\/9948"}],"wp:attachment":[{"href":"https:\/\/agora.xtec.cat\/iesridaura\/wp-json\/wp\/v2\/media?parent=3917"}],"curies":[{"name":"wp","href":"https:\/\/api.w.org\/{rel}","templated":true}]}}