{"id":3240,"date":"2020-01-27T20:42:13","date_gmt":"2020-01-27T19:42:13","guid":{"rendered":"http:\/\/agora.xtec.cat\/iesridaura\/?page_id=3240"},"modified":"2025-10-06T12:21:51","modified_gmt":"2025-10-06T10:21:51","slug":"ciencies-experimentals","status":"publish","type":"page","link":"https:\/\/agora.xtec.cat\/iesridaura\/ciencies-experimentals\/","title":{"rendered":"Ci\u00e8ncies Experimentals"},"content":{"rendered":"\n<p><span style=\"color: #087eb6;\"><strong>Ci\u00e8ncies de la naturalesa a l\u2019ESO: Biologia i Geologia &#8211; F\u00edsica i Qu\u00edmica<\/strong><\/span><\/p>\n\n\n\n<p>La compet\u00e8ncia cient\u00edfica, entesa de manera gen\u00e8rica, al\u00b7ludeix a la capacitat i la voluntat d\u2019utilitzar el conjunt dels coneixements i la metodologia que es fan servir per explicar la naturalesa, amb la finalitat de plantejar preguntes i extreure\u2019n conclusions basades en proves.<\/p>\n\n\n\n<p>Aquesta compet\u00e8ncia es considera priorit\u00e0ria tant a nivell nacional com internacional perqu\u00e8, per fer front als grans reptes globals que la humanitat t\u00e9 plantejats, s\u2019hi requereixen les importants contribucions de la ci\u00e8ncia i la tecnologia. A m\u00e9s, la joventut ha de disposar de certs coneixements cient\u00edfics per dur a terme un paper informat per prendre decisions que afecten el seu entorn i entendre, a grans trets, les implicacions socials dels debats cient\u00edfics. Tenint en compte que el coneixement de la ci\u00e8ncia contribueix de manera significativa en la vida personal, social i professional, \u00e9s l\u00f2gic concloure que un coneixement de la ci\u00e8ncia \u00e9s b\u00e0sic per preparar el jovent per a la vida.<\/p>\n\n\n\n<figure class=\"wp-block-table has-small-font-size\"><table><tbody><tr><td><strong>Biologia i Geologia<\/strong><\/td><td>1r ESO &#8211; Obligat\u00f2ria<\/td><td>3r ESO &#8211; Obligat\u00f2ria<\/td><td>4t ESO &#8211; Optativa<\/td><\/tr><tr><td>Hores setmanals<\/td><td>3h (1h desdoblament)<\/td><td>2h (1h desdoblament) \u00b7 Science Bits, llibre digital<\/td><td>3h \u00b7 Science Bits, llibre digital<\/td><\/tr><\/tbody><\/table><\/figure>\n\n\n\n<figure class=\"wp-block-table has-small-font-size\"><table><tbody><tr><td><strong>F\u00edsica i Qu\u00edmica<\/strong><\/td><td>2n ESO &#8211; Obligat\u00f2ria<\/td><td>3r ESO &#8211; Obligat\u00f2ria<\/td><td>4t ESO &#8211; Optativa<\/td><\/tr><tr><td>Hores setmanals<\/td><td>3h (1h desdoblament)<\/td><td>2h (1h desdoblament) \u00b7 Science Bits, llibre digital<\/td><td>3 \u00b7 Science Bits, llibre digital<\/td><\/tr><\/tbody><\/table><\/figure>\n\n\n\n<p><span style=\"color: #087eb6;\"><strong>Ci\u00e8ncies experimentals al Batxillerat<\/strong><\/span><\/p>\n\n\n\n<p>La modalitat de ci\u00e8ncies s\u2019adre\u00e7a a alumnes interessats per les ci\u00e8ncies experimentals, ambientals i els estudis relacionats amb continguts cientificosanitaris.<\/p>\n\n\n\n<p>L\u2019alumnat que cursa aquesta modalitat pot familiaritzar-se amb els m\u00e8todes de treball i les t\u00e8cniques cient\u00edfiques que permeten un apropament rigor\u00f3s i cr\u00edtic a la realitat humana: la f\u00edsica, la qu\u00edmica, la biologia, les ci\u00e8ncies de la terra i del medi ambient. El departament tamb\u00e9 ofereix dues mat\u00e8ries optatives a 1r de batxillerat: biomedicina i reptes cient\u00edfics.<\/p>\n\n\n\n<figure class=\"wp-block-table has-small-font-size\"><table><tbody><tr><td><strong>BAT 2024-2025<\/strong><\/td><td>1rBAT<\/td><td>2nBAT<\/td><td>1rBBAC<\/td><td>2nBBAC<\/td><\/tr><tr><td>F\u00edsica<\/td><td>3<\/td><td>4<\/td><td>&#8211;<\/td><td>&#8211;<\/td><\/tr><tr><td>Qu\u00edmica<\/td><td>3<\/td><td>4<\/td><td>3<\/td><td>4<\/td><\/tr><tr><td>Biologia<\/td><td>3<\/td><td>4<\/td><td>3<\/td><td>4<\/td><\/tr><tr><td>Geologia i ci\u00e8ncies ambientals<\/td><td>3<\/td><td>4<\/td><td>&#8211;<\/td><td>&#8211;<\/td><\/tr><tr><td>Biomedicina&nbsp; <em>(optativa)<\/em><\/td><td>(3)<\/td><td>&#8211;<\/td><td>&#8211;<\/td><td>&#8211;<\/td><\/tr><tr><td>Reptes Cient\u00edfics&nbsp; <em>(optativa)<\/em><\/td><td>(3)<\/td><td>&#8211;<\/td><td>&#8211;<\/td><td>&#8211;<\/td><\/tr><\/tbody><\/table><\/figure>\n\n\n\n<p><span style=\"color: #087eb6;\"><strong>Activitats i sortides organitzades pel Departament de Ci\u00e8ncies<\/strong><\/span><\/p>\n\n\n\n<ul class=\"wp-block-list\">\n<li>Setmana de la Ci\u00e8ncia (novembre)<\/li>\n\n\n\n<li>Ci\u00e8ncia en Equip (abril)<\/li>\n\n\n\n<li>Fisidabo<\/li>\n<\/ul>\n\n\n\n<p>\r\n\t<div class=\"slideshow_container slideshow_container_style-light\" style=\"height: 500px; \" data-slideshow-id=\"7507\" data-style-name=\"style-light\" data-style-version=\"2.3.1\" >\r\n\r\n\t\t\t\t\t<div class=\"slideshow_loading_icon\"><\/div>\r\n\t\t\r\n\t\t<div class=\"slideshow_content\" style=\"display: none;\">\r\n\r\n\t\t\t<div class=\"slideshow_view\">\r\n\t\t\t\t<div class=\"slideshow_slide slideshow_slide_image\">\r\n\t\t\t\t\t\t\t\t\t\t\t<img src=\"https:\/\/agora.xtec.cat\/iesridaura\/wp-content\/uploads\/usu1163\/2023\/11\/WhatsApp-Image-2023-01-01-at-09.32.18-1.jpeg\" alt=\"WhatsApp-Image-2023-01-01-at-09.32.18-1\" width=\"1080\" height=\"1080\" \/>\r\n\t\t\t\t\t\t\t\t\t\t<div class=\"slideshow_description_box slideshow_transparent\">\r\n\t\t\t\t\t\t<div class=\"slideshow_title\">WhatsApp-Image-2023-01-01-at-09.32.18-1<\/div>\t\t\t\t\t\t\t\t\t\t\t<\/div>\r\n\t\t\t\t<\/div>\r\n\r\n\t\t\t\t\t\t<div style=\"clear: both;\"><\/div><\/div><div class=\"slideshow_view\">\r\n\t\t\t\t<div class=\"slideshow_slide slideshow_slide_image\">\r\n\t\t\t\t\t\t\t\t\t\t\t<img src=\"https:\/\/agora.xtec.cat\/iesridaura\/wp-content\/uploads\/usu1163\/2023\/11\/1682259623912.jpg\" alt=\"1682259623912\" width=\"2000\" height=\"1500\" \/>\r\n\t\t\t\t\t\t\t\t\t\t<div class=\"slideshow_description_box slideshow_transparent\">\r\n\t\t\t\t\t\t<div class=\"slideshow_title\">1682259623912<\/div>\t\t\t\t\t\t\t\t\t\t\t<\/div>\r\n\t\t\t\t<\/div>\r\n\r\n\t\t\t\t\t\t<div style=\"clear: both;\"><\/div><\/div><div class=\"slideshow_view\">\r\n\t\t\t\t<div class=\"slideshow_slide slideshow_slide_image\">\r\n\t\t\t\t\t\t\t\t\t\t\t<img src=\"https:\/\/agora.xtec.cat\/iesridaura\/wp-content\/uploads\/usu1163\/2023\/11\/WhatsApp-Image-2023-05-24-at-15.34.25.jpeg\" alt=\"WhatsApp-Image-2023-05-24-at-15.34.25\" width=\"1024\" height=\"769\" \/>\r\n\t\t\t\t\t\t\t\t\t\t<div class=\"slideshow_description_box slideshow_transparent\">\r\n\t\t\t\t\t\t<div class=\"slideshow_title\">WhatsApp-Image-2023-05-24-at-15.34.25<\/div>\t\t\t\t\t\t\t\t\t\t\t<\/div>\r\n\t\t\t\t<\/div>\r\n\r\n\t\t\t\t\t\t<div style=\"clear: both;\"><\/div><\/div><div class=\"slideshow_view\">\r\n\t\t\t\t<div class=\"slideshow_slide slideshow_slide_image\">\r\n\t\t\t\t\t\t\t\t\t\t\t<img src=\"https:\/\/agora.xtec.cat\/iesridaura\/wp-content\/uploads\/usu1163\/2023\/11\/WhatsApp-Image-2023-02-23-at-14.58.51-1024x576-1.jpeg\" alt=\"WhatsApp-Image-2023-02-23-at-14.58.51-1024x576\" width=\"1024\" height=\"576\" \/>\r\n\t\t\t\t\t\t\t\t\t\t<div class=\"slideshow_description_box slideshow_transparent\">\r\n\t\t\t\t\t\t<div class=\"slideshow_title\">WhatsApp-Image-2023-02-23-at-14.58.51-1024x576<\/div>\t\t\t\t\t\t\t\t\t\t\t<\/div>\r\n\t\t\t\t<\/div>\r\n\r\n\t\t\t\t\t\t<div style=\"clear: both;\"><\/div><\/div><div class=\"slideshow_view\">\r\n\t\t\t\t<div class=\"slideshow_slide slideshow_slide_image\">\r\n\t\t\t\t\t\t\t\t\t\t\t<img src=\"https:\/\/agora.xtec.cat\/iesridaura\/wp-content\/uploads\/usu1163\/2023\/11\/WhatsApp-Image-2022-05-12-at-11.53.10.jpeg\" alt=\"WhatsApp-Image-2022-05-12-at-11.53.10\" width=\"1024\" height=\"587\" \/>\r\n\t\t\t\t\t\t\t\t\t\t<div class=\"slideshow_description_box slideshow_transparent\">\r\n\t\t\t\t\t\t<div class=\"slideshow_title\">WhatsApp-Image-2022-05-12-at-11.53.10<\/div>\t\t\t\t\t\t\t\t\t\t\t<\/div>\r\n\t\t\t\t<\/div>\r\n\r\n\t\t\t\t\t\t<div style=\"clear: both;\"><\/div><\/div>\r\n\t\t<\/div>\r\n\r\n\t\t<div class=\"slideshow_controlPanel slideshow_transparent\" style=\"display: none;\"><ul><li class=\"slideshow_togglePlay\" data-play-text=\"Visualitza\" data-pause-text=\"Pausa\"><\/li><\/ul><\/div>\r\n\r\n\t\t<div class=\"slideshow_button slideshow_previous slideshow_transparent\" role=\"button\" data-previous-text=\"Anterior\" style=\"display: none;\"><\/div>\r\n\t\t<div class=\"slideshow_button slideshow_next slideshow_transparent\" role=\"button\" data-next-text=\"Seg\u00fcent\" style=\"display: none;\"><\/div>\r\n\r\n\t\t<div class=\"slideshow_pagination\" style=\"display: none;\" data-go-to-text=\"V\u00e9s a la diapositiva\"><div class=\"slideshow_pagination_center\"><\/div><\/div>\r\n\r\n\t\t<!-- WordPress Slideshow Version 2.3.1 -->\r\n\r\n\t\t\t<\/div>\r\n\r\n<br><\/p>\n\n\n\n<p><span style=\"color: #087eb6;\"><strong>Professorat Departament Ci\u00e8ncies Experimentals, curs 2025-2026<\/strong><\/span><\/p>\n\n\n\n<figure class=\"wp-block-table has-small-font-size\"><table><tbody><tr><td><span style=\"color: #087eb6;\"><strong>Cap de Departament<\/strong><\/span><br>Prof. Biologia i Geologia &#8211; ESO 1 i ESO 4<br>Prof. Biologia &#8211; BAT 2<\/td><td>Anna Bigas<\/td><\/tr><tr><td>Prof. Qu\u00edmica &#8211; BAT 1<\/td><td>N\u00faria Albert\u00ed<\/td><\/tr><tr><td>Prof. F\u00edsica i Qu\u00edmica &#8211; ESO 2 i ESO 4<br>Prof. F\u00edsica &#8211; BAT 1<br>Prof. Reptes Cient\u00edfics &#8211; BAT 1<\/td><td><br>\u00a0\u00c0ngels Bosacoma\u00a0<br><\/td><\/tr><tr><td>Prof. F\u00edsica i Qu\u00edmica &#8211; ESO 3 i ESO 4<br>Prof. Reptes cient\u00edfics &#8211; ESO 4<br>Prof. Qu\u00edmica &#8211; BAT 2<\/td><td>N\u00faria Brugat<\/td><\/tr><tr><td>Prof. F\u00edsica i Qu\u00edmica &#8211; ESO 3 <br>Prof. F\u00edsica &#8211; BAT 2<\/td><td>\u00a0Laura Garc\u00eda\u00a0<br><\/td><\/tr><tr><td>Prof. Biologia i Geologia &#8211; ESO 1<br>Prof. CTMA &#8211; BAT 2<\/td><td>Carles Grau\u00a0<br><\/td><\/tr><tr><td>Prof. Biologia i Geologia &#8211; ESO 3<br>Prof. Biologia &#8211; BAT 1<br>Prof. Biomedicina &#8211; BAT 1<\/td><td>Ma \u00c0ngels Llopart\u00a0<br><\/td><\/tr><tr><td>Prof. Biologia i Geologia &#8211; ESO 3<br>Prof. F\u00edsica i Qu\u00edmica &#8211; ESO 2<\/td><td>Marta Tarr\u00e9s\u00a0<\/td><\/tr><\/tbody><\/table><\/figure>\n\n\n\n<p><\/p>\n","protected":false},"excerpt":{"rendered":"<p>Ci\u00e8ncies de la naturalesa a l\u2019ESO: Biologia i Geologia &#8211; F\u00edsica i Qu\u00edmica La compet\u00e8ncia cient\u00edfica, entesa de manera gen\u00e8rica, [&hellip;]<\/p>\n","protected":false},"author":1,"featured_media":0,"parent":0,"menu_order":0,"comment_status":"closed","ping_status":"closed","template":"","meta":{"_bbp_topic_count":0,"_bbp_reply_count":0,"_bbp_total_topic_count":0,"_bbp_total_reply_count":0,"_bbp_voice_count":0,"_bbp_anonymous_reply_count":0,"_bbp_topic_count_hidden":0,"_bbp_reply_count_hidden":0,"_bbp_forum_subforum_count":0,"site-sidebar-layout":"default","site-content-layout":"","ast-site-content-layout":"default","site-content-style":"default","site-sidebar-style":"default","ast-global-header-display":"","ast-banner-title-visibility":"","ast-main-header-display":"","ast-hfb-above-header-display":"","ast-hfb-below-header-display":"","ast-hfb-mobile-header-display":"","site-post-title":"","ast-breadcrumbs-content":"","ast-featured-img":"","footer-sml-layout":"","theme-transparent-header-meta":"","adv-header-id-meta":"","stick-header-meta":"","header-above-stick-meta":"","header-main-stick-meta":"","header-below-stick-meta":"","astra-migrate-meta-layouts":"set","ast-page-background-enabled":"default","ast-page-background-meta":{"desktop":{"background-color":"var(--ast-global-color-4)","background-image":"","background-repeat":"repeat","background-position":"center center","background-size":"auto","background-attachment":"scroll","background-type":"","background-media":"","overlay-type":"","overlay-color":"","overlay-opacity":"","overlay-gradient":""},"tablet":{"background-color":"","background-image":"","background-repeat":"repeat","background-position":"center center","background-size":"auto","background-attachment":"scroll","background-type":"","background-media":"","overlay-type":"","overlay-color":"","overlay-opacity":"","overlay-gradient":""},"mobile":{"background-color":"","background-image":"","background-repeat":"repeat","background-position":"center center","background-size":"auto","background-attachment":"scroll","background-type":"","background-media":"","overlay-type":"","overlay-color":"","overlay-opacity":"","overlay-gradient":""}},"ast-content-background-meta":{"desktop":{"background-color":"var(--ast-global-color-5)","background-image":"","background-repeat":"repeat","background-position":"center center","background-size":"auto","background-attachment":"scroll","background-type":"","background-media":"","overlay-type":"","overlay-color":"","overlay-opacity":"","overlay-gradient":""},"tablet":{"background-color":"var(--ast-global-color-5)","background-image":"","background-repeat":"repeat","background-position":"center center","background-size":"auto","background-attachment":"scroll","background-type":"","background-media":"","overlay-type":"","overlay-color":"","overlay-opacity":"","overlay-gradient":""},"mobile":{"background-color":"var(--ast-global-color-5)","background-image":"","background-repeat":"repeat","background-position":"center center","background-size":"auto","background-attachment":"scroll","background-type":"","background-media":"","overlay-type":"","overlay-color":"","overlay-opacity":"","overlay-gradient":""}},"footnotes":""},"class_list":["post-3240","page","type-page","status-publish","hentry"],"post_mailing_queue_ids":[],"_links":{"self":[{"href":"https:\/\/agora.xtec.cat\/iesridaura\/wp-json\/wp\/v2\/pages\/3240","targetHints":{"allow":["GET"]}}],"collection":[{"href":"https:\/\/agora.xtec.cat\/iesridaura\/wp-json\/wp\/v2\/pages"}],"about":[{"href":"https:\/\/agora.xtec.cat\/iesridaura\/wp-json\/wp\/v2\/types\/page"}],"author":[{"embeddable":true,"href":"https:\/\/agora.xtec.cat\/iesridaura\/wp-json\/wp\/v2\/users\/1"}],"replies":[{"embeddable":true,"href":"https:\/\/agora.xtec.cat\/iesridaura\/wp-json\/wp\/v2\/comments?post=3240"}],"version-history":[{"count":5,"href":"https:\/\/agora.xtec.cat\/iesridaura\/wp-json\/wp\/v2\/pages\/3240\/revisions"}],"predecessor-version":[{"id":10992,"href":"https:\/\/agora.xtec.cat\/iesridaura\/wp-json\/wp\/v2\/pages\/3240\/revisions\/10992"}],"wp:attachment":[{"href":"https:\/\/agora.xtec.cat\/iesridaura\/wp-json\/wp\/v2\/media?parent=3240"}],"curies":[{"name":"wp","href":"https:\/\/api.w.org\/{rel}","templated":true}]}}