{"id":3174,"date":"2020-01-08T22:24:53","date_gmt":"2020-01-08T21:24:53","guid":{"rendered":"http:\/\/agora.xtec.cat\/iesridaura\/?page_id=3174"},"modified":"2025-06-13T09:52:47","modified_gmt":"2025-06-13T07:52:47","slug":"patrimoni","status":"publish","type":"page","link":"https:\/\/agora.xtec.cat\/iesridaura\/patrimoni\/","title":{"rendered":"Patrimoni Ridaura"},"content":{"rendered":"\n<p>En aquest espai trobareu alguns dels v\u00eddeos promocionals de l&#8217;Institut Ridaura, aix\u00ed com reculls audiovisuals de les graduacions d&#8217;antigues promocions d&#8217;alumnes o altres projectes destacats de cursos anteriors, que formen part del patrimoni hum\u00e0 i acad\u00e8mic del nostre centre:<\/p>\n\n\n\n<p><span style=\"color: #087eb6;\"><strong>Institut Ridaura<\/strong><\/span><\/p>\n\n\n\n<p>Visita virtual de l&#8217;INS Ridaura (2021)<\/p>\n\n\n<div class=\"ast-oembed-container \" style=\"height: 100%;\"><iframe loading=\"lazy\" title=\"Visita virtual INS Ridaura\" width=\"500\" height=\"281\" src=\"https:\/\/www.youtube.com\/embed\/OFK6M9TTROY?feature=oembed\" frameborder=\"0\" allow=\"accelerometer; autoplay; clipboard-write; encrypted-media; gyroscope; picture-in-picture; web-share\" referrerpolicy=\"strict-origin-when-cross-origin\" allowfullscreen><\/iframe><\/div>\n\n\n\n<p><\/p>\n\n\n\n<p>V\u00eddeo d&#8217;acollida a l&#8217;alumnat de 6\u00e8 de prim\u00e0ria (2021)<\/p>\n\n\n<div class=\"ast-oembed-container \" style=\"height: 100%;\"><iframe loading=\"lazy\" title=\"Benvinguts a l&#039;Institut!\" width=\"500\" height=\"281\" src=\"https:\/\/www.youtube.com\/embed\/jKaFP7B_tbQ?feature=oembed\" frameborder=\"0\" allow=\"accelerometer; autoplay; clipboard-write; encrypted-media; gyroscope; picture-in-picture; web-share\" referrerpolicy=\"strict-origin-when-cross-origin\" allowfullscreen><\/iframe><\/div>\n\n\n\n<p><\/p>\n\n\n\n<p>V\u00eddeo promocional de l&#8217;INS Ridaura (2014)<\/p>\n\n\n<div class=\"ast-oembed-container \" style=\"height: 100%;\"><iframe loading=\"lazy\" title=\"Ins.Ridaura\" width=\"500\" height=\"281\" src=\"https:\/\/www.youtube.com\/embed\/MFshWNg1Dz8?feature=oembed\" frameborder=\"0\" allow=\"accelerometer; autoplay; clipboard-write; encrypted-media; gyroscope; picture-in-picture; web-share\" referrerpolicy=\"strict-origin-when-cross-origin\" allowfullscreen><\/iframe><\/div>\n\n\n\n<p>&nbsp;<\/p>\n\n\n\n<p><span style=\"color: #087eb6;\"><strong>Graduacions<\/strong><\/span><\/p>\n\n\n\n<p>2n Batxillerat &#8211; promoci\u00f3 2025<\/p>\n\n\n<div class=\"ast-oembed-container \" style=\"height: 100%;\"><iframe loading=\"lazy\" title=\"Graduaci\u00f3 BAT2 2025\" width=\"500\" height=\"375\" src=\"https:\/\/www.youtube.com\/embed\/xexNPqHucVI?feature=oembed\" frameborder=\"0\" allow=\"accelerometer; autoplay; clipboard-write; encrypted-media; gyroscope; picture-in-picture; web-share\" referrerpolicy=\"strict-origin-when-cross-origin\" allowfullscreen><\/iframe><\/div>\n\n\n\n<p><\/p>\n\n\n\n<p>2n Batxillerat &#8211; promoci\u00f3 2024<\/p>\n\n\n<div class=\"ast-oembed-container \" style=\"height: 100%;\"><iframe loading=\"lazy\" title=\"Graduaci\u00f3 2n BAT 2024 - INS Ridaura\" width=\"500\" height=\"375\" src=\"https:\/\/www.youtube.com\/embed\/s6qg1cnY_uY?feature=oembed\" frameborder=\"0\" allow=\"accelerometer; autoplay; clipboard-write; encrypted-media; gyroscope; picture-in-picture; web-share\" referrerpolicy=\"strict-origin-when-cross-origin\" allowfullscreen><\/iframe><\/div>\n\n\n\n<p><\/p>\n\n\n\n<p>4t ESO &#8211; promoci\u00f3 2023<\/p>\n\n\n<div class=\"ast-oembed-container \" style=\"height: 100%;\"><iframe loading=\"lazy\" title=\"Promoci\u00f3 4t d&#039;ESO 2023 - INS Ridaura\" width=\"500\" height=\"281\" src=\"https:\/\/www.youtube.com\/embed\/ysneIbuH03U?feature=oembed\" frameborder=\"0\" allow=\"accelerometer; autoplay; clipboard-write; encrypted-media; gyroscope; picture-in-picture; web-share\" referrerpolicy=\"strict-origin-when-cross-origin\" allowfullscreen><\/iframe><\/div>\n\n\n\n<p><\/p>\n\n\n\n<p>2n Batxillerat &#8211; promoci\u00f3 2023<\/p>\n\n\n<div class=\"ast-oembed-container \" style=\"height: 100%;\"><iframe loading=\"lazy\" title=\"Graduaci\u00f3 2nBAT 2023 - INS Ridaura\" width=\"500\" height=\"281\" src=\"https:\/\/www.youtube.com\/embed\/ko83h9hAMQI?feature=oembed\" frameborder=\"0\" allow=\"accelerometer; autoplay; clipboard-write; encrypted-media; gyroscope; picture-in-picture; web-share\" referrerpolicy=\"strict-origin-when-cross-origin\" allowfullscreen><\/iframe><\/div>\n\n\n\n<p><\/p>\n\n\n\n<p>4t ESO &#8211; promoci\u00f3 2022<\/p>\n\n\n<div class=\"ast-oembed-container \" style=\"height: 100%;\"><iframe loading=\"lazy\" title=\"Graduaci\u00f3 4tESO 2022 - INS Ridaura\" width=\"500\" height=\"281\" src=\"https:\/\/www.youtube.com\/embed\/-4mouoqH6Cg?feature=oembed\" frameborder=\"0\" allow=\"accelerometer; autoplay; clipboard-write; encrypted-media; gyroscope; picture-in-picture; web-share\" referrerpolicy=\"strict-origin-when-cross-origin\" allowfullscreen><\/iframe><\/div>\n\n\n\n<p><\/p>\n\n\n\n<p>2n Batxillerat &#8211; promoci\u00f3 2022<\/p>\n\n\n<div class=\"ast-oembed-container \" style=\"height: 100%;\"><iframe loading=\"lazy\" title=\"Graduaci\u00f3 2nBAT 2022 - INS Ridaura\" width=\"500\" height=\"281\" src=\"https:\/\/www.youtube.com\/embed\/osnwX-sXe-E?feature=oembed\" frameborder=\"0\" allow=\"accelerometer; autoplay; clipboard-write; encrypted-media; gyroscope; picture-in-picture; web-share\" referrerpolicy=\"strict-origin-when-cross-origin\" allowfullscreen><\/iframe><\/div>\n\n\n\n<p><\/p>\n\n\n\n<p>2n Batxillerat &#8211; promoci\u00f3 2021<\/p>\n\n\n<div class=\"ast-oembed-container \" style=\"height: 100%;\"><iframe loading=\"lazy\" title=\"Graduaci\u00f3 2n BAT 2021 - INS Ridaura\" width=\"500\" height=\"281\" src=\"https:\/\/www.youtube.com\/embed\/KpkeOSjjtag?feature=oembed\" frameborder=\"0\" allow=\"accelerometer; autoplay; clipboard-write; encrypted-media; gyroscope; picture-in-picture; web-share\" referrerpolicy=\"strict-origin-when-cross-origin\" allowfullscreen><\/iframe><\/div>\n\n\n\n<p><\/p>\n\n\n\n<p>2n Batxillerat &#8211; promoci\u00f3 2020<\/p>\n\n\n<div class=\"ast-oembed-container \" style=\"height: 100%;\"><iframe loading=\"lazy\" title=\"Graduaci\u00f3 2n BAT 2020 - INS Ridaura\" width=\"500\" height=\"281\" src=\"https:\/\/www.youtube.com\/embed\/osChDA3rNbE?feature=oembed\" frameborder=\"0\" allow=\"accelerometer; autoplay; clipboard-write; encrypted-media; gyroscope; picture-in-picture; web-share\" referrerpolicy=\"strict-origin-when-cross-origin\" allowfullscreen><\/iframe><\/div>\n\n\n\n<p><\/p>\n\n\n\n<p>4t ESO &#8211; promoci\u00f3 2020<\/p>\n\n\n<div class=\"ast-oembed-container \" style=\"height: 100%;\"><iframe loading=\"lazy\" title=\"Graduaci\u00f3 4t ESO 2020 - INS Ridaura\" width=\"500\" height=\"281\" src=\"https:\/\/www.youtube.com\/embed\/mcnPYjy8gi0?feature=oembed\" frameborder=\"0\" allow=\"accelerometer; autoplay; clipboard-write; encrypted-media; gyroscope; picture-in-picture; web-share\" referrerpolicy=\"strict-origin-when-cross-origin\" allowfullscreen><\/iframe><\/div>\n\n\n\n<p><\/p>\n\n\n\n<p>2n Batxillerat &#8211; promoci\u00f3 2019<\/p>\n\n\n<div class=\"ast-oembed-container \" style=\"height: 100%;\"><iframe loading=\"lazy\" title=\"Graduaci\u00f3 2n BAT 2019 - INS Ridaura\" width=\"500\" height=\"375\" src=\"https:\/\/www.youtube.com\/embed\/975URAB9UJQ?feature=oembed\" frameborder=\"0\" allow=\"accelerometer; autoplay; clipboard-write; encrypted-media; gyroscope; picture-in-picture; web-share\" referrerpolicy=\"strict-origin-when-cross-origin\" allowfullscreen><\/iframe><\/div>\n\n\n\n<p><\/p>\n\n\n\n<p>2n Batxillerat &#8211; promoci\u00f3 2017<\/p>\n\n\n<div class=\"ast-oembed-container \" style=\"height: 100%;\"><iframe loading=\"lazy\" title=\"Graduaci\u00f3 2n BAT 2017 - INS Ridaura\" width=\"500\" height=\"375\" src=\"https:\/\/www.youtube.com\/embed\/mKqOiCdIp_M?feature=oembed\" frameborder=\"0\" allow=\"accelerometer; autoplay; clipboard-write; encrypted-media; gyroscope; picture-in-picture; web-share\" referrerpolicy=\"strict-origin-when-cross-origin\" allowfullscreen><\/iframe><\/div>\n\n\n\n<p><\/p>\n\n\n\n<p>2n Batxillerat &#8211; promoci\u00f3 2015<\/p>\n\n\n<div class=\"ast-oembed-container \" style=\"height: 100%;\"><iframe loading=\"lazy\" title=\"Graduaci\u00f3 2n BAT 2015 - INS Ridaura\" width=\"500\" height=\"375\" src=\"https:\/\/www.youtube.com\/embed\/NyQoTp8BLDg?feature=oembed\" frameborder=\"0\" allow=\"accelerometer; autoplay; clipboard-write; encrypted-media; gyroscope; picture-in-picture; web-share\" referrerpolicy=\"strict-origin-when-cross-origin\" allowfullscreen><\/iframe><\/div>\n\n\n\n<p><\/p>\n\n\n\n<p>2n Batxillerat &#8211; promoci\u00f3 2014<\/p>\n\n\n<div class=\"ast-oembed-container \" style=\"height: 100%;\"><iframe loading=\"lazy\" title=\"Graduaci\u00f3 2n BAT 2014 - INS Ridaura\" width=\"500\" height=\"375\" src=\"https:\/\/www.youtube.com\/embed\/pI60W1wp0xY?feature=oembed\" frameborder=\"0\" allow=\"accelerometer; autoplay; clipboard-write; encrypted-media; gyroscope; picture-in-picture; web-share\" referrerpolicy=\"strict-origin-when-cross-origin\" allowfullscreen><\/iframe><\/div>\n\n\n\n<p>&nbsp;<\/p>\n\n\n\n<p><span style=\"color: #087eb6;\"><strong>Projectes audiovisuals<\/strong><\/span><\/p>\n\n\n\n<p>Els estudiants David Serra i Roc Bagu\u00e9 de 4t d&#8217;ESO (2023-2024) presenten el seu projecte audiovisual, &#8220;Peons de guerra&#8221;, ambientat en la Guerra civil espanyola.<\/p>\n\n\n<div class=\"ast-oembed-container \" style=\"height: 100%;\"><iframe loading=\"lazy\" title=\"Peons de guerra\" width=\"500\" height=\"281\" src=\"https:\/\/www.youtube.com\/embed\/XBS2ZoAbq9o?feature=oembed\" frameborder=\"0\" allow=\"accelerometer; autoplay; clipboard-write; encrypted-media; gyroscope; picture-in-picture; web-share\" referrerpolicy=\"strict-origin-when-cross-origin\" allowfullscreen><\/iframe><\/div>\n\n\n\n<p>Els alumnes de 2n de BatxiBac (2022-2023) presenten a la &#8220;Matin\u00e9e BatxiBac 2023&#8221; un <em>commentaire de texte<\/em>, seguint les directrius de les proves externes, que ells mateixos han ideat i realitzat a partir d&#8217;un fragment de l&#8217;obra <em>&#8220;La promesse de l&#8217;aube&#8221;<\/em> de Romain Gary.<\/p>\n\n\n<div class=\"ast-oembed-container \" style=\"height: 100%;\"><iframe loading=\"lazy\" title=\"Matin\u00e9e BatxiBac 2023 - INS Ridaura\" width=\"500\" height=\"281\" src=\"https:\/\/www.youtube.com\/embed\/FCgnHytBN3U?feature=oembed\" frameborder=\"0\" allow=\"accelerometer; autoplay; clipboard-write; encrypted-media; gyroscope; picture-in-picture; web-share\" referrerpolicy=\"strict-origin-when-cross-origin\" allowfullscreen><\/iframe><\/div>\n\n\n\n<p>Els alumnes del 1r de BatxiBac (2018-2019) expliquen el concepte d&#8217;amistat i felicitat a la &#8220;Soir\u00e9e Ridaura 2019&#8221;<\/p>\n\n\n<div class=\"ast-oembed-container \" style=\"height: 100%;\"><iframe loading=\"lazy\" title=\"Le bonheur et l&#039;amiti\u00e9\" width=\"500\" height=\"281\" src=\"https:\/\/www.youtube.com\/embed\/73d4dkkRPOs?feature=oembed\" frameborder=\"0\" allow=\"accelerometer; autoplay; clipboard-write; encrypted-media; gyroscope; picture-in-picture; web-share\" referrerpolicy=\"strict-origin-when-cross-origin\" allowfullscreen><\/iframe><\/div>\n\n\n\n<p>La for\u00eat: Curtmetratge realitzat pels alumnes de l&#8217;Aula Oberta (2019)<\/p>\n\n\n<div class=\"ast-oembed-container \" style=\"height: 100%;\"><iframe loading=\"lazy\" title=\"AO movie &#039;19 final\" width=\"500\" height=\"281\" src=\"https:\/\/www.youtube.com\/embed\/TPjQ33zp4cc?feature=oembed\" frameborder=\"0\" allow=\"accelerometer; autoplay; clipboard-write; encrypted-media; gyroscope; picture-in-picture; web-share\" referrerpolicy=\"strict-origin-when-cross-origin\" allowfullscreen><\/iframe><\/div>\n\n\n\n<p>Side to side<\/p>\n\n\n<div class=\"ast-oembed-container \" style=\"height: 100%;\"><iframe loading=\"lazy\" title=\"Side to side\" width=\"500\" height=\"281\" src=\"https:\/\/www.youtube.com\/embed\/kQEOzff57H0?feature=oembed\" frameborder=\"0\" allow=\"accelerometer; autoplay; clipboard-write; encrypted-media; gyroscope; picture-in-picture; web-share\" referrerpolicy=\"strict-origin-when-cross-origin\" allowfullscreen><\/iframe><\/div>\n","protected":false},"excerpt":{"rendered":"<p>En aquest espai trobareu alguns dels v\u00eddeos promocionals de l&#8217;Institut Ridaura, aix\u00ed com reculls audiovisuals de les graduacions d&#8217;antigues promocions [&hellip;]<\/p>\n","protected":false},"author":1,"featured_media":0,"parent":0,"menu_order":0,"comment_status":"closed","ping_status":"closed","template":"","meta":{"_bbp_topic_count":0,"_bbp_reply_count":0,"_bbp_total_topic_count":0,"_bbp_total_reply_count":0,"_bbp_voice_count":0,"_bbp_anonymous_reply_count":0,"_bbp_topic_count_hidden":0,"_bbp_reply_count_hidden":0,"_bbp_forum_subforum_count":0,"site-sidebar-layout":"default","site-content-layout":"","ast-site-content-layout":"default","site-content-style":"default","site-sidebar-style":"default","ast-global-header-display":"","ast-banner-title-visibility":"","ast-main-header-display":"","ast-hfb-above-header-display":"","ast-hfb-below-header-display":"","ast-hfb-mobile-header-display":"","site-post-title":"","ast-breadcrumbs-content":"","ast-featured-img":"","footer-sml-layout":"","theme-transparent-header-meta":"","adv-header-id-meta":"","stick-header-meta":"","header-above-stick-meta":"","header-main-stick-meta":"","header-below-stick-meta":"","astra-migrate-meta-layouts":"set","ast-page-background-enabled":"default","ast-page-background-meta":{"desktop":{"background-color":"var(--ast-global-color-4)","background-image":"","background-repeat":"repeat","background-position":"center center","background-size":"auto","background-attachment":"scroll","background-type":"","background-media":"","overlay-type":"","overlay-color":"","overlay-opacity":"","overlay-gradient":""},"tablet":{"background-color":"","background-image":"","background-repeat":"repeat","background-position":"center center","background-size":"auto","background-attachment":"scroll","background-type":"","background-media":"","overlay-type":"","overlay-color":"","overlay-opacity":"","overlay-gradient":""},"mobile":{"background-color":"","background-image":"","background-repeat":"repeat","background-position":"center center","background-size":"auto","background-attachment":"scroll","background-type":"","background-media":"","overlay-type":"","overlay-color":"","overlay-opacity":"","overlay-gradient":""}},"ast-content-background-meta":{"desktop":{"background-color":"var(--ast-global-color-5)","background-image":"","background-repeat":"repeat","background-position":"center center","background-size":"auto","background-attachment":"scroll","background-type":"","background-media":"","overlay-type":"","overlay-color":"","overlay-opacity":"","overlay-gradient":""},"tablet":{"background-color":"var(--ast-global-color-5)","background-image":"","background-repeat":"repeat","background-position":"center center","background-size":"auto","background-attachment":"scroll","background-type":"","background-media":"","overlay-type":"","overlay-color":"","overlay-opacity":"","overlay-gradient":""},"mobile":{"background-color":"var(--ast-global-color-5)","background-image":"","background-repeat":"repeat","background-position":"center center","background-size":"auto","background-attachment":"scroll","background-type":"","background-media":"","overlay-type":"","overlay-color":"","overlay-opacity":"","overlay-gradient":""}},"footnotes":""},"class_list":["post-3174","page","type-page","status-publish","hentry"],"post_mailing_queue_ids":[],"_links":{"self":[{"href":"https:\/\/agora.xtec.cat\/iesridaura\/wp-json\/wp\/v2\/pages\/3174","targetHints":{"allow":["GET"]}}],"collection":[{"href":"https:\/\/agora.xtec.cat\/iesridaura\/wp-json\/wp\/v2\/pages"}],"about":[{"href":"https:\/\/agora.xtec.cat\/iesridaura\/wp-json\/wp\/v2\/types\/page"}],"author":[{"embeddable":true,"href":"https:\/\/agora.xtec.cat\/iesridaura\/wp-json\/wp\/v2\/users\/1"}],"replies":[{"embeddable":true,"href":"https:\/\/agora.xtec.cat\/iesridaura\/wp-json\/wp\/v2\/comments?post=3174"}],"version-history":[{"count":6,"href":"https:\/\/agora.xtec.cat\/iesridaura\/wp-json\/wp\/v2\/pages\/3174\/revisions"}],"predecessor-version":[{"id":10495,"href":"https:\/\/agora.xtec.cat\/iesridaura\/wp-json\/wp\/v2\/pages\/3174\/revisions\/10495"}],"wp:attachment":[{"href":"https:\/\/agora.xtec.cat\/iesridaura\/wp-json\/wp\/v2\/media?parent=3174"}],"curies":[{"name":"wp","href":"https:\/\/api.w.org\/{rel}","templated":true}]}}