{"id":2854,"date":"2019-11-24T17:49:02","date_gmt":"2019-11-24T16:49:02","guid":{"rendered":"http:\/\/agora.xtec.cat\/iesridaura\/?page_id=2854"},"modified":"2025-03-06T13:00:45","modified_gmt":"2025-03-06T12:00:45","slug":"orientacio-academica-i-professional","status":"publish","type":"page","link":"https:\/\/agora.xtec.cat\/iesridaura\/orientacio-academica-i-professional\/","title":{"rendered":"Orientaci\u00f3 acad\u00e8mica i professional"},"content":{"rendered":"<p>Aquest espai vol ser una eina de suport adre\u00e7ada a l\u2019alumnat i a les fam\u00edlies que han d\u2019acompanyar a les seves filles i als seus fills en la presa de decisions respecte al seu itinerari acad\u00e8mic i professional, aix\u00ed com en la incorporaci\u00f3 al sistema educatiu postobligatori. L\u2019objectiu de tot l\u2019equip docent de l&#8217;Institut Ridaura \u00e9s el d\u2019acompanyar tamb\u00e9 als estudiants en aquesta etapa, facilitant-los tota la informaci\u00f3 possible i les eines necess\u00e0ries per a la transici\u00f3 al m\u00f3n dels estudis superiors i de formaci\u00f3 professional.<\/p>\n<p><span style=\"color: #087eb6;\"><strong>Informaci\u00f3 i orientaci\u00f3 : Cicles formatius i Formaci\u00f3 professional<\/strong><\/span><\/p>\n<p style=\"text-align: left;\"><a href=\"https:\/\/docs.google.com\/presentation\/d\/1EBrVlETS0qFp_gJHK-XLA6CToF_SoKQWbU1QGQ1K188\/edit?usp=sharing\" target=\"_blank\" rel=\"noopener noreferrer\">Informacions d&#8217;orientaci\u00f3 per a estudis postobligatoris<\/a><\/p>\n<p><a href=\"http:\/\/unportal.cat\/\">Educaci\u00f3 superior a Catalunya<\/a><\/p>\n<p style=\"text-align: left;\"><a href=\"http:\/\/www.gencat.cat\/ensenyament\/eac\/pdf\/CFP_CGGM_CA.pdf\">Guia de Cicles formatius 2023<\/a><\/p>\n<p><a href=\"http:\/\/ensenyament.gencat.cat\/ca\/departament\/serveis-territorials\/girona\/centres-serveis-educatius\/\">Oferta de Cicles formatius, centres i serveis educatius i formaci\u00f3 d&#8217;adults (demarcaci\u00f3 de Girona)<\/a><\/p>\n<p style=\"text-align: left;\"><a href=\"http:\/\/queestudiar.gencat.cat\/ca\/estudis\/fp\/cicles\/index.html\">Informaci\u00f3 sobre cicles formatius : Grau mitj\u00e0 i Grau superior<\/a><\/p>\n<p style=\"text-align: left;\"><a href=\"http:\/\/xtec.gencat.cat\/ca\/curriculum\/professionals\/fp\/\">Informaci\u00f3 sobre formaci\u00f3 professional<\/a><\/p>\n<p style=\"text-align: left;\"><a href=\"https:\/\/www.fpbaixemporda.com\/\">Cicles de Formaci\u00f3 Professional de Grau Mig i Superior del Baix Empord\u00e0<\/a>.<\/p>\n<p style=\"text-align: left;\"><a href=\"https:\/\/ioc.xtec.cat\/educacio\/cicles-formatius\">Institut Obert de Catalunya (IOC) : Cicles de Formaci\u00f3 Professional de Grau Mig i Superior<\/a><em>, formaci\u00f3 a dist\u00e0ncia.<\/em><\/p>\n<p style=\"text-align: right;\"><span style=\"color: #087eb6;\"><strong>Informaci\u00f3 i orientaci\u00f3 : Batxillerat i acc\u00e9s a la Universitat<\/strong><\/span><\/p>\n<p style=\"text-align: right;\"><a href=\"https:\/\/docs.google.com\/presentation\/d\/1EBrVlETS0qFp_gJHK-XLA6CToF_SoKQWbU1QGQ1K188\/edit?usp=sharing\" target=\"_blank\" rel=\"noopener noreferrer\">Informacions d&#8217;orientaci\u00f3 per a estudis postobligatoris<\/a><\/p>\n<p style=\"text-align: right;\"><a href=\"http:\/\/unportal.cat\/\">Educaci\u00f3 superior a Catalunya<\/a><\/p>\n<p style=\"text-align: right;\"><a href=\"https:\/\/universitats.gencat.cat\/ca\/proves-acces-PAU-PAP\/sobre-PAU\/que-son-PAU\/\">Proves d&#8217;Acc\u00e9s a la Universitat (PAU) &#8211; <em>&#8220;Selectivitat&#8221;<\/em><\/a><\/p>\n<p style=\"text-align: right;\"><a href=\"https:\/\/universitats.gencat.cat\/ca\/proves-acces-PAU-PAP\/sobre-proves-aptitud-personal\/\">Proves d&#8217;Aptitud Personal (PAP)<\/a><\/p>\n<p style=\"text-align: right;\"><a href=\"https:\/\/agora.xtec.cat\/iesridaura\/wp-content\/uploads\/usu1163\/2025\/03\/Ponderacions-2025_v5.pdf\">Ponderacions 2nBAT Catalunya 2025<\/a><\/p>\n<p style=\"text-align: right;\"><a href=\"https:\/\/universitats.gencat.cat\/ca\/preinscripcions\/\">Preinscripci\u00f3 a la Universitat (informaci\u00f3 i tr\u00e0mits)<\/a><\/p>\n<p style=\"text-align: right;\"><a href=\"https:\/\/universitats.gencat.cat\/ca\/acces-universitat\/sobre-preus-beques\/index.html\">Preus d&#8217;estudis universitaris, beques i ajuts<\/a><\/p>\n<p><span style=\"color: #087eb6;\"><strong>Estudis universitaris &#8211; Universitats de Catalunya<\/strong><\/span><\/p>\n<p style=\"text-align: left;\"><a href=\"https:\/\/www.youtube.com\/playlist?list=PLEqIWgQEwkLu7aYdDRNjX8dmjTGLcLxcE\">Universitat de Girona (UdG)<\/a><em>, Universitat p\u00fablica de Girona i comarques.<\/em><\/p>\n<p style=\"text-align: left;\"><a href=\"https:\/\/www.youtube.com\/user\/UABBarcelona\/search?query=graus+uab\">Universitat Aut\u00f2noma de Barcelona (UAB)<\/a><em>, Universitat p\u00fablica de Bellaterra, Barcelona.<\/em><\/p>\n<p style=\"text-align: left;\"><a href=\"https:\/\/www.youtube.com\/user\/UB\/search?query=graus+ub\">Universitat de Barcelona (UB)<\/a><em>, Universitat p\u00fablica de Barcelona ciutat.<\/em><\/p>\n<p style=\"text-align: left;\"><a href=\"https:\/\/www.youtube.com\/user\/UPF\/search?query=graus+upf\">Universitat Pompeu Fabra (UPF)<\/a><em>, Universitat p\u00fablica de Barcelona ciutat.<\/em><\/p>\n<p style=\"text-align: left;\"><a href=\"https:\/\/www.upc.edu\/ca\">Universitat Polit\u00e8cnica de Catalunya (UPC)<\/a><em>, Universitat p\u00fablica de Barcelona ciutat i \u00e0rea metropolitana.<\/em><\/p>\n<p style=\"text-align: left;\"><a href=\"https:\/\/www.youtube.com\/channel\/UCFr0G1s0I6_Pv31fbDPAweg\">Universitat de Vic &#8211; Universitat Central de Catalunya (UVic UCC)<\/a><em>, Universitat de gesti\u00f3 mixta p\u00fablica-privada de la Catalunya Central.<\/em><\/p>\n<p style=\"text-align: left;\"><a href=\"https:\/\/www.youtube.com\/user\/canalURV\/search?query=graus+URV\">Universitat Rovira i Virgili (URV)<\/a><em>, Universitat p\u00fablica de Tarragona i comarques.<\/em><\/p>\n<p style=\"text-align: left;\"><a href=\"https:\/\/www.youtube.com\/user\/universitatdelleida\/videos\">Universitat de Lleida (UDL)<\/a><em>, Universitat p\u00fablica de Lleida i comarques.<\/em><\/p>\n<p style=\"text-align: left;\"><a href=\"https:\/\/www.youtube.com\/user\/UOC\/search?query=graus+uoc\">Universitat Oberta de Catalunya (UOC)<\/a><em>, Universitat p\u00fablica de formaci\u00f3 a dist\u00e0ncia.<\/em><\/p>\n<p style=\"text-align: left;\"><a href=\"https:\/\/www.url.edu\/ca\">Universitat Ramon Llull (URL)<\/a><em>, Universitat privada amb seu a Barcelona.<\/em><\/p>\n<p style=\"text-align: left;\"><a href=\"https:\/\/www.uaoceu.es\/ca\">Universitat Abat Oliba (UAO CEU)<\/a><em>, Universitat privada cat\u00f2lica amb seu a Barcelona.<\/em><\/p>\n<p><a href=\"https:\/\/www.youtube.com\/playlist?list=PLcXC0agYq2goP_ZgOLJkVo5tv_6eLQ2uU\">Universitat Internacional de Catalunya (UIC)<\/a><em>, Universitat privada amb seu a Barcelona.<\/em><\/p>\n<p style=\"text-align: right;\"><span style=\"color: #087eb6;\"><strong>\u00c9tudes universitaires &#8211; Universit\u00e9s du centre et du sud de la France<\/strong><\/span><\/p>\n<p style=\"text-align: right;\"><a href=\"https:\/\/www.univ-perp.fr\/accueil-upvd-20842.kjsp\">Universit\u00e9 de Perpignan Via Domitia (UPVD)<\/a><\/p>\n<p style=\"text-align: right;\"><a href=\"https:\/\/www.umontpellier.fr\/\">Universit\u00e9 de Montpellier &#8211; Montpellier 1 et 2<\/a><\/p>\n<p style=\"text-align: right;\"><a href=\"https:\/\/itic.www.univ-montp3.fr\/\">Universit\u00e9 Paul Val\u00e9ry &#8211; Montpellier 3<\/a><\/p>\n<p style=\"text-align: right;\"><a href=\"https:\/\/www.univ-amu.fr\/\">Aix-Marseille Universit\u00e9<\/a><\/p>\n<p style=\"text-align: right;\"><a href=\"http:\/\/www.univ-tln.fr\/\">Universit\u00e9 de Toulon<\/a><\/p>\n<p style=\"text-align: right;\"><a href=\"https:\/\/www.ut-capitole.fr\/\">Universit\u00e9 Capitole &#8211; Toulouse 1<\/a><\/p>\n<p style=\"text-align: right;\"><a href=\"https:\/\/www.univ-tlse2.fr\/\">Universit\u00e9 Jean Jaur\u00e8s &#8211; Toulouse 2<\/a><\/p>\n<p style=\"text-align: right;\"><a href=\"https:\/\/www.univ-tlse3.fr\/\">Universit\u00e9 Paul Sabatier &#8211; Toulouse 3<\/a><\/p>\n<p style=\"text-align: right;\"><a href=\"https:\/\/www.u-bordeaux.fr\/\">Universit\u00e9 de Bordeaux<\/a><\/p>\n<p style=\"text-align: right;\"><a href=\"https:\/\/www.u-bordeaux-montaigne.fr\/fr\/index.html\">Universit\u00e9 Bordeaux Montaigne<\/a><\/p>\n<p style=\"text-align: right;\"><a href=\"https:\/\/www.univ-lyon1.fr\/\">Universit\u00e9 Claude Bernard &#8211; Lyon 1<\/a><\/p>\n<p style=\"text-align: right;\"><a href=\"https:\/\/www.univ-lyon2.fr\/\">Universit\u00e9 Lumi\u00e8re &#8211; Lyon 2<\/a><\/p>\n<p style=\"text-align: right;\"><a href=\"https:\/\/www.univ-lyon3.fr\/\">Universit\u00e9 Jean Moulin &#8211; Lyon 3<\/a><\/p>\n<p style=\"text-align: right;\"><a href=\"https:\/\/www.univ-grenoble-alpes.fr\/\">Universit\u00e9 de Grenoble Alpes<\/a><\/p>\n<p style=\"text-align: right;\"><a href=\"https:\/\/www.uca.fr\/\">Universit\u00e9 Blaise-Pascal et Clermont Auvergne, Clermont-Ferrand<\/a><\/p>\n<p style=\"text-align: right;\"><a href=\"https:\/\/www.unilim.fr\/\">Universit\u00e9 de Limoges<\/a><\/p>\n","protected":false},"excerpt":{"rendered":"<p>Aquest espai vol ser una eina de suport adre\u00e7ada a l\u2019alumnat i a les fam\u00edlies que han d\u2019acompanyar a les [&hellip;]<\/p>\n","protected":false},"author":1,"featured_media":0,"parent":0,"menu_order":0,"comment_status":"closed","ping_status":"closed","template":"","meta":{"_bbp_topic_count":0,"_bbp_reply_count":0,"_bbp_total_topic_count":0,"_bbp_total_reply_count":0,"_bbp_voice_count":0,"_bbp_anonymous_reply_count":0,"_bbp_topic_count_hidden":0,"_bbp_reply_count_hidden":0,"_bbp_forum_subforum_count":0,"site-sidebar-layout":"default","site-content-layout":"","ast-site-content-layout":"default","site-content-style":"default","site-sidebar-style":"default","ast-global-header-display":"","ast-banner-title-visibility":"","ast-main-header-display":"","ast-hfb-above-header-display":"","ast-hfb-below-header-display":"","ast-hfb-mobile-header-display":"","site-post-title":"","ast-breadcrumbs-content":"","ast-featured-img":"","footer-sml-layout":"","theme-transparent-header-meta":"","adv-header-id-meta":"","stick-header-meta":"","header-above-stick-meta":"","header-main-stick-meta":"","header-below-stick-meta":"","astra-migrate-meta-layouts":"set","ast-page-background-enabled":"default","ast-page-background-meta":{"desktop":{"background-color":"var(--ast-global-color-4)","background-image":"","background-repeat":"repeat","background-position":"center center","background-size":"auto","background-attachment":"scroll","background-type":"","background-media":"","overlay-type":"","overlay-color":"","overlay-opacity":"","overlay-gradient":""},"tablet":{"background-color":"","background-image":"","background-repeat":"repeat","background-position":"center center","background-size":"auto","background-attachment":"scroll","background-type":"","background-media":"","overlay-type":"","overlay-color":"","overlay-opacity":"","overlay-gradient":""},"mobile":{"background-color":"","background-image":"","background-repeat":"repeat","background-position":"center center","background-size":"auto","background-attachment":"scroll","background-type":"","background-media":"","overlay-type":"","overlay-color":"","overlay-opacity":"","overlay-gradient":""}},"ast-content-background-meta":{"desktop":{"background-color":"var(--ast-global-color-5)","background-image":"","background-repeat":"repeat","background-position":"center center","background-size":"auto","background-attachment":"scroll","background-type":"","background-media":"","overlay-type":"","overlay-color":"","overlay-opacity":"","overlay-gradient":""},"tablet":{"background-color":"var(--ast-global-color-5)","background-image":"","background-repeat":"repeat","background-position":"center center","background-size":"auto","background-attachment":"scroll","background-type":"","background-media":"","overlay-type":"","overlay-color":"","overlay-opacity":"","overlay-gradient":""},"mobile":{"background-color":"var(--ast-global-color-5)","background-image":"","background-repeat":"repeat","background-position":"center center","background-size":"auto","background-attachment":"scroll","background-type":"","background-media":"","overlay-type":"","overlay-color":"","overlay-opacity":"","overlay-gradient":""}},"footnotes":""},"class_list":["post-2854","page","type-page","status-publish","hentry"],"post_mailing_queue_ids":[],"_links":{"self":[{"href":"https:\/\/agora.xtec.cat\/iesridaura\/wp-json\/wp\/v2\/pages\/2854","targetHints":{"allow":["GET"]}}],"collection":[{"href":"https:\/\/agora.xtec.cat\/iesridaura\/wp-json\/wp\/v2\/pages"}],"about":[{"href":"https:\/\/agora.xtec.cat\/iesridaura\/wp-json\/wp\/v2\/types\/page"}],"author":[{"embeddable":true,"href":"https:\/\/agora.xtec.cat\/iesridaura\/wp-json\/wp\/v2\/users\/1"}],"replies":[{"embeddable":true,"href":"https:\/\/agora.xtec.cat\/iesridaura\/wp-json\/wp\/v2\/comments?post=2854"}],"version-history":[{"count":6,"href":"https:\/\/agora.xtec.cat\/iesridaura\/wp-json\/wp\/v2\/pages\/2854\/revisions"}],"predecessor-version":[{"id":9780,"href":"https:\/\/agora.xtec.cat\/iesridaura\/wp-json\/wp\/v2\/pages\/2854\/revisions\/9780"}],"wp:attachment":[{"href":"https:\/\/agora.xtec.cat\/iesridaura\/wp-json\/wp\/v2\/media?parent=2854"}],"curies":[{"name":"wp","href":"https:\/\/api.w.org\/{rel}","templated":true}]}}