{"id":195,"date":"2014-09-22T10:39:39","date_gmt":"2014-09-22T10:39:39","guid":{"rendered":"http:\/\/agora.xtec.cat\/iesridaura\/?page_id=195"},"modified":"2021-08-30T12:58:30","modified_gmt":"2021-08-30T10:58:30","slug":"estudis","status":"publish","type":"page","link":"https:\/\/agora.xtec.cat\/iesridaura\/estudis\/","title":{"rendered":"Estudis"},"content":{"rendered":"<p style=\"color: #444444;\">Conegueu els estudis que s&#8217;imparteixen a l&#8217;<strong>Institut Ridaura<\/strong>, en els seg\u00fcents enlla\u00e7os:<\/p>\n<header class=\"entry-header\" style=\"color: #444444;\">\n<h1 class=\"entry-title\" style=\"font-weight: 400; color: #087eb6;\">ESO<\/h1>\n<blockquote class=\"wp-embedded-content\" data-secret=\"KT2thE1BUw\"><p><a href=\"https:\/\/agora.xtec.cat\/iesridaura\/secundaria-eso\/\">Secund\u00e0ria &#8211; ESO<\/a><\/p><\/blockquote>\n<p><iframe loading=\"lazy\" class=\"wp-embedded-content\" sandbox=\"allow-scripts\" security=\"restricted\" style=\"position: absolute; clip: rect(1px, 1px, 1px, 1px);\" title=\"&#8220;Secund\u00e0ria &#8211; ESO&#8221; &#8212; Institut  Ridaura\" src=\"https:\/\/agora.xtec.cat\/iesridaura\/secundaria-eso\/embed\/#?secret=JxoSZ3zSVn#?secret=KT2thE1BUw\" data-secret=\"KT2thE1BUw\" width=\"500\" height=\"282\" frameborder=\"0\" marginwidth=\"0\" marginheight=\"0\" scrolling=\"no\"><\/iframe><\/p>\n<\/header>\n<div class=\"entry-content\" style=\"color: #444444;\">\n<ul>\n<li>https:\/\/agora.xtec.cat\/iesridaura\/secundaria-eso\/<\/li>\n<\/ul>\n<header class=\"entry-header\">\n<h1 class=\"entry-title\" style=\"font-weight: 400; color: #087eb6;\">Batxillerat<\/h1>\n<\/header>\n<div class=\"entry-content\">\n<blockquote class=\"wp-embedded-content\" data-secret=\"lIFV5skWlM\"><p><a href=\"https:\/\/agora.xtec.cat\/iesridaura\/batxillerat\/\">Batxillerat<\/a><\/p><\/blockquote>\n<p><iframe loading=\"lazy\" class=\"wp-embedded-content\" sandbox=\"allow-scripts\" security=\"restricted\" style=\"position: absolute; clip: rect(1px, 1px, 1px, 1px);\" title=\"&#8220;Batxillerat&#8221; &#8212; Institut  Ridaura\" src=\"https:\/\/agora.xtec.cat\/iesridaura\/batxillerat\/embed\/#?secret=aaEaEbviyB#?secret=lIFV5skWlM\" data-secret=\"lIFV5skWlM\" width=\"500\" height=\"282\" frameborder=\"0\" marginwidth=\"0\" marginheight=\"0\" scrolling=\"no\"><\/iframe><\/p>\n<ul>\n<li>https:\/\/agora.xtec.cat\/iesridaura\/batxillerat\/<\/li>\n<\/ul>\n<\/div>\n<\/div>\n<header class=\"entry-header\" style=\"color: #444444;\">\n<header class=\"entry-header\">\n<h1 class=\"entry-title\" style=\"font-weight: 400; color: #087eb6;\">BatxiBac<\/h1>\n<blockquote class=\"wp-embedded-content\" data-secret=\"IdeNBDpjg7\"><p><a href=\"https:\/\/agora.xtec.cat\/iesridaura\/francais\/\">Langue Fran\u00e7aise<\/a><\/p><\/blockquote>\n<p><iframe loading=\"lazy\" class=\"wp-embedded-content\" sandbox=\"allow-scripts\" security=\"restricted\" style=\"position: absolute; clip: rect(1px, 1px, 1px, 1px);\" title=\"&#8220;Langue Fran\u00e7aise&#8221; &#8212; Institut  Ridaura\" src=\"https:\/\/agora.xtec.cat\/iesridaura\/francais\/embed\/#?secret=HcnPcgOByy#?secret=IdeNBDpjg7\" data-secret=\"IdeNBDpjg7\" width=\"500\" height=\"282\" frameborder=\"0\" marginwidth=\"0\" marginheight=\"0\" scrolling=\"no\"><\/iframe><\/p>\n<\/header>\n<div class=\"entry-content\">\n<ul>\n<li>https:\/\/agora.xtec.cat\/iesridaura\/francais\/<\/li>\n<\/ul>\n<\/div>\n<\/header>\n","protected":false},"excerpt":{"rendered":"<p>Conegueu els estudis que s&#8217;imparteixen a l&#8217;Institut Ridaura, en els seg\u00fcents enlla\u00e7os: ESO Secund\u00e0ria &#8211; ESO https:\/\/agora.xtec.cat\/iesridaura\/secundaria-eso\/ Batxillerat Batxillerat https:\/\/agora.xtec.cat\/iesridaura\/batxillerat\/ [&hellip;]<\/p>\n","protected":false},"author":1,"featured_media":0,"parent":0,"menu_order":0,"comment_status":"closed","ping_status":"closed","template":"","meta":{"_bbp_topic_count":0,"_bbp_reply_count":0,"_bbp_total_topic_count":0,"_bbp_total_reply_count":0,"_bbp_voice_count":0,"_bbp_anonymous_reply_count":0,"_bbp_topic_count_hidden":0,"_bbp_reply_count_hidden":0,"_bbp_forum_subforum_count":0,"site-sidebar-layout":"default","site-content-layout":"","ast-site-content-layout":"","site-content-style":"default","site-sidebar-style":"default","ast-global-header-display":"","ast-banner-title-visibility":"","ast-main-header-display":"","ast-hfb-above-header-display":"","ast-hfb-below-header-display":"","ast-hfb-mobile-header-display":"","site-post-title":"","ast-breadcrumbs-content":"","ast-featured-img":"","footer-sml-layout":"","theme-transparent-header-meta":"","adv-header-id-meta":"","stick-header-meta":"","header-above-stick-meta":"","header-main-stick-meta":"","header-below-stick-meta":"","astra-migrate-meta-layouts":"default","ast-page-background-enabled":"default","ast-page-background-meta":{"desktop":{"background-color":"var(--ast-global-color-4)","background-image":"","background-repeat":"repeat","background-position":"center center","background-size":"auto","background-attachment":"scroll","background-type":"","background-media":"","overlay-type":"","overlay-color":"","overlay-opacity":"","overlay-gradient":""},"tablet":{"background-color":"","background-image":"","background-repeat":"repeat","background-position":"center center","background-size":"auto","background-attachment":"scroll","background-type":"","background-media":"","overlay-type":"","overlay-color":"","overlay-opacity":"","overlay-gradient":""},"mobile":{"background-color":"","background-image":"","background-repeat":"repeat","background-position":"center center","background-size":"auto","background-attachment":"scroll","background-type":"","background-media":"","overlay-type":"","overlay-color":"","overlay-opacity":"","overlay-gradient":""}},"ast-content-background-meta":{"desktop":{"background-color":"var(--ast-global-color-5)","background-image":"","background-repeat":"repeat","background-position":"center center","background-size":"auto","background-attachment":"scroll","background-type":"","background-media":"","overlay-type":"","overlay-color":"","overlay-opacity":"","overlay-gradient":""},"tablet":{"background-color":"var(--ast-global-color-5)","background-image":"","background-repeat":"repeat","background-position":"center center","background-size":"auto","background-attachment":"scroll","background-type":"","background-media":"","overlay-type":"","overlay-color":"","overlay-opacity":"","overlay-gradient":""},"mobile":{"background-color":"var(--ast-global-color-5)","background-image":"","background-repeat":"repeat","background-position":"center center","background-size":"auto","background-attachment":"scroll","background-type":"","background-media":"","overlay-type":"","overlay-color":"","overlay-opacity":"","overlay-gradient":""}},"footnotes":""},"class_list":["post-195","page","type-page","status-publish","hentry"],"post_mailing_queue_ids":[],"_links":{"self":[{"href":"https:\/\/agora.xtec.cat\/iesridaura\/wp-json\/wp\/v2\/pages\/195","targetHints":{"allow":["GET"]}}],"collection":[{"href":"https:\/\/agora.xtec.cat\/iesridaura\/wp-json\/wp\/v2\/pages"}],"about":[{"href":"https:\/\/agora.xtec.cat\/iesridaura\/wp-json\/wp\/v2\/types\/page"}],"author":[{"embeddable":true,"href":"https:\/\/agora.xtec.cat\/iesridaura\/wp-json\/wp\/v2\/users\/1"}],"replies":[{"embeddable":true,"href":"https:\/\/agora.xtec.cat\/iesridaura\/wp-json\/wp\/v2\/comments?post=195"}],"version-history":[{"count":3,"href":"https:\/\/agora.xtec.cat\/iesridaura\/wp-json\/wp\/v2\/pages\/195\/revisions"}],"predecessor-version":[{"id":5157,"href":"https:\/\/agora.xtec.cat\/iesridaura\/wp-json\/wp\/v2\/pages\/195\/revisions\/5157"}],"wp:attachment":[{"href":"https:\/\/agora.xtec.cat\/iesridaura\/wp-json\/wp\/v2\/media?parent=195"}],"curies":[{"name":"wp","href":"https:\/\/api.w.org\/{rel}","templated":true}]}}