{"id":1315,"date":"2018-02-23T09:51:52","date_gmt":"2018-02-23T08:51:52","guid":{"rendered":"http:\/\/agora.xtec.cat\/iesridaura\/?page_id=1315"},"modified":"2025-10-15T13:49:30","modified_gmt":"2025-10-15T11:49:30","slug":"english","status":"publish","type":"page","link":"https:\/\/agora.xtec.cat\/iesridaura\/english\/","title":{"rendered":"English Language"},"content":{"rendered":"\n<p>L\u2019<strong>angl\u00e8s<\/strong> \u00e9s la primera llengua estrangera que, de forma obligat\u00f2ria, s\u2019estudia des de 1r de Secund\u00e0ria fins a 2n de Batxillerat. Com que els alumnes ja s&#8217;han iniciat en l&#8217;aprenentatge d&#8217;aquesta llengua estrangera al llarg de l&#8217;Educaci\u00f3 Prim\u00e0ria, comencem 1r d&#8217;ESO amb un nivell A2 i finalitzem l&#8217;etapa obligat\u00f2ria, 4t d&#8217;ESO, amb un nivell B1+. Durant els cursos de Batxillerat es treballa per arribar a l\u2019assoliment o consolidaci\u00f3 del nivell B2.<\/p>\n\n\n\n<p><span style=\"color: #087eb6;\"><strong>Cambridge English Qualifications<\/strong><\/span><\/p>\n\n\n\n<p>Dins del marc del Projecte d\u2019Excel\u00b7l\u00e8ncia de la Vall d\u2019Aro, l\u2019Institut Ridaura \u00e9s seu examinadora oficial de la <a href=\"https:\/\/www.cambridgeenglish.org\/\">Universitat de Cambridge<\/a> a trav\u00e9s de <a href=\"https:\/\/examensgirona.com\/es\/examenes-cambridge-girona\/\">Exams Girona<\/a>. L&#8217;alumnat del nostre centre i de les escoles de prim\u00e0ria de la zona tindran l&#8217;oportunitat de presentar-se, durant el mes de maig, a aquests ex\u00e0mens oficials.<\/p>\n\n\n\n<p>En el cas dels alumnes de l\u2019Institut, els nivells que podran acreditar seran el B1, el B2 o el C1 segons el <a href=\"https:\/\/europa.eu\/europass\/en\/common-european-framework-reference-language-skills\">Common European Framework of Reference for Language skills (CEFR)<\/a>. Per a alumnes de 1r d\u2019ESO a 2n de Batxillerat, el centre ofereix els seg\u00fcents nivells:<\/p>\n\n\n\n<ul class=\"wp-block-list\">\n<li>Cambridge Preliminary English Test for Schools (PET &#8211; B1)<\/li>\n\n\n\n<li>Cambridge First Certificate for Schools (FCE &#8211; B2)<\/li>\n\n\n\n<li>Cambridge Advanced (CAE &#8211; C1)<\/li>\n<\/ul>\n\n\n\n<figure class=\"wp-block-image alignleft is-resized\"><a href=\"https:\/\/agora.xtec.cat\/iesridaura\/wp-content\/uploads\/usu1163\/2023\/10\/Prep-centre-logo_RGB.png\"><img loading=\"lazy\" decoding=\"async\" width=\"300\" height=\"161\" src=\"https:\/\/agora.xtec.cat\/iesridaura\/wp-content\/uploads\/usu1163\/2023\/10\/Prep-centre-logo_RGB-300x161.png\" alt=\"\" class=\"wp-image-7239\" style=\"width:280px;height:auto\" srcset=\"https:\/\/agora.xtec.cat\/iesridaura\/wp-content\/uploads\/usu1163\/2023\/10\/Prep-centre-logo_RGB-300x161.png 300w, https:\/\/agora.xtec.cat\/iesridaura\/wp-content\/uploads\/usu1163\/2023\/10\/Prep-centre-logo_RGB-1024x550.png 1024w, https:\/\/agora.xtec.cat\/iesridaura\/wp-content\/uploads\/usu1163\/2023\/10\/Prep-centre-logo_RGB-768x412.png 768w, https:\/\/agora.xtec.cat\/iesridaura\/wp-content\/uploads\/usu1163\/2023\/10\/Prep-centre-logo_RGB-1536x824.png 1536w, https:\/\/agora.xtec.cat\/iesridaura\/wp-content\/uploads\/usu1163\/2023\/10\/Prep-centre-logo_RGB.png 1787w\" sizes=\"auto, (max-width: 300px) 100vw, 300px\" \/><\/a><\/figure>\n\n\n\n<p><\/p>\n\n\n\n<p><br><br>INFORMACI\u00d3 <strong>CAMBRIDGE 2026<\/strong> pendent d&#8217;actualitzar.<\/p>\n\n\n\n<p><\/p>\n\n\n\n<p><br>Les <strong>taxes Cambridge 2025<\/strong> van ser :<\/p>\n\n\n\n<ul class=\"wp-block-list\">\n<li><strong>B1 Preliminary (PET)<\/strong> :&nbsp; 112 \u20ac (inscripci\u00f3 a trav\u00e9s de l&#8217;INS Ridaura)<\/li>\n\n\n\n<li><strong>B2 First Certificate (FCE)<\/strong> : 199,75 \u20ac (inscripci\u00f3 a trav\u00e9s de l&#8217;INS Ridaura)<\/li>\n\n\n\n<li><strong>C1 Advanced (CAE)&nbsp;<\/strong>: 222,00 \u20ac (inscripci\u00f3 \u00e0 trav\u00e9s de la <a href=\"https:\/\/cambridge.fundacioudg.org\/ca\/inscripcions-i-dates.html\">UdG<\/a>)<\/li>\n<\/ul>\n\n\n\n<p><iframe loading=\"lazy\" src=\"\/\/www.youtube.com\/embed\/liE1Tp3Ta8M\" width=\"560\" height=\"314\" allowfullscreen=\"allowfullscreen\"><\/iframe><\/p>\n\n\n\n<p><\/p>\n\n\n\n<p class=\"has-text-align-left\"><span style=\"color: #087eb6;\"><strong>Professorat EFL, curs 2025-2026<\/strong><\/span><\/p>\n\n\n\n<figure class=\"wp-block-table has-small-font-size\"><table><tbody><tr><td><span style=\"color: #087eb6;\"><strong>Cap de Departament<\/strong><\/span><br>Prof. EFL &#8211; ESO 3 and ESO 4<\/td><td>Marta Sitj\u00e0<\/td><\/tr><tr><td><span style=\"color: #087eb6;\"><strong>Coordinaci\u00f3 Cambridge<\/strong><\/span><br>Prof. EFL &#8211; ESO 2, ESO 3 and BAT 2<\/td><td>Yolanda Cabanas<\/td><\/tr><tr><td>Prof. EFL &#8211; ESO 2 and BAT 1<\/td><td>Gemma Brull<\/td><\/tr><tr><td>Prof. EFL &#8211; ESO 2 and ESO 4<\/td><td>M\u00aa \u00c0ngels Jariod<\/td><\/tr><tr><td>Prof. EFL &#8211; ESO 1 and ESO 3<\/td><td>Cristina De la Fuente<\/td><\/tr><tr><td>Prof. EFL &#8211; ESO 1 and History ESO 4 (GEP \/ CLIL)<\/td><td>Nil Mercader<\/td><\/tr><tr><td>Prof. EFL &#8211; ESO 2, ESO 4, SIEI and Projecte Ridaura<\/td><td>Alba Gonz\u00e1lez<\/td><\/tr><\/tbody><\/table><\/figure>\n\n\n\n<figure class=\"wp-block-image alignleft\"><a href=\"https:\/\/agora.xtec.cat\/iesridaura\/wp-content\/uploads\/usu1163\/2023\/10\/English-Department.png\"><img loading=\"lazy\" decoding=\"async\" width=\"300\" height=\"167\" src=\"https:\/\/agora.xtec.cat\/iesridaura\/wp-content\/uploads\/usu1163\/2023\/10\/English-Department-300x167.png\" alt=\"\" class=\"wp-image-7251\" srcset=\"https:\/\/agora.xtec.cat\/iesridaura\/wp-content\/uploads\/usu1163\/2023\/10\/English-Department-300x167.png 300w, https:\/\/agora.xtec.cat\/iesridaura\/wp-content\/uploads\/usu1163\/2023\/10\/English-Department-1024x571.png 1024w, https:\/\/agora.xtec.cat\/iesridaura\/wp-content\/uploads\/usu1163\/2023\/10\/English-Department-768x428.png 768w, https:\/\/agora.xtec.cat\/iesridaura\/wp-content\/uploads\/usu1163\/2023\/10\/English-Department.png 1225w\" sizes=\"auto, (max-width: 300px) 100vw, 300px\" \/><\/a><\/figure>\n","protected":false},"excerpt":{"rendered":"<p>L\u2019angl\u00e8s \u00e9s la primera llengua estrangera que, de forma obligat\u00f2ria, s\u2019estudia des de 1r de Secund\u00e0ria fins a 2n de [&hellip;]<\/p>\n","protected":false},"author":1,"featured_media":0,"parent":0,"menu_order":0,"comment_status":"closed","ping_status":"closed","template":"","meta":{"_bbp_topic_count":0,"_bbp_reply_count":0,"_bbp_total_topic_count":0,"_bbp_total_reply_count":0,"_bbp_voice_count":0,"_bbp_anonymous_reply_count":0,"_bbp_topic_count_hidden":0,"_bbp_reply_count_hidden":0,"_bbp_forum_subforum_count":0,"site-sidebar-layout":"default","site-content-layout":"","ast-site-content-layout":"default","site-content-style":"default","site-sidebar-style":"default","ast-global-header-display":"","ast-banner-title-visibility":"","ast-main-header-display":"","ast-hfb-above-header-display":"","ast-hfb-below-header-display":"","ast-hfb-mobile-header-display":"","site-post-title":"","ast-breadcrumbs-content":"","ast-featured-img":"","footer-sml-layout":"","theme-transparent-header-meta":"","adv-header-id-meta":"","stick-header-meta":"","header-above-stick-meta":"","header-main-stick-meta":"","header-below-stick-meta":"","astra-migrate-meta-layouts":"set","ast-page-background-enabled":"default","ast-page-background-meta":{"desktop":{"background-color":"var(--ast-global-color-4)","background-image":"","background-repeat":"repeat","background-position":"center center","background-size":"auto","background-attachment":"scroll","background-type":"","background-media":"","overlay-type":"","overlay-color":"","overlay-opacity":"","overlay-gradient":""},"tablet":{"background-color":"","background-image":"","background-repeat":"repeat","background-position":"center center","background-size":"auto","background-attachment":"scroll","background-type":"","background-media":"","overlay-type":"","overlay-color":"","overlay-opacity":"","overlay-gradient":""},"mobile":{"background-color":"","background-image":"","background-repeat":"repeat","background-position":"center center","background-size":"auto","background-attachment":"scroll","background-type":"","background-media":"","overlay-type":"","overlay-color":"","overlay-opacity":"","overlay-gradient":""}},"ast-content-background-meta":{"desktop":{"background-color":"var(--ast-global-color-5)","background-image":"","background-repeat":"repeat","background-position":"center center","background-size":"auto","background-attachment":"scroll","background-type":"","background-media":"","overlay-type":"","overlay-color":"","overlay-opacity":"","overlay-gradient":""},"tablet":{"background-color":"var(--ast-global-color-5)","background-image":"","background-repeat":"repeat","background-position":"center center","background-size":"auto","background-attachment":"scroll","background-type":"","background-media":"","overlay-type":"","overlay-color":"","overlay-opacity":"","overlay-gradient":""},"mobile":{"background-color":"var(--ast-global-color-5)","background-image":"","background-repeat":"repeat","background-position":"center center","background-size":"auto","background-attachment":"scroll","background-type":"","background-media":"","overlay-type":"","overlay-color":"","overlay-opacity":"","overlay-gradient":""}},"footnotes":""},"class_list":["post-1315","page","type-page","status-publish","hentry"],"post_mailing_queue_ids":[],"_links":{"self":[{"href":"https:\/\/agora.xtec.cat\/iesridaura\/wp-json\/wp\/v2\/pages\/1315","targetHints":{"allow":["GET"]}}],"collection":[{"href":"https:\/\/agora.xtec.cat\/iesridaura\/wp-json\/wp\/v2\/pages"}],"about":[{"href":"https:\/\/agora.xtec.cat\/iesridaura\/wp-json\/wp\/v2\/types\/page"}],"author":[{"embeddable":true,"href":"https:\/\/agora.xtec.cat\/iesridaura\/wp-json\/wp\/v2\/users\/1"}],"replies":[{"embeddable":true,"href":"https:\/\/agora.xtec.cat\/iesridaura\/wp-json\/wp\/v2\/comments?post=1315"}],"version-history":[{"count":6,"href":"https:\/\/agora.xtec.cat\/iesridaura\/wp-json\/wp\/v2\/pages\/1315\/revisions"}],"predecessor-version":[{"id":11016,"href":"https:\/\/agora.xtec.cat\/iesridaura\/wp-json\/wp\/v2\/pages\/1315\/revisions\/11016"}],"wp:attachment":[{"href":"https:\/\/agora.xtec.cat\/iesridaura\/wp-json\/wp\/v2\/media?parent=1315"}],"curies":[{"name":"wp","href":"https:\/\/api.w.org\/{rel}","templated":true}]}}