{"id":11827,"date":"2026-04-17T13:20:35","date_gmt":"2026-04-17T11:20:35","guid":{"rendered":"https:\/\/agora.xtec.cat\/iesridaura\/?page_id=11827"},"modified":"2026-04-23T13:50:25","modified_gmt":"2026-04-23T11:50:25","slug":"modelatge-creatiu-en-3d-dibuixa-el-futur-fabricales-teves-idees","status":"publish","type":"page","link":"https:\/\/agora.xtec.cat\/iesridaura\/modelatge-creatiu-en-3d-dibuixa-el-futur-fabricales-teves-idees\/","title":{"rendered":"Modelatge Creatiu en 3D: Dibuixa el futur, fabricales teves idees"},"content":{"rendered":"\n<p>T\u2019has imaginat mai poder passar una idea del teu cap a un objecte real que pots tocar?<br>T\u2019agradaria dominar les eines que fan servir els dissenyadors, artistes i enginyers actuals?<br>Benvingut\/da a Modelatge Creatiu en 3D, la nova optativa de Visual i Pl\u00e0stica per a 2n d&#8217;ESO.<\/p>\n\n\n\n<p><br><strong>Qu\u00e8 farem en aquesta mat\u00e8ria?<\/strong><br>Durant dues hores setmanals, convertirem l&#8217;aula en un laboratori de fabricaci\u00f3 digital. En aquesta assignatura deixarem enrere el paper convencional per endinsar-nos en el m\u00f3n del disseny digital i la creaci\u00f3 d&#8217;objectes reals utilitzant la tecnologia m\u00e9s avan\u00e7ada del centre.<\/p>\n\n\n\n<p><br><strong>\ufe0f Les nostres eines de creaci\u00f3<\/strong><br>Aprendr\u00e0s a fer servir un ventall de programari professional i creatiu adaptat al teu nivell:<br>\u25cf<em> Disseny i Modelatge 3D: <\/em>Utilitzarem TinkerCad per a les primeres formes geom\u00e8triques i SketchUp per a projectes arquitect\u00f2nics i de disseny m\u00e9s complexos.<br>\u25cf<em> IA Generativa (L\u2019\u00faltima revoluci\u00f3): <\/em>Explorarem com la Intel\u00b7lig\u00e8ncia Artificial ens pot ajudar a crear. Farem servir eines com Tripo3D o Meshy per generar models 3D a partir de text o imatges en pocs segons.<br>\u25cf <em>Fabricaci\u00f3 Digital (Impressores i L\u00e0ser): <\/em>Aprendr\u00e0s a preparar els teus dissenys per a les impressores 3D i a dominar el programari xTool Creative Space per tallar i gravar fusta o altres materials amb la gravadora l\u00e0ser.<\/p>\n\n\n\n<p><br><strong>Metodologia<\/strong><br>Aquesta \u00e9s una optativa pr\u00e0ctica i basada en projectes. No nom\u00e9s aprendr\u00e0s a fer anar programes, sin\u00f3 que aprendr\u00e0s a resoldre reptes: des de dissenyar objectes simples personalitzats fins a crear personatges complexos amb IA i imprimir-los en 3D.<\/p>\n\n\n\n<p><br><strong>Material necessari:<\/strong><br>&#8211; Ordinador i ratol\u00ed<br>&#8211; Llibreta fulls quadriculats<br>&#8211; Llapis i goma<br>&#8211; Retoladors calibrats 0\u20194 \/0\u20196 \/0\u20198 mm<br>&#8211; 5 euros per material fungible ( impressi\u00f3 3D i gravadora l\u00e0ser)<\/p>\n\n\n\n<p><em>&#8220;La millor manera de predir el futur \u00e9s fabricar-lo.&#8221; T\u2019hi esperem!<\/em><\/p>\n\n\n\n<p><\/p>\n","protected":false},"excerpt":{"rendered":"<p>T\u2019has imaginat mai poder passar una idea del teu cap a un objecte real que pots tocar?T\u2019agradaria dominar les eines [&hellip;]<\/p>\n","protected":false},"author":103,"featured_media":0,"parent":0,"menu_order":0,"comment_status":"closed","ping_status":"close","template":"","meta":{"_bbp_topic_count":0,"_bbp_reply_count":0,"_bbp_total_topic_count":0,"_bbp_total_reply_count":0,"_bbp_voice_count":0,"_bbp_anonymous_reply_count":0,"_bbp_topic_count_hidden":0,"_bbp_reply_count_hidden":0,"_bbp_forum_subforum_count":0,"site-sidebar-layout":"default","site-content-layout":"","ast-site-content-layout":"default","site-content-style":"default","site-sidebar-style":"default","ast-global-header-display":"","ast-banner-title-visibility":"","ast-main-header-display":"","ast-hfb-above-header-display":"","ast-hfb-below-header-display":"","ast-hfb-mobile-header-display":"","site-post-title":"","ast-breadcrumbs-content":"","ast-featured-img":"","footer-sml-layout":"","theme-transparent-header-meta":"","adv-header-id-meta":"","stick-header-meta":"","header-above-stick-meta":"","header-main-stick-meta":"","header-below-stick-meta":"","astra-migrate-meta-layouts":"set","ast-page-background-enabled":"default","ast-page-background-meta":{"desktop":{"background-color":"var(--ast-global-color-4)","background-image":"","background-repeat":"repeat","background-position":"center center","background-size":"auto","background-attachment":"scroll","background-type":"","background-media":"","overlay-type":"","overlay-color":"","overlay-opacity":"","overlay-gradient":""},"tablet":{"background-color":"","background-image":"","background-repeat":"repeat","background-position":"center center","background-size":"auto","background-attachment":"scroll","background-type":"","background-media":"","overlay-type":"","overlay-color":"","overlay-opacity":"","overlay-gradient":""},"mobile":{"background-color":"","background-image":"","background-repeat":"repeat","background-position":"center center","background-size":"auto","background-attachment":"scroll","background-type":"","background-media":"","overlay-type":"","overlay-color":"","overlay-opacity":"","overlay-gradient":""}},"ast-content-background-meta":{"desktop":{"background-color":"var(--ast-global-color-5)","background-image":"","background-repeat":"repeat","background-position":"center center","background-size":"auto","background-attachment":"scroll","background-type":"","background-media":"","overlay-type":"","overlay-color":"","overlay-opacity":"","overlay-gradient":""},"tablet":{"background-color":"var(--ast-global-color-5)","background-image":"","background-repeat":"repeat","background-position":"center center","background-size":"auto","background-attachment":"scroll","background-type":"","background-media":"","overlay-type":"","overlay-color":"","overlay-opacity":"","overlay-gradient":""},"mobile":{"background-color":"var(--ast-global-color-5)","background-image":"","background-repeat":"repeat","background-position":"center center","background-size":"auto","background-attachment":"scroll","background-type":"","background-media":"","overlay-type":"","overlay-color":"","overlay-opacity":"","overlay-gradient":""}},"footnotes":""},"class_list":["post-11827","page","type-page","status-publish","hentry"],"post_mailing_queue_ids":[],"_links":{"self":[{"href":"https:\/\/agora.xtec.cat\/iesridaura\/wp-json\/wp\/v2\/pages\/11827","targetHints":{"allow":["GET"]}}],"collection":[{"href":"https:\/\/agora.xtec.cat\/iesridaura\/wp-json\/wp\/v2\/pages"}],"about":[{"href":"https:\/\/agora.xtec.cat\/iesridaura\/wp-json\/wp\/v2\/types\/page"}],"author":[{"embeddable":true,"href":"https:\/\/agora.xtec.cat\/iesridaura\/wp-json\/wp\/v2\/users\/103"}],"replies":[{"embeddable":true,"href":"https:\/\/agora.xtec.cat\/iesridaura\/wp-json\/wp\/v2\/comments?post=11827"}],"version-history":[{"count":2,"href":"https:\/\/agora.xtec.cat\/iesridaura\/wp-json\/wp\/v2\/pages\/11827\/revisions"}],"predecessor-version":[{"id":11867,"href":"https:\/\/agora.xtec.cat\/iesridaura\/wp-json\/wp\/v2\/pages\/11827\/revisions\/11867"}],"wp:attachment":[{"href":"https:\/\/agora.xtec.cat\/iesridaura\/wp-json\/wp\/v2\/media?parent=11827"}],"curies":[{"name":"wp","href":"https:\/\/api.w.org\/{rel}","templated":true}]}}