{"id":10851,"date":"2025-09-05T11:56:47","date_gmt":"2025-09-05T09:56:47","guid":{"rendered":"https:\/\/agora.xtec.cat\/iesridaura\/?page_id=10851"},"modified":"2026-04-17T13:21:07","modified_gmt":"2026-04-17T11:21:07","slug":"optatives-eso2","status":"publish","type":"page","link":"https:\/\/agora.xtec.cat\/iesridaura\/optatives-eso2\/","title":{"rendered":"Mat\u00e8ries optatives &#8211; 2n d&#8217;ESO"},"content":{"rendered":"\n<p>Aquest curs 2025-2026 oferim a l\u2019alumnat de 2n d\u2019ESO un seguit de mat\u00e8ries optatives de dues hores setmanals, pensades per enriquir l\u2019aprenentatge, refor\u00e7ar compet\u00e8ncies b\u00e0siques i despertar nous interessos.<\/p>\n\n\n\n<p>L\u2019objectiu d\u2019aquesta proposta \u00e9s que cada estudiant pugui escollir segons les seves necessitats i motivacions, tot combinant refor\u00e7 acad\u00e8mic, creativitat i noves tecnologies.<\/p>\n\n\n\n<p>Les optatives que oferim s\u00f3n:<\/p>\n\n\n\n<ul class=\"wp-block-list\">\n<li><strong>T\u00e8cniques d\u2019estudi<\/strong>: estrat\u00e8gies i h\u00e0bits per aprendre millor i amb m\u00e9s autonomia.<\/li>\n\n\n\n<li><strong>Let&#8217;s go!<\/strong>: refor\u00e7 i pr\u00e0ctica de la llengua anglesa, per guanyar seguretat i flu\u00efdesa.<\/li>\n\n\n\n<li><strong>Llegir, pensar i crear<\/strong>: foment de la lectura i de l\u2019expressi\u00f3 escrita i creativa.<\/li>\n\n\n\n<li><strong>Matem\u00e0tiques<\/strong>: espai per consolidar coneixements i aprofundir en el raonament l\u00f2gic.<\/li>\n\n\n\n<li><strong>Rob\u00f2tica<\/strong>: introducci\u00f3 al pensament computacional, la programaci\u00f3 i la tecnologia aplicada.<\/li>\n\n\n\n<li><strong>Modelatge Creatiu en 3D: <\/strong>Dibuixa el futur, fabrica les teves idees.<\/li>\n<\/ul>\n\n\n\n<p>Amb aquesta nova oferta, volem que els nostres alumnes descobreixin nous camins per aprendre, gaudeixin de l\u2019experi\u00e8ncia educativa i enforteixin les seves compet\u00e8ncies per al futur.<\/p>\n\n\n\n<p><\/p>\n\n\n\n<p><br><span style=\"color: #087eb6;\"><strong>Professorat Mat\u00e8ries optatives 2n d&#8217;ESO, curs 2025-2026<\/strong><\/span><\/p>\n\n\n\n<figure class=\"wp-block-table\"><table class=\"has-fixed-layout\"><tbody><tr><td><a href=\"https:\/\/agora.xtec.cat\/iesridaura\/tecniques-destudi\/\">T\u00e8cniques d&#8217;estudi<\/a><\/td><td>Nat\u00e0lia Arciniega<\/td><\/tr><tr><td><a href=\"https:\/\/agora.xtec.cat\/iesridaura\/lets-go\/\">Let&#8217;s go !<\/a><\/td><td>Alba Gonz\u00e1lez i Yolanda Cabanas<\/td><\/tr><tr><td><a href=\"https:\/\/agora.xtec.cat\/iesridaura\/llegir-pensar-i-crear\/\">Llegir, pensar i crear<\/a><\/td><td>Laia Dobao<\/td><\/tr><tr><td><a href=\"https:\/\/agora.xtec.cat\/iesridaura\/matematiques-2\/\">Matem\u00e0tiques<\/a><\/td><td>Marc Mestres<\/td><\/tr><tr><td><a href=\"https:\/\/agora.xtec.cat\/iesridaura\/robotica-i-programacio\/\">Rob\u00f2tica<\/a><\/td><td>Pol Girbal<\/td><\/tr><tr><td><a href=\"https:\/\/agora.xtec.cat\/iesridaura\/modelatge-creatiu-en-3d-dibuixa-el-futur-fabricales-teves-idees\/\" data-type=\"page\" data-id=\"11827\">Modelatge Creatiu en 3D<\/a><\/td><td><\/td><\/tr><\/tbody><\/table><\/figure>\n\n\n\n<p><\/p>\n\n\n\n<p><\/p>\n","protected":false},"excerpt":{"rendered":"<p>Aquest curs 2025-2026 oferim a l\u2019alumnat de 2n d\u2019ESO un seguit de mat\u00e8ries optatives de dues hores setmanals, pensades per [&hellip;]<\/p>\n","protected":false},"author":1,"featured_media":0,"parent":0,"menu_order":0,"comment_status":"closed","ping_status":"close","template":"","meta":{"_bbp_topic_count":0,"_bbp_reply_count":0,"_bbp_total_topic_count":0,"_bbp_total_reply_count":0,"_bbp_voice_count":0,"_bbp_anonymous_reply_count":0,"_bbp_topic_count_hidden":0,"_bbp_reply_count_hidden":0,"_bbp_forum_subforum_count":0,"site-sidebar-layout":"default","site-content-layout":"","ast-site-content-layout":"default","site-content-style":"default","site-sidebar-style":"default","ast-global-header-display":"","ast-banner-title-visibility":"","ast-main-header-display":"","ast-hfb-above-header-display":"","ast-hfb-below-header-display":"","ast-hfb-mobile-header-display":"","site-post-title":"","ast-breadcrumbs-content":"","ast-featured-img":"","footer-sml-layout":"","theme-transparent-header-meta":"","adv-header-id-meta":"","stick-header-meta":"","header-above-stick-meta":"","header-main-stick-meta":"","header-below-stick-meta":"","astra-migrate-meta-layouts":"set","ast-page-background-enabled":"default","ast-page-background-meta":{"desktop":{"background-color":"var(--ast-global-color-4)","background-image":"","background-repeat":"repeat","background-position":"center center","background-size":"auto","background-attachment":"scroll","background-type":"","background-media":"","overlay-type":"","overlay-color":"","overlay-opacity":"","overlay-gradient":""},"tablet":{"background-color":"","background-image":"","background-repeat":"repeat","background-position":"center center","background-size":"auto","background-attachment":"scroll","background-type":"","background-media":"","overlay-type":"","overlay-color":"","overlay-opacity":"","overlay-gradient":""},"mobile":{"background-color":"","background-image":"","background-repeat":"repeat","background-position":"center center","background-size":"auto","background-attachment":"scroll","background-type":"","background-media":"","overlay-type":"","overlay-color":"","overlay-opacity":"","overlay-gradient":""}},"ast-content-background-meta":{"desktop":{"background-color":"var(--ast-global-color-5)","background-image":"","background-repeat":"repeat","background-position":"center center","background-size":"auto","background-attachment":"scroll","background-type":"","background-media":"","overlay-type":"","overlay-color":"","overlay-opacity":"","overlay-gradient":""},"tablet":{"background-color":"var(--ast-global-color-5)","background-image":"","background-repeat":"repeat","background-position":"center center","background-size":"auto","background-attachment":"scroll","background-type":"","background-media":"","overlay-type":"","overlay-color":"","overlay-opacity":"","overlay-gradient":""},"mobile":{"background-color":"var(--ast-global-color-5)","background-image":"","background-repeat":"repeat","background-position":"center center","background-size":"auto","background-attachment":"scroll","background-type":"","background-media":"","overlay-type":"","overlay-color":"","overlay-opacity":"","overlay-gradient":""}},"footnotes":""},"class_list":["post-10851","page","type-page","status-publish","hentry"],"post_mailing_queue_ids":[],"_links":{"self":[{"href":"https:\/\/agora.xtec.cat\/iesridaura\/wp-json\/wp\/v2\/pages\/10851","targetHints":{"allow":["GET"]}}],"collection":[{"href":"https:\/\/agora.xtec.cat\/iesridaura\/wp-json\/wp\/v2\/pages"}],"about":[{"href":"https:\/\/agora.xtec.cat\/iesridaura\/wp-json\/wp\/v2\/types\/page"}],"author":[{"embeddable":true,"href":"https:\/\/agora.xtec.cat\/iesridaura\/wp-json\/wp\/v2\/users\/1"}],"replies":[{"embeddable":true,"href":"https:\/\/agora.xtec.cat\/iesridaura\/wp-json\/wp\/v2\/comments?post=10851"}],"version-history":[{"count":6,"href":"https:\/\/agora.xtec.cat\/iesridaura\/wp-json\/wp\/v2\/pages\/10851\/revisions"}],"predecessor-version":[{"id":11829,"href":"https:\/\/agora.xtec.cat\/iesridaura\/wp-json\/wp\/v2\/pages\/10851\/revisions\/11829"}],"wp:attachment":[{"href":"https:\/\/agora.xtec.cat\/iesridaura\/wp-json\/wp\/v2\/media?parent=10851"}],"curies":[{"name":"wp","href":"https:\/\/api.w.org\/{rel}","templated":true}]}}