{"id":10348,"date":"2025-05-21T19:46:52","date_gmt":"2025-05-21T17:46:52","guid":{"rendered":"https:\/\/agora.xtec.cat\/iesridaura\/?page_id=10348"},"modified":"2025-09-07T16:39:46","modified_gmt":"2025-09-07T14:39:46","slug":"club-lectura-ridaura","status":"publish","type":"page","link":"https:\/\/agora.xtec.cat\/iesridaura\/club-lectura-ridaura\/","title":{"rendered":"Club Lectura Ridaura 2025-2026"},"content":{"rendered":"\n<p><strong>Si us apassiona la lectura, aquest \u00e9s el vostre Club !<\/strong><\/p>\n\n\n\n<p>Des de la Biblioteca Anna Granolleras i dels Departaments de Catal\u00e0, Castellano, English, Fran\u00e7ais i Ci\u00e8ncies Socials de l&#8217;Institut Ridaura, us hem preparat per al curs 2025-2026 una selecci\u00f3 variada i enriquidora de lectures per al nou <strong>Club Lectura Ridaura<\/strong>. Els participants podreu escollir una, v\u00e0ries o totes les novel\u00b7les d\u2019entre les propostes del curs i compartir les vostres reflexions amb el professorat de refer\u00e8ncia i amb altres estudiants, i fins i tot amb els propis autors.<\/p>\n\n\n\n<p>El club ofereix llibres en <strong>catal\u00e0, castell\u00e0, angl\u00e8s i franc\u00e8s<\/strong>, amb l\u2019objectiu de proporcionar experi\u00e8ncies de lectura que despertin l\u2019inter\u00e8s, fomentin el debat, enriqueixin la comprensi\u00f3 de les lleng\u00fces d&#8217;estudi de l&#8217;Institut i permetin descobrir nous horitzons literaris.<\/p>\n\n\n\n<p><\/p>\n\n\n\n<p><strong>Calendari de lectures del Club, 2025-2026<\/strong> :<\/p>\n\n\n\n<figure class=\"wp-block-table has-small-font-size\"><table class=\"has-fixed-layout\"><tbody><tr><td class=\"has-text-align-center\" data-align=\"center\"><strong>Pr\u00e9stec Llibre<\/strong><br>(Biblioteca INS Ridaura)<\/td><td class=\"has-text-align-center\" data-align=\"center\"><strong>Dinamitzaci\u00f3<\/strong> <strong>Lectura<\/strong><br>(Biblioteca INS Ridaura)<\/td><td class=\"has-text-align-center\" data-align=\"center\"><strong>Llibre<\/strong><\/td><td class=\"has-text-align-center\" data-align=\"center\"><strong>Idioma<\/strong><\/td><td class=\"has-text-align-center\" data-align=\"center\"><strong>Professorat referent<\/strong><\/td><\/tr><tr><td class=\"has-text-align-center\" data-align=\"center\">Del <br>22 al 26 setembre 2025<\/td><td class=\"has-text-align-center\" data-align=\"center\">Entre el <br>27 i 31 octubre 2025<\/td><td class=\"has-text-align-center\" data-align=\"center\"><em>Momo, petit prince des Bleuets<\/em>, <br>Ya\u00ebl Hassan<\/td><td class=\"has-text-align-center\" data-align=\"center\">Fran\u00e7ais<\/td><td class=\"has-text-align-center\" data-align=\"center\">Carles Ram\u00edrez<\/td><\/tr><tr><td class=\"has-text-align-center\" data-align=\"center\">Del <br>3 al 7 novembre 2025<\/td><td class=\"has-text-align-center\" data-align=\"center\">Entre <br>l&#8217;1 i el 5 desembre 2025<\/td><td class=\"has-text-align-center\" data-align=\"center\"><em>El retrat de Dorian Gray<\/em>, <br>Oscar Wilde<\/td><td class=\"has-text-align-center\" data-align=\"center\">Catal\u00e0<\/td><td class=\"has-text-align-center\" data-align=\"center\">Esther Blanco<\/td><\/tr><tr><td class=\"has-text-align-center\" data-align=\"center\">Del <br>10 al 19 desembre 2025<\/td><td class=\"has-text-align-center\" data-align=\"center\">Entre el <br>26 i el 30 gener 2026<\/td><td class=\"has-text-align-center\" data-align=\"center\"><em>Un fill<\/em>,<br>Alejandro Palomas<\/td><td class=\"has-text-align-center\" data-align=\"center\">Catal\u00e0<\/td><td class=\"has-text-align-center\" data-align=\"center\">Merc\u00e8 Roca<\/td><\/tr><tr><td class=\"has-text-align-center\" data-align=\"center\">Del <br>2 al 6 febrer 2026<\/td><td class=\"has-text-align-center\" data-align=\"center\">Entre el <br>2 i el 6 mar\u00e7 2026<\/td><td class=\"has-text-align-center\" data-align=\"center\"><em>La familia<\/em>, <br>Sara Mesa<\/td><td class=\"has-text-align-center\" data-align=\"center\">Castellano<\/td><td class=\"has-text-align-center\" data-align=\"center\">Mar\u00eda Garc\u00eda<\/td><\/tr><tr><td class=\"has-text-align-center\" data-align=\"center\">Del <br>23 al 27 mar\u00e7 2026<\/td><td class=\"has-text-align-center\" data-align=\"center\">Entre el <br>27 i el 30 abril 2026<\/td><td class=\"has-text-align-center\" data-align=\"center\"><em>To Kill a Mockingbird<\/em>, <br>Harper Lee<\/td><td class=\"has-text-align-center\" data-align=\"center\">English<\/td><td class=\"has-text-align-center\" data-align=\"center\">M\u00aa \u00c0ngels Jariod<\/td><\/tr><\/tbody><\/table><\/figure>\n\n\n\n<figure class=\"wp-block-image size-large\"><a href=\"https:\/\/agora.xtec.cat\/iesridaura\/wp-content\/uploads\/usu1163\/2025\/09\/PROMO-propostes-25-26-poster.jpg\"><img loading=\"lazy\" decoding=\"async\" width=\"1024\" height=\"724\" src=\"https:\/\/agora.xtec.cat\/iesridaura\/wp-content\/uploads\/usu1163\/2025\/09\/PROMO-propostes-25-26-poster-1024x724.jpg\" alt=\"\" class=\"wp-image-10876\" srcset=\"https:\/\/agora.xtec.cat\/iesridaura\/wp-content\/uploads\/usu1163\/2025\/09\/PROMO-propostes-25-26-poster-1024x724.jpg 1024w, https:\/\/agora.xtec.cat\/iesridaura\/wp-content\/uploads\/usu1163\/2025\/09\/PROMO-propostes-25-26-poster-300x212.jpg 300w, https:\/\/agora.xtec.cat\/iesridaura\/wp-content\/uploads\/usu1163\/2025\/09\/PROMO-propostes-25-26-poster-768x543.jpg 768w, https:\/\/agora.xtec.cat\/iesridaura\/wp-content\/uploads\/usu1163\/2025\/09\/PROMO-propostes-25-26-poster-1536x1086.jpg 1536w, https:\/\/agora.xtec.cat\/iesridaura\/wp-content\/uploads\/usu1163\/2025\/09\/PROMO-propostes-25-26-poster.jpg 1600w\" sizes=\"auto, (max-width: 1024px) 100vw, 1024px\" \/><\/a><\/figure>\n\n\n\n<p><\/p>\n\n\n\n<p><br><strong>Fitxes de les propostes liter\u00e0ries :<\/strong><\/p>\n\n\n\n<figure class=\"wp-block-image size-large\"><a href=\"https:\/\/agora.xtec.cat\/iesridaura\/wp-content\/uploads\/usu1163\/2025\/07\/1.-Francais-Octobre-2025.jpg\"><img loading=\"lazy\" decoding=\"async\" width=\"1024\" height=\"724\" src=\"https:\/\/agora.xtec.cat\/iesridaura\/wp-content\/uploads\/usu1163\/2025\/07\/1.-Francais-Octobre-2025-1024x724.jpg\" alt=\"\" class=\"wp-image-10622\" srcset=\"https:\/\/agora.xtec.cat\/iesridaura\/wp-content\/uploads\/usu1163\/2025\/07\/1.-Francais-Octobre-2025-1024x724.jpg 1024w, https:\/\/agora.xtec.cat\/iesridaura\/wp-content\/uploads\/usu1163\/2025\/07\/1.-Francais-Octobre-2025-300x212.jpg 300w, https:\/\/agora.xtec.cat\/iesridaura\/wp-content\/uploads\/usu1163\/2025\/07\/1.-Francais-Octobre-2025-768x543.jpg 768w, https:\/\/agora.xtec.cat\/iesridaura\/wp-content\/uploads\/usu1163\/2025\/07\/1.-Francais-Octobre-2025-1536x1086.jpg 1536w, https:\/\/agora.xtec.cat\/iesridaura\/wp-content\/uploads\/usu1163\/2025\/07\/1.-Francais-Octobre-2025.jpg 1754w\" sizes=\"auto, (max-width: 1024px) 100vw, 1024px\" \/><\/a><\/figure>\n\n\n\n<figure class=\"wp-block-image size-large\"><a href=\"https:\/\/agora.xtec.cat\/iesridaura\/wp-content\/uploads\/usu1163\/2025\/07\/2.-Socials-Desembre-2025.jpg\"><img loading=\"lazy\" decoding=\"async\" width=\"1024\" height=\"724\" src=\"https:\/\/agora.xtec.cat\/iesridaura\/wp-content\/uploads\/usu1163\/2025\/07\/2.-Socials-Desembre-2025-1024x724.jpg\" alt=\"\" class=\"wp-image-10623\" srcset=\"https:\/\/agora.xtec.cat\/iesridaura\/wp-content\/uploads\/usu1163\/2025\/07\/2.-Socials-Desembre-2025-1024x724.jpg 1024w, https:\/\/agora.xtec.cat\/iesridaura\/wp-content\/uploads\/usu1163\/2025\/07\/2.-Socials-Desembre-2025-300x212.jpg 300w, https:\/\/agora.xtec.cat\/iesridaura\/wp-content\/uploads\/usu1163\/2025\/07\/2.-Socials-Desembre-2025-768x543.jpg 768w, https:\/\/agora.xtec.cat\/iesridaura\/wp-content\/uploads\/usu1163\/2025\/07\/2.-Socials-Desembre-2025-1536x1086.jpg 1536w, https:\/\/agora.xtec.cat\/iesridaura\/wp-content\/uploads\/usu1163\/2025\/07\/2.-Socials-Desembre-2025.jpg 1754w\" sizes=\"auto, (max-width: 1024px) 100vw, 1024px\" \/><\/a><\/figure>\n\n\n\n<figure class=\"wp-block-image size-large\"><a href=\"https:\/\/agora.xtec.cat\/iesridaura\/wp-content\/uploads\/usu1163\/2025\/07\/3.-Catala-Gener-2026.jpg\"><img loading=\"lazy\" decoding=\"async\" width=\"1024\" height=\"724\" src=\"https:\/\/agora.xtec.cat\/iesridaura\/wp-content\/uploads\/usu1163\/2025\/07\/3.-Catala-Gener-2026-1024x724.jpg\" alt=\"\" class=\"wp-image-10624\" srcset=\"https:\/\/agora.xtec.cat\/iesridaura\/wp-content\/uploads\/usu1163\/2025\/07\/3.-Catala-Gener-2026-1024x724.jpg 1024w, https:\/\/agora.xtec.cat\/iesridaura\/wp-content\/uploads\/usu1163\/2025\/07\/3.-Catala-Gener-2026-300x212.jpg 300w, https:\/\/agora.xtec.cat\/iesridaura\/wp-content\/uploads\/usu1163\/2025\/07\/3.-Catala-Gener-2026-768x543.jpg 768w, https:\/\/agora.xtec.cat\/iesridaura\/wp-content\/uploads\/usu1163\/2025\/07\/3.-Catala-Gener-2026-1536x1086.jpg 1536w, https:\/\/agora.xtec.cat\/iesridaura\/wp-content\/uploads\/usu1163\/2025\/07\/3.-Catala-Gener-2026.jpg 1754w\" sizes=\"auto, (max-width: 1024px) 100vw, 1024px\" \/><\/a><\/figure>\n\n\n\n<figure class=\"wp-block-image size-large\"><a href=\"https:\/\/agora.xtec.cat\/iesridaura\/wp-content\/uploads\/usu1163\/2025\/07\/4.-Castellano-Marc-2026.jpg\"><img loading=\"lazy\" decoding=\"async\" width=\"1024\" height=\"724\" src=\"https:\/\/agora.xtec.cat\/iesridaura\/wp-content\/uploads\/usu1163\/2025\/07\/4.-Castellano-Marc-2026-1024x724.jpg\" alt=\"\" class=\"wp-image-10625\" srcset=\"https:\/\/agora.xtec.cat\/iesridaura\/wp-content\/uploads\/usu1163\/2025\/07\/4.-Castellano-Marc-2026-1024x724.jpg 1024w, https:\/\/agora.xtec.cat\/iesridaura\/wp-content\/uploads\/usu1163\/2025\/07\/4.-Castellano-Marc-2026-300x212.jpg 300w, https:\/\/agora.xtec.cat\/iesridaura\/wp-content\/uploads\/usu1163\/2025\/07\/4.-Castellano-Marc-2026-768x543.jpg 768w, https:\/\/agora.xtec.cat\/iesridaura\/wp-content\/uploads\/usu1163\/2025\/07\/4.-Castellano-Marc-2026-1536x1086.jpg 1536w, https:\/\/agora.xtec.cat\/iesridaura\/wp-content\/uploads\/usu1163\/2025\/07\/4.-Castellano-Marc-2026.jpg 1754w\" sizes=\"auto, (max-width: 1024px) 100vw, 1024px\" \/><\/a><\/figure>\n\n\n\n<figure class=\"wp-block-image size-large\"><a href=\"https:\/\/agora.xtec.cat\/iesridaura\/wp-content\/uploads\/usu1163\/2025\/07\/5.-English-Abril-2026.jpg\"><img loading=\"lazy\" decoding=\"async\" width=\"1024\" height=\"724\" src=\"https:\/\/agora.xtec.cat\/iesridaura\/wp-content\/uploads\/usu1163\/2025\/07\/5.-English-Abril-2026-1024x724.jpg\" alt=\"\" class=\"wp-image-10626\" srcset=\"https:\/\/agora.xtec.cat\/iesridaura\/wp-content\/uploads\/usu1163\/2025\/07\/5.-English-Abril-2026-1024x724.jpg 1024w, https:\/\/agora.xtec.cat\/iesridaura\/wp-content\/uploads\/usu1163\/2025\/07\/5.-English-Abril-2026-300x212.jpg 300w, https:\/\/agora.xtec.cat\/iesridaura\/wp-content\/uploads\/usu1163\/2025\/07\/5.-English-Abril-2026-768x543.jpg 768w, https:\/\/agora.xtec.cat\/iesridaura\/wp-content\/uploads\/usu1163\/2025\/07\/5.-English-Abril-2026-1536x1086.jpg 1536w, https:\/\/agora.xtec.cat\/iesridaura\/wp-content\/uploads\/usu1163\/2025\/07\/5.-English-Abril-2026.jpg 1754w\" sizes=\"auto, (max-width: 1024px) 100vw, 1024px\" \/><\/a><\/figure>\n\n\n\n<p><\/p>\n\n\n\n<p><br><strong>Campanya de promoci\u00f3<\/strong><\/p>\n\n\n\n<p>V\u00eddeo promocional de les propostes liter\u00e0ries del <strong>Club Lectura Ridaura 2025-2026<\/strong> :<\/p>\n\n\n\n<figure class=\"wp-block-embed is-type-video is-provider-youtube wp-block-embed-youtube wp-embed-aspect-16-9 wp-has-aspect-ratio\"><div class=\"wp-block-embed__wrapper\">\n<div class=\"ast-oembed-container \" style=\"height: 100%;\"><iframe loading=\"lazy\" title=\"Club Lectura Ridaura 2025-2026\" width=\"500\" height=\"281\" src=\"https:\/\/www.youtube.com\/embed\/3DhTFYiOssI?feature=oembed\" frameborder=\"0\" allow=\"accelerometer; autoplay; clipboard-write; encrypted-media; gyroscope; picture-in-picture; web-share\" referrerpolicy=\"strict-origin-when-cross-origin\" allowfullscreen><\/iframe><\/div>\n<\/div><\/figure>\n\n\n\n<p><\/p>\n\n\n\n<p class=\"has-text-align-center\">Uneix-te a la nostra nova aventura liter\u00e0ria !<br>\u00a1 \u00danete a nuestra nueva aventura literaria !<br>Join our new literary adventure !<br>Rejoignez notre nouvelle aventure litt\u00e9raire !<\/p>\n","protected":false},"excerpt":{"rendered":"<p>Si us apassiona la lectura, aquest \u00e9s el vostre Club ! Des de la Biblioteca Anna Granolleras i dels Departaments [&hellip;]<\/p>\n","protected":false},"author":1,"featured_media":10347,"parent":0,"menu_order":0,"comment_status":"open","ping_status":"close","template":"","meta":{"_bbp_topic_count":0,"_bbp_reply_count":0,"_bbp_total_topic_count":0,"_bbp_total_reply_count":0,"_bbp_voice_count":0,"_bbp_anonymous_reply_count":0,"_bbp_topic_count_hidden":0,"_bbp_reply_count_hidden":0,"_bbp_forum_subforum_count":0,"site-sidebar-layout":"default","site-content-layout":"","ast-site-content-layout":"default","site-content-style":"default","site-sidebar-style":"default","ast-global-header-display":"","ast-banner-title-visibility":"","ast-main-header-display":"","ast-hfb-above-header-display":"","ast-hfb-below-header-display":"","ast-hfb-mobile-header-display":"","site-post-title":"","ast-breadcrumbs-content":"","ast-featured-img":"","footer-sml-layout":"","theme-transparent-header-meta":"","adv-header-id-meta":"","stick-header-meta":"","header-above-stick-meta":"","header-main-stick-meta":"","header-below-stick-meta":"","astra-migrate-meta-layouts":"set","ast-page-background-enabled":"default","ast-page-background-meta":{"desktop":{"background-color":"var(--ast-global-color-4)","background-image":"","background-repeat":"repeat","background-position":"center center","background-size":"auto","background-attachment":"scroll","background-type":"","background-media":"","overlay-type":"","overlay-color":"","overlay-opacity":"","overlay-gradient":""},"tablet":{"background-color":"","background-image":"","background-repeat":"repeat","background-position":"center center","background-size":"auto","background-attachment":"scroll","background-type":"","background-media":"","overlay-type":"","overlay-color":"","overlay-opacity":"","overlay-gradient":""},"mobile":{"background-color":"","background-image":"","background-repeat":"repeat","background-position":"center center","background-size":"auto","background-attachment":"scroll","background-type":"","background-media":"","overlay-type":"","overlay-color":"","overlay-opacity":"","overlay-gradient":""}},"ast-content-background-meta":{"desktop":{"background-color":"var(--ast-global-color-5)","background-image":"","background-repeat":"repeat","background-position":"center center","background-size":"auto","background-attachment":"scroll","background-type":"","background-media":"","overlay-type":"","overlay-color":"","overlay-opacity":"","overlay-gradient":""},"tablet":{"background-color":"var(--ast-global-color-5)","background-image":"","background-repeat":"repeat","background-position":"center center","background-size":"auto","background-attachment":"scroll","background-type":"","background-media":"","overlay-type":"","overlay-color":"","overlay-opacity":"","overlay-gradient":""},"mobile":{"background-color":"var(--ast-global-color-5)","background-image":"","background-repeat":"repeat","background-position":"center center","background-size":"auto","background-attachment":"scroll","background-type":"","background-media":"","overlay-type":"","overlay-color":"","overlay-opacity":"","overlay-gradient":""}},"footnotes":""},"class_list":["post-10348","page","type-page","status-publish","has-post-thumbnail","hentry"],"post_mailing_queue_ids":[],"_links":{"self":[{"href":"https:\/\/agora.xtec.cat\/iesridaura\/wp-json\/wp\/v2\/pages\/10348","targetHints":{"allow":["GET"]}}],"collection":[{"href":"https:\/\/agora.xtec.cat\/iesridaura\/wp-json\/wp\/v2\/pages"}],"about":[{"href":"https:\/\/agora.xtec.cat\/iesridaura\/wp-json\/wp\/v2\/types\/page"}],"author":[{"embeddable":true,"href":"https:\/\/agora.xtec.cat\/iesridaura\/wp-json\/wp\/v2\/users\/1"}],"replies":[{"embeddable":true,"href":"https:\/\/agora.xtec.cat\/iesridaura\/wp-json\/wp\/v2\/comments?post=10348"}],"version-history":[{"count":6,"href":"https:\/\/agora.xtec.cat\/iesridaura\/wp-json\/wp\/v2\/pages\/10348\/revisions"}],"predecessor-version":[{"id":10879,"href":"https:\/\/agora.xtec.cat\/iesridaura\/wp-json\/wp\/v2\/pages\/10348\/revisions\/10879"}],"wp:featuredmedia":[{"embeddable":true,"href":"https:\/\/agora.xtec.cat\/iesridaura\/wp-json\/wp\/v2\/media\/10347"}],"wp:attachment":[{"href":"https:\/\/agora.xtec.cat\/iesridaura\/wp-json\/wp\/v2\/media?parent=10348"}],"curies":[{"name":"wp","href":"https:\/\/api.w.org\/{rel}","templated":true}]}}