{"id":10307,"date":"2025-05-21T18:04:53","date_gmt":"2025-05-21T16:04:53","guid":{"rendered":"https:\/\/agora.xtec.cat\/iesridaura\/?page_id=10307"},"modified":"2026-03-22T20:03:54","modified_gmt":"2026-03-22T19:03:54","slug":"preinscripcio-batxibac","status":"publish","type":"page","link":"https:\/\/agora.xtec.cat\/iesridaura\/preinscripcio-batxibac\/","title":{"rendered":"Preinscripci\u00f3 i Matr\u00edcula BatxiBac 26-27"},"content":{"rendered":"\n<figure class=\"wp-block-image size-large\"><a href=\"https:\/\/agora.xtec.cat\/iesridaura\/wp-content\/uploads\/usu1163\/2026\/01\/Preinscripcio-BatxiBac-2026-horitzontal-1.jpg\"><img loading=\"lazy\" decoding=\"async\" width=\"1024\" height=\"728\" src=\"https:\/\/agora.xtec.cat\/iesridaura\/wp-content\/uploads\/usu1163\/2026\/01\/Preinscripcio-BatxiBac-2026-horitzontal-1-1024x728.jpg\" alt=\"\" class=\"wp-image-11449\" srcset=\"https:\/\/agora.xtec.cat\/iesridaura\/wp-content\/uploads\/usu1163\/2026\/01\/Preinscripcio-BatxiBac-2026-horitzontal-1-1024x728.jpg 1024w, https:\/\/agora.xtec.cat\/iesridaura\/wp-content\/uploads\/usu1163\/2026\/01\/Preinscripcio-BatxiBac-2026-horitzontal-1-300x213.jpg 300w, https:\/\/agora.xtec.cat\/iesridaura\/wp-content\/uploads\/usu1163\/2026\/01\/Preinscripcio-BatxiBac-2026-horitzontal-1-768x546.jpg 768w, https:\/\/agora.xtec.cat\/iesridaura\/wp-content\/uploads\/usu1163\/2026\/01\/Preinscripcio-BatxiBac-2026-horitzontal-1-1536x1092.jpg 1536w, https:\/\/agora.xtec.cat\/iesridaura\/wp-content\/uploads\/usu1163\/2026\/01\/Preinscripcio-BatxiBac-2026-horitzontal-1-2048x1457.jpg 2048w\" sizes=\"auto, (max-width: 1024px) 100vw, 1024px\" \/><\/a><\/figure>\n\n\n\n<p><br><strong>CALENDARI DE PREINSCRIPCI\u00d3 I MATR\u00cdCULA BATXIBAC 2026-2027<\/strong><br><\/p>\n\n\n\n<ul class=\"wp-block-list\">\n<li>Reuni\u00f3 Informativa BatxiBac 26-27, per a fam\u00edlies i candidats : <strong>Dimecres 11 mar\u00e7 2026<\/strong>, a les 19:00h, a la Biblioteca Anna Granolleras (INS Ridaura).<br><\/li>\n\n\n\n<li>Data l\u00edmit d&#8217;<strong>inscripci\u00f3 obligat\u00f2ria<\/strong> a les proves d&#8217;acc\u00e9s al BatxiBac 26-27 : <strong>Dijous 12 mar\u00e7 2026<\/strong>, abans de les 10:00h. Inscripcions a : <a href=\"https:\/\/forms.gle\/tC3SqNihvamkboyr5\">https:\/\/forms.gle\/tC3SqNihvamkboyr5<\/a>.<br><\/li>\n<\/ul>\n\n\n\n<ul class=\"wp-block-list\">\n<li>Proves de nivell \/ d&#8217;acc\u00e9s al BatxiBac <em>(obligat\u00f2ria per a tots els candidats aspirants)<\/em> : <strong>Dimarts 24 mar\u00e7 2026<\/strong>, d&#8217;11:00h a 13:00h, a la Biblioteca Anna Granolleras (INS Ridaura). <a href=\"https:\/\/agora.xtec.cat\/iesridaura\/wp-content\/uploads\/usu1163\/2026\/02\/INFO-Epreuve-acces-BB-26-27.pdf\"><strong>INFORMACI\u00d3 PROVES D&#8217;ACC\u00c9S<\/strong><\/a>.<br><\/li>\n<\/ul>\n\n\n\n<ul class=\"wp-block-list\">\n<li>Preinscripci\u00f3 BatxiBac 2026-2027 : <strong>Del divendres 20 de mar\u00e7 al divendres 27 de mar\u00e7 2026<\/strong><br><a href=\"https:\/\/tramits.gencat.cat\/ca\/tramits\/tramits-temes\/preinscripcio-batxillerat?&amp;moda=2\">https:\/\/tramits.gencat.cat\/ca\/tramits\/tramits-temes\/preinscripcio-batxillerat?&amp;moda=2<\/a> <br><strong><a href=\"https:\/\/agora.xtec.cat\/iesridaura\/wp-content\/uploads\/usu1163\/2026\/03\/A71.pdf\">Sol\u00b7licitud de preinscripci\u00f3<\/a><\/strong> : presentar-la a la Secretaria de l&#8217;INS Ridaura, juntament amb una c\u00f2pia de la documentaci\u00f3 identificativa i d&#8217;acreditaci\u00f3 dels requisits establerts.<\/li>\n<\/ul>\n\n\n\n<ul class=\"wp-block-list\">\n<li>Publicaci\u00f3 del llistat d&#8217;admesos i d&#8217;exclosos : <strong>Dimecres 8 d&#8217;abril 2026<\/strong> (p\u00e0gina web INS Ridaura).<br><\/li>\n<\/ul>\n\n\n\n<ul class=\"wp-block-list\">\n<li>Matr\u00edcula BB : <strong><em>Pendent de<\/em> <em>confirmaci\u00f3<\/em><\/strong>, per\u00edode de matriculaci\u00f3 dels alumnes admesos al BatxiBac amb pla\u00e7a assignada.<\/li>\n<\/ul>\n\n\n\n<p>M\u00e9s informaci\u00f3 : <a href=\"https:\/\/preinscripcio.gencat.cat\/ca\/estudis\/batxillerat\/informat\/doble-titulacio\/batxibac\/\">https:\/\/preinscripcio.gencat.cat\/ca\/estudis\/batxillerat\/informat\/doble-titulacio\/batxibac\/<\/a><\/p>\n\n\n\n<figure class=\"wp-block-embed is-type-video is-provider-youtube wp-block-embed-youtube wp-embed-aspect-16-9 wp-has-aspect-ratio\"><div class=\"wp-block-embed__wrapper\">\n<div class=\"ast-oembed-container \" style=\"height: 100%;\"><iframe loading=\"lazy\" title=\"\u00bfQue es el Bachibac?\" width=\"500\" height=\"281\" src=\"https:\/\/www.youtube.com\/embed\/NY61whRExoM?feature=oembed\" frameborder=\"0\" allow=\"accelerometer; autoplay; clipboard-write; encrypted-media; gyroscope; picture-in-picture; web-share\" referrerpolicy=\"strict-origin-when-cross-origin\" allowfullscreen><\/iframe><\/div>\n<\/div><\/figure>\n\n\n\n<figure class=\"wp-block-embed is-type-video is-provider-youtube wp-block-embed-youtube wp-embed-aspect-16-9 wp-has-aspect-ratio\"><div class=\"wp-block-embed__wrapper\">\n<div class=\"ast-oembed-container \" style=\"height: 100%;\"><iframe loading=\"lazy\" title=\"\u00bfPor qu\u00e9 el Bachibac?\" width=\"500\" height=\"281\" src=\"https:\/\/www.youtube.com\/embed\/YoH0p4bOprc?feature=oembed\" frameborder=\"0\" allow=\"accelerometer; autoplay; clipboard-write; encrypted-media; gyroscope; picture-in-picture; web-share\" referrerpolicy=\"strict-origin-when-cross-origin\" allowfullscreen><\/iframe><\/div>\n<\/div><\/figure>\n\n\n\n<p><\/p>\n\n\n\n<figure class=\"wp-block-image aligncenter size-full is-resized\"><a href=\"https:\/\/agora.xtec.cat\/iesridaura\/wp-content\/uploads\/usu1163\/2025\/05\/LOGO-Ridaura-original.png\"><img loading=\"lazy\" decoding=\"async\" width=\"623\" height=\"345\" src=\"https:\/\/agora.xtec.cat\/iesridaura\/wp-content\/uploads\/usu1163\/2025\/05\/LOGO-Ridaura-original.png\" alt=\"\" class=\"wp-image-10340\" style=\"width:233px;height:auto\" srcset=\"https:\/\/agora.xtec.cat\/iesridaura\/wp-content\/uploads\/usu1163\/2025\/05\/LOGO-Ridaura-original.png 623w, https:\/\/agora.xtec.cat\/iesridaura\/wp-content\/uploads\/usu1163\/2025\/05\/LOGO-Ridaura-original-300x166.png 300w\" sizes=\"auto, (max-width: 623px) 100vw, 623px\" \/><\/a><\/figure>\n","protected":false},"excerpt":{"rendered":"<p>CALENDARI DE PREINSCRIPCI\u00d3 I MATR\u00cdCULA BATXIBAC 2026-2027 M\u00e9s informaci\u00f3 : https:\/\/preinscripcio.gencat.cat\/ca\/estudis\/batxillerat\/informat\/doble-titulacio\/batxibac\/<\/p>\n","protected":false},"author":1,"featured_media":0,"parent":0,"menu_order":0,"comment_status":"closed","ping_status":"close","template":"","meta":{"_bbp_topic_count":0,"_bbp_reply_count":0,"_bbp_total_topic_count":0,"_bbp_total_reply_count":0,"_bbp_voice_count":0,"_bbp_anonymous_reply_count":0,"_bbp_topic_count_hidden":0,"_bbp_reply_count_hidden":0,"_bbp_forum_subforum_count":0,"site-sidebar-layout":"default","site-content-layout":"","ast-site-content-layout":"default","site-content-style":"default","site-sidebar-style":"default","ast-global-header-display":"","ast-banner-title-visibility":"","ast-main-header-display":"","ast-hfb-above-header-display":"","ast-hfb-below-header-display":"","ast-hfb-mobile-header-display":"","site-post-title":"","ast-breadcrumbs-content":"","ast-featured-img":"","footer-sml-layout":"","theme-transparent-header-meta":"","adv-header-id-meta":"","stick-header-meta":"","header-above-stick-meta":"","header-main-stick-meta":"","header-below-stick-meta":"","astra-migrate-meta-layouts":"set","ast-page-background-enabled":"default","ast-page-background-meta":{"desktop":{"background-color":"var(--ast-global-color-4)","background-image":"","background-repeat":"repeat","background-position":"center center","background-size":"auto","background-attachment":"scroll","background-type":"","background-media":"","overlay-type":"","overlay-color":"","overlay-opacity":"","overlay-gradient":""},"tablet":{"background-color":"","background-image":"","background-repeat":"repeat","background-position":"center center","background-size":"auto","background-attachment":"scroll","background-type":"","background-media":"","overlay-type":"","overlay-color":"","overlay-opacity":"","overlay-gradient":""},"mobile":{"background-color":"","background-image":"","background-repeat":"repeat","background-position":"center center","background-size":"auto","background-attachment":"scroll","background-type":"","background-media":"","overlay-type":"","overlay-color":"","overlay-opacity":"","overlay-gradient":""}},"ast-content-background-meta":{"desktop":{"background-color":"var(--ast-global-color-5)","background-image":"","background-repeat":"repeat","background-position":"center center","background-size":"auto","background-attachment":"scroll","background-type":"","background-media":"","overlay-type":"","overlay-color":"","overlay-opacity":"","overlay-gradient":""},"tablet":{"background-color":"var(--ast-global-color-5)","background-image":"","background-repeat":"repeat","background-position":"center center","background-size":"auto","background-attachment":"scroll","background-type":"","background-media":"","overlay-type":"","overlay-color":"","overlay-opacity":"","overlay-gradient":""},"mobile":{"background-color":"var(--ast-global-color-5)","background-image":"","background-repeat":"repeat","background-position":"center center","background-size":"auto","background-attachment":"scroll","background-type":"","background-media":"","overlay-type":"","overlay-color":"","overlay-opacity":"","overlay-gradient":""}},"footnotes":""},"class_list":["post-10307","page","type-page","status-publish","hentry"],"post_mailing_queue_ids":[],"_links":{"self":[{"href":"https:\/\/agora.xtec.cat\/iesridaura\/wp-json\/wp\/v2\/pages\/10307","targetHints":{"allow":["GET"]}}],"collection":[{"href":"https:\/\/agora.xtec.cat\/iesridaura\/wp-json\/wp\/v2\/pages"}],"about":[{"href":"https:\/\/agora.xtec.cat\/iesridaura\/wp-json\/wp\/v2\/types\/page"}],"author":[{"embeddable":true,"href":"https:\/\/agora.xtec.cat\/iesridaura\/wp-json\/wp\/v2\/users\/1"}],"replies":[{"embeddable":true,"href":"https:\/\/agora.xtec.cat\/iesridaura\/wp-json\/wp\/v2\/comments?post=10307"}],"version-history":[{"count":6,"href":"https:\/\/agora.xtec.cat\/iesridaura\/wp-json\/wp\/v2\/pages\/10307\/revisions"}],"predecessor-version":[{"id":11705,"href":"https:\/\/agora.xtec.cat\/iesridaura\/wp-json\/wp\/v2\/pages\/10307\/revisions\/11705"}],"wp:attachment":[{"href":"https:\/\/agora.xtec.cat\/iesridaura\/wp-json\/wp\/v2\/media?parent=10307"}],"curies":[{"name":"wp","href":"https:\/\/api.w.org\/{rel}","templated":true}]}}