{"id":897,"date":"2018-01-19T19:25:32","date_gmt":"2018-01-19T18:25:32","guid":{"rendered":"http:\/\/agora.xtec.cat\/iesribotiserra\/?page_id=897"},"modified":"2026-02-19T22:51:38","modified_gmt":"2026-02-19T21:51:38","slug":"cfgs-integracio-social","status":"publish","type":"page","link":"https:\/\/agora.xtec.cat\/iesribotiserra\/estudis-que-impartim\/cicles-formatius\/familia-professional-de-serveis-socioculturals-i-a-la-comunitat\/cfgs-integracio-social\/","title":{"rendered":"CFGS Integraci\u00f3 Social"},"content":{"rendered":"<h2><strong>Fam\u00edlia professional: Serveis Socioculturals i a la Comunitat<br \/>\n<\/strong><\/h2>\n<h2><strong><a href=\"https:\/\/agora.xtec.cat\/iesribotiserra\/wp-content\/uploads\/usu1672\/2023\/07\/Foto.png\"><img loading=\"lazy\" decoding=\"async\" class=\"alignnone size-full wp-image-10635\" src=\"https:\/\/agora.xtec.cat\/iesribotiserra\/wp-content\/uploads\/usu1672\/2023\/07\/Foto.png\" alt=\"\" width=\"907\" height=\"609\" srcset=\"https:\/\/agora.xtec.cat\/iesribotiserra\/wp-content\/uploads\/usu1672\/2023\/07\/Foto.png 907w, https:\/\/agora.xtec.cat\/iesribotiserra\/wp-content\/uploads\/usu1672\/2023\/07\/Foto-300x201.png 300w, https:\/\/agora.xtec.cat\/iesribotiserra\/wp-content\/uploads\/usu1672\/2023\/07\/Foto-768x516.png 768w\" sizes=\"auto, (max-width: 907px) 100vw, 907px\" \/><\/a><\/strong><\/h2>\n<p class=\"Estilo3\" style=\"text-align: justify;\" align=\"justify\">El curs 2015-2016 iniciem el cicle formatiu de grau superior d\u2019Integraci\u00f3 Social. Aquest cicle pertany a la fam\u00edlia professional de <strong>Serveis Socioculturals i a la Comunitat<\/strong>, proporciona el t\u00edtol de\u00a0<strong>T\u00e8cnic\/a superior en Integraci\u00f3 Social<\/strong>\u00a0i s&#8217;organitza a base de:<\/p>\n<ul class=\"Estilo3\" style=\"text-align: justify;\">\n<li>\n<div align=\"justify\"><strong>M\u00f2duls de car\u00e0cter teoricopr\u00e0ctic<\/strong>\u00a0de mat\u00e8ries espec\u00edfiques per a cada cicle.<\/div>\n<\/li>\n<li>\n<div align=\"justify\">Un\u00a0<strong>m\u00f2dul de s\u00edntesi\u00a0<\/strong>que ha de permetre reflectir la integraci\u00f3 dels continguts impartits al llarg del cicle.<\/div>\n<\/li>\n<li>L&#8217;<strong>estada en centres de treball<\/strong> est\u00e0 distribu\u00efda en la majoria de m\u00f2duls del curr\u00edculum i es du a terme a empreses i entitats mitjan\u00e7ant els convenis de pr\u00e0ctiques que el Departament d&#8217;Educaci\u00f3 ha establert.<\/li>\n<\/ul>\n<p class=\"Estilo3\" style=\"text-align: justify;\" align=\"justify\"><strong>PERFIL PROFESSIONAL:<\/strong>\u00a0Proporciona els coneixements necessaris per a programar, organitzar, implementar i avaluar les intervencions d\u2019integraci\u00f3 social aplicant estrat\u00e8gies i t\u00e8cniques espec\u00edfiques, promovent la igualtat d\u2019oportunitats, actuant en tot moment amb una actitud de respecte cap a les persones destinat\u00e0ries i garantint la creaci\u00f3 d\u2019entorns segurs tant per a les persones destinat\u00e0ries com per al professional.<\/p>\n<div id=\"Layer22\" style=\"text-align: justify;\">\n<p class=\"Estilo3\"><strong>DURADA:<\/strong>\u00a02.000 hores. 2 cursos<\/p>\n<p class=\"Estilo3\"><strong>TORN<\/strong>:\u00a0Tarda de 15:00 a 21:20 (divendres a 20:20)<\/p>\n<\/div>\n<p><strong>FORMACI\u00d3 EN EL CENTRE:<\/strong> 1.485 hores.<\/p>\n<div id=\"Layer4\">\n<p class=\"Estilo3\"><strong>ESTADA EN CENTRES DE TREBALL:<\/strong> 515 hores.<\/p>\n<\/div>\n<p style=\"text-align: justify;\"><strong>\u00c0MBIT PROFESSIONAL: <\/strong>Administracions p\u00fabliques, auton\u00f2miques o municipals (Regidories de Serveis Social, Departament de Benestar Social&#8230;), entitats privades, tant amb \u00e0nim de lucre com sense (ONG, associacions, fundacions&#8230;), resid\u00e8ncies destinades a l&#8217;atenci\u00f3 de diferents col\u00b7lectius (tercera edat, persones amb altres capacitats f\u00edsiques i ps\u00edquiques, trastorns psicol\u00f2gics&#8230;), Centres d&#8217;acolliment (dones, menors, persones sense llar&#8230;), altres centres assistencials (habitatges tutelats, pisos compartits, comunitats terap\u00e8utiques&#8230;), centres d&#8217;ensenyament reglat (ordinari i especial), centres d&#8217;inserci\u00f3 ocupacional i professional, serveis d&#8217;ajut a domicili, centres psiqui\u00e0trics o centres de dia.<\/p>\n<p style=\"text-align: justify;\"><strong>SORTIDES\u00a0<\/strong><strong>PROFESSIONALS:<\/strong> T\u00e8cnic de programes d&#8217;ajut a domicili, t\u00e8cnic de programes d&#8217;intervenci\u00f3 i inserci\u00f3 social, educador d&#8217;equipaments residencials de diversos tipus, educador de discapacitats f\u00edsics, ps\u00edquics i sensorials, treballador familiar, t\u00e8cnic mobilitat b\u00e0sica, cuidador geri\u00e0tric en resid\u00e8ncies o centres de dia, cuidador psiqui\u00e0tric en psiqui\u00e0trics o habitatges tutelats.<\/p>\n<p style=\"text-align: justify;\"><strong>M\u00d2DULS PROFESSIONALS:<\/strong><\/p>\n<ul>\n<li class=\"Estilo3\" style=\"text-align: justify;\">0337. Context de la intervenci\u00f3 social.<\/li>\n<li class=\"Estilo3\" style=\"text-align: justify;\">0338. Inserci\u00f3 sociolaboral.<\/li>\n<li class=\"Estilo3\" style=\"text-align: justify;\">0339. Atenci\u00f3 a les unitats de conviv\u00e8ncia.<\/li>\n<li class=\"Estilo3\" style=\"text-align: justify;\">0340. Mediaci\u00f3 comunit\u00e0ria.<\/li>\n<li class=\"Estilo3\" style=\"text-align: justify;\">0341. Suport a la intervenci\u00f3 educativa.<\/li>\n<li class=\"Estilo3\" style=\"text-align: justify;\">0342. Promoci\u00f3 de l\u2019autonomia personal.<\/li>\n<li class=\"Estilo3\" style=\"text-align: justify;\">0343. Sistemes augmentatius i alternatius de comunicaci\u00f3.<\/li>\n<li class=\"Estilo3\" style=\"text-align: justify;\">0344. Metodologia de la intervenci\u00f3 social.<\/li>\n<li class=\"Estilo3\" style=\"text-align: justify;\">0017. Habilitats socials.<\/li>\n<li class=\"Estilo3\" style=\"text-align: justify;\">0020. Primers auxilis.<\/li>\n<li class=\"Estilo3\" style=\"text-align: justify;\">0179. Angl\u00e8s professional.<\/li>\n<li class=\"Estilo3\" style=\"text-align: justify;\">1665. Digitalitzaci\u00f3 aplicada als sectors productius.<\/li>\n<li class=\"Estilo3\" style=\"text-align: justify;\">1708. Sostenibilitat aplicada al sistema productiu.<\/li>\n<li>1709. Itinerari personal per a l&#8217;ocupabilitat I.<\/li>\n<li>1710. Itinerari personal per a l&#8217;ocupabilitat II.<\/li>\n<li>0345. Projecte Intermodular d&#8217;Integraci\u00f3 social.<\/li>\n<li class=\"Estilo3\" style=\"text-align: justify;\">M\u00f2dul professional optatiu.<\/li>\n<\/ul>\n","protected":false},"excerpt":{"rendered":"<p>Fam\u00edlia professional: Serveis Socioculturals i a la Comunitat El curs 2015-2016 iniciem el cicle formatiu de grau superior d\u2019Integraci\u00f3 Social. Aquest cicle pertany a la fam\u00edlia professional de Serveis Socioculturals i a la Comunitat, proporciona el t\u00edtol de\u00a0T\u00e8cnic\/a superior en Integraci\u00f3 Social\u00a0i s&#8217;organitza a base de: M\u00f2duls de car\u00e0cter teoricopr\u00e0ctic\u00a0de mat\u00e8ries espec\u00edfiques per a cada [&hellip;]<\/p>\n","protected":false},"author":1,"featured_media":0,"parent":1840,"menu_order":4,"comment_status":"closed","ping_status":"closed","template":"page-templates\/side-menu.php","meta":{"_bbp_topic_count":0,"_bbp_reply_count":0,"_bbp_total_topic_count":0,"_bbp_total_reply_count":0,"_bbp_voice_count":0,"_bbp_anonymous_reply_count":0,"_bbp_topic_count_hidden":0,"_bbp_reply_count_hidden":0,"_bbp_forum_subforum_count":0,"site-sidebar-layout":"default","site-content-layout":"","ast-site-content-layout":"","site-content-style":"default","site-sidebar-style":"default","ast-global-header-display":"","ast-banner-title-visibility":"","ast-main-header-display":"","ast-hfb-above-header-display":"","ast-hfb-below-header-display":"","ast-hfb-mobile-header-display":"","site-post-title":"","ast-breadcrumbs-content":"","ast-featured-img":"","footer-sml-layout":"","theme-transparent-header-meta":"","adv-header-id-meta":"","stick-header-meta":"","header-above-stick-meta":"","header-main-stick-meta":"","header-below-stick-meta":"","astra-migrate-meta-layouts":"default","ast-page-background-enabled":"default","ast-page-background-meta":{"desktop":{"background-color":"var(--ast-global-color-4)","background-image":"","background-repeat":"repeat","background-position":"center center","background-size":"auto","background-attachment":"scroll","background-type":"","background-media":"","overlay-type":"","overlay-color":"","overlay-opacity":"","overlay-gradient":""},"tablet":{"background-color":"","background-image":"","background-repeat":"repeat","background-position":"center center","background-size":"auto","background-attachment":"scroll","background-type":"","background-media":"","overlay-type":"","overlay-color":"","overlay-opacity":"","overlay-gradient":""},"mobile":{"background-color":"","background-image":"","background-repeat":"repeat","background-position":"center center","background-size":"auto","background-attachment":"scroll","background-type":"","background-media":"","overlay-type":"","overlay-color":"","overlay-opacity":"","overlay-gradient":""}},"ast-content-background-meta":{"desktop":{"background-color":"var(--ast-global-color-5)","background-image":"","background-repeat":"repeat","background-position":"center center","background-size":"auto","background-attachment":"scroll","background-type":"","background-media":"","overlay-type":"","overlay-color":"","overlay-opacity":"","overlay-gradient":""},"tablet":{"background-color":"var(--ast-global-color-5)","background-image":"","background-repeat":"repeat","background-position":"center center","background-size":"auto","background-attachment":"scroll","background-type":"","background-media":"","overlay-type":"","overlay-color":"","overlay-opacity":"","overlay-gradient":""},"mobile":{"background-color":"var(--ast-global-color-5)","background-image":"","background-repeat":"repeat","background-position":"center center","background-size":"auto","background-attachment":"scroll","background-type":"","background-media":"","overlay-type":"","overlay-color":"","overlay-opacity":"","overlay-gradient":""}},"footnotes":""},"class_list":["post-897","page","type-page","status-publish","hentry"],"post_mailing_queue_ids":[],"_links":{"self":[{"href":"https:\/\/agora.xtec.cat\/iesribotiserra\/wp-json\/wp\/v2\/pages\/897","targetHints":{"allow":["GET"]}}],"collection":[{"href":"https:\/\/agora.xtec.cat\/iesribotiserra\/wp-json\/wp\/v2\/pages"}],"about":[{"href":"https:\/\/agora.xtec.cat\/iesribotiserra\/wp-json\/wp\/v2\/types\/page"}],"author":[{"embeddable":true,"href":"https:\/\/agora.xtec.cat\/iesribotiserra\/wp-json\/wp\/v2\/users\/1"}],"replies":[{"embeddable":true,"href":"https:\/\/agora.xtec.cat\/iesribotiserra\/wp-json\/wp\/v2\/comments?post=897"}],"version-history":[{"count":5,"href":"https:\/\/agora.xtec.cat\/iesribotiserra\/wp-json\/wp\/v2\/pages\/897\/revisions"}],"predecessor-version":[{"id":13028,"href":"https:\/\/agora.xtec.cat\/iesribotiserra\/wp-json\/wp\/v2\/pages\/897\/revisions\/13028"}],"up":[{"embeddable":true,"href":"https:\/\/agora.xtec.cat\/iesribotiserra\/wp-json\/wp\/v2\/pages\/1840"}],"wp:attachment":[{"href":"https:\/\/agora.xtec.cat\/iesribotiserra\/wp-json\/wp\/v2\/media?parent=897"}],"curies":[{"name":"wp","href":"https:\/\/api.w.org\/{rel}","templated":true}]}}