{"id":895,"date":"2018-01-19T19:24:22","date_gmt":"2018-01-19T18:24:22","guid":{"rendered":"http:\/\/agora.xtec.cat\/iesribotiserra\/?page_id=895"},"modified":"2026-02-19T22:51:08","modified_gmt":"2026-02-19T21:51:08","slug":"cfgs-educacio-infantil","status":"publish","type":"page","link":"https:\/\/agora.xtec.cat\/iesribotiserra\/estudis-que-impartim\/cicles-formatius\/familia-professional-de-serveis-socioculturals-i-a-la-comunitat\/cfgs-educacio-infantil\/","title":{"rendered":"CFGS Educaci\u00f3 infantil"},"content":{"rendered":"<h2><strong>Fam\u00edlia professional: Serveis Socioculturals i a la Comunitat<br \/>\n<\/strong><\/h2>\n<h2><strong><a href=\"https:\/\/agora.xtec.cat\/iesribotiserra\/wp-content\/uploads\/usu1672\/2023\/07\/Foto2.png\"><img loading=\"lazy\" decoding=\"async\" class=\"alignnone size-full wp-image-10637\" src=\"https:\/\/agora.xtec.cat\/iesribotiserra\/wp-content\/uploads\/usu1672\/2023\/07\/Foto2.png\" alt=\"\" width=\"904\" height=\"667\" srcset=\"https:\/\/agora.xtec.cat\/iesribotiserra\/wp-content\/uploads\/usu1672\/2023\/07\/Foto2.png 904w, https:\/\/agora.xtec.cat\/iesribotiserra\/wp-content\/uploads\/usu1672\/2023\/07\/Foto2-300x221.png 300w, https:\/\/agora.xtec.cat\/iesribotiserra\/wp-content\/uploads\/usu1672\/2023\/07\/Foto2-768x567.png 768w\" sizes=\"auto, (max-width: 904px) 100vw, 904px\" \/><\/a><\/strong><\/h2>\n<p style=\"text-align: justify;\">El curs 2004-2005 es va iniciar el cicle formatiu de grau superior d&#8217;Educaci\u00f3 Infantil. Aquest cicle pertany a la fam\u00edlia professional de\u00a0Serveis Socioculturals i a la Comunitat, proporciona el t\u00edtol de\u00a0<strong>T\u00e8cnic\/a Superior en Educaci\u00f3 Infantill\u00a0<\/strong>i s&#8217;organitza a base de:<\/p>\n<ul class=\"Estilo3\" style=\"text-align: justify;\">\n<li>\n<div align=\"justify\"><strong>M\u00f2duls de car\u00e0cter teoricopr\u00e0ctic<\/strong>\u00a0de mat\u00e8ries espec\u00edfiques per a cada cicle.<\/div>\n<\/li>\n<li>\n<div align=\"justify\">Un\u00a0<strong>m\u00f2dul de s\u00edntesi\u00a0<\/strong>que ha de permetre reflectir la integraci\u00f3 dels continguts impartits al llarg del cicle.<\/div>\n<\/li>\n<li>L&#8217;<strong>estada en centres de treball<\/strong> est\u00e0 distribu\u00efda en la majoria de m\u00f2duls del curr\u00edculum i es du a terme a empreses i entitats mitjan\u00e7ant els convenis de pr\u00e0ctiques que el Departament d&#8217;Educaci\u00f3 ha establert.<\/li>\n<\/ul>\n<div id=\"Layer22\" style=\"text-align: justify;\">\n<p class=\"Estilo3\" align=\"justify\"><strong>PERFIL PROFESSIONAL:<\/strong> Proporciona els coneixements necessaris per a programar, intervenir educativament i avaluar programes d&#8217;atenci\u00f3 a la inf\u00e0ncia, aplicant els m\u00e8todes d&#8217;ensenyament-aprenentatge que afavoreixin el desenvolupament aut\u00f2nom dels infants de zero a sis anys, organitzant els recursos adequats.<\/p>\n<p class=\"Estilo3\"><strong>DURADA:<\/strong>\u00a02.000 hores. 2 cursos<\/p>\n<p class=\"Estilo3\"><strong>HORARI<\/strong>: Mat\u00ed de 8:00 a 14:30.<br \/>\nTarda de 15:00 a 21:20h<\/p>\n<\/div>\n<div id=\"Layer4\">\n<p><strong>FORMACI\u00d3 EN EL CENTRE:<\/strong> 1.485 hores.<\/p>\n<div id=\"Layer4\">\n<p class=\"Estilo3\"><strong>ESTADA EN CENTRES DE TREBALL:<\/strong> 515 hores.<\/p>\n<\/div>\n<p class=\"Estilo3\" style=\"text-align: justify;\"><strong>SORTIDES:<\/strong>\u00a0M\u00f3n laboral, Universitat (Llicenciat en Pedagogia, Psicologia, Sociologia, Mestre, Diplomat en Biblioteconomia i Documentaci\u00f3, Educaci\u00f3 social, Infermeria, Logop\u00e8dia, Podologia, Ter\u00e0pia ocupacional, Treball social, Turisme).<\/p>\n<p class=\"Estilo3\" style=\"text-align: justify;\" align=\"justify\"><strong>SORTIDES PROFESSIONALS:\u00a0<\/strong>Educador infantil, Animador infantil.<\/p>\n<p class=\"Estilo3\" style=\"text-align: justify;\" align=\"justify\"><strong>\u00c0MBIT PROFESSIONAL:<\/strong>\u00a0Dins del sector de l&#8217;assist\u00e8ncia social: en institucions i\/o programes espec\u00edfics de treball. Dins del sector de l&#8217;educaci\u00f3 no formal: activitats recreatives, de lleure, l\u00fadiques, d&#8217;altres, o desenvolupament de programes espec\u00edfics. Dins del sector de la doc\u00e8ncia, en l&#8217;etapa d&#8217;educaci\u00f3 infantil (llars d&#8217;infants).<\/p>\n<p class=\"Estilo3\" align=\"justify\"><strong>M\u00d2DULS PROFESSIONALS:<\/strong><\/p>\n<ul>\n<li class=\"Estilo3\">0011. Did\u00e0ctica de l\u2019educaci\u00f3 infantil.<\/li>\n<li class=\"Estilo3\">0012. Autonomia personal i salut infantil.<\/li>\n<li class=\"Estilo3\">0013. El joc infantil i la seva metodologia.<\/li>\n<li class=\"Estilo3\">0014. Expressi\u00f3 i comunicaci\u00f3.<\/li>\n<li>0015. Desenvolupament cognitiu i motriu.<\/li>\n<li class=\"Estilo3\">0016. Desenvolupament socioafectiu.<\/li>\n<li class=\"Estilo3\">0017. Habilitats socials.<\/li>\n<li class=\"Estilo3\">0018. Intervenci\u00f3 amb fam\u00edlies i atenci\u00f3 als infants en risc social.<\/li>\n<li class=\"Estilo3\">0020. Primers auxilis.<\/li>\n<li class=\"Estilo3\">C076. Catal\u00e0\/Aran\u00e8s professional.<\/li>\n<li class=\"Estilo3\">0179. Angl\u00e8s professional.<\/li>\n<li class=\"Estilo3\">1665. Digitalitzaci\u00f3 aplicada als sectors productius.<\/li>\n<li class=\"Estilo3\">1708. Sostenibilitat aplicada al sistema productiu.<\/li>\n<li>1709. Itinerari personal per a l&#8217;ocupabilitat I.<\/li>\n<li>1710. Itinerari personal per a l&#8217;ocupabilitat II.<\/li>\n<li>0019. Projecte intermodular d&#8217;atenci\u00f3 a la infantesa.<\/li>\n<li>M\u00f2dul\/s professional\/s optatiu\/s.<\/li>\n<\/ul>\n<\/div>\n","protected":false},"excerpt":{"rendered":"<p>Fam\u00edlia professional: Serveis Socioculturals i a la Comunitat El curs 2004-2005 es va iniciar el cicle formatiu de grau superior d&#8217;Educaci\u00f3 Infantil. Aquest cicle pertany a la fam\u00edlia professional de\u00a0Serveis Socioculturals i a la Comunitat, proporciona el t\u00edtol de\u00a0T\u00e8cnic\/a Superior en Educaci\u00f3 Infantill\u00a0i s&#8217;organitza a base de: M\u00f2duls de car\u00e0cter teoricopr\u00e0ctic\u00a0de mat\u00e8ries espec\u00edfiques per a [&hellip;]<\/p>\n","protected":false},"author":1,"featured_media":0,"parent":1840,"menu_order":3,"comment_status":"closed","ping_status":"closed","template":"page-templates\/side-menu.php","meta":{"_bbp_topic_count":0,"_bbp_reply_count":0,"_bbp_total_topic_count":0,"_bbp_total_reply_count":0,"_bbp_voice_count":0,"_bbp_anonymous_reply_count":0,"_bbp_topic_count_hidden":0,"_bbp_reply_count_hidden":0,"_bbp_forum_subforum_count":0,"site-sidebar-layout":"default","site-content-layout":"","ast-site-content-layout":"","site-content-style":"default","site-sidebar-style":"default","ast-global-header-display":"","ast-banner-title-visibility":"","ast-main-header-display":"","ast-hfb-above-header-display":"","ast-hfb-below-header-display":"","ast-hfb-mobile-header-display":"","site-post-title":"","ast-breadcrumbs-content":"","ast-featured-img":"","footer-sml-layout":"","theme-transparent-header-meta":"","adv-header-id-meta":"","stick-header-meta":"","header-above-stick-meta":"","header-main-stick-meta":"","header-below-stick-meta":"","astra-migrate-meta-layouts":"default","ast-page-background-enabled":"default","ast-page-background-meta":{"desktop":{"background-color":"var(--ast-global-color-4)","background-image":"","background-repeat":"repeat","background-position":"center center","background-size":"auto","background-attachment":"scroll","background-type":"","background-media":"","overlay-type":"","overlay-color":"","overlay-opacity":"","overlay-gradient":""},"tablet":{"background-color":"","background-image":"","background-repeat":"repeat","background-position":"center center","background-size":"auto","background-attachment":"scroll","background-type":"","background-media":"","overlay-type":"","overlay-color":"","overlay-opacity":"","overlay-gradient":""},"mobile":{"background-color":"","background-image":"","background-repeat":"repeat","background-position":"center center","background-size":"auto","background-attachment":"scroll","background-type":"","background-media":"","overlay-type":"","overlay-color":"","overlay-opacity":"","overlay-gradient":""}},"ast-content-background-meta":{"desktop":{"background-color":"var(--ast-global-color-5)","background-image":"","background-repeat":"repeat","background-position":"center center","background-size":"auto","background-attachment":"scroll","background-type":"","background-media":"","overlay-type":"","overlay-color":"","overlay-opacity":"","overlay-gradient":""},"tablet":{"background-color":"var(--ast-global-color-5)","background-image":"","background-repeat":"repeat","background-position":"center center","background-size":"auto","background-attachment":"scroll","background-type":"","background-media":"","overlay-type":"","overlay-color":"","overlay-opacity":"","overlay-gradient":""},"mobile":{"background-color":"var(--ast-global-color-5)","background-image":"","background-repeat":"repeat","background-position":"center center","background-size":"auto","background-attachment":"scroll","background-type":"","background-media":"","overlay-type":"","overlay-color":"","overlay-opacity":"","overlay-gradient":""}},"footnotes":""},"class_list":["post-895","page","type-page","status-publish","hentry"],"post_mailing_queue_ids":[],"_links":{"self":[{"href":"https:\/\/agora.xtec.cat\/iesribotiserra\/wp-json\/wp\/v2\/pages\/895","targetHints":{"allow":["GET"]}}],"collection":[{"href":"https:\/\/agora.xtec.cat\/iesribotiserra\/wp-json\/wp\/v2\/pages"}],"about":[{"href":"https:\/\/agora.xtec.cat\/iesribotiserra\/wp-json\/wp\/v2\/types\/page"}],"author":[{"embeddable":true,"href":"https:\/\/agora.xtec.cat\/iesribotiserra\/wp-json\/wp\/v2\/users\/1"}],"replies":[{"embeddable":true,"href":"https:\/\/agora.xtec.cat\/iesribotiserra\/wp-json\/wp\/v2\/comments?post=895"}],"version-history":[{"count":6,"href":"https:\/\/agora.xtec.cat\/iesribotiserra\/wp-json\/wp\/v2\/pages\/895\/revisions"}],"predecessor-version":[{"id":13027,"href":"https:\/\/agora.xtec.cat\/iesribotiserra\/wp-json\/wp\/v2\/pages\/895\/revisions\/13027"}],"up":[{"embeddable":true,"href":"https:\/\/agora.xtec.cat\/iesribotiserra\/wp-json\/wp\/v2\/pages\/1840"}],"wp:attachment":[{"href":"https:\/\/agora.xtec.cat\/iesribotiserra\/wp-json\/wp\/v2\/media?parent=895"}],"curies":[{"name":"wp","href":"https:\/\/api.w.org\/{rel}","templated":true}]}}