{"id":893,"date":"2018-01-19T19:23:58","date_gmt":"2018-01-19T18:23:58","guid":{"rendered":"http:\/\/agora.xtec.cat\/iesribotiserra\/?page_id=893"},"modified":"2026-02-19T22:50:41","modified_gmt":"2026-02-19T21:50:41","slug":"cfgs-animacio-sociocultural-i-turistica","status":"publish","type":"page","link":"https:\/\/agora.xtec.cat\/iesribotiserra\/estudis-que-impartim\/cicles-formatius\/familia-professional-de-serveis-socioculturals-i-a-la-comunitat\/cfgs-animacio-sociocultural-i-turistica\/","title":{"rendered":"CFGS Animaci\u00f3 Sociocultural i Tur\u00edstica"},"content":{"rendered":"<h2><strong>Fam\u00edlia professional: Serveis Socioculturals i a la Comunitat<\/strong><\/h2>\n<p align=\"justify\"><a href=\"https:\/\/agora.xtec.cat\/iesribotiserra\/wp-content\/uploads\/usu1672\/2026\/02\/AF65BB0A-563A-43BC-BA75-A55EB996B41A.jpeg\"><img loading=\"lazy\" decoding=\"async\" class=\"alignnone wp-image-12933\" src=\"https:\/\/agora.xtec.cat\/iesribotiserra\/wp-content\/uploads\/usu1672\/2026\/02\/AF65BB0A-563A-43BC-BA75-A55EB996B41A-300x169.jpeg\" alt=\"\" width=\"404\" height=\"228\" srcset=\"https:\/\/agora.xtec.cat\/iesribotiserra\/wp-content\/uploads\/usu1672\/2026\/02\/AF65BB0A-563A-43BC-BA75-A55EB996B41A-300x169.jpeg 300w, https:\/\/agora.xtec.cat\/iesribotiserra\/wp-content\/uploads\/usu1672\/2026\/02\/AF65BB0A-563A-43BC-BA75-A55EB996B41A-1024x576.jpeg 1024w, https:\/\/agora.xtec.cat\/iesribotiserra\/wp-content\/uploads\/usu1672\/2026\/02\/AF65BB0A-563A-43BC-BA75-A55EB996B41A-768x432.jpeg 768w, https:\/\/agora.xtec.cat\/iesribotiserra\/wp-content\/uploads\/usu1672\/2026\/02\/AF65BB0A-563A-43BC-BA75-A55EB996B41A-1536x864.jpeg 1536w, https:\/\/agora.xtec.cat\/iesribotiserra\/wp-content\/uploads\/usu1672\/2026\/02\/AF65BB0A-563A-43BC-BA75-A55EB996B41A.jpeg 2048w\" sizes=\"auto, (max-width: 404px) 100vw, 404px\" \/><\/a> <a href=\"https:\/\/agora.xtec.cat\/iesribotiserra\/wp-content\/uploads\/usu1672\/2026\/02\/7F61ABEA-AEEF-4686-BF0A-F59D9ECDC3E3-1.jpeg\"><img loading=\"lazy\" decoding=\"async\" class=\"alignnone wp-image-12934\" src=\"https:\/\/agora.xtec.cat\/iesribotiserra\/wp-content\/uploads\/usu1672\/2026\/02\/7F61ABEA-AEEF-4686-BF0A-F59D9ECDC3E3-1-300x169.jpeg\" alt=\"\" width=\"404\" height=\"227\" srcset=\"https:\/\/agora.xtec.cat\/iesribotiserra\/wp-content\/uploads\/usu1672\/2026\/02\/7F61ABEA-AEEF-4686-BF0A-F59D9ECDC3E3-1-300x169.jpeg 300w, https:\/\/agora.xtec.cat\/iesribotiserra\/wp-content\/uploads\/usu1672\/2026\/02\/7F61ABEA-AEEF-4686-BF0A-F59D9ECDC3E3-1-1024x576.jpeg 1024w, https:\/\/agora.xtec.cat\/iesribotiserra\/wp-content\/uploads\/usu1672\/2026\/02\/7F61ABEA-AEEF-4686-BF0A-F59D9ECDC3E3-1-768x432.jpeg 768w, https:\/\/agora.xtec.cat\/iesribotiserra\/wp-content\/uploads\/usu1672\/2026\/02\/7F61ABEA-AEEF-4686-BF0A-F59D9ECDC3E3-1-1536x864.jpeg 1536w, https:\/\/agora.xtec.cat\/iesribotiserra\/wp-content\/uploads\/usu1672\/2026\/02\/7F61ABEA-AEEF-4686-BF0A-F59D9ECDC3E3-1.jpeg 2048w\" sizes=\"auto, (max-width: 404px) 100vw, 404px\" \/><\/a><\/p>\n<p class=\"Estilo3\" align=\"justify\">El curs 2000-2001 es va iniciar el cicle formatiu de grau superior d&#8217;Animaci\u00f3 sociocultural. Aquest cicle pertany a la fam\u00edlia professional de Serveis Socioculturals i a la Comunitat, proporciona el t\u00edtol de\u00a0<strong>T\u00e8cnic\/a superior en Animaci\u00f3 sociocultural i tur\u00edstica\u00a0<\/strong>i s&#8217;organitza a base de:<\/p>\n<ul class=\"Estilo3\" style=\"text-align: justify;\">\n<li>\n<div align=\"justify\"><strong>M\u00f2duls de car\u00e0cter teoricopr\u00e0ctic<\/strong>\u00a0de mat\u00e8ries espec\u00edfiques per a cada cicle.<\/div>\n<\/li>\n<li>\n<div align=\"justify\">Un\u00a0<strong>m\u00f2dul de s\u00edntesi\u00a0<\/strong>que ha de permetre reflectir la integraci\u00f3 dels continguts impartits al llarg del cicle.<\/div>\n<\/li>\n<li>L&#8217;<strong>estada en centres de treball<\/strong> est\u00e0 distribu\u00efda en la majoria de m\u00f2duls del curr\u00edculum i es du a terme a empreses i entitats mitjan\u00e7ant els convenis de pr\u00e0ctiques que el Departament d&#8217;Educaci\u00f3 ha establert.<\/li>\n<\/ul>\n<p><strong>PERFIL PROFESSIONAL:<\/strong>\u00a0Proporciona els coneixements necessaris per a programar, organitzar, dinamitzar i avaluar projectes d&#8217;intervenci\u00f3 social dirigits al desenvolupament social, aplicant t\u00e8cniques de din\u00e0mica de grups i utilitzant recursos comunitaris, culturals d&#8217;oci i de temps lleure.<\/p>\n<div id=\"Layer22\">\n<p class=\"Estilo3\"><strong>DURADA:<\/strong>\u00a02.000 hores (2 cursos)<\/p>\n<p class=\"Estilo3\"><strong>HORARI<\/strong>: Tarda de 15:00 a 21:20h (divendres a 20:20)<\/p>\n<ul>\n<li style=\"list-style-type: none;\">\n<ul>\n<li>De cara al curs 2026-2027, el primer curs s&#8217;impartir\u00e0 pel mat\u00ed, pendent que el proper curs s\u2019acabi fent tot el cicle pel mat\u00ed.<\/li>\n<\/ul>\n<\/li>\n<\/ul>\n<\/div>\n<p><strong>FORMACI\u00d3 EN EL CENTRE:<\/strong> 1.485 hores.<\/p>\n<div id=\"Layer4\">\n<p class=\"Estilo3\"><strong>ESTADA EN CENTRES DE TREBALL:<\/strong> 515 hores.<\/p>\n<p class=\"Estilo3\"><strong>SORTIDES:<\/strong>\u00a0M\u00f3n laboral, Universitat (Llicenciat en Pedagogia, Psicologia, Sociologia, Mestre, Diplomat en Biblioteconomia i Documentaci\u00f3, Educaci\u00f3 social, Infermeria, Logop\u00e8dia, Podologia, Ter\u00e0pia ocupacional, Treball social, Turisme).<\/p>\n<p class=\"Estilo3\" align=\"justify\"><strong>SORTIDES PROFESSIONALS:\u00a0<\/strong>Coordinador de programes d&#8217;intervenci\u00f3 espec\u00edfics (per edat o sectors d&#8217;intervenci\u00f3), animador d&#8217;equipaments especialitzats com ludoteques, centres culturals i c\u00edvics, albergs i campaments, animador comunitari, animador\/monitor cultural, animador\/monitor de temps lleure, animador hospitalari&#8230;<\/p>\n<p class=\"Estilo3\" align=\"justify\"><strong>\u00c0MBIT PROFESSIONAL:<\/strong>\u00a0Activitats de serveis social, amb o sense allotjament, activitats associatives, serveis culturals, altres activitats d&#8217;espectacles, qualsevol estructura o organitzaci\u00f3 empresarial que contempli la realitzaci\u00f3 d&#8217;activitats d&#8217;intervenci\u00f3 comunit\u00e0ria, treball amb grups, col\u00b7lectius, oci i lleure.<\/p>\n<p class=\"Estilo3\" align=\"justify\"><strong>M\u00d2DULS PROFESSIONALS:<\/strong><\/p>\n<ul>\n<li>1123. Activitats d\u2019oci i temps lliure.<\/li>\n<li>1124. Dinamitzaci\u00f3 grupal.<\/li>\n<li>1125. Animaci\u00f3 i gesti\u00f3 cultural.<\/li>\n<li>1126. Animaci\u00f3 tur\u00edstica.<\/li>\n<li>1128. Desenvolupament comunitari.<\/li>\n<li>1129. Informaci\u00f3 juvenil.<\/li>\n<li>1130. Intervenci\u00f3 socioeducativa amb joves.<\/li>\n<li>1131. Context de l\u2019animaci\u00f3 sociocultural.<\/li>\n<li>0020. Primers auxilis.<\/li>\n<li>0344. Metodologia de la intervenci\u00f3 social.<\/li>\n<li>0179. Angl\u00e8s professional.<\/li>\n<li>1665. Digitalitzaci\u00f3 aplicada als sectors productius.<\/li>\n<li>1708. Sostenibilitat aplicada al sistema productiu.<\/li>\n<li>1709. Itinerari personal per a l&#8217;ocupabilitat I.<\/li>\n<li>1710. Itinerari personal per a l&#8217;ocupabilitat II.<\/li>\n<li>1132. Projecte intermodular d&#8217;animaci\u00f3 sociocultural i tur\u00edstica.<\/li>\n<li>M\u00f2dul\/s professional\/s optatiu\/s.<\/li>\n<\/ul>\n<\/div>\n","protected":false},"excerpt":{"rendered":"<p>Fam\u00edlia professional: Serveis Socioculturals i a la Comunitat El curs 2000-2001 es va iniciar el cicle formatiu de grau superior d&#8217;Animaci\u00f3 sociocultural. Aquest cicle pertany a la fam\u00edlia professional de Serveis Socioculturals i a la Comunitat, proporciona el t\u00edtol de\u00a0T\u00e8cnic\/a superior en Animaci\u00f3 sociocultural i tur\u00edstica\u00a0i s&#8217;organitza a base de: M\u00f2duls de car\u00e0cter teoricopr\u00e0ctic\u00a0de mat\u00e8ries [&hellip;]<\/p>\n","protected":false},"author":1,"featured_media":0,"parent":1840,"menu_order":2,"comment_status":"closed","ping_status":"closed","template":"page-templates\/side-menu.php","meta":{"_bbp_topic_count":0,"_bbp_reply_count":0,"_bbp_total_topic_count":0,"_bbp_total_reply_count":0,"_bbp_voice_count":0,"_bbp_anonymous_reply_count":0,"_bbp_topic_count_hidden":0,"_bbp_reply_count_hidden":0,"_bbp_forum_subforum_count":0,"site-sidebar-layout":"default","site-content-layout":"","ast-site-content-layout":"","site-content-style":"default","site-sidebar-style":"default","ast-global-header-display":"","ast-banner-title-visibility":"","ast-main-header-display":"","ast-hfb-above-header-display":"","ast-hfb-below-header-display":"","ast-hfb-mobile-header-display":"","site-post-title":"","ast-breadcrumbs-content":"","ast-featured-img":"","footer-sml-layout":"","theme-transparent-header-meta":"","adv-header-id-meta":"","stick-header-meta":"","header-above-stick-meta":"","header-main-stick-meta":"","header-below-stick-meta":"","astra-migrate-meta-layouts":"default","ast-page-background-enabled":"default","ast-page-background-meta":{"desktop":{"background-color":"var(--ast-global-color-4)","background-image":"","background-repeat":"repeat","background-position":"center center","background-size":"auto","background-attachment":"scroll","background-type":"","background-media":"","overlay-type":"","overlay-color":"","overlay-opacity":"","overlay-gradient":""},"tablet":{"background-color":"","background-image":"","background-repeat":"repeat","background-position":"center center","background-size":"auto","background-attachment":"scroll","background-type":"","background-media":"","overlay-type":"","overlay-color":"","overlay-opacity":"","overlay-gradient":""},"mobile":{"background-color":"","background-image":"","background-repeat":"repeat","background-position":"center center","background-size":"auto","background-attachment":"scroll","background-type":"","background-media":"","overlay-type":"","overlay-color":"","overlay-opacity":"","overlay-gradient":""}},"ast-content-background-meta":{"desktop":{"background-color":"var(--ast-global-color-5)","background-image":"","background-repeat":"repeat","background-position":"center center","background-size":"auto","background-attachment":"scroll","background-type":"","background-media":"","overlay-type":"","overlay-color":"","overlay-opacity":"","overlay-gradient":""},"tablet":{"background-color":"var(--ast-global-color-5)","background-image":"","background-repeat":"repeat","background-position":"center center","background-size":"auto","background-attachment":"scroll","background-type":"","background-media":"","overlay-type":"","overlay-color":"","overlay-opacity":"","overlay-gradient":""},"mobile":{"background-color":"var(--ast-global-color-5)","background-image":"","background-repeat":"repeat","background-position":"center center","background-size":"auto","background-attachment":"scroll","background-type":"","background-media":"","overlay-type":"","overlay-color":"","overlay-opacity":"","overlay-gradient":""}},"footnotes":""},"class_list":["post-893","page","type-page","status-publish","hentry"],"post_mailing_queue_ids":[],"_links":{"self":[{"href":"https:\/\/agora.xtec.cat\/iesribotiserra\/wp-json\/wp\/v2\/pages\/893","targetHints":{"allow":["GET"]}}],"collection":[{"href":"https:\/\/agora.xtec.cat\/iesribotiserra\/wp-json\/wp\/v2\/pages"}],"about":[{"href":"https:\/\/agora.xtec.cat\/iesribotiserra\/wp-json\/wp\/v2\/types\/page"}],"author":[{"embeddable":true,"href":"https:\/\/agora.xtec.cat\/iesribotiserra\/wp-json\/wp\/v2\/users\/1"}],"replies":[{"embeddable":true,"href":"https:\/\/agora.xtec.cat\/iesribotiserra\/wp-json\/wp\/v2\/comments?post=893"}],"version-history":[{"count":6,"href":"https:\/\/agora.xtec.cat\/iesribotiserra\/wp-json\/wp\/v2\/pages\/893\/revisions"}],"predecessor-version":[{"id":13026,"href":"https:\/\/agora.xtec.cat\/iesribotiserra\/wp-json\/wp\/v2\/pages\/893\/revisions\/13026"}],"up":[{"embeddable":true,"href":"https:\/\/agora.xtec.cat\/iesribotiserra\/wp-json\/wp\/v2\/pages\/1840"}],"wp:attachment":[{"href":"https:\/\/agora.xtec.cat\/iesribotiserra\/wp-json\/wp\/v2\/media?parent=893"}],"curies":[{"name":"wp","href":"https:\/\/api.w.org\/{rel}","templated":true}]}}