{"id":891,"date":"2018-01-19T19:23:37","date_gmt":"2018-01-19T18:23:37","guid":{"rendered":"http:\/\/agora.xtec.cat\/iesribotiserra\/?page_id=891"},"modified":"2026-02-20T17:54:19","modified_gmt":"2026-02-20T16:54:19","slug":"cfgm-atencio-a-persones-en-situacio-de-dependencia","status":"publish","type":"page","link":"https:\/\/agora.xtec.cat\/iesribotiserra\/estudis-que-impartim\/cicles-formatius\/familia-professional-de-serveis-socioculturals-i-a-la-comunitat\/cfgm-atencio-a-persones-en-situacio-de-dependencia\/","title":{"rendered":"CFGM Atenci\u00f3 a persones en situaci\u00f3 de depend\u00e8ncia"},"content":{"rendered":"<h2 style=\"text-align: left;\"><strong>Fam\u00edlia professional: Serveis Socioculturals i a la Comunitat<\/strong><\/h2>\n<p>&nbsp;<\/p>\n<p><img loading=\"lazy\" decoding=\"async\" class=\"aligncenter\" src=\"https:\/\/agora.xtec.cat\/iesribotiserra\/wp-content\/uploads\/usu1672\/2026\/02\/IMG_20260220_124814.jpg\" alt=\"\" width=\"724\" height=\"479\" \/><\/p>\n<p style=\"text-align: justify;\"><span style=\"font-weight: 400;\">El cicle formatiu de grau mitj\u00e0 d\u2019<\/span><b>Atenci\u00f3 a persones en situaci\u00f3 de depend\u00e8ncia<\/b><span style=\"font-weight: 400;\"> pertany a la fam\u00edlia professional de <\/span><b>serveis socioculturals i a la comunitat<\/b><span style=\"font-weight: 400;\">, va comen\u00e7ar el curs 2004-2005 al nostre institut i s\u2019organitza de la manera seg\u00fcent:<\/span><\/p>\n<ul>\n<li>\n<div align=\"justify\"><strong>M\u00f2duls de car\u00e0cter teoricopr\u00e0ctic<\/strong>\u00a0de mat\u00e8ries espec\u00edfiques per a cada cicle.<\/div>\n<\/li>\n<li>\n<div align=\"justify\">Un\u00a0<strong>m\u00f2dul de projecte <\/strong>que ha de permetre reflectir la integraci\u00f3 dels continguts impartits al llarg del cicle.<\/div>\n<\/li>\n<li>L&#8217;<strong>estada a l&#8217;empresa<\/strong> est\u00e0 distribu\u00efda en la majoria de m\u00f2duls del curr\u00edculum i es du a terme a empreses i entitats del sector mitjan\u00e7ant els acords que el Departament d&#8217;Educaci\u00f3 i formaci\u00f3 professional ha establert.<\/li>\n<\/ul>\n<p><b>PERFIL PROFESSIONAL:<\/b><\/p>\n<p style=\"text-align: justify;\"><span style=\"font-weight: 400;\">El perfil professional del t\u00edtol de t\u00e8cnic en atenci\u00f3 a persones en situaci\u00f3 de depend\u00e8ncia queda determinat per la compet\u00e8ncia general, les compet\u00e8ncies professionals, personals i socials i les capacitats clau que s&#8217;han d&#8217;adquirir, i per la relaci\u00f3 de qualificacions del Cat\u00e0leg de qualificacions professionals de Catalunya incloses en el t\u00edtol, la qual cosa ha de permetre <\/span><b>atendre les persones en situaci\u00f3 de depend\u00e8ncia, en l&#8217;\u00e0mbit domiciliari i institucional<\/b><span style=\"font-weight: 400;\">, per tal de mantenir i millorar la seva qualitat de vida, realitzant activitats assistencials, no sanit\u00e0ries, psicosocials i de suport a la gesti\u00f3 dom\u00e8stica, aplicant mesures i normes de prevenci\u00f3 i seguretat i derivant a altres serveis quan sigui necessari.<\/span><\/p>\n<p><b>DURADA<\/b><span style=\"font-weight: 400;\">: 2.000 hores (2 cursos)<\/span><\/p>\n<p class=\"Estilo3\"><strong>TORN<\/strong>:<\/p>\n<ul>\n<li>Mat\u00ed (A) de 8:00h a 14:30h<\/li>\n<li class=\"Estilo3\">Tarda (B) de 15:00h a 21:20h (divendres a 20:20)<\/li>\n<\/ul>\n<p><b>FORMACI\u00d3 EN EL CENTRE<\/b><span style=\"font-weight: 400;\">: 1.485 hores.<\/span><\/p>\n<p><strong>ESTADA EN CENTRES DE TREBALL:<\/strong> 515 hores.<\/p>\n<p><b>SORTIDES PROFESSIONALS<\/b><span style=\"font-weight: 400;\">: Aquest\/a professional exercir\u00e0 l&#8217;activitat en el sector de serveis a les persones, realitzant tasques assistencials, psicosocials i de suport a la gesti\u00f3 dom\u00e8stica.<\/span><\/p>\n<p><b>\u00c0MBIT PROFESSIONAL<\/b><span style=\"font-weight: 400;\">: assistent o assistenta de persones en situaci\u00f3 de depend\u00e8ncia en institucions i\/o domicilis; governant i subgovernant o governanta i subgovernanta de persones en situaci\u00f3 de depend\u00e8ncia en institucions; auxiliar responsable de planta de resid\u00e8ncies de persones grans i persones amb discapacitat; auxiliar d&#8217;ajuda a domicili; assistent o assistenta d&#8217;atenci\u00f3 domicili\u00e0ria; treballador o treballadora familiar; auxiliar d&#8217;educaci\u00f3 especial; assistent o assistenta personal; teleoperador o teleoperadora de teleassist\u00e8ncia.<\/span><\/p>\n<p><b>M\u00d2DULS<\/b><span style=\"font-weight: 400;\">:<\/span><\/p>\n<ul>\n<li style=\"font-weight: 400;\" aria-level=\"1\"><span style=\"font-weight: 400;\">0210. Organitzaci\u00f3 de l\u2019atenci\u00f3 a les persones en situaci\u00f3 de depend\u00e8ncia.<\/span><\/li>\n<li aria-level=\"1\">0211. Destreses socials.<\/li>\n<li aria-level=\"1\">0212. Caracter\u00edstiques i necessitats de les persones en situaci\u00f3 de depend\u00e8ncia.<\/li>\n<li aria-level=\"1\">0213. Atenci\u00f3 i suport psicosocial.<\/li>\n<li aria-level=\"1\">0214. Suport en la comunicaci\u00f3.<\/li>\n<li aria-level=\"1\">0215. Suport domiciliari.<\/li>\n<li aria-level=\"1\">0216. Atenci\u00f3 sanit\u00e0ria.<\/li>\n<li aria-level=\"1\">0217. Atenci\u00f3 higi\u00e8nica.<\/li>\n<li aria-level=\"1\">0831. Teleassist\u00e8ncia.<\/li>\n<li aria-level=\"1\">0020. Primers auxilis.<\/li>\n<li aria-level=\"1\">C056 Catal\u00e0\/Aran\u00e8s professional<\/li>\n<li aria-level=\"1\">0156. Angl\u00e8s Professional.<\/li>\n<li aria-level=\"1\">1664. Digitalitzaci\u00f3 aplicada als sectors productius.<\/li>\n<li aria-level=\"1\">1708 Sostenibilitat aplicada al sistema productiu.<\/li>\n<li aria-level=\"1\">1709 Itinerari personal per a l&#8217;ocupabilitat I.<\/li>\n<li aria-level=\"1\">1710 Itinerari personal per a l&#8217;ocupabilitat II.<\/li>\n<li aria-level=\"1\">1713 Projecte intermodular.<\/li>\n<li style=\"font-weight: 400;\" aria-level=\"1\"><span style=\"font-weight: 400;\">0000 M\u00f2dul professional optatiu.<\/span><\/li>\n<\/ul>\n","protected":false},"excerpt":{"rendered":"<p>Fam\u00edlia professional: Serveis Socioculturals i a la Comunitat &nbsp; El cicle formatiu de grau mitj\u00e0 d\u2019Atenci\u00f3 a persones en situaci\u00f3 de depend\u00e8ncia pertany a la fam\u00edlia professional de serveis socioculturals i a la comunitat, va comen\u00e7ar el curs 2004-2005 al nostre institut i s\u2019organitza de la manera seg\u00fcent: M\u00f2duls de car\u00e0cter teoricopr\u00e0ctic\u00a0de mat\u00e8ries espec\u00edfiques per [&hellip;]<\/p>\n","protected":false},"author":1,"featured_media":0,"parent":1840,"menu_order":1,"comment_status":"closed","ping_status":"closed","template":"page-templates\/side-menu.php","meta":{"_bbp_topic_count":0,"_bbp_reply_count":0,"_bbp_total_topic_count":0,"_bbp_total_reply_count":0,"_bbp_voice_count":0,"_bbp_anonymous_reply_count":0,"_bbp_topic_count_hidden":0,"_bbp_reply_count_hidden":0,"_bbp_forum_subforum_count":0,"site-sidebar-layout":"default","site-content-layout":"","ast-site-content-layout":"","site-content-style":"default","site-sidebar-style":"default","ast-global-header-display":"","ast-banner-title-visibility":"","ast-main-header-display":"","ast-hfb-above-header-display":"","ast-hfb-below-header-display":"","ast-hfb-mobile-header-display":"","site-post-title":"","ast-breadcrumbs-content":"","ast-featured-img":"","footer-sml-layout":"","theme-transparent-header-meta":"","adv-header-id-meta":"","stick-header-meta":"","header-above-stick-meta":"","header-main-stick-meta":"","header-below-stick-meta":"","astra-migrate-meta-layouts":"default","ast-page-background-enabled":"default","ast-page-background-meta":{"desktop":{"background-color":"var(--ast-global-color-4)","background-image":"","background-repeat":"repeat","background-position":"center center","background-size":"auto","background-attachment":"scroll","background-type":"","background-media":"","overlay-type":"","overlay-color":"","overlay-opacity":"","overlay-gradient":""},"tablet":{"background-color":"","background-image":"","background-repeat":"repeat","background-position":"center center","background-size":"auto","background-attachment":"scroll","background-type":"","background-media":"","overlay-type":"","overlay-color":"","overlay-opacity":"","overlay-gradient":""},"mobile":{"background-color":"","background-image":"","background-repeat":"repeat","background-position":"center center","background-size":"auto","background-attachment":"scroll","background-type":"","background-media":"","overlay-type":"","overlay-color":"","overlay-opacity":"","overlay-gradient":""}},"ast-content-background-meta":{"desktop":{"background-color":"var(--ast-global-color-5)","background-image":"","background-repeat":"repeat","background-position":"center center","background-size":"auto","background-attachment":"scroll","background-type":"","background-media":"","overlay-type":"","overlay-color":"","overlay-opacity":"","overlay-gradient":""},"tablet":{"background-color":"var(--ast-global-color-5)","background-image":"","background-repeat":"repeat","background-position":"center center","background-size":"auto","background-attachment":"scroll","background-type":"","background-media":"","overlay-type":"","overlay-color":"","overlay-opacity":"","overlay-gradient":""},"mobile":{"background-color":"var(--ast-global-color-5)","background-image":"","background-repeat":"repeat","background-position":"center center","background-size":"auto","background-attachment":"scroll","background-type":"","background-media":"","overlay-type":"","overlay-color":"","overlay-opacity":"","overlay-gradient":""}},"footnotes":""},"class_list":["post-891","page","type-page","status-publish","hentry"],"post_mailing_queue_ids":[],"_links":{"self":[{"href":"https:\/\/agora.xtec.cat\/iesribotiserra\/wp-json\/wp\/v2\/pages\/891","targetHints":{"allow":["GET"]}}],"collection":[{"href":"https:\/\/agora.xtec.cat\/iesribotiserra\/wp-json\/wp\/v2\/pages"}],"about":[{"href":"https:\/\/agora.xtec.cat\/iesribotiserra\/wp-json\/wp\/v2\/types\/page"}],"author":[{"embeddable":true,"href":"https:\/\/agora.xtec.cat\/iesribotiserra\/wp-json\/wp\/v2\/users\/1"}],"replies":[{"embeddable":true,"href":"https:\/\/agora.xtec.cat\/iesribotiserra\/wp-json\/wp\/v2\/comments?post=891"}],"version-history":[{"count":7,"href":"https:\/\/agora.xtec.cat\/iesribotiserra\/wp-json\/wp\/v2\/pages\/891\/revisions"}],"predecessor-version":[{"id":13060,"href":"https:\/\/agora.xtec.cat\/iesribotiserra\/wp-json\/wp\/v2\/pages\/891\/revisions\/13060"}],"up":[{"embeddable":true,"href":"https:\/\/agora.xtec.cat\/iesribotiserra\/wp-json\/wp\/v2\/pages\/1840"}],"wp:attachment":[{"href":"https:\/\/agora.xtec.cat\/iesribotiserra\/wp-json\/wp\/v2\/media?parent=891"}],"curies":[{"name":"wp","href":"https:\/\/api.w.org\/{rel}","templated":true}]}}