{"id":5992,"date":"2021-02-06T14:33:40","date_gmt":"2021-02-06T13:33:40","guid":{"rendered":"http:\/\/agora.xtec.cat\/iesribotiserra\/?page_id=5992"},"modified":"2026-02-26T20:09:27","modified_gmt":"2026-02-26T19:09:27","slug":"coeducacio-i-diversitat-sexual","status":"publish","type":"page","link":"https:\/\/agora.xtec.cat\/iesribotiserra\/linstitut\/que-fem\/carta-de-serveis-fp\/coeducacio-i-diversitat-sexual\/","title":{"rendered":"Coeducaci\u00f3 i diversitat sexual"},"content":{"rendered":"<table style=\"height: 349px; width: 100%; border-color: #d4080c; border-style: double;\">\n<tbody>\n<tr style=\"height: 52px;\">\n<td style=\"border-color: #d4080c; background-color: #d4080c; height: 52px; width: 99.2965%;\" colspan=\"2\">\n<h2 style=\"text-align: center;\"><span style=\"color: #ffffff;\"><strong>Coeducaci\u00f3 i diversitat sexual<\/strong><\/span><\/h2>\n<\/td>\n<\/tr>\n<tr style=\"height: 73px;\">\n<td style=\"height: 73px; width: 45.7069%; border-color: #d4080c;\">\n<h3><strong>Coordinador\/a:<\/strong> Toni Martinez i Anna Sanchez<\/h3>\n<\/td>\n<td style=\"height: 73px; width: 53.5896%; border-color: #d4080c;\">\n<h3><strong>Contacte: <\/strong>cocodibe<span class=\"\">@ribotiserra.cat<\/span><\/h3>\n<\/td>\n<\/tr>\n<tr style=\"height: 207px;\">\n<td style=\"background-color: #ffffff; height: 207px; width: 99.2965%; border-color: #d4080c;\" colspan=\"2\">\n<h4><span style=\"font-weight: 400;\">Des de fa uns anys que estem fent formaci\u00f3 i treballant amb l\u2019alumnat a partir d\u2019activitats al voltant del tema de la <\/span><b>coeducaci\u00f3<\/b><span style=\"font-weight: 400;\">.<\/span><\/h4>\n<h4><span style=\"font-weight: 400;\">El curs 2018-19 ens vam constituir com a <\/span><b>equip de millora<\/b><span style=\"font-weight: 400;\"> i vam iniciar un projecte d\u2019institut que inclou les seg\u00fcents<\/span><b> actuacions<\/b><span style=\"font-weight: 400;\">:<\/span><\/h4>\n<ul>\n<li style=\"font-weight: 400;\" aria-level=\"1\">\n<h4><span style=\"font-weight: 400;\">Formaci\u00f3 a tot l\u2019alumnat d\u2019ESO i Cicles\u00a0<\/span><\/h4>\n<\/li>\n<li style=\"font-weight: 400;\" aria-level=\"1\">\n<h4><span style=\"font-weight: 400;\">Formaci\u00f3 a tot el claustre<\/span><\/h4>\n<\/li>\n<li style=\"font-weight: 400;\" aria-level=\"1\">\n<h4><span style=\"font-weight: 400;\">Plaf\u00f3 informatiu<\/span><\/h4>\n<\/li>\n<li style=\"font-weight: 400;\" aria-level=\"1\">\n<h4><span style=\"font-weight: 400;\">Enlla\u00e7 a la p\u00e0gina web del centre amb recursos per al professorat i l\u2019alumnat amb els seg\u00fcents apartats: coeduaci\u00f3, 25N, 8M, diversistat sexual, bibliografia, biblioteca i articles.<\/span><\/h4>\n<\/li>\n<\/ul>\n<h4><b>Objectius:<\/b><\/h4>\n<ul>\n<li style=\"font-weight: 400;\" aria-level=\"1\">\n<h4><span style=\"font-weight: 400;\">Incorporar la perspectiva de g\u00e8nere a l\u2019institut.<\/span><\/h4>\n<\/li>\n<li style=\"font-weight: 400;\" aria-level=\"1\">\n<h4><span style=\"font-weight: 400;\">Con\u00e8ixer i prevenir la discriminaci\u00f3 en el nostre centre per raons d\u2019orientaci\u00f3 sexual, identitat o expressi\u00f3 de g\u00e8nere.<\/span><\/h4>\n<\/li>\n<\/ul>\n<\/td>\n<\/tr>\n<tr style=\"height: 17px;\">\n<td style=\"height: 17px; width: 99.2965%; border-color: #d4080c;\" colspan=\"2\">\n<h4 style=\"text-align: justify;\"><strong>Adreces d\u2019inter\u00e8s:<\/strong><\/h4>\n<h4 style=\"text-align: justify;\"><strong><a href=\"https:\/\/asociacionmundus.com\/\" target=\"_blank\" rel=\"noopener noreferrer\">\u00a0 \u00a0\u00a0<\/a> <a href=\"http:\/\/agora.xtec.cat\/iesribotiserra\/general\/codi-suro\/\" target=\"_blank\" rel=\"noopener noreferrer\"><img loading=\"lazy\" decoding=\"async\" class=\"alignnone wp-image-4105\" src=\"https:\/\/agora.xtec.cat\/iesribotiserra\/wp-content\/uploads\/usu1672\/2019\/11\/coeducacio-LOGO.png\" alt=\"\" width=\"350\" height=\"82\" srcset=\"https:\/\/agora.xtec.cat\/iesribotiserra\/wp-content\/uploads\/usu1672\/2019\/11\/coeducacio-LOGO.png 512w, https:\/\/agora.xtec.cat\/iesribotiserra\/wp-content\/uploads\/usu1672\/2019\/11\/coeducacio-LOGO-300x70.png 300w\" sizes=\"auto, (max-width: 350px) 100vw, 350px\" \/>\u00a0\u00a0\u00a0<\/a> \u00a0 <a href=\"https:\/\/sites.google.com\/ribotiserra.cat\/coeducaciidiversitatsexual\/inici\" target=\"_blank\" rel=\"noopener noreferrer\"><img loading=\"lazy\" decoding=\"async\" class=\"alignnone wp-image-3250\" src=\"https:\/\/agora.xtec.cat\/iesribotiserra\/wp-content\/uploads\/usu1672\/2019\/03\/LogoCoeducacio.png\" alt=\"\" width=\"188\" height=\"114\" srcset=\"https:\/\/agora.xtec.cat\/iesribotiserra\/wp-content\/uploads\/usu1672\/2019\/03\/LogoCoeducacio.png 634w, https:\/\/agora.xtec.cat\/iesribotiserra\/wp-content\/uploads\/usu1672\/2019\/03\/LogoCoeducacio-300x183.png 300w\" sizes=\"auto, (max-width: 188px) 100vw, 188px\" \/><\/a><\/strong><\/h4>\n<\/td>\n<\/tr>\n<\/tbody>\n<\/table>\n<p>&nbsp;<\/p>\n","protected":false},"excerpt":{"rendered":"<p>Coeducaci\u00f3 i diversitat sexual Coordinador\/a: Toni Martinez i Anna Sanchez Contacte: cocodibe@ribotiserra.cat Des de fa uns anys que estem fent formaci\u00f3 i treballant amb l\u2019alumnat a partir d\u2019activitats al voltant del tema de la coeducaci\u00f3. El curs 2018-19 ens vam constituir com a equip de millora i vam iniciar un projecte d\u2019institut que inclou les [&hellip;]<\/p>\n","protected":false},"author":1,"featured_media":0,"parent":5833,"menu_order":5,"comment_status":"closed","ping_status":"closed","template":"page-templates\/side-menu.php","meta":{"_bbp_topic_count":0,"_bbp_reply_count":0,"_bbp_total_topic_count":0,"_bbp_total_reply_count":0,"_bbp_voice_count":0,"_bbp_anonymous_reply_count":0,"_bbp_topic_count_hidden":0,"_bbp_reply_count_hidden":0,"_bbp_forum_subforum_count":0,"site-sidebar-layout":"default","site-content-layout":"","ast-site-content-layout":"","site-content-style":"default","site-sidebar-style":"default","ast-global-header-display":"","ast-banner-title-visibility":"","ast-main-header-display":"","ast-hfb-above-header-display":"","ast-hfb-below-header-display":"","ast-hfb-mobile-header-display":"","site-post-title":"","ast-breadcrumbs-content":"","ast-featured-img":"","footer-sml-layout":"","theme-transparent-header-meta":"","adv-header-id-meta":"","stick-header-meta":"","header-above-stick-meta":"","header-main-stick-meta":"","header-below-stick-meta":"","astra-migrate-meta-layouts":"default","ast-page-background-enabled":"default","ast-page-background-meta":{"desktop":{"background-color":"var(--ast-global-color-4)","background-image":"","background-repeat":"repeat","background-position":"center center","background-size":"auto","background-attachment":"scroll","background-type":"","background-media":"","overlay-type":"","overlay-color":"","overlay-opacity":"","overlay-gradient":""},"tablet":{"background-color":"","background-image":"","background-repeat":"repeat","background-position":"center center","background-size":"auto","background-attachment":"scroll","background-type":"","background-media":"","overlay-type":"","overlay-color":"","overlay-opacity":"","overlay-gradient":""},"mobile":{"background-color":"","background-image":"","background-repeat":"repeat","background-position":"center center","background-size":"auto","background-attachment":"scroll","background-type":"","background-media":"","overlay-type":"","overlay-color":"","overlay-opacity":"","overlay-gradient":""}},"ast-content-background-meta":{"desktop":{"background-color":"var(--ast-global-color-5)","background-image":"","background-repeat":"repeat","background-position":"center center","background-size":"auto","background-attachment":"scroll","background-type":"","background-media":"","overlay-type":"","overlay-color":"","overlay-opacity":"","overlay-gradient":""},"tablet":{"background-color":"var(--ast-global-color-5)","background-image":"","background-repeat":"repeat","background-position":"center center","background-size":"auto","background-attachment":"scroll","background-type":"","background-media":"","overlay-type":"","overlay-color":"","overlay-opacity":"","overlay-gradient":""},"mobile":{"background-color":"var(--ast-global-color-5)","background-image":"","background-repeat":"repeat","background-position":"center center","background-size":"auto","background-attachment":"scroll","background-type":"","background-media":"","overlay-type":"","overlay-color":"","overlay-opacity":"","overlay-gradient":""}},"footnotes":""},"class_list":["post-5992","page","type-page","status-publish","hentry"],"post_mailing_queue_ids":[],"_links":{"self":[{"href":"https:\/\/agora.xtec.cat\/iesribotiserra\/wp-json\/wp\/v2\/pages\/5992","targetHints":{"allow":["GET"]}}],"collection":[{"href":"https:\/\/agora.xtec.cat\/iesribotiserra\/wp-json\/wp\/v2\/pages"}],"about":[{"href":"https:\/\/agora.xtec.cat\/iesribotiserra\/wp-json\/wp\/v2\/types\/page"}],"author":[{"embeddable":true,"href":"https:\/\/agora.xtec.cat\/iesribotiserra\/wp-json\/wp\/v2\/users\/1"}],"replies":[{"embeddable":true,"href":"https:\/\/agora.xtec.cat\/iesribotiserra\/wp-json\/wp\/v2\/comments?post=5992"}],"version-history":[{"count":6,"href":"https:\/\/agora.xtec.cat\/iesribotiserra\/wp-json\/wp\/v2\/pages\/5992\/revisions"}],"predecessor-version":[{"id":13157,"href":"https:\/\/agora.xtec.cat\/iesribotiserra\/wp-json\/wp\/v2\/pages\/5992\/revisions\/13157"}],"up":[{"embeddable":true,"href":"https:\/\/agora.xtec.cat\/iesribotiserra\/wp-json\/wp\/v2\/pages\/5833"}],"wp:attachment":[{"href":"https:\/\/agora.xtec.cat\/iesribotiserra\/wp-json\/wp\/v2\/media?parent=5992"}],"curies":[{"name":"wp","href":"https:\/\/api.w.org\/{rel}","templated":true}]}}