{"id":5986,"date":"2021-02-06T14:04:54","date_gmt":"2021-02-06T13:04:54","guid":{"rendered":"http:\/\/agora.xtec.cat\/iesribotiserra\/?page_id=5986"},"modified":"2025-03-31T14:30:41","modified_gmt":"2025-03-31T12:30:41","slug":"borsa-de-treball","status":"publish","type":"page","link":"https:\/\/agora.xtec.cat\/iesribotiserra\/linstitut\/que-fem\/carta-de-serveis-fp\/borsa-de-treball\/","title":{"rendered":"Borsa de treball"},"content":{"rendered":"<table style=\"height: 349px; width: 100%; border-color: #d4080c; border-style: double;\">\n<tbody>\n<tr style=\"height: 52px;\">\n<td style=\"border-color: #d4080c; background-color: #d4080c; height: 52px; width: 99.2965%;\" colspan=\"2\">\n<h2 style=\"text-align: center;\"><span style=\"color: #ffffff;\"><strong>Borsa de treball<\/strong><\/span><\/h2>\n<\/td>\n<\/tr>\n<tr style=\"height: 73px;\">\n<td style=\"height: 73px; width: 40.3015%; border-color: #d4080c;\">\n<h3><strong>Coordinador\/a:<\/strong><span style=\"font-weight: 400;\"> Betlem Tur i Albert Jim\u00e9nez<\/span><\/h3>\n<\/td>\n<td style=\"height: 73px; width: 58.995%; border-color: #d4080c;\">\n<h3><strong>Contacte:<\/strong> <a href=\"mailto:borsatreball@ribotiserra.cat\"><span style=\"font-weight: 400;\">borsatreball@ribotiserra.cat<\/span><\/a><\/h3>\n<\/td>\n<\/tr>\n<tr style=\"height: 207px;\">\n<td style=\"background-color: #ffffff; height: 207px; width: 99.2965%; border-color: #d4080c;\" colspan=\"2\">\n<h4 style=\"text-align: justify;\"><span style=\"font-weight: 400;\">La borsa de treball \u00e9s una manera r\u00e0pida de trobar un lloc per obtenir una ocupaci\u00f3 d&#8217;acord a les necessitats que t\u00e9 tant<\/span><b> l\u2019alumnat actual del centre com l\u2019exalumnat<\/b><span style=\"font-weight: 400;\">. Per tant, \u00e9s una forma de facilitar una via de contacte amb les <\/span><b>empreses que busquen personal relacionat amb els cicles formatius que tenim al centre<\/b><span style=\"font-weight: 400;\">. <\/span><\/h4>\n<h4 style=\"text-align: justify;\">A m\u00e9s, s&#8217;ofereixen altres serveis com pot ser l\u2019assessorament o informaci\u00f3 \u00fatil per utilitzar en una entrevista de treball<span style=\"font-weight: 400;\"> o <\/span><b>millorar el curr\u00edculum personal<\/b><span style=\"font-weight: 400;\">, mitjan\u00e7ant cursos d\u2019inter\u00e8s per l\u2019alumnat, aix\u00ed com <\/span><b>informaci\u00f3 per ajudar-los a seguir desenvolupant la carrera professional<\/b><span style=\"font-weight: 400;\"> amb altres estudis o vies.<\/span><\/h4>\n<h4><b>Objectius:<\/b><\/h4>\n<ol>\n<li style=\"font-weight: 400;\" aria-level=\"1\">\n<h4><span style=\"font-weight: 400;\">Fer con\u00e8ixer oportunitats de desenvolupament professional, per millorar la qualitat de vida dels estudiants i graduats.<\/span><\/h4>\n<\/li>\n<li style=\"font-weight: 400;\" aria-level=\"1\">\n<h4><span style=\"font-weight: 400;\">Motivar els estudiants i graduats a la participaci\u00f3 en processos de selecci\u00f3 que els permeti ser actius en el m\u00f3n laboral.<\/span><\/h4>\n<\/li>\n<li style=\"font-weight: 400;\" aria-level=\"1\">\n<h4><span style=\"font-weight: 400;\">Informar sobre vies que poden seguir per desenvolupar la seva carrera professional.<\/span><\/h4>\n<\/li>\n<\/ol>\n<\/td>\n<\/tr>\n<tr style=\"height: 17px;\">\n<td style=\"height: 17px; width: 99.2965%; border-color: #d4080c;\" colspan=\"2\">\n<h4 style=\"text-align: justify;\"><strong>Adreces d\u2019inter\u00e8s:<\/strong><\/h4>\n<h4 style=\"text-align: justify;\"><strong><a href=\"https:\/\/asociacionmundus.com\/\" target=\"_blank\" rel=\"noopener noreferrer\">\u00a0 \u00a0\u00a0<\/a> <a href=\"https:\/\/borsadetreballribotiserra.wordpress.com\" target=\"_blank\" rel=\"noopener noreferrer\"><img loading=\"lazy\" decoding=\"async\" class=\"wp-image-5987 aligncenter\" src=\"https:\/\/agora.xtec.cat\/iesribotiserra\/wp-content\/uploads\/usu1672\/2021\/02\/logo-borsa-de-treball.png\" alt=\"\" width=\"179\" height=\"179\" srcset=\"https:\/\/agora.xtec.cat\/iesribotiserra\/wp-content\/uploads\/usu1672\/2021\/02\/logo-borsa-de-treball.png 444w, https:\/\/agora.xtec.cat\/iesribotiserra\/wp-content\/uploads\/usu1672\/2021\/02\/logo-borsa-de-treball-150x150.png 150w, https:\/\/agora.xtec.cat\/iesribotiserra\/wp-content\/uploads\/usu1672\/2021\/02\/logo-borsa-de-treball-300x300.png 300w\" sizes=\"auto, (max-width: 179px) 100vw, 179px\" \/><\/a><\/strong><\/h4>\n<\/td>\n<\/tr>\n<\/tbody>\n<\/table>\n<p>&nbsp;<\/p>\n","protected":false},"excerpt":{"rendered":"<p>Borsa de treball Coordinador\/a: Betlem Tur i Albert Jim\u00e9nez Contacte: borsatreball@ribotiserra.cat La borsa de treball \u00e9s una manera r\u00e0pida de trobar un lloc per obtenir una ocupaci\u00f3 d&#8217;acord a les necessitats que t\u00e9 tant l\u2019alumnat actual del centre com l\u2019exalumnat. Per tant, \u00e9s una forma de facilitar una via de contacte amb les empreses que [&hellip;]<\/p>\n","protected":false},"author":1,"featured_media":0,"parent":5833,"menu_order":4,"comment_status":"closed","ping_status":"closed","template":"page-templates\/side-menu.php","meta":{"_bbp_topic_count":0,"_bbp_reply_count":0,"_bbp_total_topic_count":0,"_bbp_total_reply_count":0,"_bbp_voice_count":0,"_bbp_anonymous_reply_count":0,"_bbp_topic_count_hidden":0,"_bbp_reply_count_hidden":0,"_bbp_forum_subforum_count":0,"site-sidebar-layout":"default","site-content-layout":"","ast-site-content-layout":"","site-content-style":"default","site-sidebar-style":"default","ast-global-header-display":"","ast-banner-title-visibility":"","ast-main-header-display":"","ast-hfb-above-header-display":"","ast-hfb-below-header-display":"","ast-hfb-mobile-header-display":"","site-post-title":"","ast-breadcrumbs-content":"","ast-featured-img":"","footer-sml-layout":"","theme-transparent-header-meta":"","adv-header-id-meta":"","stick-header-meta":"","header-above-stick-meta":"","header-main-stick-meta":"","header-below-stick-meta":"","astra-migrate-meta-layouts":"default","ast-page-background-enabled":"default","ast-page-background-meta":{"desktop":{"background-color":"var(--ast-global-color-4)","background-image":"","background-repeat":"repeat","background-position":"center center","background-size":"auto","background-attachment":"scroll","background-type":"","background-media":"","overlay-type":"","overlay-color":"","overlay-opacity":"","overlay-gradient":""},"tablet":{"background-color":"","background-image":"","background-repeat":"repeat","background-position":"center center","background-size":"auto","background-attachment":"scroll","background-type":"","background-media":"","overlay-type":"","overlay-color":"","overlay-opacity":"","overlay-gradient":""},"mobile":{"background-color":"","background-image":"","background-repeat":"repeat","background-position":"center center","background-size":"auto","background-attachment":"scroll","background-type":"","background-media":"","overlay-type":"","overlay-color":"","overlay-opacity":"","overlay-gradient":""}},"ast-content-background-meta":{"desktop":{"background-color":"var(--ast-global-color-5)","background-image":"","background-repeat":"repeat","background-position":"center center","background-size":"auto","background-attachment":"scroll","background-type":"","background-media":"","overlay-type":"","overlay-color":"","overlay-opacity":"","overlay-gradient":""},"tablet":{"background-color":"var(--ast-global-color-5)","background-image":"","background-repeat":"repeat","background-position":"center center","background-size":"auto","background-attachment":"scroll","background-type":"","background-media":"","overlay-type":"","overlay-color":"","overlay-opacity":"","overlay-gradient":""},"mobile":{"background-color":"var(--ast-global-color-5)","background-image":"","background-repeat":"repeat","background-position":"center center","background-size":"auto","background-attachment":"scroll","background-type":"","background-media":"","overlay-type":"","overlay-color":"","overlay-opacity":"","overlay-gradient":""}},"footnotes":""},"class_list":["post-5986","page","type-page","status-publish","hentry"],"post_mailing_queue_ids":[],"_links":{"self":[{"href":"https:\/\/agora.xtec.cat\/iesribotiserra\/wp-json\/wp\/v2\/pages\/5986","targetHints":{"allow":["GET"]}}],"collection":[{"href":"https:\/\/agora.xtec.cat\/iesribotiserra\/wp-json\/wp\/v2\/pages"}],"about":[{"href":"https:\/\/agora.xtec.cat\/iesribotiserra\/wp-json\/wp\/v2\/types\/page"}],"author":[{"embeddable":true,"href":"https:\/\/agora.xtec.cat\/iesribotiserra\/wp-json\/wp\/v2\/users\/1"}],"replies":[{"embeddable":true,"href":"https:\/\/agora.xtec.cat\/iesribotiserra\/wp-json\/wp\/v2\/comments?post=5986"}],"version-history":[{"count":6,"href":"https:\/\/agora.xtec.cat\/iesribotiserra\/wp-json\/wp\/v2\/pages\/5986\/revisions"}],"predecessor-version":[{"id":12323,"href":"https:\/\/agora.xtec.cat\/iesribotiserra\/wp-json\/wp\/v2\/pages\/5986\/revisions\/12323"}],"up":[{"embeddable":true,"href":"https:\/\/agora.xtec.cat\/iesribotiserra\/wp-json\/wp\/v2\/pages\/5833"}],"wp:attachment":[{"href":"https:\/\/agora.xtec.cat\/iesribotiserra\/wp-json\/wp\/v2\/media?parent=5986"}],"curies":[{"name":"wp","href":"https:\/\/api.w.org\/{rel}","templated":true}]}}