{"id":5973,"date":"2021-02-06T13:36:52","date_gmt":"2021-02-06T12:36:52","guid":{"rendered":"http:\/\/agora.xtec.cat\/iesribotiserra\/?page_id=5973"},"modified":"2026-03-06T12:52:35","modified_gmt":"2026-03-06T11:52:35","slug":"servei-escola-empresa-dual","status":"publish","type":"page","link":"https:\/\/agora.xtec.cat\/iesribotiserra\/linstitut\/que-fem\/carta-de-serveis-fp\/servei-escola-empresa-dual\/","title":{"rendered":"Estada a l&#8217;empresa"},"content":{"rendered":"<table style=\"height: 349px; width: 100%; border-color: #d4080c; border-style: double;\">\n<tbody>\n<tr style=\"height: 52px;\">\n<td style=\"border-color: #d4080c; background-color: #d4080c; height: 52px; width: 99.2965%;\" colspan=\"2\">\n<h2 style=\"text-align: center;\"><span style=\"color: #ffffff;\"><strong>Estada a l&#8217;empresa<\/strong><\/span><\/h2>\n<\/td>\n<\/tr>\n<tr style=\"height: 73px;\">\n<td style=\"height: 73px; width: 40.3015%; border-color: #d4080c;\">\n<h3><strong>Coordinadora:<\/strong><span style=\"font-weight: 400;\"> Anabel Pozas i Anna Sanchez<\/span><\/h3>\n<\/td>\n<td style=\"height: 73px; width: 58.995%; border-color: #d4080c;\">\n<h3><strong>Contacte: <\/strong><a href=\"mailto:apozas3.prof@ribotiserra.cat\" target=\"_blank\" rel=\"noopener\">apozas3.prof@ribotiserra.cat<\/a><\/h3>\n<\/td>\n<\/tr>\n<tr style=\"height: 207px;\">\n<td style=\"background-color: #ffffff; height: 207px; width: 99.2965%; border-color: #d4080c;\" colspan=\"2\">\n<h4>El crentre ofereix <strong>la formaci\u00f3 en modalitat dual<\/strong> a l&#8217;alumnat dels cicles:<\/h4>\n<ul>\n<li>\n<h4>CFGM de Perruqueria i cosm\u00e8tica capil\u00b7lar<\/h4>\n<\/li>\n<li>\n<h4>CFGS d&#8217;Educaci\u00f3 infantil<\/h4>\n<\/li>\n<li>\n<h4>CFGS d&#8217;Animaci\u00f3 socioculturai i tur\u00edstica<\/h4>\n<\/li>\n<\/ul>\n<h4 style=\"text-align: justify;\"><span style=\"font-weight: 400;\">L\u2019<\/span><strong>objectiu genera<\/strong><span style=\"font-weight: 400;\"><strong>l<\/strong> de l&#8217;estada a l&#8217;empresa \u00e9s professionalitzar l\u2019alumnat des del Centre educatiu i establir una relaci\u00f3 directa amb l\u2019\u00e0mbit laboral.\u00a0<\/span><\/h4>\n<ul>\n<li style=\"list-style-type: none;\">\n<ul>\n<li>\n<h4><span style=\"font-weight: 400;\">Millorar la preparaci\u00f3<\/span><\/h4>\n<\/li>\n<li>\n<h4 style=\"text-align: justify;\"><span style=\"font-weight: 400;\">Viure situacions reals de treball<\/span><\/h4>\n<\/li>\n<li style=\"text-align: justify;\">\n<h4><span style=\"font-weight: 400;\">Adquirir experi\u00e8ncia professional<\/span><\/h4>\n<\/li>\n<li style=\"text-align: justify;\">\n<h4><span style=\"font-weight: 400;\">Augmentar l\u2019ocupaci\u00f3 laboral<\/span><\/h4>\n<\/li>\n<li style=\"text-align: justify;\">\n<h4><span style=\"font-weight: 400;\">Potenciar el desenvolupament personal<\/span><\/h4>\n<\/li>\n<\/ul>\n<\/li>\n<\/ul>\n<h4 style=\"text-align: justify;\"><b>Per tal d\u2019aconseguir aquests objectius:<\/b><\/h4>\n<ul style=\"text-align: justify;\">\n<li style=\"list-style-type: none;\">\n<ul>\n<li style=\"font-weight: 400;\" aria-level=\"1\">\n<h4><span style=\"font-weight: 400;\">La formaci\u00f3 es comparteix i s\u2019organitza entre el centre educatiu i el centre de treball.<\/span><\/h4>\n<\/li>\n<li style=\"font-weight: 400;\" aria-level=\"1\">\n<h4><span style=\"font-weight: 400;\">S\u2019activa la col\u00b7laboraci\u00f3 de les empreses en la inserci\u00f3 laboral dels i les joves.<\/span><\/h4>\n<\/li>\n<li style=\"font-weight: 400;\" aria-level=\"1\">\n<h4><span style=\"font-weight: 400;\">La distribuci\u00f3 curricular \u00e9s flexible per acollir l\u2019alumnat que s\u2019incorpora a les empreses en r\u00e8gim de formaci\u00f3 dual i tamb\u00e9 el que cursa el curr\u00edculum ordinari.<\/span><\/h4>\n<\/li>\n<\/ul>\n<\/li>\n<\/ul>\n<\/td>\n<\/tr>\n<tr style=\"height: 17px;\">\n<td style=\"height: 17px; width: 99.2965%; border-color: #d4080c;\" colspan=\"2\">\n<h4 style=\"text-align: justify;\"><strong>Adreces d\u2019inter\u00e8s: <a href=\"https:\/\/triaeducativa.gencat.cat\/ca\/fp\/cataleg-serveis\/fp-dual\/index.html\"><img loading=\"lazy\" decoding=\"async\" class=\" wp-image-657 aligncenter\" src=\"https:\/\/agora.xtec.cat\/iesribotiserra\/wp-content\/uploads\/usu1672\/2018\/01\/DUAL_alta-300x300.jpg\" alt=\"\" width=\"195\" height=\"195\" srcset=\"https:\/\/agora.xtec.cat\/iesribotiserra\/wp-content\/uploads\/usu1672\/2018\/01\/DUAL_alta-300x300.jpg 300w, https:\/\/agora.xtec.cat\/iesribotiserra\/wp-content\/uploads\/usu1672\/2018\/01\/DUAL_alta-300x300-150x150.jpg 150w\" sizes=\"auto, (max-width: 195px) 100vw, 195px\" \/><\/a><br \/>\n<\/strong><\/h4>\n<\/td>\n<\/tr>\n<\/tbody>\n<\/table>\n<p>&nbsp;<\/p>\n<p><a href=\"https:\/\/agora.xtec.cat\/iesribotiserra\/wp-content\/uploads\/usu1672\/2021\/02\/Logo-Ministerio-educacion-y-formacion-profesional.png\"><img loading=\"lazy\" decoding=\"async\" class=\"wp-image-5967 alignleft\" src=\"https:\/\/agora.xtec.cat\/iesribotiserra\/wp-content\/uploads\/usu1672\/2021\/02\/Logo-Ministerio-educacion-y-formacion-profesional.png\" alt=\"\" width=\"284\" height=\"71\" srcset=\"https:\/\/agora.xtec.cat\/iesribotiserra\/wp-content\/uploads\/usu1672\/2021\/02\/Logo-Ministerio-educacion-y-formacion-profesional.png 512w, https:\/\/agora.xtec.cat\/iesribotiserra\/wp-content\/uploads\/usu1672\/2021\/02\/Logo-Ministerio-educacion-y-formacion-profesional-300x75.png 300w\" sizes=\"auto, (max-width: 284px) 100vw, 284px\" \/><\/a> <a href=\"https:\/\/agora.xtec.cat\/iesribotiserra\/wp-content\/uploads\/usu1672\/2021\/02\/logo-Unio-europea.jpg\"><img loading=\"lazy\" decoding=\"async\" class=\"wp-image-5969 alignleft\" src=\"https:\/\/agora.xtec.cat\/iesribotiserra\/wp-content\/uploads\/usu1672\/2021\/02\/logo-Unio-europea.jpg\" alt=\"\" width=\"370\" height=\"69\" srcset=\"https:\/\/agora.xtec.cat\/iesribotiserra\/wp-content\/uploads\/usu1672\/2021\/02\/logo-Unio-europea.jpg 424w, https:\/\/agora.xtec.cat\/iesribotiserra\/wp-content\/uploads\/usu1672\/2021\/02\/logo-Unio-europea-300x56.jpg 300w\" sizes=\"auto, (max-width: 370px) 100vw, 370px\" \/><\/a><\/p>\n","protected":false},"excerpt":{"rendered":"<p>Estada a l&#8217;empresa Coordinadora: Anabel Pozas i Anna Sanchez Contacte: apozas3.prof@ribotiserra.cat El crentre ofereix la formaci\u00f3 en modalitat dual a l&#8217;alumnat dels cicles: CFGM de Perruqueria i cosm\u00e8tica capil\u00b7lar CFGS d&#8217;Educaci\u00f3 infantil CFGS d&#8217;Animaci\u00f3 socioculturai i tur\u00edstica L\u2019objectiu general de l&#8217;estada a l&#8217;empresa \u00e9s professionalitzar l\u2019alumnat des del Centre educatiu i establir una relaci\u00f3 directa [&hellip;]<\/p>\n","protected":false},"author":1,"featured_media":0,"parent":5833,"menu_order":2,"comment_status":"closed","ping_status":"closed","template":"page-templates\/side-menu.php","meta":{"_bbp_topic_count":0,"_bbp_reply_count":0,"_bbp_total_topic_count":0,"_bbp_total_reply_count":0,"_bbp_voice_count":0,"_bbp_anonymous_reply_count":0,"_bbp_topic_count_hidden":0,"_bbp_reply_count_hidden":0,"_bbp_forum_subforum_count":0,"site-sidebar-layout":"default","site-content-layout":"","ast-site-content-layout":"","site-content-style":"default","site-sidebar-style":"default","ast-global-header-display":"","ast-banner-title-visibility":"","ast-main-header-display":"","ast-hfb-above-header-display":"","ast-hfb-below-header-display":"","ast-hfb-mobile-header-display":"","site-post-title":"","ast-breadcrumbs-content":"","ast-featured-img":"","footer-sml-layout":"","theme-transparent-header-meta":"","adv-header-id-meta":"","stick-header-meta":"","header-above-stick-meta":"","header-main-stick-meta":"","header-below-stick-meta":"","astra-migrate-meta-layouts":"default","ast-page-background-enabled":"default","ast-page-background-meta":{"desktop":{"background-color":"var(--ast-global-color-4)","background-image":"","background-repeat":"repeat","background-position":"center center","background-size":"auto","background-attachment":"scroll","background-type":"","background-media":"","overlay-type":"","overlay-color":"","overlay-opacity":"","overlay-gradient":""},"tablet":{"background-color":"","background-image":"","background-repeat":"repeat","background-position":"center center","background-size":"auto","background-attachment":"scroll","background-type":"","background-media":"","overlay-type":"","overlay-color":"","overlay-opacity":"","overlay-gradient":""},"mobile":{"background-color":"","background-image":"","background-repeat":"repeat","background-position":"center center","background-size":"auto","background-attachment":"scroll","background-type":"","background-media":"","overlay-type":"","overlay-color":"","overlay-opacity":"","overlay-gradient":""}},"ast-content-background-meta":{"desktop":{"background-color":"var(--ast-global-color-5)","background-image":"","background-repeat":"repeat","background-position":"center center","background-size":"auto","background-attachment":"scroll","background-type":"","background-media":"","overlay-type":"","overlay-color":"","overlay-opacity":"","overlay-gradient":""},"tablet":{"background-color":"var(--ast-global-color-5)","background-image":"","background-repeat":"repeat","background-position":"center center","background-size":"auto","background-attachment":"scroll","background-type":"","background-media":"","overlay-type":"","overlay-color":"","overlay-opacity":"","overlay-gradient":""},"mobile":{"background-color":"var(--ast-global-color-5)","background-image":"","background-repeat":"repeat","background-position":"center center","background-size":"auto","background-attachment":"scroll","background-type":"","background-media":"","overlay-type":"","overlay-color":"","overlay-opacity":"","overlay-gradient":""}},"footnotes":""},"class_list":["post-5973","page","type-page","status-publish","hentry"],"post_mailing_queue_ids":[],"_links":{"self":[{"href":"https:\/\/agora.xtec.cat\/iesribotiserra\/wp-json\/wp\/v2\/pages\/5973","targetHints":{"allow":["GET"]}}],"collection":[{"href":"https:\/\/agora.xtec.cat\/iesribotiserra\/wp-json\/wp\/v2\/pages"}],"about":[{"href":"https:\/\/agora.xtec.cat\/iesribotiserra\/wp-json\/wp\/v2\/types\/page"}],"author":[{"embeddable":true,"href":"https:\/\/agora.xtec.cat\/iesribotiserra\/wp-json\/wp\/v2\/users\/1"}],"replies":[{"embeddable":true,"href":"https:\/\/agora.xtec.cat\/iesribotiserra\/wp-json\/wp\/v2\/comments?post=5973"}],"version-history":[{"count":6,"href":"https:\/\/agora.xtec.cat\/iesribotiserra\/wp-json\/wp\/v2\/pages\/5973\/revisions"}],"predecessor-version":[{"id":13171,"href":"https:\/\/agora.xtec.cat\/iesribotiserra\/wp-json\/wp\/v2\/pages\/5973\/revisions\/13171"}],"up":[{"embeddable":true,"href":"https:\/\/agora.xtec.cat\/iesribotiserra\/wp-json\/wp\/v2\/pages\/5833"}],"wp:attachment":[{"href":"https:\/\/agora.xtec.cat\/iesribotiserra\/wp-json\/wp\/v2\/media?parent=5973"}],"curies":[{"name":"wp","href":"https:\/\/api.w.org\/{rel}","templated":true}]}}