{"id":5930,"date":"2021-02-02T15:40:16","date_gmt":"2021-02-02T14:40:16","guid":{"rendered":"http:\/\/agora.xtec.cat\/iesribotiserra\/?page_id=5930"},"modified":"2026-03-25T19:46:40","modified_gmt":"2026-03-25T18:46:40","slug":"consell-escolar-presnetacio-i-membres","status":"publish","type":"page","link":"https:\/\/agora.xtec.cat\/iesribotiserra\/linstitut\/historia\/consell-escolar-2\/consell-escolar-presnetacio-i-membres\/","title":{"rendered":"Consell Escolar. Presentaci\u00f3 i composici\u00f3."},"content":{"rendered":"<h4><strong>Presentaci\u00f3.<\/strong><\/h4>\n<p><span style=\"font-family: arial, helvetica, sans-serif;\">El Consell Escolar del centre \u00e9s l\u2019\u00f2rgan col\u00b7legiat de participaci\u00f3 de la comunitat escolar en el govern del centre.<\/span><\/p>\n<p><span style=\"font-family: arial, helvetica, sans-serif;\">En el Consell Escolar hi estan representats tots els col\u00b7lectius que intervenen en la comunitat educativa. La seva funci\u00f3 principal \u00e9s participar en la presa de decisions en relaci\u00f3 amb els aspectes m\u00e9s rellevants del funcionament i l\u2019organitzaci\u00f3 del centre, com ara:<\/span><\/p>\n<ul>\n<li><span style=\"font-family: arial, helvetica, sans-serif;\">El projecte educatiu del centre<\/span><\/li>\n<li><span style=\"font-family: arial, helvetica, sans-serif;\">La programaci\u00f3 general anual (PGA)<\/span><\/li>\n<li><span style=\"font-family: arial, helvetica, sans-serif;\">La gesti\u00f3 econ\u00f2mica<\/span><\/li>\n<li><span style=\"font-family: arial, helvetica, sans-serif;\">Altres gestions d\u2019inter\u00e8s general per a la comunitat educativa<\/span><\/li>\n<\/ul>\n<p><span style=\"font-family: arial, helvetica, sans-serif;\">El Consell Escolar del centre es reuneix preceptivament una vegada al trimestre i sempre que el convoca la direcci\u00f3 del centre o ho sol\u00b7licita, com a m\u00ednim, un ter\u00e7 de les persones membres.<\/span><\/p>\n<p><span style=\"font-family: arial, helvetica, sans-serif;\">A m\u00e9s, s\u2019estableix la realitzaci\u00f3 d\u2019una reuni\u00f3 a l\u2019inici del curs escolar i una altra a la seva finalitzaci\u00f3.<\/span><\/p>\n<p>&nbsp;<\/p>\n<h4><strong>Composici\u00f3.<\/strong><\/h4>\n<p><span style=\"font-family: arial, helvetica, sans-serif;\">Directora: Xelo Ruiz<\/span><\/p>\n<p><span style=\"font-family: arial, helvetica, sans-serif;\">Cap d\u2019estudis (IP, AC, PFI): Patr\u00edcia Torres<\/span><\/p>\n<p><span style=\"font-family: arial, helvetica, sans-serif;\">Secret\u00e0ria: S\u00edlvia Oliv\u00e9<\/span><\/p>\n<p><span style=\"font-family: arial, helvetica, sans-serif;\">Professorat<\/span><\/p>\n<ul>\n<li><span style=\"font-family: arial, helvetica, sans-serif;\">Anna Aguilar<\/span><\/li>\n<li><span style=\"font-family: arial, helvetica, sans-serif;\">Jan Atienza<\/span><\/li>\n<li><span style=\"font-family: arial, helvetica, sans-serif;\">Maria Eul\u00e0lia Paz<\/span><\/li>\n<li><span style=\"font-family: arial, helvetica, sans-serif;\">Laura Vilella<\/span><\/li>\n<\/ul>\n<p><span style=\"font-family: arial, helvetica, sans-serif;\">PAS<\/span><\/p>\n<ul>\n<li><span style=\"font-family: arial, helvetica, sans-serif;\">Claudi Guix\u00a0<\/span><\/li>\n<\/ul>\n<p><span style=\"font-family: arial, helvetica, sans-serif;\">Representaci\u00f3 de l\u2019Ajuntament<\/span><\/p>\n<ul>\n<li><span style=\"font-family: arial, helvetica, sans-serif;\">Esther Solera<\/span><\/li>\n<\/ul>\n<p><span style=\"font-family: arial, helvetica, sans-serif;\">Representaci\u00f3 de les fam\u00edlies<\/span><\/p>\n<ul>\n<li><span style=\"font-family: arial, helvetica, sans-serif;\">Celia Cuevas<\/span><\/li>\n<li><span style=\"font-family: arial, helvetica, sans-serif;\">Faouzia Azzoui<\/span><\/li>\n<\/ul>\n<p><span style=\"font-family: arial, helvetica, sans-serif;\">Representaci\u00f3 de l\u2019alumnat<\/span><\/p>\n<ul>\n<li><span style=\"font-family: arial, helvetica, sans-serif;\">Leire Vaca Rodr\u00edguez<\/span><\/li>\n<li><span style=\"font-family: arial, helvetica, sans-serif;\">Llu\u00eds Constanzo G\u00f3mez<\/span><\/li>\n<\/ul>\n","protected":false},"excerpt":{"rendered":"<p>Presentaci\u00f3. El Consell Escolar del centre \u00e9s l\u2019\u00f2rgan col\u00b7legiat de participaci\u00f3 de la comunitat escolar en el govern del centre. En el Consell Escolar hi estan representats tots els col\u00b7lectius que intervenen en la comunitat educativa. La seva funci\u00f3 principal \u00e9s participar en la presa de decisions en relaci\u00f3 amb els aspectes m\u00e9s rellevants del [&hellip;]<\/p>\n","protected":false},"author":1,"featured_media":0,"parent":5847,"menu_order":0,"comment_status":"closed","ping_status":"closed","template":"page-templates\/side-menu.php","meta":{"_bbp_topic_count":0,"_bbp_reply_count":0,"_bbp_total_topic_count":0,"_bbp_total_reply_count":0,"_bbp_voice_count":0,"_bbp_anonymous_reply_count":0,"_bbp_topic_count_hidden":0,"_bbp_reply_count_hidden":0,"_bbp_forum_subforum_count":0,"site-sidebar-layout":"default","site-content-layout":"","ast-site-content-layout":"","site-content-style":"default","site-sidebar-style":"default","ast-global-header-display":"","ast-banner-title-visibility":"","ast-main-header-display":"","ast-hfb-above-header-display":"","ast-hfb-below-header-display":"","ast-hfb-mobile-header-display":"","site-post-title":"","ast-breadcrumbs-content":"","ast-featured-img":"","footer-sml-layout":"","theme-transparent-header-meta":"","adv-header-id-meta":"","stick-header-meta":"","header-above-stick-meta":"","header-main-stick-meta":"","header-below-stick-meta":"","astra-migrate-meta-layouts":"default","ast-page-background-enabled":"default","ast-page-background-meta":{"desktop":{"background-color":"var(--ast-global-color-4)","background-image":"","background-repeat":"repeat","background-position":"center center","background-size":"auto","background-attachment":"scroll","background-type":"","background-media":"","overlay-type":"","overlay-color":"","overlay-opacity":"","overlay-gradient":""},"tablet":{"background-color":"","background-image":"","background-repeat":"repeat","background-position":"center center","background-size":"auto","background-attachment":"scroll","background-type":"","background-media":"","overlay-type":"","overlay-color":"","overlay-opacity":"","overlay-gradient":""},"mobile":{"background-color":"","background-image":"","background-repeat":"repeat","background-position":"center center","background-size":"auto","background-attachment":"scroll","background-type":"","background-media":"","overlay-type":"","overlay-color":"","overlay-opacity":"","overlay-gradient":""}},"ast-content-background-meta":{"desktop":{"background-color":"var(--ast-global-color-5)","background-image":"","background-repeat":"repeat","background-position":"center center","background-size":"auto","background-attachment":"scroll","background-type":"","background-media":"","overlay-type":"","overlay-color":"","overlay-opacity":"","overlay-gradient":""},"tablet":{"background-color":"var(--ast-global-color-5)","background-image":"","background-repeat":"repeat","background-position":"center center","background-size":"auto","background-attachment":"scroll","background-type":"","background-media":"","overlay-type":"","overlay-color":"","overlay-opacity":"","overlay-gradient":""},"mobile":{"background-color":"var(--ast-global-color-5)","background-image":"","background-repeat":"repeat","background-position":"center center","background-size":"auto","background-attachment":"scroll","background-type":"","background-media":"","overlay-type":"","overlay-color":"","overlay-opacity":"","overlay-gradient":""}},"footnotes":""},"class_list":["post-5930","page","type-page","status-publish","hentry"],"post_mailing_queue_ids":[],"_links":{"self":[{"href":"https:\/\/agora.xtec.cat\/iesribotiserra\/wp-json\/wp\/v2\/pages\/5930","targetHints":{"allow":["GET"]}}],"collection":[{"href":"https:\/\/agora.xtec.cat\/iesribotiserra\/wp-json\/wp\/v2\/pages"}],"about":[{"href":"https:\/\/agora.xtec.cat\/iesribotiserra\/wp-json\/wp\/v2\/types\/page"}],"author":[{"embeddable":true,"href":"https:\/\/agora.xtec.cat\/iesribotiserra\/wp-json\/wp\/v2\/users\/1"}],"replies":[{"embeddable":true,"href":"https:\/\/agora.xtec.cat\/iesribotiserra\/wp-json\/wp\/v2\/comments?post=5930"}],"version-history":[{"count":6,"href":"https:\/\/agora.xtec.cat\/iesribotiserra\/wp-json\/wp\/v2\/pages\/5930\/revisions"}],"predecessor-version":[{"id":13253,"href":"https:\/\/agora.xtec.cat\/iesribotiserra\/wp-json\/wp\/v2\/pages\/5930\/revisions\/13253"}],"up":[{"embeddable":true,"href":"https:\/\/agora.xtec.cat\/iesribotiserra\/wp-json\/wp\/v2\/pages\/5847"}],"wp:attachment":[{"href":"https:\/\/agora.xtec.cat\/iesribotiserra\/wp-json\/wp\/v2\/media?parent=5930"}],"curies":[{"name":"wp","href":"https:\/\/api.w.org\/{rel}","templated":true}]}}