{"id":5918,"date":"2021-02-01T13:17:54","date_gmt":"2021-02-01T12:17:54","guid":{"rendered":"http:\/\/agora.xtec.cat\/iesribotiserra\/?page_id=5918"},"modified":"2026-02-26T20:18:23","modified_gmt":"2026-02-26T19:18:23","slug":"comissio-datencio-a-la-diversitat-de-lfp","status":"publish","type":"page","link":"https:\/\/agora.xtec.cat\/iesribotiserra\/linstitut\/que-fem\/carta-de-serveis-fp\/comissio-datencio-a-la-diversitat-de-lfp\/","title":{"rendered":"Comissi\u00f3 de conviv\u00e8ncia"},"content":{"rendered":"<table style=\"height: 349px; width: 100%; border-color: #d4080c; border-style: double;\">\n<tbody>\n<tr style=\"height: 52px;\">\n<td style=\"border-color: #d4080c; background-color: #d4080c; height: 52px; width: 470px;\" colspan=\"2\">\n<h2 style=\"text-align: center;\"><span style=\"color: #ffffff;\"><strong>COMISSI\u00d3 DE CONVIV\u00c8NCIA<\/strong><\/span><\/h2>\n<\/td>\n<\/tr>\n<tr style=\"height: 73px;\">\n<td style=\"height: 73px; width: 204.667px; border-color: #d4080c;\">\n<h3><strong>Coordinador:<\/strong><span style=\"font-weight: 400;\"> CoCoBe<\/span><\/h3>\n<\/td>\n<td style=\"height: 73px; width: 259.333px; border-color: #d4080c;\">\n<h3><strong>Contacte: <\/strong><a href=\"mailto:convivencia@ribotiserra.cat\">convivencia<span class=\"\">@ribotiserra.cat<\/span><\/a><\/h3>\n<\/td>\n<\/tr>\n<tr style=\"height: 207px;\">\n<td style=\"background-color: #ffffff; height: 207px; width: 470px; border-color: #d4080c;\" colspan=\"2\">\n<h4><span style=\"font-weight: 400;\">Aquesta comissi\u00f3 es va posar en marxa el curs 2003-04 amb l\u2019<\/span><strong>objectiu <\/strong><span style=\"font-weight: 400;\">de <\/span><strong>donar resposta a les necessitats<\/strong><span style=\"font-weight: 400;\"> d&#8217;orientaci\u00f3 educativa i personal de l\u2019alumnat.<\/span> <strong>Actuacions:<\/strong><\/h4>\n<ul>\n<li style=\"font-weight: 400;\" aria-level=\"1\">\n<h4><span style=\"font-weight: 400;\">Assessorament i orientaci\u00f3 a l&#8217;alumnat.<\/span><\/h4>\n<\/li>\n<li style=\"font-weight: 400;\" aria-level=\"1\">\n<h4><span style=\"font-weight: 400;\">Assessorament i orientaci\u00f3 a les fam\u00edlies.<\/span><\/h4>\n<\/li>\n<li style=\"font-weight: 400;\" aria-level=\"1\">\n<h4><span style=\"font-weight: 400;\">Recolzament al tutor\/a.<\/span><\/h4>\n<\/li>\n<li style=\"font-weight: 400;\" aria-level=\"1\">\n<h4><span style=\"font-weight: 400;\">Atencions individualitzades.<\/span><\/h4>\n<\/li>\n<li style=\"font-weight: 400;\" aria-level=\"1\">\n<h4><span style=\"font-weight: 400;\">Derivacions a serveis externs (Serveis Socials, EAP, CSMIJ&#8230;).<\/span><\/h4>\n<\/li>\n<li aria-level=\"1\">\n<h4>Acompanyament en el compliment de les NOFC.<\/h4>\n<\/li>\n<\/ul>\n<\/td>\n<\/tr>\n<tr style=\"height: 17px;\">\n<td style=\"height: 17px; width: 470px; border-color: #d4080c;\" colspan=\"2\">\n<h4><strong>Serveis adicionals:<\/strong><\/h4>\n<ul>\n<li>\n<h4><strong>Comissi\u00f3 de festes<\/strong><span style=\"font-family: helvetica, arial, sans-serif;\"> &#8211; col\u00b7labora amb la comissi\u00f3 amb l&#8217;objectiu de vetllar per la cohesi\u00f3 de tota la comunitat educativa<\/span><\/h4>\n<\/li>\n<\/ul>\n<\/td>\n<\/tr>\n<\/tbody>\n<\/table>\n","protected":false},"excerpt":{"rendered":"<p>COMISSI\u00d3 DE CONVIV\u00c8NCIA Coordinador: CoCoBe Contacte: convivencia@ribotiserra.cat Aquesta comissi\u00f3 es va posar en marxa el curs 2003-04 amb l\u2019objectiu de donar resposta a les necessitats d&#8217;orientaci\u00f3 educativa i personal de l\u2019alumnat. Actuacions: Assessorament i orientaci\u00f3 a l&#8217;alumnat. Assessorament i orientaci\u00f3 a les fam\u00edlies. Recolzament al tutor\/a. Atencions individualitzades. Derivacions a serveis externs (Serveis Socials, EAP, [&hellip;]<\/p>\n","protected":false},"author":1,"featured_media":0,"parent":5833,"menu_order":0,"comment_status":"closed","ping_status":"closed","template":"page-templates\/side-menu.php","meta":{"_bbp_topic_count":0,"_bbp_reply_count":0,"_bbp_total_topic_count":0,"_bbp_total_reply_count":0,"_bbp_voice_count":0,"_bbp_anonymous_reply_count":0,"_bbp_topic_count_hidden":0,"_bbp_reply_count_hidden":0,"_bbp_forum_subforum_count":0,"site-sidebar-layout":"default","site-content-layout":"","ast-site-content-layout":"","site-content-style":"default","site-sidebar-style":"default","ast-global-header-display":"","ast-banner-title-visibility":"","ast-main-header-display":"","ast-hfb-above-header-display":"","ast-hfb-below-header-display":"","ast-hfb-mobile-header-display":"","site-post-title":"","ast-breadcrumbs-content":"","ast-featured-img":"","footer-sml-layout":"","theme-transparent-header-meta":"","adv-header-id-meta":"","stick-header-meta":"","header-above-stick-meta":"","header-main-stick-meta":"","header-below-stick-meta":"","astra-migrate-meta-layouts":"default","ast-page-background-enabled":"default","ast-page-background-meta":{"desktop":{"background-color":"var(--ast-global-color-4)","background-image":"","background-repeat":"repeat","background-position":"center center","background-size":"auto","background-attachment":"scroll","background-type":"","background-media":"","overlay-type":"","overlay-color":"","overlay-opacity":"","overlay-gradient":""},"tablet":{"background-color":"","background-image":"","background-repeat":"repeat","background-position":"center center","background-size":"auto","background-attachment":"scroll","background-type":"","background-media":"","overlay-type":"","overlay-color":"","overlay-opacity":"","overlay-gradient":""},"mobile":{"background-color":"","background-image":"","background-repeat":"repeat","background-position":"center center","background-size":"auto","background-attachment":"scroll","background-type":"","background-media":"","overlay-type":"","overlay-color":"","overlay-opacity":"","overlay-gradient":""}},"ast-content-background-meta":{"desktop":{"background-color":"var(--ast-global-color-5)","background-image":"","background-repeat":"repeat","background-position":"center center","background-size":"auto","background-attachment":"scroll","background-type":"","background-media":"","overlay-type":"","overlay-color":"","overlay-opacity":"","overlay-gradient":""},"tablet":{"background-color":"var(--ast-global-color-5)","background-image":"","background-repeat":"repeat","background-position":"center center","background-size":"auto","background-attachment":"scroll","background-type":"","background-media":"","overlay-type":"","overlay-color":"","overlay-opacity":"","overlay-gradient":""},"mobile":{"background-color":"var(--ast-global-color-5)","background-image":"","background-repeat":"repeat","background-position":"center center","background-size":"auto","background-attachment":"scroll","background-type":"","background-media":"","overlay-type":"","overlay-color":"","overlay-opacity":"","overlay-gradient":""}},"footnotes":""},"class_list":["post-5918","page","type-page","status-publish","hentry"],"post_mailing_queue_ids":[],"_links":{"self":[{"href":"https:\/\/agora.xtec.cat\/iesribotiserra\/wp-json\/wp\/v2\/pages\/5918","targetHints":{"allow":["GET"]}}],"collection":[{"href":"https:\/\/agora.xtec.cat\/iesribotiserra\/wp-json\/wp\/v2\/pages"}],"about":[{"href":"https:\/\/agora.xtec.cat\/iesribotiserra\/wp-json\/wp\/v2\/types\/page"}],"author":[{"embeddable":true,"href":"https:\/\/agora.xtec.cat\/iesribotiserra\/wp-json\/wp\/v2\/users\/1"}],"replies":[{"embeddable":true,"href":"https:\/\/agora.xtec.cat\/iesribotiserra\/wp-json\/wp\/v2\/comments?post=5918"}],"version-history":[{"count":7,"href":"https:\/\/agora.xtec.cat\/iesribotiserra\/wp-json\/wp\/v2\/pages\/5918\/revisions"}],"predecessor-version":[{"id":13160,"href":"https:\/\/agora.xtec.cat\/iesribotiserra\/wp-json\/wp\/v2\/pages\/5918\/revisions\/13160"}],"up":[{"embeddable":true,"href":"https:\/\/agora.xtec.cat\/iesribotiserra\/wp-json\/wp\/v2\/pages\/5833"}],"wp:attachment":[{"href":"https:\/\/agora.xtec.cat\/iesribotiserra\/wp-json\/wp\/v2\/media?parent=5918"}],"curies":[{"name":"wp","href":"https:\/\/api.w.org\/{rel}","templated":true}]}}