{"id":5903,"date":"2021-01-31T13:34:35","date_gmt":"2021-01-31T12:34:35","guid":{"rendered":"http:\/\/agora.xtec.cat\/iesribotiserra\/?page_id=5903"},"modified":"2025-03-31T14:29:03","modified_gmt":"2025-03-31T12:29:03","slug":"politica-de-qualitat","status":"publish","type":"page","link":"https:\/\/agora.xtec.cat\/iesribotiserra\/linstitut\/que-fem\/qualitat\/politica-de-qualitat\/","title":{"rendered":"Pol\u00edtica de qualitat"},"content":{"rendered":"<p style=\"text-align: justify;\"><span style=\"font-weight: 400;\">Per treballar en la li\u0301nia de la millora cont\u00ednua, el curs 16-17 el centre va entrar al <em>Projecte de qualitat i millora conti\u0301nua<\/em> (PQiMC), amb la voluntat d\u2019implementar un sistema de gestio\u0301 basat en la norma de sistemes de gestio\u0301 de la qualitat ISO 9001.\u00a0<\/span><\/p>\n<p style=\"text-align: justify;\"><span style=\"font-weight: 400;\">Aquest comprom\u00eds amb la qualitat i la millora queda reflectit en el projecte educatiu del centre i \u00e9s responsabilitat de tot el personal (professorat, PAS i altres professionals).\u00a0<\/span><\/p>\n<p style=\"text-align: justify;\"><span style=\"font-weight: 400;\">L\u2019equip directiu gestiona, organitza el centre i facilita els mitjans per assolir els objectius seg\u00fcents:<\/span><\/p>\n<ul style=\"text-align: justify;\">\n<li style=\"font-weight: 400;\" aria-level=\"1\"><span style=\"font-weight: 400;\">Respondre a les necessitats educatives, formatives i personals de tot l\u2019alumnat.<\/span><\/li>\n<li style=\"font-weight: 400;\" aria-level=\"1\"><span style=\"font-weight: 400;\">Aconseguir la satisfacci\u00f3 de tots els treballadors i treballadores del centre.<\/span><\/li>\n<li style=\"font-weight: 400;\" aria-level=\"1\"><span style=\"font-weight: 400;\">Satisfer les expectatives de l\u2019alumnat i les fam\u00edlies.<\/span><\/li>\n<li style=\"font-weight: 400;\" aria-level=\"1\"><span style=\"font-weight: 400;\">Assolir els objectius que la societat li assigna com a instituci\u00f3 educativa.<\/span><\/li>\n<li style=\"font-weight: 400;\" aria-level=\"1\"><span style=\"font-weight: 400;\">Complir la normativa vigent.<\/span><\/li>\n<\/ul>\n<p><span style=\"font-weight: 400;\">L\u2019abast del PQiMC \u00e9s la totalitat d\u2019estudis de formaci\u00f3 professional que ofereix el centre:\u00a0CFGM, CFGS i PFI<\/span><\/p>\n<p style=\"text-align: justify;\"><span style=\"font-weight: 400;\">El punt 8.3 de la norma que fa refer\u00e8ncia al disseny i desenvolupament dels productes i serveis no \u00e9s d\u2019aplicaci\u00f3, ja que en els centres docents \u00e9s compet\u00e8ncia del Departament d\u2019Educaci\u00f3.<\/span><\/p>\n<p><span style=\"font-weight: 400;\">Necessitats i expectatives dels grups d\u2019inter\u00e8s<\/span><span style=\"font-weight: 400;\">:<\/span><\/p>\n<table style=\"height: 920px;\">\n<tbody>\n<tr style=\"height: 46px;\">\n<td style=\"background-color: #a61111; height: 46px; width: 137.6px;\"><span style=\"color: #ffffff;\"><b>GRUP D\u2019INTER\u00c8S<\/b><\/span><\/td>\n<td style=\"background-color: #a61111; height: 46px; width: 162.4px;\"><span style=\"color: #ffffff;\"><b>NECESSITATS<\/b><\/span><\/td>\n<td style=\"background-color: #a61111; height: 46px; width: 286.4px;\"><span style=\"color: #ffffff;\"><b>EXPECTATIVES<\/b><\/span><\/td>\n<td style=\"background-color: #a61111; height: 46px; width: 232px;\"><span style=\"color: #ffffff;\"><b>INFORMACI\u00d3 QUE EL CENTRE HA DE CON\u00c8IXER<\/b><\/span><\/td>\n<td style=\"background-color: #a61111; height: 46px; width: 165.6px;\"><span style=\"color: #ffffff;\"><b>FONTS D\u2019INFORMACI\u00d3<\/b><\/span><\/td>\n<\/tr>\n<tr style=\"height: 107px;\">\n<td style=\"height: 107px; width: 137.6px;\"><b>Alumnat<\/b><\/td>\n<td style=\"height: 107px; width: 162.4px; vertical-align: top;\">\n<ul>\n<li><span style=\"font-weight: 400;\">Qualitat educativa<\/span><\/li>\n<li><span style=\"font-weight: 400;\">Orientaci\u00f3\u00a0<\/span><\/li>\n<li><span style=\"font-weight: 400;\">Vincle amb el centre<\/span><\/li>\n<li><span style=\"font-weight: 400;\">Creixement personal<\/span><\/li>\n<li><span style=\"font-weight: 400;\">Infraestructures adaptades al canvi clim\u00e0tic<br \/>\n<\/span><\/li>\n<\/ul>\n<\/td>\n<td style=\"height: 107px; width: 286.4px; vertical-align: top;\">\n<ul>\n<li><span style=\"font-weight: 400;\">Acompanyament<\/span><\/li>\n<li><span style=\"font-weight: 400;\">Superaci\u00f3 d\u2019etapes<\/span><\/li>\n<li><span style=\"font-weight: 400;\">Titulaci\u00f3 final<\/span><\/li>\n<li><span style=\"font-weight: 400;\">Continuaci\u00f3 d\u2019estudis<\/span><\/li>\n<li><span style=\"font-weight: 400;\">Inserci\u00f3 laboral<\/span><\/li>\n<li><span style=\"font-weight: 400;\">Aprenentatge<\/span><\/li>\n<li><span style=\"font-weight: 400;\">Creixement i maduraci\u00f3 personal<\/span><\/li>\n<\/ul>\n<\/td>\n<td style=\"height: 107px; width: 232px; vertical-align: top;\">\n<ul>\n<li><span style=\"font-weight: 400;\">Satisfacci\u00f3\u00a0<\/span><\/li>\n<li><span style=\"font-weight: 400;\">Resultats acad\u00e8mics<\/span><\/li>\n<li><span style=\"font-weight: 400;\">Informaci\u00f3 rellevant de l\u2019alumnat<\/span><\/li>\n<\/ul>\n<\/td>\n<td style=\"height: 107px; width: 165.6px; vertical-align: top;\">\n<ul>\n<li><span style=\"font-weight: 400;\">Avaluacions<\/span><\/li>\n<li><span style=\"font-weight: 400;\">RxD<\/span><\/li>\n<li><span style=\"font-weight: 400;\">Enquestes<\/span><\/li>\n<li><span style=\"font-weight: 400;\">Fitxa d\u2019alumnat\/full de matr\u00edcula<\/span><\/li>\n<\/ul>\n<\/td>\n<\/tr>\n<tr style=\"height: 77px;\">\n<td style=\"height: 77px; width: 137.6px;\"><b>Fam\u00edlies<\/b><\/td>\n<td style=\"height: 77px; width: 162.4px; vertical-align: top;\">\n<ul>\n<li><span style=\"font-weight: 400;\">Acompanyament<\/span><\/li>\n<li><span style=\"font-weight: 400;\">Orientaci\u00f3\u00a0<\/span><\/li>\n<li><span style=\"font-weight: 400;\">Informaci\u00f3\u00a0<\/span><\/li>\n<\/ul>\n<\/td>\n<td style=\"height: 77px; width: 286.4px; vertical-align: top;\">\n<ul>\n<li><span style=\"font-weight: 400;\">Ensenyament de qualitat<\/span><\/li>\n<li><span style=\"font-weight: 400;\">Formaci\u00f3 integral<\/span><\/li>\n<li><span style=\"font-weight: 400;\">Professionalitat i responsabilitat de l\u2019equip hum\u00e0\u00a0<\/span><\/li>\n<\/ul>\n<\/td>\n<td style=\"height: 77px; width: 232px; vertical-align: top;\">\n<ul>\n<li><span style=\"font-weight: 400;\">Satisfacci\u00f3<\/span><\/li>\n<li><span style=\"font-weight: 400;\">Voluntat de participaci\u00f3<\/span><\/li>\n<li><span style=\"font-weight: 400;\">Dades de contacte i altres informacions rellevants<\/span><\/li>\n<\/ul>\n<\/td>\n<td style=\"height: 77px; width: 165.6px; vertical-align: top;\">\n<ul>\n<li><span style=\"font-weight: 400;\">Reunions AMPA<\/span><\/li>\n<li><span style=\"font-weight: 400;\">RxD<\/span><\/li>\n<li><span style=\"font-weight: 400;\">Enquestes<\/span><\/li>\n<\/ul>\n<\/td>\n<\/tr>\n<tr style=\"height: 138px;\">\n<td style=\"height: 138px; width: 137.6px;\"><b>Professorat\u00a0<\/b><br \/>\n<b>i\u00a0<\/b><br \/>\n<b>PAS<\/b><\/td>\n<td style=\"height: 138px; width: 162.4px; vertical-align: top;\">\n<ul>\n<li><span style=\"font-weight: 400;\">Formaci\u00f3<\/span><\/li>\n<li><span style=\"font-weight: 400;\">Reconeixement\u00a0<\/span><\/li>\n<li><span style=\"font-weight: 400;\">Vincle amb el centre<\/span><\/li>\n<li><span style=\"font-weight: 400;\">Estructura organitzada<\/span><\/li>\n<li><span style=\"font-weight: 400;\">Acollida<\/span><\/li>\n<li><span style=\"font-weight: 400;\">Informaci\u00f3 i comunicaci\u00f3<\/span><\/li>\n<li><span style=\"font-weight: 400;\">Recursos<\/span><\/li>\n<li><span style=\"font-weight: 400;\">Infraestructures adaptades al canvi clim\u00e0tic<br \/>\n<\/span><\/li>\n<\/ul>\n<\/td>\n<td style=\"height: 138px; width: 286.4px; vertical-align: top;\">\n<ul>\n<li><span style=\"font-weight: 400;\">Desenvolupament professional<\/span><\/li>\n<li><span style=\"font-weight: 400;\">Satisfacci\u00f3<\/span><\/li>\n<li><span style=\"font-weight: 400;\">Projecci\u00f3 i formaci\u00f3<\/span><\/li>\n<li><span style=\"font-weight: 400;\">Conciliaci\u00f3 familiar<\/span><\/li>\n<\/ul>\n<\/td>\n<td style=\"height: 138px; width: 232px; vertical-align: top;\">\n<ul>\n<li><span style=\"font-weight: 400;\">Satisfacci\u00f3<\/span><\/li>\n<li><span style=\"font-weight: 400;\">Resultats de l\u2019alumnat<\/span><\/li>\n<li><span style=\"font-weight: 400;\">Compet\u00e8ncies i habilitats<\/span><\/li>\n<\/ul>\n<\/td>\n<td style=\"height: 138px; width: 165.6px; vertical-align: top;\">\n<ul>\n<li><span style=\"font-weight: 400;\">RxD<\/span><\/li>\n<li><span style=\"font-weight: 400;\">Enquestes i entrevistes<\/span><\/li>\n<li><span style=\"font-weight: 400;\">Actes<\/span><\/li>\n<li><span style=\"font-weight: 400;\">Mem\u00f2ries<\/span><\/li>\n<\/ul>\n<\/td>\n<\/tr>\n<tr>\n<td style=\"width: 137.6px;\"><b>Exalumnes<\/b><\/td>\n<td style=\"width: 162.4px; vertical-align: top;\">\n<ul>\n<li><span style=\"font-weight: 400;\">Orientaci\u00f3 acad\u00e8mica<br \/>\n<\/span><\/li>\n<li>Orientaci\u00f3 professional<\/li>\n<li>Borsa de treball<\/li>\n<li>Informaci\u00f3<\/li>\n<li>Vincle amb el centre<\/li>\n<\/ul>\n<\/td>\n<td style=\"width: 286.4px; vertical-align: top;\">\n<ul>\n<li><span style=\"font-weight: 400;\">Inserci\u00f3 laboral<\/span><\/li>\n<li>Desenvolupament professional<\/li>\n<li>Ampliaci\u00f3 formaci\u00f3<\/li>\n<li>Mantenir el contacte amb el centre<\/li>\n<\/ul>\n<\/td>\n<td style=\"width: 232px; vertical-align: top;\">\n<ul>\n<li><span style=\"font-weight: 400;\">Dades de contacte<\/span><\/li>\n<li>Inter\u00e8s professional<\/li>\n<\/ul>\n<\/td>\n<td style=\"width: 165.6px; vertical-align: top;\">\n<ul>\n<li><span style=\"font-weight: 400;\">Borsa de treball<\/span><\/li>\n<li>Expedient acad\u00e8mic<\/li>\n<li>Curr\u00edculum<\/li>\n<\/ul>\n<\/td>\n<\/tr>\n<tr style=\"height: 92px;\">\n<td style=\"height: 92px; width: 137.6px;\"><b>Empreses<\/b><\/td>\n<td style=\"height: 92px; width: 162.4px; vertical-align: top;\">\n<ul>\n<li><span style=\"font-weight: 400;\">Coordinaci\u00f3<\/span><\/li>\n<li><span style=\"font-weight: 400;\">Assignaci\u00f3 d\u2019alumnat<\/span><\/li>\n<li><span style=\"font-weight: 400;\">Formaci\u00f3<\/span><\/li>\n<li><span style=\"font-weight: 400;\">Futurs treballadors\/es<\/span><\/li>\n<li><span style=\"font-weight: 400;\">Borsa de treball<\/span><\/li>\n<\/ul>\n<\/td>\n<td style=\"height: 92px; width: 286.4px; vertical-align: top;\">\n<ul>\n<li><span style=\"font-weight: 400;\">Capacitaci\u00f3 de <\/span>l\u2019alumnat<\/li>\n<\/ul>\n<\/td>\n<td style=\"height: 92px; width: 232px; vertical-align: top;\">\n<ul>\n<li><span style=\"font-weight: 400;\">Dades empresa<\/span><\/li>\n<li><span style=\"font-weight: 400;\">Persona de contacte<\/span><\/li>\n<li><span style=\"font-weight: 400;\">Ofertes de feina<\/span><\/li>\n<\/ul>\n<\/td>\n<td style=\"height: 92px; width: 165.6px; vertical-align: top;\">\n<ul>\n<li><span style=\"font-weight: 400;\">Seguiment FCT i dual<\/span><\/li>\n<li><span style=\"font-weight: 400;\">Avaluacions<\/span><\/li>\n<li><span style=\"font-weight: 400;\">Enquestes<\/span><\/li>\n<li><span style=\"font-weight: 400;\">Coordinacions<\/span><\/li>\n<li><span style=\"font-weight: 400;\">Mem\u00f2ries<\/span><\/li>\n<\/ul>\n<\/td>\n<\/tr>\n<tr style=\"height: 46px;\">\n<td style=\"height: 46px; width: 137.6px;\"><b>Socis col\u00b7laboradors<\/b><\/td>\n<td style=\"height: 46px; width: 162.4px; vertical-align: top;\">\n<ul>\n<li><span style=\"font-weight: 400;\">Col\u00b7laboraci\u00f3<\/span><\/li>\n<\/ul>\n<\/td>\n<td style=\"height: 46px; width: 286.4px; vertical-align: top;\">\n<ul>\n<li><span style=\"font-weight: 400;\">Win to Win<\/span><\/li>\n<\/ul>\n<\/td>\n<td style=\"height: 46px; width: 232px; vertical-align: top;\">\n<ul>\n<li><span style=\"font-weight: 400;\">Dades<\/span><\/li>\n<li><span style=\"font-weight: 400;\">Projectes<\/span><\/li>\n<\/ul>\n<\/td>\n<td style=\"height: 46px; width: 165.6px; vertical-align: top;\">\n<ul>\n<li><span style=\"font-weight: 400;\">Enquestes<\/span><\/li>\n<li><span style=\"font-weight: 400;\">Entrevistes<\/span><\/li>\n<\/ul>\n<\/td>\n<\/tr>\n<tr style=\"height: 77px;\">\n<td style=\"height: 77px; width: 137.6px;\"><b>Prove\u00efdors<\/b><\/td>\n<td style=\"height: 77px; width: 162.4px; vertical-align: top;\">\n<ul>\n<li><span style=\"font-weight: 400;\">Clients<\/span><\/li>\n<li><span style=\"font-weight: 400;\">Cobrament<\/span><\/li>\n<li><span style=\"font-weight: 400;\">Comunicaci\u00f3 i informaci\u00f3<\/span><\/li>\n<\/ul>\n<\/td>\n<td style=\"height: 77px; width: 286.4px; vertical-align: top;\">\n<ul>\n<li><span style=\"font-weight: 400;\">Alta demanda\u00a0<\/span><\/li>\n<li><span style=\"font-weight: 400;\">Cobrament en el termini establert<\/span><\/li>\n<li><span style=\"font-weight: 400;\">Fidelitzaci\u00f3<\/span><\/li>\n<\/ul>\n<\/td>\n<td style=\"height: 77px; width: 232px; vertical-align: top;\">\n<ul>\n<li><span style=\"font-weight: 400;\">Dades de contacte i pagament<\/span><\/li>\n<li><span style=\"font-weight: 400;\">Oferta<\/span><\/li>\n<li><span style=\"font-weight: 400;\">Novetats<\/span><\/li>\n<li><span style=\"font-weight: 400;\">Condicions<\/span><\/li>\n<\/ul>\n<\/td>\n<td style=\"height: 77px; width: 165.6px; vertical-align: top;\">\n<ul>\n<li><span style=\"font-weight: 400;\">Factures<\/span><\/li>\n<li><span style=\"font-weight: 400;\">Cat\u00e0legs<\/span><\/li>\n<li><span style=\"font-weight: 400;\">Web<\/span><\/li>\n<li><span style=\"font-weight: 400;\">Visites comercials<\/span><\/li>\n<\/ul>\n<\/td>\n<\/tr>\n<tr style=\"height: 46px;\">\n<td style=\"height: 46px; width: 137.6px;\"><b>Centres de proced\u00e8ncia<\/b><\/td>\n<td style=\"height: 46px; width: 162.4px; vertical-align: top;\">\n<ul>\n<li><span style=\"font-weight: 400;\">Coordinaci\u00f3<\/span><\/li>\n<li><span style=\"font-weight: 400;\">Retorn d\u2019informaci\u00f3<\/span><\/li>\n<\/ul>\n<\/td>\n<td style=\"height: 46px; width: 286.4px; vertical-align: top;\">\n<ul>\n<li><span style=\"font-weight: 400;\">Progr\u00e9s satisfactori i <\/span>bona acollida del seu alumnat<\/li>\n<\/ul>\n<\/td>\n<td style=\"height: 46px; width: 232px; vertical-align: top;\">\n<ul>\n<li><span style=\"font-weight: 400;\">Dades d\u2019inter\u00e8s de l\u2019alumnat<\/span><\/li>\n<\/ul>\n<\/td>\n<td style=\"height: 46px; width: 165.6px; vertical-align: top;\">\n<ul>\n<li><span style=\"font-weight: 400;\">Reunions de coordinaci\u00f3<\/span><\/li>\n<\/ul>\n<\/td>\n<\/tr>\n<tr style=\"height: 107px;\">\n<td style=\"height: 107px; width: 137.6px;\"><b>Centres d\u2019estudis posteriors<\/b><\/td>\n<td style=\"height: 107px; width: 162.4px; vertical-align: top;\">\n<ul>\n<li><span style=\"font-weight: 400;\">Titulaci\u00f3 requerida de l\u2019alumnat<\/span><\/li>\n<li><span style=\"font-weight: 400;\">Col\u00b7laboraci\u00f3<\/span><\/li>\n<li><span style=\"font-weight: 400;\">Alumnat ben format<\/span><\/li>\n<\/ul>\n<\/td>\n<td style=\"height: 107px; width: 286.4px;\">\n<ul>\n<li><span style=\"font-weight: 400;\">Capacitaci\u00f3 de l\u2019alumnat<\/span><\/li>\n<li><span style=\"font-weight: 400;\">Mantenir les relacions<\/span><\/li>\n<li><span style=\"font-weight: 400;\">Bons resultats acad\u00e8mics<\/span><\/li>\n<li><span style=\"font-weight: 400;\">Alta demanda de matr\u00edcula<\/span><\/li>\n<\/ul>\n<\/td>\n<td style=\"height: 107px; width: 232px;\">\n<ul>\n<li><span style=\"font-weight: 400;\">Requisits d\u2019acc\u00e9s<\/span><\/li>\n<li><span style=\"font-weight: 400;\">Oferta formativa<\/span><\/li>\n<\/ul>\n<\/td>\n<td style=\"height: 107px; width: 165.6px;\">\n<ul>\n<li><span style=\"font-weight: 400;\">Programes de col\u00b7laboraci\u00f3<\/span><\/li>\n<li><span style=\"font-weight: 400;\">Trobades amb ex-alumnes<\/span><\/li>\n<li><span style=\"font-weight: 400;\">Web<\/span><\/li>\n<li><span style=\"font-weight: 400;\">Normativa<\/span><\/li>\n<\/ul>\n<\/td>\n<\/tr>\n<tr style=\"height: 92px;\">\n<td style=\"height: 92px; width: 137.6px;\"><b>Departament d\u2019Educaci\u00f3<\/b><\/td>\n<td style=\"height: 92px; width: 162.4px;\">\n<ul>\n<li><span style=\"font-weight: 400;\">Documentaci\u00f3<\/span><\/li>\n<li><span style=\"font-weight: 400;\">Normativa<\/span><\/li>\n<li><span style=\"font-weight: 400;\">Innovaci\u00f3 educativa<\/span><\/li>\n<li><span style=\"font-weight: 400;\">Participaci\u00f3 en programes educatius<\/span><\/li>\n<\/ul>\n<\/td>\n<td style=\"height: 92px; width: 286.4px; vertical-align: top;\">\n<ul>\n<li><span style=\"font-weight: 400;\">\u00c8xit escolar<\/span><\/li>\n<li><span style=\"font-weight: 400;\">Inserci\u00f3 laboral i social<\/span><\/li>\n<\/ul>\n<\/td>\n<td style=\"height: 92px; width: 232px; vertical-align: top;\">\n<ul>\n<li><span style=\"font-weight: 400;\">Normativa<\/span><\/li>\n<li><span style=\"font-weight: 400;\">Beques-subvencions<\/span><\/li>\n<li><span style=\"font-weight: 400;\">Projectes<\/span><\/li>\n<\/ul>\n<\/td>\n<td style=\"height: 92px; width: 165.6px; vertical-align: top;\">\n<ul>\n<li><span style=\"font-weight: 400;\">Rendiment de comptes de la direcci\u00f3<\/span><\/li>\n<li><span style=\"font-weight: 400;\">Gesti\u00f3 del pressupost<\/span><\/li>\n<\/ul>\n<\/td>\n<\/tr>\n<tr style=\"height: 92px;\">\n<td style=\"height: 92px; width: 137.6px;\"><b>Altres institucions\/<\/b><br \/>\n<b>societat<\/b><\/td>\n<td style=\"height: 92px; width: 162.4px; vertical-align: top;\">\n<ul>\n<li><span style=\"font-weight: 400;\">Espais<\/span><\/li>\n<li><span style=\"font-weight: 400;\">Col\u00b7laboraci\u00f3 en projectes<\/span><\/li>\n<li><span style=\"font-weight: 400;\">Persones amb sentit cr\u00edtic<\/span><\/li>\n<\/ul>\n<\/td>\n<td style=\"height: 92px; width: 286.4px; vertical-align: top;\">\n<ul>\n<li><span style=\"font-weight: 400;\">Projectes en com\u00fa<\/span><\/li>\n<li><span style=\"font-weight: 400;\">Desenvolupament acad\u00e8mic i personal de l\u2019alumnat<\/span><\/li>\n<\/ul>\n<\/td>\n<td style=\"height: 92px; width: 232px; vertical-align: top;\">\n<ul>\n<li><span style=\"font-weight: 400;\">Normativa<\/span><\/li>\n<li><span style=\"font-weight: 400;\">Beques-subvencions<\/span><\/li>\n<li><span style=\"font-weight: 400;\">Projectes<\/span><\/li>\n<\/ul>\n<\/td>\n<td style=\"height: 92px; width: 165.6px; vertical-align: top;\">\n<ul>\n<li><span style=\"font-weight: 400;\">RxD<\/span><\/li>\n<li><span style=\"font-weight: 400;\">Reunions de coordinaci\u00f3<\/span><\/li>\n<\/ul>\n<\/td>\n<\/tr>\n<\/tbody>\n<\/table>\n<p><span style=\"font-weight: 400;\">\u00a0 \u00a0 \u00a0 Data aprovaci\u00f3\u00a0 \u00a0 \u00a0 \u00a0 \u00a0 \u00a0 \u00a0 \u00a0 \u00a0 \u00a0 \u00a0 \u00a0 \u00a0 \u00a0 \u00a0 \u00a0 \u00a0 \u00a0 \u00a0 \u00a0 \u00a0 \u00a0 \u00a0 \u00a0 \u00a0 \u00a0 \u00a0 \u00a0 \u00a0 \u00a0 \u00a0 \u00a0 \u00a0 \u00a0 \u00a0 \u00a0 \u00a0 \u00a0 \u00a0 \u00a0 \u00a0 \u00a0 \u00a0 \u00a0 \u00a0Signatura:<\/span><\/p>\n<p><b>\u00a0 \u00a017 de juny del 2024\u00a0 \u00a0 \u00a0 \u00a0 \u00a0 \u00a0 \u00a0 \u00a0 \u00a0 \u00a0 \u00a0 \u00a0 \u00a0 \u00a0 \u00a0 \u00a0 \u00a0 \u00a0 \u00a0 \u00a0 \u00a0 \u00a0 \u00a0 \u00a0 \u00a0 \u00a0 \u00a0 \u00a0 \u00a0 \u00a0 \u00a0 \u00a0Equip Directiu Institut Ribot i Serra<\/b><\/p>\n","protected":false},"excerpt":{"rendered":"<p>Per treballar en la li\u0301nia de la millora cont\u00ednua, el curs 16-17 el centre va entrar al Projecte de qualitat i millora conti\u0301nua (PQiMC), amb la voluntat d\u2019implementar un sistema de gestio\u0301 basat en la norma de sistemes de gestio\u0301 de la qualitat ISO 9001.\u00a0 Aquest comprom\u00eds amb la qualitat i la millora queda reflectit [&hellip;]<\/p>\n","protected":false},"author":1,"featured_media":0,"parent":5829,"menu_order":0,"comment_status":"closed","ping_status":"closed","template":"page-templates\/side-menu.php","meta":{"_bbp_topic_count":0,"_bbp_reply_count":0,"_bbp_total_topic_count":0,"_bbp_total_reply_count":0,"_bbp_voice_count":0,"_bbp_anonymous_reply_count":0,"_bbp_topic_count_hidden":0,"_bbp_reply_count_hidden":0,"_bbp_forum_subforum_count":0,"site-sidebar-layout":"default","site-content-layout":"","ast-site-content-layout":"","site-content-style":"default","site-sidebar-style":"default","ast-global-header-display":"","ast-banner-title-visibility":"","ast-main-header-display":"","ast-hfb-above-header-display":"","ast-hfb-below-header-display":"","ast-hfb-mobile-header-display":"","site-post-title":"","ast-breadcrumbs-content":"","ast-featured-img":"","footer-sml-layout":"","theme-transparent-header-meta":"","adv-header-id-meta":"","stick-header-meta":"","header-above-stick-meta":"","header-main-stick-meta":"","header-below-stick-meta":"","astra-migrate-meta-layouts":"default","ast-page-background-enabled":"default","ast-page-background-meta":{"desktop":{"background-color":"var(--ast-global-color-4)","background-image":"","background-repeat":"repeat","background-position":"center center","background-size":"auto","background-attachment":"scroll","background-type":"","background-media":"","overlay-type":"","overlay-color":"","overlay-opacity":"","overlay-gradient":""},"tablet":{"background-color":"","background-image":"","background-repeat":"repeat","background-position":"center center","background-size":"auto","background-attachment":"scroll","background-type":"","background-media":"","overlay-type":"","overlay-color":"","overlay-opacity":"","overlay-gradient":""},"mobile":{"background-color":"","background-image":"","background-repeat":"repeat","background-position":"center center","background-size":"auto","background-attachment":"scroll","background-type":"","background-media":"","overlay-type":"","overlay-color":"","overlay-opacity":"","overlay-gradient":""}},"ast-content-background-meta":{"desktop":{"background-color":"var(--ast-global-color-5)","background-image":"","background-repeat":"repeat","background-position":"center center","background-size":"auto","background-attachment":"scroll","background-type":"","background-media":"","overlay-type":"","overlay-color":"","overlay-opacity":"","overlay-gradient":""},"tablet":{"background-color":"var(--ast-global-color-5)","background-image":"","background-repeat":"repeat","background-position":"center center","background-size":"auto","background-attachment":"scroll","background-type":"","background-media":"","overlay-type":"","overlay-color":"","overlay-opacity":"","overlay-gradient":""},"mobile":{"background-color":"var(--ast-global-color-5)","background-image":"","background-repeat":"repeat","background-position":"center center","background-size":"auto","background-attachment":"scroll","background-type":"","background-media":"","overlay-type":"","overlay-color":"","overlay-opacity":"","overlay-gradient":""}},"footnotes":""},"class_list":["post-5903","page","type-page","status-publish","hentry"],"post_mailing_queue_ids":[],"_links":{"self":[{"href":"https:\/\/agora.xtec.cat\/iesribotiserra\/wp-json\/wp\/v2\/pages\/5903","targetHints":{"allow":["GET"]}}],"collection":[{"href":"https:\/\/agora.xtec.cat\/iesribotiserra\/wp-json\/wp\/v2\/pages"}],"about":[{"href":"https:\/\/agora.xtec.cat\/iesribotiserra\/wp-json\/wp\/v2\/types\/page"}],"author":[{"embeddable":true,"href":"https:\/\/agora.xtec.cat\/iesribotiserra\/wp-json\/wp\/v2\/users\/1"}],"replies":[{"embeddable":true,"href":"https:\/\/agora.xtec.cat\/iesribotiserra\/wp-json\/wp\/v2\/comments?post=5903"}],"version-history":[{"count":6,"href":"https:\/\/agora.xtec.cat\/iesribotiserra\/wp-json\/wp\/v2\/pages\/5903\/revisions"}],"predecessor-version":[{"id":12321,"href":"https:\/\/agora.xtec.cat\/iesribotiserra\/wp-json\/wp\/v2\/pages\/5903\/revisions\/12321"}],"up":[{"embeddable":true,"href":"https:\/\/agora.xtec.cat\/iesribotiserra\/wp-json\/wp\/v2\/pages\/5829"}],"wp:attachment":[{"href":"https:\/\/agora.xtec.cat\/iesribotiserra\/wp-json\/wp\/v2\/media?parent=5903"}],"curies":[{"name":"wp","href":"https:\/\/api.w.org\/{rel}","templated":true}]}}