{"id":5876,"date":"2021-01-31T09:36:13","date_gmt":"2021-01-31T08:36:13","guid":{"rendered":"http:\/\/agora.xtec.cat\/iesribotiserra\/?page_id=5876"},"modified":"2026-03-29T19:10:29","modified_gmt":"2026-03-29T17:10:29","slug":"estructura-organitzativa-interna","status":"publish","type":"page","link":"https:\/\/agora.xtec.cat\/iesribotiserra\/linstitut\/historia\/estructura-organitzativa-interna\/","title":{"rendered":"Estructura organitzativa interna"},"content":{"rendered":"<h5><strong>Equip directiu<\/strong><\/h5>\n<table style=\"width: 76.2933%;\">\n<tbody>\n<tr>\n<td style=\"width: 63.8303%;\"><span style=\"font-weight: 400;\">Directora<\/span><\/td>\n<td style=\"width: 90.8381%;\"><span style=\"font-weight: 400;\">Xelo Ruiz<\/span><\/td>\n<\/tr>\n<tr>\n<td style=\"width: 63.8303%;\"><span style=\"font-weight: 400;\">Secret\u00e0ria<\/span><\/td>\n<td style=\"width: 90.8381%;\"><span style=\"font-weight: 400;\">S\u00edlvia Oliv\u00e9<\/span><\/td>\n<\/tr>\n<tr>\n<td style=\"width: 63.8303%;\"><span style=\"font-weight: 400;\">Cap d&#8217;estudis FP (Imatge Personal i PFI)<\/span><\/td>\n<td style=\"width: 90.8381%;\"><span style=\"font-weight: 400;\">Patr\u00edcia Torres<\/span><\/td>\n<\/tr>\n<tr>\n<td style=\"width: 63.8303%;\"><span style=\"font-weight: 400;\">Cap d&#8217;estudis FP (Fam\u00edlia de Serveis)<\/span><\/td>\n<td style=\"width: 90.8381%;\"><span style=\"font-weight: 400;\">Anna S\u00e1nchez<\/span><\/td>\n<\/tr>\n<tr>\n<td style=\"width: 63.8303%;\"><span style=\"font-weight: 400;\">Cap d&#8217;estudis adjunt<\/span><\/td>\n<td style=\"width: 90.8381%;\"><span style=\"font-weight: 400;\">Jan Atienza<\/span><\/td>\n<\/tr>\n<tr>\n<td style=\"width: 63.8303%;\"><span style=\"font-weight: 400;\">Coordinadora pedag\u00f2gica<\/span><\/td>\n<td style=\"width: 90.8381%;\"><span style=\"font-weight: 400;\">Estefania Font<\/span><\/td>\n<\/tr>\n<\/tbody>\n<\/table>\n<h5><strong>Coordinacions de centre\u00a0<\/strong><\/h5>\n<table style=\"width: 77.1759%; height: 911px;\">\n<tbody>\n<tr style=\"height: 53px;\">\n<td style=\"width: 60.567%; height: 53px;\"><span style=\"font-weight: 400;\">Coordinaci\u00f3 FP<\/span><\/td>\n<td style=\"width: 82.0066%; height: 53px;\"><span style=\"font-weight: 400;\">Anna S\u00e1nchez<\/span><\/td>\n<\/tr>\n<tr style=\"height: 53px;\">\n<td style=\"width: 60.567%; height: 53px;\"><span style=\"font-weight: 400;\">Coordinaci\u00f3 digital (inform\u00e0tica)<\/span><\/td>\n<td style=\"width: 82.0066%; height: 53px;\"><span style=\"font-weight: 400;\">Carla Soldevila<\/span><\/td>\n<\/tr>\n<tr style=\"height: 53px;\">\n<td style=\"width: 60.567%; height: 53px;\"><span style=\"font-weight: 400;\">Coordinaci\u00f3 digital (Web Nodes)<\/span><\/td>\n<td style=\"width: 82.0066%; height: 53px;\"><span style=\"font-weight: 400;\">Carla Soldevila<\/span><\/td>\n<\/tr>\n<tr style=\"height: 53px;\">\n<td style=\"width: 60.567%; height: 53px;\"><span style=\"font-weight: 400;\">Coordinaci\u00f3 digital (Administraci\u00f3 G Suite)<\/span><\/td>\n<td style=\"width: 82.0066%; height: 53px;\"><span style=\"font-weight: 400;\">Carla Soldevila<\/span><\/td>\n<\/tr>\n<tr style=\"height: 53px;\">\n<td style=\"width: 60.567%; height: 53px;\"><span style=\"font-weight: 400;\">Coordinaci\u00f3 Prevenci\u00f3 Riscos Laborals<\/span><\/td>\n<td style=\"width: 82.0066%; height: 53px;\"><span style=\"font-weight: 400;\">Jos\u00e9 G\u00e1zquez<\/span><\/td>\n<\/tr>\n<tr style=\"height: 10px;\">\n<td style=\"width: 60.567%; height: 10px;\"><span style=\"font-weight: 400;\">Coordinaci\u00f3 Cohesi\u00f3 social i festes<\/span><\/td>\n<td style=\"width: 82.0066%; height: 10px;\"><span style=\"font-weight: 400;\">Llu\u00eds Borja \/ <\/span><span style=\"font-weight: 400;\">Alba Cases<\/span><\/td>\n<\/tr>\n<tr style=\"height: 53px;\">\n<td style=\"width: 60.567%; height: 53px;\"><span style=\"font-weight: 400;\">Coordinaci\u00f3 Conviv\u00e8ncia i Benestar COCOBE<\/span><\/td>\n<td style=\"width: 82.0066%; height: 53px;\"><span style=\"font-weight: 400;\">Toni Mart\u00ednez<\/span><\/td>\n<\/tr>\n<tr style=\"height: 53px;\">\n<td style=\"width: 60.567%; height: 53px;\"><span style=\"font-weight: 400;\">Servei d\u2019Orientaci\u00f3 Laboral i Borsa de Treball<\/span><\/td>\n<td style=\"width: 82.0066%; height: 53px;\"><span style=\"font-weight: 400;\">Betlem Tur \/ Albert Jim\u00e9nez<\/span><\/td>\n<\/tr>\n<tr style=\"height: 53px;\">\n<td style=\"width: 60.567%; height: 53px;\"><span style=\"font-weight: 400;\">Coordinaci\u00f3 Mobilitat<\/span><\/td>\n<td style=\"width: 82.0066%; height: 53px;\"><span style=\"font-weight: 400;\">Albert Jim\u00e9nez<\/span><\/td>\n<\/tr>\n<tr style=\"height: 53px;\">\n<td style=\"width: 60.567%; height: 53px;\"><span style=\"font-weight: 400;\">Coordinaci\u00f3 Programa Innova_FP<\/span><\/td>\n<td style=\"width: 82.0066%; height: 53px;\"><span style=\"font-weight: 400;\">Montse Ricart<\/span><\/td>\n<\/tr>\n<tr style=\"height: 53px;\">\n<td style=\"width: 60.567%; height: 53px;\"><span style=\"font-weight: 400;\">Coordinaci\u00f3 PF_DUAL<\/span><\/td>\n<td style=\"width: 82.0066%; height: 53px;\"><span style=\"font-weight: 400;\">Anabel Pozas<\/span><\/td>\n<\/tr>\n<tr style=\"height: 53px;\">\n<td style=\"width: 60.567%; height: 53px;\"><span style=\"font-weight: 400;\">Coordinaci\u00f3 Qualitat i Millora Cont\u00ednua<\/span><\/td>\n<td style=\"width: 82.0066%; height: 53px;\"><span style=\"font-weight: 400;\">Ana Navarro<\/span><\/td>\n<\/tr>\n<tr style=\"height: 53px;\">\n<td style=\"width: 60.567%; height: 53px;\"><span style=\"font-weight: 400;\">Coordinaci\u00f3 Aula Acollida<\/span><\/td>\n<td style=\"width: 82.0066%; height: 53px;\"><span style=\"font-weight: 400;\">S\u00edlvia Momp\u00f3<\/span><\/td>\n<\/tr>\n<tr style=\"height: 53px;\">\n<td style=\"width: 60.567%; height: 53px;\"><span style=\"font-weight: 400;\">Coordinaci\u00f3 Aula pont<\/span><\/td>\n<td style=\"width: 82.0066%; height: 53px;\"><span style=\"font-weight: 400;\">Cati de Haro<\/span><\/td>\n<\/tr>\n<tr style=\"height: 53px;\">\n<td style=\"width: 60.567%; height: 53px;\"><span style=\"font-weight: 400;\">Agenda 21<\/span><\/td>\n<td style=\"width: 82.0066%; height: 53px;\"><span style=\"font-weight: 400;\">Angi Rota<\/span><\/td>\n<\/tr>\n<tr style=\"height: 53px;\">\n<td style=\"width: 60.567%; height: 53px;\"><span style=\"font-weight: 400;\">Mediaci\u00f3<\/span><\/td>\n<td style=\"width: 82.0066%; height: 53px;\"><span style=\"font-weight: 400;\">Maria G\u00f3mez<\/span><\/td>\n<\/tr>\n<tr style=\"height: 53px;\">\n<td style=\"width: 60.567%; height: 53px;\"><span style=\"font-weight: 400;\">Formaci\u00f3 de centre<\/span><\/td>\n<td style=\"width: 82.0066%; height: 53px;\"><span style=\"font-weight: 400;\">Toni Mart\u00ednez<\/span><\/td>\n<\/tr>\n<tr style=\"height: 53px;\">\n<td style=\"width: 60.567%; height: 53px;\"><span style=\"font-weight: 400;\">Coordinaci\u00f3 comunicaci\u00f3 i difusi\u00f3 de centre<\/span><\/td>\n<td style=\"width: 82.0066%; height: 53px;\"><span style=\"font-weight: 400;\">Maria Mart\u00edn<\/span><\/td>\n<\/tr>\n<\/tbody>\n<\/table>\n<h5>Caps d&#8217;\u00e0mbit<\/h5>\n<table style=\"width: 72.511%;\">\n<tbody>\n<tr>\n<td style=\"width: 65.1715%;\"><span style=\"font-weight: 400;\">\u00c0mbit ling\u00fc\u00edstic i social<\/span><\/td>\n<td style=\"width: 84.2808%;\"><span style=\"font-weight: 400;\">Christian Albiach<\/span><\/td>\n<\/tr>\n<tr>\n<td style=\"width: 65.1715%;\"><span style=\"font-weight: 400;\">Departament cient\u00edfic-tecnol\u00f2gic i matem\u00e0tic<\/span><\/td>\n<td style=\"width: 84.2808%;\"><span style=\"font-weight: 400;\">Sergi Fern\u00e1ndez<\/span><\/td>\n<\/tr>\n<tr>\n<td style=\"width: 65.1715%;\"><span style=\"font-weight: 400;\">Coordinaci\u00f3 ESO_BATX<\/span><\/td>\n<td style=\"width: 84.2808%;\"><span style=\"font-weight: 400;\">David Corrales<\/span><\/td>\n<\/tr>\n<\/tbody>\n<\/table>\n<h5>Caps Departament<\/h5>\n<table style=\"width: 72.5998%;\">\n<tbody>\n<tr>\n<td style=\"width: 65.0081%;\"><span style=\"font-weight: 400;\">Serveis socioculturals i a la comunitat_EI_ASOCT_INS<\/span><\/td>\n<td style=\"width: 73.064%;\"><span style=\"font-weight: 400;\">M\u00aa Roser Miralles<\/span><\/td>\n<\/tr>\n<tr>\n<td style=\"width: 65.0081%;\"><span style=\"font-weight: 400;\">Serveis socioculturals i a la comunitat_ APSD<\/span><\/td>\n<td style=\"width: 73.064%;\"><span style=\"font-weight: 400;\">Montse Carreras<\/span><\/td>\n<\/tr>\n<tr>\n<td style=\"width: 65.0081%;\"><span style=\"font-weight: 400;\">Departament d\u2019Imatge Personal<\/span><\/td>\n<td style=\"width: 73.064%;\"><span style=\"font-weight: 400;\">Eva Vilella<\/span><\/td>\n<\/tr>\n<tr>\n<td style=\"width: 65.0081%;\"><span style=\"font-weight: 400;\">Comer\u00e7 i M\u00e0rqueting<\/span><\/td>\n<td style=\"width: 73.064%;\"><span style=\"font-weight: 400;\">Albert Jim\u00e9nez<\/span><\/td>\n<\/tr>\n<tr>\n<td style=\"width: 65.0081%;\"><span style=\"font-weight: 400;\">FOL<\/span><\/td>\n<td style=\"width: 73.064%;\"><span style=\"font-weight: 400;\">Jos\u00e9 G\u00e1zquez<\/span><\/td>\n<\/tr>\n<tr>\n<td style=\"width: 65.0081%;\"><span style=\"font-weight: 400;\">PFI<\/span><\/td>\n<td style=\"width: 73.064%;\"><span style=\"font-weight: 400;\">Elena Maya<\/span><\/td>\n<\/tr>\n<\/tbody>\n<\/table>\n<p>&nbsp;<\/p>\n","protected":false},"excerpt":{"rendered":"<p>Equip directiu Directora Xelo Ruiz Secret\u00e0ria S\u00edlvia Oliv\u00e9 Cap d&#8217;estudis FP (Imatge Personal i PFI) Patr\u00edcia Torres Cap d&#8217;estudis FP (Fam\u00edlia de Serveis) Anna S\u00e1nchez Cap d&#8217;estudis adjunt Jan Atienza Coordinadora pedag\u00f2gica Estefania Font Coordinacions de centre\u00a0 Coordinaci\u00f3 FP Anna S\u00e1nchez Coordinaci\u00f3 digital (inform\u00e0tica) Carla Soldevila Coordinaci\u00f3 digital (Web Nodes) Carla Soldevila Coordinaci\u00f3 digital (Administraci\u00f3 [&hellip;]<\/p>\n","protected":false},"author":1,"featured_media":0,"parent":27,"menu_order":5,"comment_status":"closed","ping_status":"closed","template":"","meta":{"_bbp_topic_count":0,"_bbp_reply_count":0,"_bbp_total_topic_count":0,"_bbp_total_reply_count":0,"_bbp_voice_count":0,"_bbp_anonymous_reply_count":0,"_bbp_topic_count_hidden":0,"_bbp_reply_count_hidden":0,"_bbp_forum_subforum_count":0,"site-sidebar-layout":"default","site-content-layout":"","ast-site-content-layout":"default","site-content-style":"default","site-sidebar-style":"default","ast-global-header-display":"","ast-banner-title-visibility":"","ast-main-header-display":"","ast-hfb-above-header-display":"","ast-hfb-below-header-display":"","ast-hfb-mobile-header-display":"","site-post-title":"","ast-breadcrumbs-content":"","ast-featured-img":"","footer-sml-layout":"","theme-transparent-header-meta":"default","adv-header-id-meta":"","stick-header-meta":"","header-above-stick-meta":"","header-main-stick-meta":"","header-below-stick-meta":"","astra-migrate-meta-layouts":"set","ast-page-background-enabled":"default","ast-page-background-meta":{"desktop":{"background-color":"var(--ast-global-color-4)","background-image":"","background-repeat":"repeat","background-position":"center center","background-size":"auto","background-attachment":"scroll","background-type":"","background-media":"","overlay-type":"","overlay-color":"","overlay-opacity":"","overlay-gradient":""},"tablet":{"background-color":"","background-image":"","background-repeat":"repeat","background-position":"center center","background-size":"auto","background-attachment":"scroll","background-type":"","background-media":"","overlay-type":"","overlay-color":"","overlay-opacity":"","overlay-gradient":""},"mobile":{"background-color":"","background-image":"","background-repeat":"repeat","background-position":"center center","background-size":"auto","background-attachment":"scroll","background-type":"","background-media":"","overlay-type":"","overlay-color":"","overlay-opacity":"","overlay-gradient":""}},"ast-content-background-meta":{"desktop":{"background-color":"var(--ast-global-color-5)","background-image":"","background-repeat":"repeat","background-position":"center center","background-size":"auto","background-attachment":"scroll","background-type":"","background-media":"","overlay-type":"","overlay-color":"","overlay-opacity":"","overlay-gradient":""},"tablet":{"background-color":"var(--ast-global-color-5)","background-image":"","background-repeat":"repeat","background-position":"center center","background-size":"auto","background-attachment":"scroll","background-type":"","background-media":"","overlay-type":"","overlay-color":"","overlay-opacity":"","overlay-gradient":""},"mobile":{"background-color":"var(--ast-global-color-5)","background-image":"","background-repeat":"repeat","background-position":"center center","background-size":"auto","background-attachment":"scroll","background-type":"","background-media":"","overlay-type":"","overlay-color":"","overlay-opacity":"","overlay-gradient":""}},"footnotes":""},"class_list":["post-5876","page","type-page","status-publish","hentry"],"post_mailing_queue_ids":[],"_links":{"self":[{"href":"https:\/\/agora.xtec.cat\/iesribotiserra\/wp-json\/wp\/v2\/pages\/5876","targetHints":{"allow":["GET"]}}],"collection":[{"href":"https:\/\/agora.xtec.cat\/iesribotiserra\/wp-json\/wp\/v2\/pages"}],"about":[{"href":"https:\/\/agora.xtec.cat\/iesribotiserra\/wp-json\/wp\/v2\/types\/page"}],"author":[{"embeddable":true,"href":"https:\/\/agora.xtec.cat\/iesribotiserra\/wp-json\/wp\/v2\/users\/1"}],"replies":[{"embeddable":true,"href":"https:\/\/agora.xtec.cat\/iesribotiserra\/wp-json\/wp\/v2\/comments?post=5876"}],"version-history":[{"count":7,"href":"https:\/\/agora.xtec.cat\/iesribotiserra\/wp-json\/wp\/v2\/pages\/5876\/revisions"}],"predecessor-version":[{"id":13412,"href":"https:\/\/agora.xtec.cat\/iesribotiserra\/wp-json\/wp\/v2\/pages\/5876\/revisions\/13412"}],"up":[{"embeddable":true,"href":"https:\/\/agora.xtec.cat\/iesribotiserra\/wp-json\/wp\/v2\/pages\/27"}],"wp:attachment":[{"href":"https:\/\/agora.xtec.cat\/iesribotiserra\/wp-json\/wp\/v2\/media?parent=5876"}],"curies":[{"name":"wp","href":"https:\/\/api.w.org\/{rel}","templated":true}]}}