{"id":5829,"date":"2021-01-28T17:39:50","date_gmt":"2021-01-28T16:39:50","guid":{"rendered":"http:\/\/agora.xtec.cat\/iesribotiserra\/?page_id=5829"},"modified":"2026-01-04T19:24:35","modified_gmt":"2026-01-04T18:24:35","slug":"qualitat","status":"publish","type":"page","link":"https:\/\/agora.xtec.cat\/iesribotiserra\/linstitut\/que-fem\/qualitat\/","title":{"rendered":"Qualitat i Millora Cont\u00ednua"},"content":{"rendered":"<p style=\"text-align: justify;\">L\u2019Institut Ribot i Serra compta amb un sistema de qualitat basat en la norma ISO 9001:2015. Aquest sistema t\u00e9 la finalitat de cercar la millora cont\u00ednua en la qualitat de l&#8217;ensenyament d&#8217;FP i especialment oferir als diferents grups d&#8217;inter\u00e8s \u202funs ensenyaments i serveis de qualitat.<\/p>\n<ul>\n<li style=\"list-style-type: none;\">\n<ul>\n<li style=\"font-weight: 400;\" aria-level=\"2\"><a href=\"http:\/\/agora.xtec.cat\/iesribotiserra\/linstitut\/que-fem\/qualitat\/politica-de-qualitat\/\" rel=\"noopener noreferrer\"><span style=\"font-weight: 400;\">Pol\u00edtica de qualitat<\/span><\/a><\/li>\n<li style=\"font-weight: 400;\" aria-level=\"2\"><a href=\"http:\/\/agora.xtec.cat\/iesribotiserra\/linstitut\/que-fem\/qualitat\/missio-visio-i-valors\/\" rel=\"noopener noreferrer\"><span style=\"font-weight: 400;\">Missi\u00f3, visi\u00f3 i valors<\/span><\/a><\/li>\n<li style=\"font-weight: 400;\" aria-level=\"2\"><a href=\"https:\/\/drive.google.com\/file\/d\/1f9s68RpJu4_saYexAuM0vNpgEgQS8Mbl\/view?usp=sharing\"><span style=\"font-weight: 400;\">Acta fundacional<\/span><\/a><span style=\"font-weight: 400;\">\u00a0<\/span><\/li>\n<li style=\"font-weight: 400;\" aria-level=\"2\"><span style=\"font-weight: 400;\">Resultats indicadors<\/span>\n<ul>\n<li aria-level=\"2\"><a href=\"https:\/\/agora.xtec.cat\/iesribotiserra\/wp-content\/uploads\/usu1672\/2023\/10\/2223_RESULTATS-INDICADORS-SATISFACCIO\u0301-1.pdf\" target=\"_blank\" rel=\"noopener\">Curs 22-23<\/a><\/li>\n<li aria-level=\"2\"><a href=\"https:\/\/drive.google.com\/file\/d\/1_oO78JEYtOgspoagwzXf1Vhy9vAoBwhV\/view?usp=drive_link\">Curs 23-24<\/a><\/li>\n<li aria-level=\"2\"><a href=\"https:\/\/drive.google.com\/file\/d\/1bw8i7-ksgh73hAUAAaIoYcbVbUITdABw\/view?usp=sharing\">Curs 24-25<\/a><\/li>\n<\/ul>\n<\/li>\n<\/ul>\n<\/li>\n<\/ul>\n<ul>\n<li style=\"font-weight: 400;\" aria-level=\"2\"><a href=\"https:\/\/drive.google.com\/file\/d\/1doN41JoMAI6GDNaefHTsfciN5yBlK9zF\/view?usp=sharing\"><span style=\"font-weight: 400;\">Mapa de procesos<\/span><\/a><\/li>\n<li aria-level=\"2\"><a href=\"https:\/\/agora.xtec.cat\/iesribotiserra\/?page_id=7448&amp;preview=true\" target=\"_blank\" rel=\"noopener\">Certificaci\u00f3 en ISO 9001:2015<\/a><\/li>\n<\/ul>\n","protected":false},"excerpt":{"rendered":"<p>L\u2019Institut Ribot i Serra compta amb un sistema de qualitat basat en la norma ISO 9001:2015. Aquest sistema t\u00e9 la finalitat de cercar la millora cont\u00ednua en la qualitat de l&#8217;ensenyament d&#8217;FP i especialment oferir als diferents grups d&#8217;inter\u00e8s \u202funs ensenyaments i serveis de qualitat. Pol\u00edtica de qualitat Missi\u00f3, visi\u00f3 i valors Acta fundacional\u00a0 Resultats [&hellip;]<\/p>\n","protected":false},"author":1,"featured_media":0,"parent":5824,"menu_order":1,"comment_status":"closed","ping_status":"closed","template":"page-templates\/side-menu.php","meta":{"_bbp_topic_count":0,"_bbp_reply_count":0,"_bbp_total_topic_count":0,"_bbp_total_reply_count":0,"_bbp_voice_count":0,"_bbp_anonymous_reply_count":0,"_bbp_topic_count_hidden":0,"_bbp_reply_count_hidden":0,"_bbp_forum_subforum_count":0,"site-sidebar-layout":"default","site-content-layout":"","ast-site-content-layout":"","site-content-style":"default","site-sidebar-style":"default","ast-global-header-display":"","ast-banner-title-visibility":"","ast-main-header-display":"","ast-hfb-above-header-display":"","ast-hfb-below-header-display":"","ast-hfb-mobile-header-display":"","site-post-title":"","ast-breadcrumbs-content":"","ast-featured-img":"","footer-sml-layout":"","theme-transparent-header-meta":"","adv-header-id-meta":"","stick-header-meta":"","header-above-stick-meta":"","header-main-stick-meta":"","header-below-stick-meta":"","astra-migrate-meta-layouts":"default","ast-page-background-enabled":"default","ast-page-background-meta":{"desktop":{"background-color":"var(--ast-global-color-4)","background-image":"","background-repeat":"repeat","background-position":"center center","background-size":"auto","background-attachment":"scroll","background-type":"","background-media":"","overlay-type":"","overlay-color":"","overlay-opacity":"","overlay-gradient":""},"tablet":{"background-color":"","background-image":"","background-repeat":"repeat","background-position":"center center","background-size":"auto","background-attachment":"scroll","background-type":"","background-media":"","overlay-type":"","overlay-color":"","overlay-opacity":"","overlay-gradient":""},"mobile":{"background-color":"","background-image":"","background-repeat":"repeat","background-position":"center center","background-size":"auto","background-attachment":"scroll","background-type":"","background-media":"","overlay-type":"","overlay-color":"","overlay-opacity":"","overlay-gradient":""}},"ast-content-background-meta":{"desktop":{"background-color":"var(--ast-global-color-5)","background-image":"","background-repeat":"repeat","background-position":"center center","background-size":"auto","background-attachment":"scroll","background-type":"","background-media":"","overlay-type":"","overlay-color":"","overlay-opacity":"","overlay-gradient":""},"tablet":{"background-color":"var(--ast-global-color-5)","background-image":"","background-repeat":"repeat","background-position":"center center","background-size":"auto","background-attachment":"scroll","background-type":"","background-media":"","overlay-type":"","overlay-color":"","overlay-opacity":"","overlay-gradient":""},"mobile":{"background-color":"var(--ast-global-color-5)","background-image":"","background-repeat":"repeat","background-position":"center center","background-size":"auto","background-attachment":"scroll","background-type":"","background-media":"","overlay-type":"","overlay-color":"","overlay-opacity":"","overlay-gradient":""}},"footnotes":""},"class_list":["post-5829","page","type-page","status-publish","hentry"],"post_mailing_queue_ids":[],"_links":{"self":[{"href":"https:\/\/agora.xtec.cat\/iesribotiserra\/wp-json\/wp\/v2\/pages\/5829","targetHints":{"allow":["GET"]}}],"collection":[{"href":"https:\/\/agora.xtec.cat\/iesribotiserra\/wp-json\/wp\/v2\/pages"}],"about":[{"href":"https:\/\/agora.xtec.cat\/iesribotiserra\/wp-json\/wp\/v2\/types\/page"}],"author":[{"embeddable":true,"href":"https:\/\/agora.xtec.cat\/iesribotiserra\/wp-json\/wp\/v2\/users\/1"}],"replies":[{"embeddable":true,"href":"https:\/\/agora.xtec.cat\/iesribotiserra\/wp-json\/wp\/v2\/comments?post=5829"}],"version-history":[{"count":6,"href":"https:\/\/agora.xtec.cat\/iesribotiserra\/wp-json\/wp\/v2\/pages\/5829\/revisions"}],"predecessor-version":[{"id":12884,"href":"https:\/\/agora.xtec.cat\/iesribotiserra\/wp-json\/wp\/v2\/pages\/5829\/revisions\/12884"}],"up":[{"embeddable":true,"href":"https:\/\/agora.xtec.cat\/iesribotiserra\/wp-json\/wp\/v2\/pages\/5824"}],"wp:attachment":[{"href":"https:\/\/agora.xtec.cat\/iesribotiserra\/wp-json\/wp\/v2\/media?parent=5829"}],"curies":[{"name":"wp","href":"https:\/\/api.w.org\/{rel}","templated":true}]}}