{"id":57,"date":"2014-09-17T17:01:07","date_gmt":"2014-09-17T15:01:07","guid":{"rendered":"http:\/\/agora.xtec.cat\/iesribotiserra\/?page_id=57"},"modified":"2026-01-04T14:07:57","modified_gmt":"2026-01-04T13:07:57","slug":"projecte-educatiu","status":"publish","type":"page","link":"https:\/\/agora.xtec.cat\/iesribotiserra\/linstitut\/historia\/projecte-educatiu\/","title":{"rendered":"Missi\u00f3, visi\u00f3 i valors"},"content":{"rendered":"<h2 style=\"text-align: justify;\">Missi\u00f3<\/h2>\n<p style=\"text-align: justify;\">L\u2019institut Ribot i Serra \u00e9s un centre educatiu p\u00fablic d\u2019ESO, batxillerat i cicles formatius que t\u00e9 la missi\u00f3 de formar al seu alumnat a partir de l\u2019aprenentatge de les compet\u00e8ncies b\u00e0siques i les capacitats clau, per tal que esdevinguin persones compromeses, solid\u00e0ries, pac\u00edfiques i dialogants, amb criteri propi, responsables, capaces d\u2019incorporar-se a la nostra societat plural i canviant, i d\u2019integrar-se en un proc\u00e9s de formaci\u00f3 continuat al llarg de tota la vida.<\/p>\n<h2 style=\"text-align: justify;\">Visi\u00f3<\/h2>\n<p>Volem ser un centre:<\/p>\n<ul>\n<li style=\"text-align: justify;\">Que sigui un referent educatiu, cultural, de cohesi\u00f3 i de conviv\u00e8ncia als barris d\u2019Espronceda i Campoamor de Sabadell.<\/li>\n<li style=\"text-align: justify;\">Que tingui sempre present la vessant personal, social i professional de l\u2019alumnat.<\/li>\n<li style=\"text-align: justify;\">Que ofereixi una bona acci\u00f3 tutorial i d\u2019acompanyament a partir de l\u2019organitzaci\u00f3 d\u2019activitats transversals de sensibilitzaci\u00f3, orientaci\u00f3 i cohesi\u00f3 a tot l\u2019alumnat.<\/li>\n<li style=\"text-align: justify;\">Que treballi per la millora de l\u2019atenci\u00f3 a la diversitat a tots els ensenyaments: ESO, batxillerat i cicles formatius.<\/li>\n<li style=\"text-align: justify;\">Que fomenti la participaci\u00f3 del professorat en projectes d\u2019innovaci\u00f3 pedag\u00f2gica i en activitats de formaci\u00f3 permanent.<\/li>\n<li style=\"text-align: justify;\">Que fomenti l\u2019\u00fas de les tecnologies de la informaci\u00f3 com a eines pedag\u00f2giques d\u2019\u00fas quotidi\u00e0 i com a mitj\u00e0 de comunicaci\u00f3 en tots els ensenyaments.<\/li>\n<li style=\"text-align: justify;\">Que promogui el canvi curricular i metodol\u00f2gic a l\u2019ESO amb la implementaci\u00f3 progressiva del treball per projectes interdisciplinars.<\/li>\n<li style=\"text-align: justify;\">Que aposti per una FP de qualitat amb l\u2019ampliaci\u00f3 dels projectes de mobilitat europea, l\u2019oferta de formaci\u00f3 dual i la participaci\u00f3 en altres projectes.<\/li>\n<li style=\"text-align: justify;\">Que impulsi l\u2019\u00fas del catal\u00e0 com a llengua vehicular en els processos d\u2019ensenyament i aprenentatge.<\/li>\n<li style=\"text-align: justify;\">Que treballi en xarxa i participi en projectes i programes de l\u2019entorn.<\/li>\n<\/ul>\n<h2>Valors<\/h2>\n<p>Els valors que fomentem en el nostre alumnat i que guien la nostra pr\u00e0ctica educativa s\u00f3n:<\/p>\n<ul>\n<li>Comprom\u00eds amb l\u2019alumnat.<\/li>\n<li>Comprom\u00eds amb les fam\u00edlies, el barri, les institucions i les empreses.<\/li>\n<li>Equitat i coeducaci\u00f3.<\/li>\n<li>Conviv\u00e8ncia i respecte per la diversitat.<\/li>\n<li>Sostenibilitat i respecte al medi ambient.<\/li>\n<li>Innovaci\u00f3 metodol\u00f2gica i millora cont\u00ednua.<\/li>\n<\/ul>\n","protected":false},"excerpt":{"rendered":"<p>Missi\u00f3 L\u2019institut Ribot i Serra \u00e9s un centre educatiu p\u00fablic d\u2019ESO, batxillerat i cicles formatius que t\u00e9 la missi\u00f3 de formar al seu alumnat a partir de l\u2019aprenentatge de les compet\u00e8ncies b\u00e0siques i les capacitats clau, per tal que esdevinguin persones compromeses, solid\u00e0ries, pac\u00edfiques i dialogants, amb criteri propi, responsables, capaces d\u2019incorporar-se a la nostra [&hellip;]<\/p>\n","protected":false},"author":1,"featured_media":0,"parent":27,"menu_order":3,"comment_status":"closed","ping_status":"closed","template":"page-templates\/side-menu.php","meta":{"_bbp_topic_count":0,"_bbp_reply_count":0,"_bbp_total_topic_count":0,"_bbp_total_reply_count":0,"_bbp_voice_count":0,"_bbp_anonymous_reply_count":0,"_bbp_topic_count_hidden":0,"_bbp_reply_count_hidden":0,"_bbp_forum_subforum_count":0,"site-sidebar-layout":"default","site-content-layout":"","ast-site-content-layout":"","site-content-style":"default","site-sidebar-style":"default","ast-global-header-display":"","ast-banner-title-visibility":"","ast-main-header-display":"","ast-hfb-above-header-display":"","ast-hfb-below-header-display":"","ast-hfb-mobile-header-display":"","site-post-title":"","ast-breadcrumbs-content":"","ast-featured-img":"","footer-sml-layout":"","theme-transparent-header-meta":"","adv-header-id-meta":"","stick-header-meta":"","header-above-stick-meta":"","header-main-stick-meta":"","header-below-stick-meta":"","astra-migrate-meta-layouts":"default","ast-page-background-enabled":"default","ast-page-background-meta":{"desktop":{"background-color":"var(--ast-global-color-4)","background-image":"","background-repeat":"repeat","background-position":"center center","background-size":"auto","background-attachment":"scroll","background-type":"","background-media":"","overlay-type":"","overlay-color":"","overlay-opacity":"","overlay-gradient":""},"tablet":{"background-color":"","background-image":"","background-repeat":"repeat","background-position":"center center","background-size":"auto","background-attachment":"scroll","background-type":"","background-media":"","overlay-type":"","overlay-color":"","overlay-opacity":"","overlay-gradient":""},"mobile":{"background-color":"","background-image":"","background-repeat":"repeat","background-position":"center center","background-size":"auto","background-attachment":"scroll","background-type":"","background-media":"","overlay-type":"","overlay-color":"","overlay-opacity":"","overlay-gradient":""}},"ast-content-background-meta":{"desktop":{"background-color":"var(--ast-global-color-5)","background-image":"","background-repeat":"repeat","background-position":"center center","background-size":"auto","background-attachment":"scroll","background-type":"","background-media":"","overlay-type":"","overlay-color":"","overlay-opacity":"","overlay-gradient":""},"tablet":{"background-color":"var(--ast-global-color-5)","background-image":"","background-repeat":"repeat","background-position":"center center","background-size":"auto","background-attachment":"scroll","background-type":"","background-media":"","overlay-type":"","overlay-color":"","overlay-opacity":"","overlay-gradient":""},"mobile":{"background-color":"var(--ast-global-color-5)","background-image":"","background-repeat":"repeat","background-position":"center center","background-size":"auto","background-attachment":"scroll","background-type":"","background-media":"","overlay-type":"","overlay-color":"","overlay-opacity":"","overlay-gradient":""}},"footnotes":""},"class_list":["post-57","page","type-page","status-publish","hentry"],"post_mailing_queue_ids":[],"_links":{"self":[{"href":"https:\/\/agora.xtec.cat\/iesribotiserra\/wp-json\/wp\/v2\/pages\/57","targetHints":{"allow":["GET"]}}],"collection":[{"href":"https:\/\/agora.xtec.cat\/iesribotiserra\/wp-json\/wp\/v2\/pages"}],"about":[{"href":"https:\/\/agora.xtec.cat\/iesribotiserra\/wp-json\/wp\/v2\/types\/page"}],"author":[{"embeddable":true,"href":"https:\/\/agora.xtec.cat\/iesribotiserra\/wp-json\/wp\/v2\/users\/1"}],"replies":[{"embeddable":true,"href":"https:\/\/agora.xtec.cat\/iesribotiserra\/wp-json\/wp\/v2\/comments?post=57"}],"version-history":[{"count":4,"href":"https:\/\/agora.xtec.cat\/iesribotiserra\/wp-json\/wp\/v2\/pages\/57\/revisions"}],"predecessor-version":[{"id":12870,"href":"https:\/\/agora.xtec.cat\/iesribotiserra\/wp-json\/wp\/v2\/pages\/57\/revisions\/12870"}],"up":[{"embeddable":true,"href":"https:\/\/agora.xtec.cat\/iesribotiserra\/wp-json\/wp\/v2\/pages\/27"}],"wp:attachment":[{"href":"https:\/\/agora.xtec.cat\/iesribotiserra\/wp-json\/wp\/v2\/media?parent=57"}],"curies":[{"name":"wp","href":"https:\/\/api.w.org\/{rel}","templated":true}]}}