{"id":3128,"date":"2019-02-24T21:05:59","date_gmt":"2019-02-24T20:05:59","guid":{"rendered":"http:\/\/agora.xtec.cat\/iesribotiserra\/?page_id=3128"},"modified":"2026-04-16T08:46:14","modified_gmt":"2026-04-16T06:46:14","slug":"documents-del-centre","status":"publish","type":"page","link":"https:\/\/agora.xtec.cat\/iesribotiserra\/linstitut\/historia\/documents-del-centre\/","title":{"rendered":"Documents del centre"},"content":{"rendered":"<ul>\n<li><a href=\"https:\/\/drive.google.com\/file\/d\/15jg5hgbzRrOrQJQZuRZaZIzr8k3jtKO7\/view?usp=sharing\" target=\"_blank\" rel=\"noopener noreferrer\">Projecte educatiu del centre (PEC)<\/a><\/li>\n<li><a href=\"https:\/\/agora.xtec.cat\/iesribotiserra\/wp-content\/uploads\/usu1672\/2022\/10\/Projecte-linguistic-Institut-Ribot-i-Serra.pdf\" target=\"_blank\" rel=\"noopener noreferrer\">Projecte ling\u00fc\u00edstic de centre<\/a><\/li>\n<li><a href=\"https:\/\/docs.google.com\/document\/d\/1lHeP2PGtFdj_w2lv_B7jCu90MIoSjW0v\/edit?rtpof=true\">Normes d&#8217;organitzaci\u00f3 i funcionament de centre (NOFC)<\/a><\/li>\n<li style=\"font-weight: 400;\" aria-level=\"2\"><a href=\"https:\/\/docs.google.com\/document\/d\/1Q5Bv6o6MZSRuYhsHMoaw1mt1-krg2IV7\/edit\"><span style=\"font-weight: 400;\">Carta comprom\u00eds educatiu alumnat major d&#8217;edat<\/span><\/a><\/li>\n<li style=\"font-weight: 400;\" aria-level=\"2\"><a href=\"https:\/\/docs.google.com\/document\/d\/1ceqY7n9SYodL284hg8_pArn511OvvDBM\/edit\"><span style=\"font-weight: 400;\">Carta comprom\u00eds educatiu alumnat menor d&#8217;edat<\/span><\/a><\/li>\n<li><a href=\"https:\/\/agora.xtec.cat\/iesribotiserra\/wp-content\/uploads\/usu1672\/2023\/07\/4.-Projecte-de-Convivencia-PCC.pdf\" target=\"_blank\" rel=\"noopener noreferrer\">Projecte de conviv\u00e8ncia<\/a><\/li>\n<li><a href=\"https:\/\/drive.google.com\/file\/d\/1VMP6RqJQomL7GLvFQ_B-qoSiEcn_GFpr\/view?usp=sharing\">Pla estrat\u00e8gic digital<\/a><\/li>\n<li><strong>Gesti\u00f3 econ\u00f2mica<\/strong>\n<ul>\n<li>Pressupost\n<ul>\n<li style=\"font-weight: 400;\" aria-level=\"4\"><a href=\"https:\/\/drive.google.com\/file\/d\/1tk-vTwOoSF4T3c6PdNqULVstfvwTQvKj\/view?usp=sharing\"><span style=\"font-weight: 400;\">Pressupost 2026<\/span><\/a><\/li>\n<li style=\"font-weight: 400;\" aria-level=\"4\"><a href=\"https:\/\/drive.google.com\/file\/d\/1bM7HcB--QvFpblSnD7OgCk0c2xnxbjV5\/view?usp=sharing\"><span style=\"font-weight: 400;\">Liquidaci\u00f3 2025<\/span><\/a><\/li>\n<\/ul>\n<\/li>\n<li style=\"font-weight: 400;\" aria-level=\"3\"><span style=\"font-weight: 400;\"><a href=\"http:\/\/agora.xtec.cat\/iesribotiserra\/linstitut\/que-fem\/documents-del-centre\/proveidors\/\">Prove\u00efdors<\/a> <\/span><\/li>\n<\/ul>\n<\/li>\n<li aria-level=\"3\">Convenis vigents (pendent)\n<ul>\n<li aria-level=\"3\">\u00das social<\/li>\n<li aria-level=\"3\">Formaci\u00f3 professional<\/li>\n<\/ul>\n<\/li>\n<\/ul>\n","protected":false},"excerpt":{"rendered":"<p>Projecte educatiu del centre (PEC) Projecte ling\u00fc\u00edstic de centre Normes d&#8217;organitzaci\u00f3 i funcionament de centre (NOFC) Carta comprom\u00eds educatiu alumnat major d&#8217;edat Carta comprom\u00eds educatiu alumnat menor d&#8217;edat Projecte de conviv\u00e8ncia Pla estrat\u00e8gic digital Gesti\u00f3 econ\u00f2mica Pressupost Pressupost 2026 Liquidaci\u00f3 2025 Prove\u00efdors Convenis vigents (pendent) \u00das social Formaci\u00f3 professional<\/p>\n","protected":false},"author":1,"featured_media":0,"parent":27,"menu_order":6,"comment_status":"closed","ping_status":"closed","template":"","meta":{"_bbp_topic_count":0,"_bbp_reply_count":0,"_bbp_total_topic_count":0,"_bbp_total_reply_count":0,"_bbp_voice_count":0,"_bbp_anonymous_reply_count":0,"_bbp_topic_count_hidden":0,"_bbp_reply_count_hidden":0,"_bbp_forum_subforum_count":0,"site-sidebar-layout":"default","site-content-layout":"","ast-site-content-layout":"default","site-content-style":"default","site-sidebar-style":"default","ast-global-header-display":"","ast-banner-title-visibility":"","ast-main-header-display":"","ast-hfb-above-header-display":"","ast-hfb-below-header-display":"","ast-hfb-mobile-header-display":"","site-post-title":"","ast-breadcrumbs-content":"","ast-featured-img":"","footer-sml-layout":"","theme-transparent-header-meta":"default","adv-header-id-meta":"","stick-header-meta":"","header-above-stick-meta":"","header-main-stick-meta":"","header-below-stick-meta":"","astra-migrate-meta-layouts":"set","ast-page-background-enabled":"default","ast-page-background-meta":{"desktop":{"background-color":"var(--ast-global-color-4)","background-image":"","background-repeat":"repeat","background-position":"center center","background-size":"auto","background-attachment":"scroll","background-type":"","background-media":"","overlay-type":"","overlay-color":"","overlay-opacity":"","overlay-gradient":""},"tablet":{"background-color":"","background-image":"","background-repeat":"repeat","background-position":"center center","background-size":"auto","background-attachment":"scroll","background-type":"","background-media":"","overlay-type":"","overlay-color":"","overlay-opacity":"","overlay-gradient":""},"mobile":{"background-color":"","background-image":"","background-repeat":"repeat","background-position":"center center","background-size":"auto","background-attachment":"scroll","background-type":"","background-media":"","overlay-type":"","overlay-color":"","overlay-opacity":"","overlay-gradient":""}},"ast-content-background-meta":{"desktop":{"background-color":"var(--ast-global-color-5)","background-image":"","background-repeat":"repeat","background-position":"center center","background-size":"auto","background-attachment":"scroll","background-type":"","background-media":"","overlay-type":"","overlay-color":"","overlay-opacity":"","overlay-gradient":""},"tablet":{"background-color":"var(--ast-global-color-5)","background-image":"","background-repeat":"repeat","background-position":"center center","background-size":"auto","background-attachment":"scroll","background-type":"","background-media":"","overlay-type":"","overlay-color":"","overlay-opacity":"","overlay-gradient":""},"mobile":{"background-color":"var(--ast-global-color-5)","background-image":"","background-repeat":"repeat","background-position":"center center","background-size":"auto","background-attachment":"scroll","background-type":"","background-media":"","overlay-type":"","overlay-color":"","overlay-opacity":"","overlay-gradient":""}},"footnotes":""},"class_list":["post-3128","page","type-page","status-publish","hentry"],"post_mailing_queue_ids":[],"_links":{"self":[{"href":"https:\/\/agora.xtec.cat\/iesribotiserra\/wp-json\/wp\/v2\/pages\/3128","targetHints":{"allow":["GET"]}}],"collection":[{"href":"https:\/\/agora.xtec.cat\/iesribotiserra\/wp-json\/wp\/v2\/pages"}],"about":[{"href":"https:\/\/agora.xtec.cat\/iesribotiserra\/wp-json\/wp\/v2\/types\/page"}],"author":[{"embeddable":true,"href":"https:\/\/agora.xtec.cat\/iesribotiserra\/wp-json\/wp\/v2\/users\/1"}],"replies":[{"embeddable":true,"href":"https:\/\/agora.xtec.cat\/iesribotiserra\/wp-json\/wp\/v2\/comments?post=3128"}],"version-history":[{"count":6,"href":"https:\/\/agora.xtec.cat\/iesribotiserra\/wp-json\/wp\/v2\/pages\/3128\/revisions"}],"predecessor-version":[{"id":13477,"href":"https:\/\/agora.xtec.cat\/iesribotiserra\/wp-json\/wp\/v2\/pages\/3128\/revisions\/13477"}],"up":[{"embeddable":true,"href":"https:\/\/agora.xtec.cat\/iesribotiserra\/wp-json\/wp\/v2\/pages\/27"}],"wp:attachment":[{"href":"https:\/\/agora.xtec.cat\/iesribotiserra\/wp-json\/wp\/v2\/media?parent=3128"}],"curies":[{"name":"wp","href":"https:\/\/api.w.org\/{rel}","templated":true}]}}